{"id":10,"date":"2024-10-13T16:44:09","date_gmt":"2024-10-13T16:44:09","guid":{"rendered":"https:\/\/mambaby.al\/index.php\/cart\/"},"modified":"2024-10-13T16:44:09","modified_gmt":"2024-10-13T16:44:09","slug":"cart","status":"publish","type":"page","link":"https:\/\/mambaby.al\/?page_id=10","title":{"rendered":"Cart"},"content":{"rendered":"<div class=\"woocommerce\">\n<div class=\"woocommerce cart-content-wrapper\">\n\n\t<div class=\"woocommerce-notices-wrapper\">\n\t<div class=\"woocommerce-message\" role=\"alert\">\n\t\t&ldquo;Fur\u00e7\u00eb Trajnimi &#8211; Fur\u00e7\u00eb Dh\u00ebmb\u00ebsh P\u00ebr Bebe&rdquo; has been added to your cart. <a href=\"https:\/\/mambaby.al\/?page_id=10\" class=\"button wc-forward\">View cart<\/a>\t<\/div>\n<\/div>\n\t<form class=\"woocommerce-cart-form cart-data-form\" action=\"https:\/\/mambaby.al\/?page_id=10\" method=\"post\">\n\t\t<div class=\"cart-table-section\">\n\n\t\t\t\n\t\t\t<table class=\"shop_table shop_table_responsive cart woocommerce-cart-form__contents\" cellspacing=\"0\">\n\t\t\t\t<thead>\n\t\t\t\t\t<tr>\n\t\t\t\t\t\t<th class=\"product-remove\"><span class=\"screen-reader-text\">Remove item<\/span><\/th>\n\t\t\t\t\t\t<th class=\"product-thumbnail\"><span class=\"screen-reader-text\">Thumbnail image<\/span><\/th>\n\t\t\t\t\t\t<th class=\"product-name\">Product<\/th>\n\t\t\t\t\t\t\t\t\t\t\t\t<th class=\"product-price\">Price<\/th>\n\t\t\t\t\t\t<th class=\"product-quantity\">Quantity<\/th>\n\t\t\t\t\t\t<th class=\"product-subtotal\">Subtotal<\/th>\n\t\t\t\t\t<\/tr>\n\t\t\t\t<\/thead>\n\t\t\t\t<tbody>\n\t\t\t\t\n\t\t\t\t\n\t\t\t\t\t\t\t<tr class=\"woocommerce-cart-form__cart-item cart_item\">\n\n\t\t\t\t\t\t\t\t<td class=\"product-remove\">\n\t\t\t\t\t\t\t\t\t<a href=\"https:\/\/mambaby.al\/?page_id=10&#038;remove_item=ce2ad0ac96ac2002d1120b0c907b22dc&#038;_wpnonce=a0738c4483\" class=\"remove\" aria-label=\"Remove Fur\u00e7\u00eb Trajnimi - Fur\u00e7\u00eb Dh\u00ebmb\u00ebsh P\u00ebr Bebe from cart\" data-product_id=\"16319\" data-product_sku=\"9001616351013\">&times;<\/a>\t\t\t\t\t\t\t\t<\/td>\n\n\t\t\t\t\t\t\t\t<td class=\"product-thumbnail\">\n\t\t\t\t\t\t\t\t<a href=\"https:\/\/mambaby.al\/?product=furce-trajnimi-furce-dhembesh-per-bebe\"><img fetchpriority=\"high\" decoding=\"async\" width=\"430\" height=\"430\" src=\"https:\/\/mambaby.al\/wp-content\/uploads\/2024\/11\/mam_zobna_scetka_5m_6-430x430.png\" class=\"attachment-woocommerce_thumbnail size-woocommerce_thumbnail\" alt=\"\" srcset=\"https:\/\/mambaby.al\/wp-content\/uploads\/2024\/11\/mam_zobna_scetka_5m_6-430x430.png 430w, https:\/\/mambaby.al\/wp-content\/uploads\/2024\/11\/mam_zobna_scetka_5m_6-300x300.png 300w, https:\/\/mambaby.al\/wp-content\/uploads\/2024\/11\/mam_zobna_scetka_5m_6-800x800.png 800w, https:\/\/mambaby.al\/wp-content\/uploads\/2024\/11\/mam_zobna_scetka_5m_6-150x150.png 150w, https:\/\/mambaby.al\/wp-content\/uploads\/2024\/11\/mam_zobna_scetka_5m_6-768x768.png 768w, https:\/\/mambaby.al\/wp-content\/uploads\/2024\/11\/mam_zobna_scetka_5m_6-860x860.png 860w, https:\/\/mambaby.al\/wp-content\/uploads\/2024\/11\/mam_zobna_scetka_5m_6-700x700.png 700w, https:\/\/mambaby.al\/wp-content\/uploads\/2024\/11\/mam_zobna_scetka_5m_6.png 1024w\" sizes=\"(max-width: 430px) 100vw, 430px\" \/><\/a>\t\t\t\t\t\t\t\t<\/td>\n\n\t\t\t\t\t\t\t\t<td class=\"product-name\" data-title=\"Product\">\n\t\t\t\t\t\t\t\t\t<a href=\"https:\/\/mambaby.al\/?product=furce-trajnimi-furce-dhembesh-per-bebe\">Fur\u00e7\u00eb Trajnimi - Fur\u00e7\u00eb Dh\u00ebmb\u00ebsh P\u00ebr Bebe<\/a>\t\t\t\t\t\t\t\t<\/td>\n\n\t\t\t\t\t\t\t\t\n\t\t\t\t\t\t\t\t<td class=\"product-price\" data-title=\"Price\">\n\t\t\t\t\t\t\t\t\t<span class=\"woocommerce-Price-amount amount\"><bdi><span class=\"woocommerce-Price-currencySymbol\">L<\/span>450.00<\/bdi><\/span>\t\t\t\t\t\t\t\t<\/td>\n\n\t\t\t\t\t\t\t\t<td class=\"product-quantity\" data-title=\"Quantity\">\n\t\t\t\t\t\t\t\t\t\n<div class=\"quantity\">\n\t\n\t\t\t<input type=\"button\" value=\"-\" class=\"minus\" \/>\n\t\n\t<label class=\"screen-reader-text\" for=\"quantity_6a06eb810fd4f\">Fur\u00e7\u00eb Trajnimi - Fur\u00e7\u00eb Dh\u00ebmb\u00ebsh P\u00ebr Bebe quantity<\/label>\n\t<input\n\t\ttype=\"number\"\n\t\t\t\tid=\"quantity_6a06eb810fd4f\"\n\t\tclass=\"input-text qty text\"\n\t\tvalue=\"1\"\n\t\taria-label=\"Product quantity\"\n\t\tmin=\"0\"\n\t\tmax=\"\"\n\t\tname=\"cart[ce2ad0ac96ac2002d1120b0c907b22dc][qty]\"\n\n\t\t\t\t\tstep=\"1\"\n\t\t\tplaceholder=\"\"\n\t\t\tinputmode=\"numeric\"\n\t\t\tautocomplete=\"off\"\n\t\t\t>\n\n\t\t\t<input type=\"button\" value=\"+\" class=\"plus\" \/>\n\t\n\t<\/div>\n\t\t\t\t\t\t\t\t<\/td>\n\n\t\t\t\t\t\t\t\t<td class=\"product-subtotal\" data-title=\"Subtotal\">\n\t\t\t\t\t\t\t\t\t<span class=\"woocommerce-Price-amount amount\"><bdi><span class=\"woocommerce-Price-currencySymbol\">L<\/span>450.00<\/bdi><\/span>\t\t\t\t\t\t\t\t<\/td>\n\t\t\t\t\t\t\t<\/tr>\n\n\t\t\t\t\t\t\t\n\t\t\t\t\n\t\t\t\t<tr class=\"wd-cart-action-row\">\n\t\t\t\t\t<td colspan=\"12\" class=\"actions\">\n\t\t\t\t\t\t<div class=\"cart-actions\">\n\t\t\t\t\t\t\t\t\t\t\t\t\t\t\t<div class=\"coupon wd-coupon-form\">\n\t\t\t\t\t\t\t\t\t<label for=\"coupon_code\" class=\"screen-reader-text\">\n\t\t\t\t\t\t\t\t\t\tCoupon:\t\t\t\t\t\t\t\t\t<\/label>\n\t\t\t\t\t\t\t\t\t<input type=\"text\" name=\"coupon_code\" class=\"input-text\" id=\"coupon_code\" value=\"\" placeholder=\"Coupon code\" \/>\n\t\t\t\t\t\t\t\t\t<button type=\"submit\" class=\"button\" name=\"apply_coupon\" value=\"Apply coupon\">\n\t\t\t\t\t\t\t\t\t\tApply coupon\t\t\t\t\t\t\t\t\t<\/button>\n\t\t\t\t\t\t\t\t\t\t\t\t\t\t\t\t\t<\/div>\n\t\t\t\t\t\t\t\n\t\t\t\t\t\t\t<button type=\"submit\" class=\"button \" name=\"update_cart\" value=\"Update cart\">\n\t\t\t\t\t\t\t\tUpdate cart\t\t\t\t\t\t\t<\/button>\n\n\t\t\t\t\t\t\t\n\t\t\t\t\t\t\t<input type=\"hidden\" id=\"woocommerce-cart-nonce\" name=\"woocommerce-cart-nonce\" value=\"a0738c4483\" \/><input type=\"hidden\" name=\"_wp_http_referer\" value=\"\/index.php?rest_route=%2Fwp%2Fv2%2Fpages%2F10\" \/>\t\t\t\t\t\t<\/div>\n\t\t\t\t\t<\/td>\n\t\t\t\t<\/tr>\n\n\t\t\t\t\t\t\t\t<\/tbody>\n\t\t\t<\/table>\n\n\t\t\t\t\t<\/div>\n\t<\/form>\n\n\t\t<div class=\"cart-totals-section cart-collaterals\">\n\t\t<div class=\"cart_totals \">\n\n\t<div class=\"cart-totals-inner set-mb-m reset-last-child\">\n\t<h2>Cart totals<\/h2>\n\n\t<table cellspacing=\"0\" class=\"shop_table shop_table_responsive\">\n\n\t\t<tr class=\"cart-subtotal\">\n\t\t\t<th>Subtotal<\/th>\n\t\t\t<td data-title=\"Subtotal\"><span class=\"woocommerce-Price-amount amount\"><bdi><span class=\"woocommerce-Price-currencySymbol\">L<\/span>450.00<\/bdi><\/span><\/td>\n\t\t<\/tr>\n\n\t\t\n\t\t\n\t\t\n\t\t\n\t\t\n\t\t<tr class=\"order-total\">\n\t\t\t<th>Total<\/th>\n\t\t\t<td data-title=\"Total\"><strong><span class=\"woocommerce-Price-amount amount\"><bdi><span class=\"woocommerce-Price-currencySymbol\">L<\/span>450.00<\/bdi><\/span><\/strong> <\/td>\n\t\t<\/tr>\n\n\t\t\n\t<\/table>\n\n\t<div class=\"wc-proceed-to-checkout\">\n\t\t\n<a href=\"https:\/\/mambaby.al\/?page_id=11\" class=\"checkout-button button alt wc-forward\">\n\tProceed to checkout<\/a>\n\t<\/div>\n\n\t<\/div><!--.cart-totals-inner-->\n<\/div>\n\t<\/div>\n\n\t<div class=\"cart-collaterals\">\n\n\t\t\n\t<\/div>\n\n\t<\/div>\n<\/div>","protected":false},"excerpt":{"rendered":"","protected":false},"author":1,"featured_media":0,"parent":0,"menu_order":0,"comment_status":"closed","ping_status":"closed","template":"","meta":{"footnotes":""},"class_list":["post-10","page","type-page","status-publish","hentry"],"_links":{"self":[{"href":"https:\/\/mambaby.al\/index.php?rest_route=\/wp\/v2\/pages\/10","targetHints":{"allow":["GET"]}}],"collection":[{"href":"https:\/\/mambaby.al\/index.php?rest_route=\/wp\/v2\/pages"}],"about":[{"href":"https:\/\/mambaby.al\/index.php?rest_route=\/wp\/v2\/types\/page"}],"author":[{"embeddable":true,"href":"https:\/\/mambaby.al\/index.php?rest_route=\/wp\/v2\/users\/1"}],"replies":[{"embeddable":true,"href":"https:\/\/mambaby.al\/index.php?rest_route=%2Fwp%2Fv2%2Fcomments&post=10"}],"version-history":[{"count":0,"href":"https:\/\/mambaby.al\/index.php?rest_route=\/wp\/v2\/pages\/10\/revisions"}],"wp:attachment":[{"href":"https:\/\/mambaby.al\/index.php?rest_route=%2Fwp%2Fv2%2Fmedia&parent=10"}],"curies":[{"name":"wp","href":"https:\/\/api.w.org\/{rel}","templated":true}]}}