{"id":15715,"date":"2024-10-13T19:33:42","date_gmt":"2024-10-13T19:33:42","guid":{"rendered":"https:\/\/mambaby.al\/?page_id=15715"},"modified":"2024-10-13T22:01:33","modified_gmt":"2024-10-13T22:01:33","slug":"revista-mam","status":"publish","type":"page","link":"https:\/\/mambaby.al\/?page_id=15715","title":{"rendered":"Revista MAM"},"content":{"rendered":"\t\t<div data-elementor-type=\"wp-page\" data-elementor-id=\"15715\" class=\"elementor elementor-15715\" data-elementor-post-type=\"page\">\n\t\t\t\t\t\t<section class=\"elementor-section elementor-top-section elementor-element elementor-element-ebbc36b elementor-section-full_width elementor-section-stretched elementor-section-height-default elementor-section-height-default wd-section-disabled\" data-id=\"ebbc36b\" data-element_type=\"section\" data-settings=\"{&quot;stretch_section&quot;:&quot;section-stretched&quot;}\">\n\t\t\t\t\t\t<div class=\"elementor-container elementor-column-gap-default\">\n\t\t\t\t\t<div class=\"elementor-column elementor-col-100 elementor-top-column elementor-element elementor-element-341e4de\" data-id=\"341e4de\" data-element_type=\"column\">\n\t\t\t<div class=\"elementor-widget-wrap elementor-element-populated\">\n\t\t\t\t\t\t<div class=\"elementor-element elementor-element-e3b74af elementor-widget elementor-widget-wd_title\" data-id=\"e3b74af\" data-element_type=\"widget\" data-widget_type=\"wd_title.default\">\n\t\t\t\t<div class=\"elementor-widget-container\">\n\t\t\t\t\t\t<link rel=\"stylesheet\" id=\"wd-section-title-css\" href=\"https:\/\/mambaby.al\/wp-content\/themes\/woodmart\/css\/parts\/el-section-title.min.css?ver=7.3.4\" type=\"text\/css\" media=\"all\" \/> \t\t\t\t\t<div class=\"title-wrapper set-mb-s reset-last-child wd-title-color-default wd-title-style-default wd-title-size-default text-center\">\n\n\t\t\t\n\t\t\t<div class=\"liner-continer\">\n\t\t\t\t<h4 class=\"woodmart-title-container title wd-fontsize-l\">Revista MAM<\/h4> \n\t\t\t\t\t\t\t<\/div>\n\n\t\t\t\t\t\t\t<div class=\"title-after_title set-cont-mb-s reset-last-child wd-fontsize-xs\">\n\t\t\t\t\t<p>Pavar\u00ebsisht n\u00ebse jeni duke u p\u00ebrpjekur p\u00ebr nj\u00eb f\u00ebmij\u00eb, jeni shtatz\u00ebn\u00eb ose jeni tashm\u00eb nj\u00eb prind krenar, MAM ju mb\u00ebshtet gjat\u00eb k\u00ebsaj kohe emocionuese me k\u00ebshilla t\u00eb vlefshme p\u00ebr ta b\u00ebr\u00eb jet\u00ebn tuaj m\u00eb t\u00eb leht\u00eb. K\u00ebtu do t\u00eb gjeni nj\u00eb mori informacionesh dhe k\u00ebshilla t\u00eb dobishme p\u00ebr nj\u00eb larmi temash!<\/p>\t\t\t\t<\/div>\n\t\t\t\t\t<\/div>\n\t\t\t\t<\/div>\n\t\t\t\t<\/div>\n\t\t\t\t\t<\/div>\n\t\t<\/div>\n\t\t\t\t\t<\/div>\n\t\t<\/section>\n\t\t\t\t<section class=\"wd-negative-gap elementor-section elementor-top-section elementor-element elementor-element-0865768 elementor-section-stretched elementor-section-boxed elementor-section-height-default elementor-section-height-default wd-section-disabled\" data-id=\"0865768\" data-element_type=\"section\" data-settings=\"{&quot;stretch_section&quot;:&quot;section-stretched&quot;}\">\n\t\t\t\t\t\t<div class=\"elementor-container elementor-column-gap-default\">\n\t\t\t\t\t<div class=\"elementor-column elementor-col-25 elementor-top-column elementor-element elementor-element-6626931\" data-id=\"6626931\" data-element_type=\"column\">\n\t\t\t<div class=\"elementor-widget-wrap elementor-element-populated\">\n\t\t\t\t\t\t<div class=\"elementor-element elementor-element-ee4990f elementor-position-top elementor-widget elementor-widget-image-box\" data-id=\"ee4990f\" data-element_type=\"widget\" data-widget_type=\"image-box.default\">\n\t\t\t\t<div class=\"elementor-widget-container\">\n\t\t\t<div class=\"elementor-image-box-wrapper\"><figure class=\"elementor-image-box-img\"><a href=\"https:\/\/mambaby.al\/index.php\/shendeti-dhe-mireqenia\/\" tabindex=\"-1\"><img fetchpriority=\"high\" decoding=\"async\" width=\"400\" height=\"200\" src=\"https:\/\/mambaby.al\/wp-content\/uploads\/2024\/10\/Health_Wellbeing.webp\" class=\"attachment-full size-full wp-image-15717\" alt=\"\" srcset=\"https:\/\/mambaby.al\/wp-content\/uploads\/2024\/10\/Health_Wellbeing.webp 400w, https:\/\/mambaby.al\/wp-content\/uploads\/2024\/10\/Health_Wellbeing-150x75.webp 150w\" sizes=\"(max-width: 400px) 100vw, 400px\" \/><\/a><\/figure><div class=\"elementor-image-box-content\"><h3 class=\"elementor-image-box-title\"><a href=\"https:\/\/mambaby.al\/index.php\/shendeti-dhe-mireqenia\/\">Sh\u00ebndeti dhe Mir\u00ebqenia<\/a><\/h3><\/div><\/div>\t\t<\/div>\n\t\t\t\t<\/div>\n\t\t\t\t\t<\/div>\n\t\t<\/div>\n\t\t\t\t<div class=\"elementor-column elementor-col-25 elementor-top-column elementor-element elementor-element-9f41d91\" data-id=\"9f41d91\" data-element_type=\"column\">\n\t\t\t<div class=\"elementor-widget-wrap elementor-element-populated\">\n\t\t\t\t\t\t<div class=\"elementor-element elementor-element-f807ae6 elementor-position-top elementor-widget elementor-widget-image-box\" data-id=\"f807ae6\" data-element_type=\"widget\" data-widget_type=\"image-box.default\">\n\t\t\t\t<div class=\"elementor-widget-container\">\n\t\t\t<div class=\"elementor-image-box-wrapper\"><figure class=\"elementor-image-box-img\"><a href=\"https:\/\/mambaby.al\/index.php\/lindja\/\" tabindex=\"-1\"><img decoding=\"async\" width=\"400\" height=\"200\" src=\"https:\/\/mambaby.al\/wp-content\/uploads\/2024\/10\/Giving-Birth.webp\" class=\"attachment-full size-full wp-image-15721\" alt=\"\" srcset=\"https:\/\/mambaby.al\/wp-content\/uploads\/2024\/10\/Giving-Birth.webp 400w, https:\/\/mambaby.al\/wp-content\/uploads\/2024\/10\/Giving-Birth-150x75.webp 150w\" sizes=\"(max-width: 400px) 100vw, 400px\" \/><\/a><\/figure><div class=\"elementor-image-box-content\"><h3 class=\"elementor-image-box-title\"><a href=\"https:\/\/mambaby.al\/index.php\/lindja\/\">Lindja<\/a><\/h3><\/div><\/div>\t\t<\/div>\n\t\t\t\t<\/div>\n\t\t\t\t\t<\/div>\n\t\t<\/div>\n\t\t\t\t<div class=\"elementor-column elementor-col-25 elementor-top-column elementor-element elementor-element-ed29534\" data-id=\"ed29534\" data-element_type=\"column\">\n\t\t\t<div class=\"elementor-widget-wrap elementor-element-populated\">\n\t\t\t\t\t\t<div class=\"elementor-element elementor-element-cff82ca elementor-position-top elementor-widget elementor-widget-image-box\" data-id=\"cff82ca\" data-element_type=\"widget\" data-widget_type=\"image-box.default\">\n\t\t\t\t<div class=\"elementor-widget-container\">\n\t\t\t<div class=\"elementor-image-box-wrapper\"><figure class=\"elementor-image-box-img\"><a href=\"https:\/\/mambaby.al\/index.php\/javet-e-shtatzenise\/\" tabindex=\"-1\"><img decoding=\"async\" width=\"400\" height=\"200\" src=\"https:\/\/mambaby.al\/wp-content\/uploads\/2024\/10\/Pregnancy-Weeks-1.webp\" class=\"attachment-full size-full wp-image-15722\" alt=\"\" srcset=\"https:\/\/mambaby.al\/wp-content\/uploads\/2024\/10\/Pregnancy-Weeks-1.webp 400w, https:\/\/mambaby.al\/wp-content\/uploads\/2024\/10\/Pregnancy-Weeks-1-150x75.webp 150w\" sizes=\"(max-width: 400px) 100vw, 400px\" \/><\/a><\/figure><div class=\"elementor-image-box-content\"><h3 class=\"elementor-image-box-title\"><a href=\"https:\/\/mambaby.al\/index.php\/javet-e-shtatzenise\/\">Jav\u00ebt e shtatz\u00ebnis\u00eb<\/a><\/h3><\/div><\/div>\t\t<\/div>\n\t\t\t\t<\/div>\n\t\t\t\t\t<\/div>\n\t\t<\/div>\n\t\t\t\t<div class=\"elementor-column elementor-col-25 elementor-top-column elementor-element elementor-element-5e816ea\" data-id=\"5e816ea\" data-element_type=\"column\">\n\t\t\t<div class=\"elementor-widget-wrap elementor-element-populated\">\n\t\t\t\t\t\t<div class=\"elementor-element elementor-element-f4c1a38 elementor-position-top elementor-widget elementor-widget-image-box\" data-id=\"f4c1a38\" data-element_type=\"widget\" data-widget_type=\"image-box.default\">\n\t\t\t\t<div class=\"elementor-widget-container\">\n\t\t\t<div class=\"elementor-image-box-wrapper\"><figure class=\"elementor-image-box-img\"><a href=\"https:\/\/mambaby.al\/index.php\/te-mbetesh-shtatzene\/\" tabindex=\"-1\"><img loading=\"lazy\" decoding=\"async\" width=\"400\" height=\"200\" src=\"https:\/\/mambaby.al\/wp-content\/uploads\/2024\/10\/Getting_Pregnant.webp\" class=\"attachment-full size-full wp-image-15723\" alt=\"\" srcset=\"https:\/\/mambaby.al\/wp-content\/uploads\/2024\/10\/Getting_Pregnant.webp 400w, https:\/\/mambaby.al\/wp-content\/uploads\/2024\/10\/Getting_Pregnant-150x75.webp 150w\" sizes=\"(max-width: 400px) 100vw, 400px\" \/><\/a><\/figure><div class=\"elementor-image-box-content\"><h3 class=\"elementor-image-box-title\"><a href=\"https:\/\/mambaby.al\/index.php\/te-mbetesh-shtatzene\/\">T\u00eb mbetesh shtatz\u00ebn\u00eb<\/a><\/h3><\/div><\/div>\t\t<\/div>\n\t\t\t\t<\/div>\n\t\t\t\t\t<\/div>\n\t\t<\/div>\n\t\t\t\t\t<\/div>\n\t\t<\/section>\n\t\t\t\t<section class=\"wd-negative-gap elementor-section elementor-top-section elementor-element elementor-element-cdbf276 elementor-section-stretched elementor-section-boxed elementor-section-height-default elementor-section-height-default wd-section-disabled\" data-id=\"cdbf276\" data-element_type=\"section\" data-settings=\"{&quot;stretch_section&quot;:&quot;section-stretched&quot;}\">\n\t\t\t\t\t\t<div class=\"elementor-container elementor-column-gap-default\">\n\t\t\t\t\t<div class=\"elementor-column elementor-col-25 elementor-top-column elementor-element elementor-element-753fa75\" data-id=\"753fa75\" data-element_type=\"column\">\n\t\t\t<div class=\"elementor-widget-wrap elementor-element-populated\">\n\t\t\t\t\t\t<div class=\"elementor-element elementor-element-0e3c496 elementor-position-top elementor-widget elementor-widget-image-box\" data-id=\"0e3c496\" data-element_type=\"widget\" data-widget_type=\"image-box.default\">\n\t\t\t\t<div class=\"elementor-widget-container\">\n\t\t\t<div class=\"elementor-image-box-wrapper\"><figure class=\"elementor-image-box-img\"><a href=\"https:\/\/mambaby.al\/index.php\/kujdesi-per-te-porsalindurit\/\" tabindex=\"-1\"><img loading=\"lazy\" decoding=\"async\" width=\"400\" height=\"200\" src=\"https:\/\/mambaby.al\/wp-content\/uploads\/2024\/10\/Newborn-Care.webp\" class=\"attachment-full size-full wp-image-15724\" alt=\"\" srcset=\"https:\/\/mambaby.al\/wp-content\/uploads\/2024\/10\/Newborn-Care.webp 400w, https:\/\/mambaby.al\/wp-content\/uploads\/2024\/10\/Newborn-Care-150x75.webp 150w\" sizes=\"(max-width: 400px) 100vw, 400px\" \/><\/a><\/figure><div class=\"elementor-image-box-content\"><h3 class=\"elementor-image-box-title\"><a href=\"https:\/\/mambaby.al\/index.php\/kujdesi-per-te-porsalindurit\/\">Kujdesi p\u00ebr t\u00eb porsalindurit<\/a><\/h3><\/div><\/div>\t\t<\/div>\n\t\t\t\t<\/div>\n\t\t\t\t\t<\/div>\n\t\t<\/div>\n\t\t\t\t<div class=\"elementor-column elementor-col-25 elementor-top-column elementor-element elementor-element-96b40fd\" data-id=\"96b40fd\" data-element_type=\"column\">\n\t\t\t<div class=\"elementor-widget-wrap elementor-element-populated\">\n\t\t\t\t\t\t<div class=\"elementor-element elementor-element-496477a elementor-position-top elementor-widget elementor-widget-image-box\" data-id=\"496477a\" data-element_type=\"widget\" data-widget_type=\"image-box.default\">\n\t\t\t\t<div class=\"elementor-widget-container\">\n\t\t\t<div class=\"elementor-image-box-wrapper\"><figure class=\"elementor-image-box-img\"><a href=\"https:\/\/mambaby.al\/index.php\/momente-me-femijen\/\" tabindex=\"-1\"><img loading=\"lazy\" decoding=\"async\" width=\"400\" height=\"200\" src=\"https:\/\/mambaby.al\/wp-content\/uploads\/2024\/10\/Baby-Milestones.webp\" class=\"attachment-full size-full wp-image-15725\" alt=\"\" srcset=\"https:\/\/mambaby.al\/wp-content\/uploads\/2024\/10\/Baby-Milestones.webp 400w, https:\/\/mambaby.al\/wp-content\/uploads\/2024\/10\/Baby-Milestones-150x75.webp 150w\" sizes=\"(max-width: 400px) 100vw, 400px\" \/><\/a><\/figure><div class=\"elementor-image-box-content\"><h3 class=\"elementor-image-box-title\"><a href=\"https:\/\/mambaby.al\/index.php\/momente-me-femijen\/\">Momente me femijen<\/a><\/h3><\/div><\/div>\t\t<\/div>\n\t\t\t\t<\/div>\n\t\t\t\t\t<\/div>\n\t\t<\/div>\n\t\t\t\t<div class=\"elementor-column elementor-col-25 elementor-top-column elementor-element elementor-element-b276d8d\" data-id=\"b276d8d\" data-element_type=\"column\">\n\t\t\t<div class=\"elementor-widget-wrap elementor-element-populated\">\n\t\t\t\t\t\t<div class=\"elementor-element elementor-element-a2c64cb elementor-position-top elementor-widget elementor-widget-image-box\" data-id=\"a2c64cb\" data-element_type=\"widget\" data-widget_type=\"image-box.default\">\n\t\t\t\t<div class=\"elementor-widget-container\">\n\t\t\t<div class=\"elementor-image-box-wrapper\"><figure class=\"elementor-image-box-img\"><a href=\"https:\/\/mambaby.al\/index.php\/qetesim-dhe-gjume\/\" tabindex=\"-1\"><img loading=\"lazy\" decoding=\"async\" width=\"400\" height=\"200\" src=\"https:\/\/mambaby.al\/wp-content\/uploads\/2024\/10\/Calming_Sleep.webp\" class=\"attachment-full size-full wp-image-15729\" alt=\"\" srcset=\"https:\/\/mambaby.al\/wp-content\/uploads\/2024\/10\/Calming_Sleep.webp 400w, https:\/\/mambaby.al\/wp-content\/uploads\/2024\/10\/Calming_Sleep-150x75.webp 150w\" sizes=\"(max-width: 400px) 100vw, 400px\" \/><\/a><\/figure><div class=\"elementor-image-box-content\"><h3 class=\"elementor-image-box-title\"><a href=\"https:\/\/mambaby.al\/index.php\/qetesim-dhe-gjume\/\">Qet\u00ebsim dhe gjum\u00eb<\/a><\/h3><\/div><\/div>\t\t<\/div>\n\t\t\t\t<\/div>\n\t\t\t\t\t<\/div>\n\t\t<\/div>\n\t\t\t\t<div class=\"elementor-column elementor-col-25 elementor-top-column elementor-element elementor-element-4f5042b\" data-id=\"4f5042b\" data-element_type=\"column\">\n\t\t\t<div class=\"elementor-widget-wrap elementor-element-populated\">\n\t\t\t\t\t\t<div class=\"elementor-element elementor-element-58bc456 elementor-position-top elementor-widget elementor-widget-image-box\" data-id=\"58bc456\" data-element_type=\"widget\" data-widget_type=\"image-box.default\">\n\t\t\t\t<div class=\"elementor-widget-container\">\n\t\t\t<div class=\"elementor-image-box-wrapper\"><figure class=\"elementor-image-box-img\"><a href=\"https:\/\/mambaby.al\/index.php\/kujdesi-dhe-higjiena-per-bebe\/\" tabindex=\"-1\"><img loading=\"lazy\" decoding=\"async\" width=\"400\" height=\"200\" src=\"https:\/\/mambaby.al\/wp-content\/uploads\/2024\/10\/Care_Hygiene.webp\" class=\"attachment-full size-full wp-image-15730\" alt=\"\" srcset=\"https:\/\/mambaby.al\/wp-content\/uploads\/2024\/10\/Care_Hygiene.webp 400w, https:\/\/mambaby.al\/wp-content\/uploads\/2024\/10\/Care_Hygiene-150x75.webp 150w\" sizes=\"(max-width: 400px) 100vw, 400px\" \/><\/a><\/figure><div class=\"elementor-image-box-content\"><h3 class=\"elementor-image-box-title\"><a href=\"https:\/\/mambaby.al\/index.php\/kujdesi-dhe-higjiena-per-bebe\/\">Kujdesi dhe Higjiena p\u00ebr Bebe<\/a><\/h3><\/div><\/div>\t\t<\/div>\n\t\t\t\t<\/div>\n\t\t\t\t\t<\/div>\n\t\t<\/div>\n\t\t\t\t\t<\/div>\n\t\t<\/section>\n\t\t\t\t<section class=\"wd-negative-gap elementor-section elementor-top-section elementor-element elementor-element-278b3bd elementor-section-boxed elementor-section-height-default elementor-section-height-default wd-section-disabled\" data-id=\"278b3bd\" data-element_type=\"section\">\n\t\t\t\t\t\t<div class=\"elementor-container elementor-column-gap-default\">\n\t\t\t\t\t<div class=\"elementor-column elementor-col-33 elementor-top-column elementor-element elementor-element-2d7738a\" data-id=\"2d7738a\" data-element_type=\"column\">\n\t\t\t<div class=\"elementor-widget-wrap elementor-element-populated\">\n\t\t\t\t\t\t<div class=\"elementor-element elementor-element-b958bab elementor-position-top elementor-widget elementor-widget-image-box\" data-id=\"b958bab\" data-element_type=\"widget\" data-widget_type=\"image-box.default\">\n\t\t\t\t<div class=\"elementor-widget-container\">\n\t\t\t<div class=\"elementor-image-box-wrapper\"><figure class=\"elementor-image-box-img\"><a href=\"https:\/\/mambaby.al\/index.php\/jeta-si-prind\/\" tabindex=\"-1\"><img loading=\"lazy\" decoding=\"async\" width=\"400\" height=\"200\" src=\"https:\/\/mambaby.al\/wp-content\/uploads\/2024\/10\/Life-as-a-parent.webp\" class=\"attachment-full size-full wp-image-15737\" alt=\"\" srcset=\"https:\/\/mambaby.al\/wp-content\/uploads\/2024\/10\/Life-as-a-parent.webp 400w, https:\/\/mambaby.al\/wp-content\/uploads\/2024\/10\/Life-as-a-parent-150x75.webp 150w\" sizes=\"(max-width: 400px) 100vw, 400px\" \/><\/a><\/figure><div class=\"elementor-image-box-content\"><h3 class=\"elementor-image-box-title\"><a href=\"https:\/\/mambaby.al\/index.php\/jeta-si-prind\/\">Jeta si prind<\/a><\/h3><\/div><\/div>\t\t<\/div>\n\t\t\t\t<\/div>\n\t\t\t\t\t<\/div>\n\t\t<\/div>\n\t\t\t\t<div class=\"elementor-column elementor-col-33 elementor-top-column elementor-element elementor-element-c9077d3\" data-id=\"c9077d3\" data-element_type=\"column\">\n\t\t\t<div class=\"elementor-widget-wrap elementor-element-populated\">\n\t\t\t\t\t\t<div class=\"elementor-element elementor-element-f149cf1 elementor-position-top elementor-widget elementor-widget-image-box\" data-id=\"f149cf1\" data-element_type=\"widget\" data-widget_type=\"image-box.default\">\n\t\t\t\t<div class=\"elementor-widget-container\">\n\t\t\t<div class=\"elementor-image-box-wrapper\"><figure class=\"elementor-image-box-img\"><a href=\"https:\/\/mambaby.al\/index.php\/ushqyerja-me-gji-ushqyerja\/\" tabindex=\"-1\"><img loading=\"lazy\" decoding=\"async\" width=\"400\" height=\"200\" src=\"https:\/\/mambaby.al\/wp-content\/uploads\/2024\/10\/Breastfeeding_Feeding.webp\" class=\"attachment-full size-full wp-image-15738\" alt=\"\" srcset=\"https:\/\/mambaby.al\/wp-content\/uploads\/2024\/10\/Breastfeeding_Feeding.webp 400w, https:\/\/mambaby.al\/wp-content\/uploads\/2024\/10\/Breastfeeding_Feeding-150x75.webp 150w\" sizes=\"(max-width: 400px) 100vw, 400px\" \/><\/a><\/figure><div class=\"elementor-image-box-content\"><h3 class=\"elementor-image-box-title\"><a href=\"https:\/\/mambaby.al\/index.php\/ushqyerja-me-gji-ushqyerja\/\">Ushqyerja me gji & Ushqyerja<\/a><\/h3><\/div><\/div>\t\t<\/div>\n\t\t\t\t<\/div>\n\t\t\t\t\t<\/div>\n\t\t<\/div>\n\t\t\t\t<div class=\"elementor-column elementor-col-33 elementor-top-column elementor-element elementor-element-4865e62\" data-id=\"4865e62\" data-element_type=\"column\">\n\t\t\t<div class=\"elementor-widget-wrap elementor-element-populated\">\n\t\t\t\t\t\t<div class=\"elementor-element elementor-element-12d4557 elementor-position-top elementor-widget elementor-widget-image-box\" data-id=\"12d4557\" data-element_type=\"widget\" data-widget_type=\"image-box.default\">\n\t\t\t\t<div class=\"elementor-widget-container\">\n\t\t\t<div class=\"elementor-image-box-wrapper\"><figure class=\"elementor-image-box-img\"><a href=\"https:\/\/mambaby.al\/index.php\/rruga-drejt-prinderimit\/\" tabindex=\"-1\"><img loading=\"lazy\" decoding=\"async\" width=\"400\" height=\"200\" src=\"https:\/\/mambaby.al\/wp-content\/uploads\/2024\/10\/Care_Hygiene.webp\" class=\"attachment-full size-full wp-image-15730\" alt=\"\" srcset=\"https:\/\/mambaby.al\/wp-content\/uploads\/2024\/10\/Care_Hygiene.webp 400w, https:\/\/mambaby.al\/wp-content\/uploads\/2024\/10\/Care_Hygiene-150x75.webp 150w\" sizes=\"(max-width: 400px) 100vw, 400px\" \/><\/a><\/figure><div class=\"elementor-image-box-content\"><h3 class=\"elementor-image-box-title\"><a href=\"https:\/\/mambaby.al\/index.php\/rruga-drejt-prinderimit\/\">Rruga drejt prind\u00ebrimit<\/a><\/h3><\/div><\/div>\t\t<\/div>\n\t\t\t\t<\/div>\n\t\t\t\t\t<\/div>\n\t\t<\/div>\n\t\t\t\t\t<\/div>\n\t\t<\/section>\n\t\t\t\t<\/div>\n\t\t","protected":false},"excerpt":{"rendered":"<p>Revista MAM Pavar\u00ebsisht n\u00ebse jeni duke u p\u00ebrpjekur p\u00ebr nj\u00eb f\u00ebmij\u00eb, jeni shtatz\u00ebn\u00eb ose jeni tashm\u00eb nj\u00eb prind krenar, MAM<\/p>\n","protected":false},"author":1,"featured_media":0,"parent":0,"menu_order":0,"comment_status":"closed","ping_status":"closed","template":"elementor_header_footer","meta":{"footnotes":""},"class_list":["post-15715","page","type-page","status-publish","hentry"],"_links":{"self":[{"href":"https:\/\/mambaby.al\/index.php?rest_route=\/wp\/v2\/pages\/15715","targetHints":{"allow":["GET"]}}],"collection":[{"href":"https:\/\/mambaby.al\/index.php?rest_route=\/wp\/v2\/pages"}],"about":[{"href":"https:\/\/mambaby.al\/index.php?rest_route=\/wp\/v2\/types\/page"}],"author":[{"embeddable":true,"href":"https:\/\/mambaby.al\/index.php?rest_route=\/wp\/v2\/users\/1"}],"replies":[{"embeddable":true,"href":"https:\/\/mambaby.al\/index.php?rest_route=%2Fwp%2Fv2%2Fcomments&post=15715"}],"version-history":[{"count":58,"href":"https:\/\/mambaby.al\/index.php?rest_route=\/wp\/v2\/pages\/15715\/revisions"}],"predecessor-version":[{"id":15916,"href":"https:\/\/mambaby.al\/index.php?rest_route=\/wp\/v2\/pages\/15715\/revisions\/15916"}],"wp:attachment":[{"href":"https:\/\/mambaby.al\/index.php?rest_route=%2Fwp%2Fv2%2Fmedia&parent=15715"}],"curies":[{"name":"wp","href":"https:\/\/api.w.org\/{rel}","templated":true}]}}