{"id":15986,"date":"2024-10-13T22:43:41","date_gmt":"2024-10-13T22:43:41","guid":{"rendered":"https:\/\/mambaby.al\/?page_id=15986"},"modified":"2024-10-13T22:52:08","modified_gmt":"2024-10-13T22:52:08","slug":"rreth-mam","status":"publish","type":"page","link":"https:\/\/mambaby.al\/?page_id=15986","title":{"rendered":"Rreth MAM"},"content":{"rendered":"\t\t<div data-elementor-type=\"wp-page\" data-elementor-id=\"15986\" class=\"elementor elementor-15986\" data-elementor-post-type=\"page\">\n\t\t\t\t\t\t<section class=\"wd-negative-gap elementor-section elementor-top-section elementor-element elementor-element-2776096 elementor-section-boxed elementor-section-height-default elementor-section-height-default wd-section-disabled\" data-id=\"2776096\" data-element_type=\"section\">\n\t\t\t\t\t\t<div class=\"elementor-container elementor-column-gap-default\">\n\t\t\t\t\t<div class=\"elementor-column elementor-col-100 elementor-top-column elementor-element elementor-element-7f5685b\" data-id=\"7f5685b\" data-element_type=\"column\">\n\t\t\t<div class=\"elementor-widget-wrap elementor-element-populated\">\n\t\t\t\t\t\t<div class=\"elementor-element elementor-element-82a6143 elementor-widget elementor-widget-image\" data-id=\"82a6143\" data-element_type=\"widget\" data-widget_type=\"image.default\">\n\t\t\t\t<div class=\"elementor-widget-container\">\n\t\t\t\t\t\t\t\t\t\t\t\t\t<img fetchpriority=\"high\" decoding=\"async\" width=\"1200\" height=\"600\" src=\"https:\/\/mambaby.al\/wp-content\/uploads\/2024\/10\/MotherBaby_in-text_21.webp\" class=\"attachment-large size-large wp-image-15993\" alt=\"\" srcset=\"https:\/\/mambaby.al\/wp-content\/uploads\/2024\/10\/MotherBaby_in-text_21.webp 1200w, https:\/\/mambaby.al\/wp-content\/uploads\/2024\/10\/MotherBaby_in-text_21-400x200.webp 400w, https:\/\/mambaby.al\/wp-content\/uploads\/2024\/10\/MotherBaby_in-text_21-768x384.webp 768w, https:\/\/mambaby.al\/wp-content\/uploads\/2024\/10\/MotherBaby_in-text_21-860x430.webp 860w, https:\/\/mambaby.al\/wp-content\/uploads\/2024\/10\/MotherBaby_in-text_21-430x215.webp 430w, https:\/\/mambaby.al\/wp-content\/uploads\/2024\/10\/MotherBaby_in-text_21-700x350.webp 700w, https:\/\/mambaby.al\/wp-content\/uploads\/2024\/10\/MotherBaby_in-text_21-150x75.webp 150w\" sizes=\"(max-width: 1200px) 100vw, 1200px\" \/>\t\t\t\t\t\t\t\t\t\t\t\t\t<\/div>\n\t\t\t\t<\/div>\n\t\t\t\t\t<\/div>\n\t\t<\/div>\n\t\t\t\t\t<\/div>\n\t\t<\/section>\n\t\t\t\t<section class=\"wd-negative-gap elementor-section elementor-top-section elementor-element elementor-element-f678e4d elementor-section-boxed elementor-section-height-default elementor-section-height-default wd-section-disabled\" data-id=\"f678e4d\" data-element_type=\"section\">\n\t\t\t\t\t\t<div class=\"elementor-container elementor-column-gap-default\">\n\t\t\t\t\t<div class=\"elementor-column elementor-col-100 elementor-top-column elementor-element elementor-element-7e6743c\" data-id=\"7e6743c\" data-element_type=\"column\">\n\t\t\t<div class=\"elementor-widget-wrap elementor-element-populated\">\n\t\t\t\t\t\t<div class=\"elementor-element elementor-element-1aead8b elementor-widget elementor-widget-wd_title\" data-id=\"1aead8b\" data-element_type=\"widget\" data-widget_type=\"wd_title.default\">\n\t\t\t\t<div class=\"elementor-widget-container\">\n\t\t\t\t\t\t<link rel=\"stylesheet\" id=\"wd-section-title-css\" href=\"https:\/\/mambaby.al\/wp-content\/themes\/woodmart\/css\/parts\/el-section-title.min.css?ver=7.3.4\" type=\"text\/css\" media=\"all\" \/> \t\t\t\t\t<div class=\"title-wrapper set-mb-s reset-last-child wd-title-color-default wd-title-style-default wd-title-size-default text-center\">\n\n\t\t\t\n\t\t\t<div class=\"liner-continer\">\n\t\t\t\t<h4 class=\"woodmart-title-container title wd-fontsize-l\">Mir\u00eb se vini n\u00eb bot\u00ebn e MAM<\/h4> \n\t\t\t\t\t\t\t<\/div>\n\n\t\t\t\t\t\t\t<div class=\"title-after_title set-cont-mb-s reset-last-child wd-fontsize-xs\">\n\t\t\t\t\t<p><span>Prind\u00ebrit vendosin k\u00ebrkesa t\u00eb m\u00ebdha p\u00ebr produktet e bebeve dhe po ashtu edhe ne.\u00a0<\/span><\/p>\t\t\t\t<\/div>\n\t\t\t\t\t<\/div>\n\t\t\t\t<\/div>\n\t\t\t\t<\/div>\n\t\t\t\t\t<\/div>\n\t\t<\/div>\n\t\t\t\t\t<\/div>\n\t\t<\/section>\n\t\t\t\t<section class=\"wd-negative-gap elementor-section elementor-top-section elementor-element elementor-element-89eec02 elementor-section-boxed elementor-section-height-default elementor-section-height-default wd-section-disabled\" data-id=\"89eec02\" data-element_type=\"section\">\n\t\t\t\t\t\t<div class=\"elementor-container elementor-column-gap-default\">\n\t\t\t\t\t<div class=\"elementor-column elementor-col-100 elementor-top-column elementor-element elementor-element-58d4e2a\" data-id=\"58d4e2a\" data-element_type=\"column\">\n\t\t\t<div class=\"elementor-widget-wrap elementor-element-populated\">\n\t\t\t\t\t\t<div class=\"elementor-element elementor-element-041e114 elementor-widget elementor-widget-wd_text_block\" data-id=\"041e114\" data-element_type=\"widget\" data-widget_type=\"wd_text_block.default\">\n\t\t\t\t<div class=\"elementor-widget-container\">\n\t\t\t\t\t\t<link rel=\"stylesheet\" id=\"wd-text-block-css\" href=\"https:\/\/mambaby.al\/wp-content\/themes\/woodmart\/css\/parts\/el-text-block.min.css?ver=7.3.4\" type=\"text\/css\" media=\"all\" \/> \t\t\t\t\t<div class=\"wd-text-block reset-last-child text-left\">\n\t\t\t\n\t\t\t<p><span style=\"color: #000000;\">Q\u00eb kur MAM u themelua n\u00eb vitin 1976, ne kemi qen\u00eb t\u00eb p\u00ebrkushtuar p\u00ebr mir\u00ebqenien, sh\u00ebndetin dhe sigurin\u00eb e foshnjave. N\u00eb vitin 2019, ne u nderuam me \u00c7mimin e BE-s\u00eb p\u00ebr Sigurin\u00eb e Produkteve.\u00a0<\/span><\/p><p><span style=\"color: #000000;\">Si prodhuesi kryesor n\u00eb mbar\u00eb bot\u00ebn i produkteve premium p\u00ebr f\u00ebmij\u00eb, ne investojm\u00eb nj\u00eb kujdes dhe v\u00ebmendje t\u00eb madhe n\u00eb t\u00eb gjitha produktet tona p\u00ebr t\u00eb kombinuar funksionin, dizajnin dhe standardet e larta t\u00eb siguris\u00eb s\u00eb produktit. Cil\u00ebsia\u00a0\u00a0<a style=\"color: #000000;\" href=\"https:\/\/www.mambaby.com\/why-mam\/mam-quality-safety\/\" target=\"_self\">premium<\/a>\u00a0\u00a0e produkteve tona \u00ebsht\u00eb e nj\u00eb r\u00ebnd\u00ebsie t\u00eb madhe p\u00ebr ne \u2013 pa asnj\u00eb kompromis.<\/span><\/p><p><span style=\"color: #000000;\">P\u00ebr m\u00eb tep\u00ebr, si nj\u00eb kompani familjare e p\u00ebrkushtuar p\u00ebr mir\u00ebqenien e gjenerat\u00ebs s\u00eb ardhshme, operimi n\u00eb nj\u00eb\u00a0\u00a0<a style=\"color: #000000;\" href=\"https:\/\/www.mambaby.com\/why-mam\/mam-sustainability\/\" target=\"_self\">m\u00ebnyr\u00eb t\u00eb q\u00ebndrueshme dhe t\u00eb p\u00ebrgjegjshme<\/a>\u00a0\u00a0\u00ebsht\u00eb thelb\u00ebsore p\u00ebr at\u00eb q\u00eb jemi.<\/span><\/p><p><span style=\"color: #000000;\"><b>Ne i duam foshnjat.<br \/><\/b>Pra, ne besojm\u00eb se vet\u00ebm m\u00eb e mira \u00ebsht\u00eb mjaft e mir\u00eb p\u00ebr f\u00ebmij\u00ebn tuaj!<\/span><\/p>\n\t\t\t\t\t<\/div>\n\t\t\t\t<\/div>\n\t\t\t\t<\/div>\n\t\t\t\t<div class=\"elementor-element elementor-element-e8febaf elementor-blockquote--skin-quotation elementor-blockquote--button-color-official elementor-widget elementor-widget-blockquote\" data-id=\"e8febaf\" data-element_type=\"widget\" data-widget_type=\"blockquote.default\">\n\t\t\t\t<div class=\"elementor-widget-container\">\n\t\t\t\t\t<blockquote class=\"elementor-blockquote\">\n\t\t\t<p class=\"elementor-blockquote__content\">\n\t\t\t\tPasioni yn\u00eb \u00ebsht\u00eb t\u00eb kuptojm\u00eb dhe t'u p\u00ebrgjigjemi nevojave t\u00eb foshnjave dhe prind\u00ebrve n\u00eb m\u00ebnyr\u00eb q\u00eb ata t\u00eb fokusohen n\u00eb g\u00ebzimin e t\u00eb qenit familje\t\t\t<\/p>\n\t\t\t\t\t\t\t<div class=\"e-q-footer\">\n\t\t\t\t\t\t\t\t\t\t\t<cite class=\"elementor-blockquote__author\">Peter R\u00f6hrig<\/cite>\n\t\t\t\t\t\t\t\t\t\t\t\t\t\t<\/div>\n\t\t\t\t\t<\/blockquote>\n\t\t\t\t<\/div>\n\t\t\t\t<\/div>\n\t\t\t\t<div class=\"elementor-element elementor-element-eab82c1 elementor-widget elementor-widget-wd_text_block\" data-id=\"eab82c1\" data-element_type=\"widget\" data-widget_type=\"wd_text_block.default\">\n\t\t\t\t<div class=\"elementor-widget-container\">\n\t\t\t\t\t<div class=\"wd-text-block reset-last-child text-left\">\n\t\t\t\n\t\t\t<h2 style=\"text-align: center;\"><strong>Ne jemi Austria. Ne jemi Evropa. Ne jemi global.<\/strong><\/h2>\n\t\t\t\t\t<\/div>\n\t\t\t\t<\/div>\n\t\t\t\t<\/div>\n\t\t\t\t<div class=\"elementor-element elementor-element-39dd132 elementor-widget elementor-widget-wd_text_block\" data-id=\"39dd132\" data-element_type=\"widget\" data-widget_type=\"wd_text_block.default\">\n\t\t\t\t<div class=\"elementor-widget-container\">\n\t\t\t\t\t<div class=\"wd-text-block reset-last-child text-left\">\n\t\t\t\n\t\t\t<p><span style=\"color: #000000;\">MAM i ka rr\u00ebnj\u00ebt me nj\u00eb qend\u00ebr nd\u00ebrkomb\u00ebtare marketingu dhe dizajni dhe nj\u00eb qend\u00ebr R&amp;D n\u00eb Austri. Fabrikat tona t\u00eb prodhimit jan\u00eb t\u00eb bazuara n\u00eb Hungari dhe Tajland\u00eb - me 90% t\u00eb pjes\u00ebve t\u00eb produkteve tona q\u00eb vijn\u00eb nga Austria. 95% e t\u00eb gjitha produkteve MAM Baby prodhohen n\u00eb Evrop\u00eb.<\/span><\/p><p><span style=\"color: #000000;\">Shumica e produkteve tona montohen n\u00eb vendin ton\u00eb t\u00eb prodhimit n\u00eb Vaskeresztes, Hungari, af\u00ebr kufirit austriak.\u00a0<\/span><\/p><p><span style=\"color: #000000;\">Tajlanda \u00ebsht\u00eb qendra p\u00ebr t\u00eb gjitha aktivitetet tona t\u00eb lidhura me lateksin. Hapat e par\u00eb n\u00eb procesin e prodhimit t\u00eb gom\u00ebs natyrale kryhen n\u00eb Hat Yai dhe prodhimi i m\u00ebtejsh\u00ebm n\u00eb Kabinburi, vendndodhja jon\u00eb e dyt\u00eb n\u00eb Tajland\u00eb.<\/span><\/p>\n\t\t\t\t\t<\/div>\n\t\t\t\t<\/div>\n\t\t\t\t<\/div>\n\t\t\t\t<div class=\"elementor-element elementor-element-7700d09 elementor-widget elementor-widget-wd_text_block\" data-id=\"7700d09\" data-element_type=\"widget\" data-widget_type=\"wd_text_block.default\">\n\t\t\t\t<div class=\"elementor-widget-container\">\n\t\t\t\t\t<div class=\"wd-text-block reset-last-child text-left\">\n\t\t\t\n\t\t\t<h2 class=\"company-history-title\" style=\"text-align: center;\">Historia e Kompanis\u00eb<\/h2>\n\t\t\t\t\t<\/div>\n\t\t\t\t<\/div>\n\t\t\t\t<\/div>\n\t\t\t\t<div class=\"elementor-element elementor-element-3fc7ee1 elementor-widget elementor-widget-image\" data-id=\"3fc7ee1\" data-element_type=\"widget\" data-widget_type=\"image.default\">\n\t\t\t\t<div class=\"elementor-widget-container\">\n\t\t\t\t\t\t\t\t\t\t\t\t\t<img decoding=\"async\" width=\"1300\" height=\"650\" src=\"https:\/\/mambaby.al\/wp-content\/uploads\/2024\/10\/Original-2-6_product-in-use-1300x650.webp\" class=\"attachment-large size-large wp-image-15995\" alt=\"\" srcset=\"https:\/\/mambaby.al\/wp-content\/uploads\/2024\/10\/Original-2-6_product-in-use-1300x650.webp 1300w, https:\/\/mambaby.al\/wp-content\/uploads\/2024\/10\/Original-2-6_product-in-use-400x200.webp 400w, https:\/\/mambaby.al\/wp-content\/uploads\/2024\/10\/Original-2-6_product-in-use-768x384.webp 768w, https:\/\/mambaby.al\/wp-content\/uploads\/2024\/10\/Original-2-6_product-in-use-1536x768.webp 1536w, https:\/\/mambaby.al\/wp-content\/uploads\/2024\/10\/Original-2-6_product-in-use-860x430.webp 860w, https:\/\/mambaby.al\/wp-content\/uploads\/2024\/10\/Original-2-6_product-in-use-430x215.webp 430w, https:\/\/mambaby.al\/wp-content\/uploads\/2024\/10\/Original-2-6_product-in-use-700x350.webp 700w, https:\/\/mambaby.al\/wp-content\/uploads\/2024\/10\/Original-2-6_product-in-use-150x75.webp 150w, https:\/\/mambaby.al\/wp-content\/uploads\/2024\/10\/Original-2-6_product-in-use.webp 1920w\" sizes=\"(max-width: 1300px) 100vw, 1300px\" \/>\t\t\t\t\t\t\t\t\t\t\t\t\t<\/div>\n\t\t\t\t<\/div>\n\t\t\t\t<div class=\"elementor-element elementor-element-2bdf59c elementor-widget elementor-widget-wd_text_block\" data-id=\"2bdf59c\" data-element_type=\"widget\" data-widget_type=\"wd_text_block.default\">\n\t\t\t\t<div class=\"elementor-widget-container\">\n\t\t\t\t\t<div class=\"wd-text-block reset-last-child text-left\">\n\t\t\t\n\t\t\t<h4><span style=\"color: #000000;\"><b>Ne jemi pionier\u00eb, lider\u00eb dhe ekspert\u00eb sigurie p\u00ebr m\u00eb shum\u00eb se 40 vjet.\u00a0<\/b><\/span><\/h4><p><span style=\"color: #000000;\">E themeluar n\u00eb vitin 1976 nga inxhinieri austriak i plastik\u00ebs Peter R\u00f6hrig, MAM ka krijuar qysh at\u00ebher\u00eb produkte inovative dhe unike p\u00ebr f\u00ebmij\u00eb q\u00eb e b\u00ebjn\u00eb jet\u00ebn e foshnjave dhe prind\u00ebrve m\u00eb t\u00eb leht\u00eb dhe m\u00eb t\u00eb k\u00ebndshme. Ideja unike e R\u00f6hrig ishte t\u00eb krijonte\u00a0\u00a0<a style=\"color: #000000;\" href=\"https:\/\/www.mambaby.com\/why-mam\/mam-quality-safety\/\" target=\"_self\">produkte ekstra t\u00eb sigurta p\u00ebr f\u00ebmij\u00eb <\/a>\u00a0\u00a0q\u00eb kombinojn\u00eb dizajnin t\u00ebrheq\u00ebs dhe inovativ me p\u00ebrfitimet e v\u00ebrtetuara mjek\u00ebsore.\u00a0\u00a0<\/span><\/p><ul><li><span style=\"color: #000000;\"><b>1976<\/b>\u00a0: MAM \u00ebsht\u00eb themeluar n\u00eb Vjen\u00eb nga austriaku Peter R\u00f6hrig, nj\u00eb inxhinier plastik i trajnuar. Shitet biberoni i par\u00eb MAM Baby.<\/span><\/li><li><span style=\"color: #000000;\"><b>1987<\/b>\u00a0: N\u00eb Zvic\u00ebr themelohet qendra nd\u00ebrkomb\u00ebtare e shp\u00ebrndarjes dhe prodhimit.<\/span><\/li><li><span style=\"color: #000000;\"><b>1989<\/b>\u00a0: MAM \u00ebsht\u00eb themeluar n\u00eb MB.<\/span><\/li><li><span style=\"color: #000000;\"><b>1990<\/b>\u00a0: Hapja e vendit t\u00eb par\u00eb t\u00eb prodhimit t\u00eb Grupit n\u00eb Hungari<\/span><\/li><li><span style=\"color: #000000;\"><b>1991<\/b>\u00a0: MAM \u00ebsht\u00eb themeluar n\u00eb Gjermani.<\/span><\/li><li><span style=\"color: #000000;\"><b>1997<\/b>\u00a0: Hapet qendra e k\u00ebrkimit dhe zhvillimit MAM Baby n\u00eb Siegendorf, Austri.<\/span><\/li><li><span style=\"color: #000000;\"><b>1998\/99<\/b>\u00a0: Filialet e MAM jan\u00eb themeluar n\u00eb Hungari dhe Brazil.<\/span><\/li><li><span style=\"color: #000000;\"><b>2002<\/b>\u00a0: Grupi fillon prodhimin e lateksit n\u00eb 'Thaimed' n\u00eb Tajland\u00eb, me materiale me cil\u00ebsi t\u00eb lart\u00eb, objekte prodhimi dhe kushte pune q\u00eb plot\u00ebsojn\u00eb standardet m\u00eb t\u00eb larta t\u00eb MAM.<\/span><\/li><li><span style=\"color: #000000;\"><b>2004<\/b>\u00a0: Hyrja n\u00eb tregun e shisheve t\u00eb bebeve. MAM shet shishen e saj t\u00eb par\u00eb Anti-Colic. Q\u00eb at\u00ebher\u00eb, shishja MAM Easy Start Anti-Colic me baz\u00ebn e saj t\u00eb patentuar t\u00eb shisheve t\u00eb ajrosura u mund\u00ebson foshnjave dhe prind\u00ebrve nj\u00eb ushqyerje t\u00eb relaksuar me m\u00eb pak dhimbje barku dhe regurgitim.\u00a0<\/span><\/li><li><span style=\"color: #000000;\"><b>2008<\/b>\u00a0: MAM \u00ebsht\u00eb themeluar n\u00eb Spanj\u00eb dhe SHBA.<\/span><\/li><li><span style=\"color: #000000;\"><b>2011\/12<\/b>\u00a0: MAM \u00ebsht\u00eb themeluar n\u00eb Greqi dhe Franc\u00eb.<\/span><\/li><li><span style=\"color: #000000;\"><b>2016<\/b>\u00a0: MAM \u00ebsht\u00eb themeluar n\u00eb Itali dhe Kin\u00eb. U hap fabrika e re ultra-moderne tajlandeze e grupit n\u00eb Kabinburi.<\/span><\/li><li><span style=\"color: #000000;\"><b>2018<\/b>\u00a0: MAM hyn n\u00eb tregun e pajisjeve elektronike. Shitet sterilizuesi i par\u00eb Elektrik MAM Baby &amp; ngroh\u00ebsi i shisheve Express.<\/span><\/li><\/ul>\n\t\t\t\t\t<\/div>\n\t\t\t\t<\/div>\n\t\t\t\t<\/div>\n\t\t\t\t<div class=\"elementor-element elementor-element-852ea1c elementor-widget elementor-widget-wd_text_block\" data-id=\"852ea1c\" data-element_type=\"widget\" data-widget_type=\"wd_text_block.default\">\n\t\t\t\t<div class=\"elementor-widget-container\">\n\t\t\t\t\t<div class=\"wd-text-block reset-last-child text-left\">\n\t\t\t\n\t\t\t<h2 class=\"company-history-title\" style=\"text-align: center;\">Produktet MAM Baby jan\u00eb n\u00eb dispozicion n\u00eb vendet e m\u00ebposhtme:<\/h2>\n\t\t\t\t\t<\/div>\n\t\t\t\t<\/div>\n\t\t\t\t<\/div>\n\t\t\t\t\t<\/div>\n\t\t<\/div>\n\t\t\t\t\t<\/div>\n\t\t<\/section>\n\t\t\t\t<section class=\"wd-negative-gap elementor-section elementor-top-section elementor-element elementor-element-0584b28 elementor-section-boxed elementor-section-height-default elementor-section-height-default wd-section-disabled\" data-id=\"0584b28\" data-element_type=\"section\">\n\t\t\t\t\t\t<div class=\"elementor-container elementor-column-gap-default\">\n\t\t\t\t\t<div class=\"elementor-column elementor-col-100 elementor-top-column elementor-element elementor-element-6b03421\" data-id=\"6b03421\" data-element_type=\"column\">\n\t\t\t<div class=\"elementor-widget-wrap elementor-element-populated\">\n\t\t\t\t\t\t<div class=\"elementor-element elementor-element-679e7dd elementor-widget elementor-widget-image\" data-id=\"679e7dd\" data-element_type=\"widget\" data-widget_type=\"image.default\">\n\t\t\t\t<div class=\"elementor-widget-container\">\n\t\t\t\t\t\t\t\t\t\t\t\t\t<img decoding=\"async\" width=\"1300\" height=\"650\" src=\"https:\/\/mambaby.al\/wp-content\/uploads\/2024\/10\/Countrymap-21-1300x650.webp\" class=\"attachment-large size-large wp-image-15994\" alt=\"\" srcset=\"https:\/\/mambaby.al\/wp-content\/uploads\/2024\/10\/Countrymap-21-1300x650.webp 1300w, https:\/\/mambaby.al\/wp-content\/uploads\/2024\/10\/Countrymap-21-400x200.webp 400w, https:\/\/mambaby.al\/wp-content\/uploads\/2024\/10\/Countrymap-21-768x384.webp 768w, https:\/\/mambaby.al\/wp-content\/uploads\/2024\/10\/Countrymap-21-1536x768.webp 1536w, https:\/\/mambaby.al\/wp-content\/uploads\/2024\/10\/Countrymap-21-860x430.webp 860w, https:\/\/mambaby.al\/wp-content\/uploads\/2024\/10\/Countrymap-21-430x215.webp 430w, https:\/\/mambaby.al\/wp-content\/uploads\/2024\/10\/Countrymap-21-700x350.webp 700w, https:\/\/mambaby.al\/wp-content\/uploads\/2024\/10\/Countrymap-21-150x75.webp 150w, https:\/\/mambaby.al\/wp-content\/uploads\/2024\/10\/Countrymap-21.webp 1920w\" sizes=\"(max-width: 1300px) 100vw, 1300px\" \/>\t\t\t\t\t\t\t\t\t\t\t\t\t<\/div>\n\t\t\t\t<\/div>\n\t\t\t\t\t<\/div>\n\t\t<\/div>\n\t\t\t\t\t<\/div>\n\t\t<\/section>\n\t\t\t\t<\/div>\n\t\t","protected":false},"excerpt":{"rendered":"<p>Mir\u00eb se vini n\u00eb bot\u00ebn e MAM Prind\u00ebrit vendosin k\u00ebrkesa t\u00eb m\u00ebdha p\u00ebr produktet e bebeve dhe po ashtu edhe<\/p>\n","protected":false},"author":1,"featured_media":0,"parent":0,"menu_order":0,"comment_status":"closed","ping_status":"closed","template":"elementor_header_footer","meta":{"footnotes":""},"class_list":["post-15986","page","type-page","status-publish","hentry"],"_links":{"self":[{"href":"https:\/\/mambaby.al\/index.php?rest_route=\/wp\/v2\/pages\/15986","targetHints":{"allow":["GET"]}}],"collection":[{"href":"https:\/\/mambaby.al\/index.php?rest_route=\/wp\/v2\/pages"}],"about":[{"href":"https:\/\/mambaby.al\/index.php?rest_route=\/wp\/v2\/types\/page"}],"author":[{"embeddable":true,"href":"https:\/\/mambaby.al\/index.php?rest_route=\/wp\/v2\/users\/1"}],"replies":[{"embeddable":true,"href":"https:\/\/mambaby.al\/index.php?rest_route=%2Fwp%2Fv2%2Fcomments&post=15986"}],"version-history":[{"count":10,"href":"https:\/\/mambaby.al\/index.php?rest_route=\/wp\/v2\/pages\/15986\/revisions"}],"predecessor-version":[{"id":16001,"href":"https:\/\/mambaby.al\/index.php?rest_route=\/wp\/v2\/pages\/15986\/revisions\/16001"}],"wp:attachment":[{"href":"https:\/\/mambaby.al\/index.php?rest_route=%2Fwp%2Fv2%2Fmedia&parent=15986"}],"curies":[{"name":"wp","href":"https:\/\/api.w.org\/{rel}","templated":true}]}}