{"id":16072,"date":"2024-10-13T23:31:38","date_gmt":"2024-10-13T23:31:38","guid":{"rendered":"https:\/\/mambaby.al\/?page_id=16072"},"modified":"2024-10-14T15:04:16","modified_gmt":"2024-10-14T15:04:16","slug":"instruksione-mbi-perdorimin","status":"publish","type":"page","link":"https:\/\/mambaby.al\/?page_id=16072","title":{"rendered":"Instruksione mbi perdorimin"},"content":{"rendered":"\t\t<div data-elementor-type=\"wp-page\" data-elementor-id=\"16072\" class=\"elementor elementor-16072\" data-elementor-post-type=\"page\">\n\t\t\t\t\t\t<section class=\"wd-negative-gap elementor-section elementor-top-section elementor-element elementor-element-fa14fba elementor-section-boxed elementor-section-height-default elementor-section-height-default wd-section-disabled\" data-id=\"fa14fba\" data-element_type=\"section\">\n\t\t\t\t\t\t<div class=\"elementor-container elementor-column-gap-default\">\n\t\t\t\t\t<div class=\"elementor-column elementor-col-100 elementor-top-column elementor-element elementor-element-47d31ac\" data-id=\"47d31ac\" data-element_type=\"column\">\n\t\t\t<div class=\"elementor-widget-wrap elementor-element-populated\">\n\t\t\t\t\t\t<div class=\"elementor-element elementor-element-db4cb33 elementor-widget elementor-widget-image\" data-id=\"db4cb33\" data-element_type=\"widget\" data-widget_type=\"image.default\">\n\t\t\t\t<div class=\"elementor-widget-container\">\n\t\t\t\t\t\t\t\t\t\t\t\t\t<img fetchpriority=\"high\" decoding=\"async\" width=\"1200\" height=\"600\" src=\"https:\/\/mambaby.al\/wp-content\/uploads\/2024\/10\/Header_baby_mom.webp\" class=\"attachment-large size-large wp-image-16074\" alt=\"\" srcset=\"https:\/\/mambaby.al\/wp-content\/uploads\/2024\/10\/Header_baby_mom.webp 1200w, https:\/\/mambaby.al\/wp-content\/uploads\/2024\/10\/Header_baby_mom-400x200.webp 400w, https:\/\/mambaby.al\/wp-content\/uploads\/2024\/10\/Header_baby_mom-768x384.webp 768w, https:\/\/mambaby.al\/wp-content\/uploads\/2024\/10\/Header_baby_mom-860x430.webp 860w, https:\/\/mambaby.al\/wp-content\/uploads\/2024\/10\/Header_baby_mom-430x215.webp 430w, https:\/\/mambaby.al\/wp-content\/uploads\/2024\/10\/Header_baby_mom-700x350.webp 700w, https:\/\/mambaby.al\/wp-content\/uploads\/2024\/10\/Header_baby_mom-150x75.webp 150w\" sizes=\"(max-width: 1200px) 100vw, 1200px\" \/>\t\t\t\t\t\t\t\t\t\t\t\t\t<\/div>\n\t\t\t\t<\/div>\n\t\t\t\t\t<\/div>\n\t\t<\/div>\n\t\t\t\t\t<\/div>\n\t\t<\/section>\n\t\t\t\t<section class=\"wd-negative-gap elementor-section elementor-top-section elementor-element elementor-element-3731202 elementor-section-boxed elementor-section-height-default elementor-section-height-default wd-section-disabled\" data-id=\"3731202\" data-element_type=\"section\">\n\t\t\t\t\t\t<div class=\"elementor-container elementor-column-gap-default\">\n\t\t\t\t\t<div class=\"elementor-column elementor-col-100 elementor-top-column elementor-element elementor-element-c8c36a2\" data-id=\"c8c36a2\" data-element_type=\"column\">\n\t\t\t<div class=\"elementor-widget-wrap elementor-element-populated\">\n\t\t\t\t\t\t<div class=\"elementor-element elementor-element-5d8a937 elementor-widget elementor-widget-heading\" data-id=\"5d8a937\" data-element_type=\"widget\" data-widget_type=\"heading.default\">\n\t\t\t\t<div class=\"elementor-widget-container\">\n\t\t\t<h2 class=\"elementor-heading-title elementor-size-default\">Udh\u00ebzime p\u00ebr p\u00ebrdorim<\/h2>\t\t<\/div>\n\t\t\t\t<\/div>\n\t\t\t\t\t<\/div>\n\t\t<\/div>\n\t\t\t\t\t<\/div>\n\t\t<\/section>\n\t\t\t\t<section class=\"wd-negative-gap elementor-section elementor-top-section elementor-element elementor-element-399ec3a elementor-section-boxed elementor-section-height-default elementor-section-height-default wd-section-disabled\" data-id=\"399ec3a\" data-element_type=\"section\">\n\t\t\t\t\t\t<div class=\"elementor-container elementor-column-gap-default\">\n\t\t\t\t\t<div class=\"elementor-column elementor-col-100 elementor-top-column elementor-element elementor-element-4b62455\" data-id=\"4b62455\" data-element_type=\"column\">\n\t\t\t<div class=\"elementor-widget-wrap elementor-element-populated\">\n\t\t\t\t\t\t<div class=\"elementor-element elementor-element-976f30e elementor-widget elementor-widget-wd_text_block\" data-id=\"976f30e\" data-element_type=\"widget\" data-widget_type=\"wd_text_block.default\">\n\t\t\t\t<div class=\"elementor-widget-container\">\n\t\t\t\t\t\t<link rel=\"stylesheet\" id=\"wd-text-block-css\" href=\"https:\/\/mambaby.al\/wp-content\/themes\/woodmart\/css\/parts\/el-text-block.min.css?ver=7.3.4\" type=\"text\/css\" media=\"all\" \/> \t\t\t\t\t<div class=\"wd-text-block reset-last-child text-left\">\n\t\t\t\n\t\t\t<p>Udh\u00ebzimet p\u00ebr qet\u00ebsuesit, shishet, filxhanat, produktet p\u00ebr ushqyerjen me gji, pastrimin, ushqimin dhe kujdesin oral, si dhe aksesor\u00ebt MAM mund t\u00eb gjenden n\u00ebn \"\u00a0<b>Produktet standarte<\/b>\u00a0\".<br \/>Udh\u00ebzimet p\u00ebr pajisjet tona elektrike mund t\u00eb gjenden te \u201c\u00a0<b>Produktet elektrike<\/b><a href=\"https:\/\/www.mambaby.com\/media\/32\/48\/08\/1625637936\/EN_leaflet_online_shop_en_GH1A9ZA001.ABA.pdf\">\u00a0<\/a>\u201d.<\/p><p><span style=\"color: #0000ff;\"><strong><a style=\"color: #0000ff;\" href=\"https:\/\/www.mambaby.com\/media\/32\/48\/08\/1625637936\/EN_leaflet_online_shop_en_GH1A9ZA001.ABA.pdf\">Produkte standarte<\/a><\/strong><\/span><\/p><p><span style=\"color: #0000ff;\"><strong><a style=\"color: #0000ff;\" href=\"https:\/\/www.mambaby.com\/media\/82\/e8\/11\/1627061447\/EN_EU_leaflet_online_shop_electrical_products_GH1A9ZA001.ABH.pdf\">Produktet elektrike<\/a><a style=\"color: #0000ff;\" href=\"https:\/\/www.mambaby.com\/media\/32\/48\/08\/1625637936\/EN_leaflet_online_shop_en_GH1A9ZA001.ABA.pdf\">\u00a0<\/a><\/strong><\/span><\/p>\n\t\t\t\t\t<\/div>\n\t\t\t\t<\/div>\n\t\t\t\t<\/div>\n\t\t\t\t\t<\/div>\n\t\t<\/div>\n\t\t\t\t\t<\/div>\n\t\t<\/section>\n\t\t\t\t<\/div>\n\t\t","protected":false},"excerpt":{"rendered":"<p>Udh\u00ebzime p\u00ebr p\u00ebrdorim Udh\u00ebzimet p\u00ebr qet\u00ebsuesit, shishet, filxhanat, produktet p\u00ebr ushqyerjen me gji, pastrimin, ushqimin dhe kujdesin oral, si dhe<\/p>\n","protected":false},"author":1,"featured_media":0,"parent":0,"menu_order":0,"comment_status":"closed","ping_status":"closed","template":"elementor_header_footer","meta":{"footnotes":""},"class_list":["post-16072","page","type-page","status-publish","hentry"],"_links":{"self":[{"href":"https:\/\/mambaby.al\/index.php?rest_route=\/wp\/v2\/pages\/16072","targetHints":{"allow":["GET"]}}],"collection":[{"href":"https:\/\/mambaby.al\/index.php?rest_route=\/wp\/v2\/pages"}],"about":[{"href":"https:\/\/mambaby.al\/index.php?rest_route=\/wp\/v2\/types\/page"}],"author":[{"embeddable":true,"href":"https:\/\/mambaby.al\/index.php?rest_route=\/wp\/v2\/users\/1"}],"replies":[{"embeddable":true,"href":"https:\/\/mambaby.al\/index.php?rest_route=%2Fwp%2Fv2%2Fcomments&post=16072"}],"version-history":[{"count":7,"href":"https:\/\/mambaby.al\/index.php?rest_route=\/wp\/v2\/pages\/16072\/revisions"}],"predecessor-version":[{"id":16128,"href":"https:\/\/mambaby.al\/index.php?rest_route=\/wp\/v2\/pages\/16072\/revisions\/16128"}],"wp:attachment":[{"href":"https:\/\/mambaby.al\/index.php?rest_route=%2Fwp%2Fv2%2Fmedia&parent=16072"}],"curies":[{"name":"wp","href":"https:\/\/api.w.org\/{rel}","templated":true}]}}