{"id":16079,"date":"2024-10-13T23:34:51","date_gmt":"2024-10-13T23:34:51","guid":{"rendered":"https:\/\/mambaby.al\/?page_id=16079"},"modified":"2024-10-13T23:38:34","modified_gmt":"2024-10-13T23:38:34","slug":"pyetje-te-shpeshta","status":"publish","type":"page","link":"https:\/\/mambaby.al\/?page_id=16079","title":{"rendered":"Pyetje te shpeshta"},"content":{"rendered":"\t\t<div data-elementor-type=\"wp-page\" data-elementor-id=\"16079\" class=\"elementor elementor-16079\" data-elementor-post-type=\"page\">\n\t\t\t\t\t\t<section class=\"wd-negative-gap elementor-section elementor-top-section elementor-element elementor-element-37f7f9c elementor-section-boxed elementor-section-height-default elementor-section-height-default wd-section-disabled\" data-id=\"37f7f9c\" data-element_type=\"section\">\n\t\t\t\t\t\t<div class=\"elementor-container elementor-column-gap-default\">\n\t\t\t\t\t<div class=\"elementor-column elementor-col-100 elementor-top-column elementor-element elementor-element-ba51e52\" data-id=\"ba51e52\" data-element_type=\"column\">\n\t\t\t<div class=\"elementor-widget-wrap elementor-element-populated\">\n\t\t\t\t\t\t<div class=\"elementor-element elementor-element-1826807 elementor-widget elementor-widget-image\" data-id=\"1826807\" data-element_type=\"widget\" data-widget_type=\"image.default\">\n\t\t\t\t<div class=\"elementor-widget-container\">\n\t\t\t\t\t\t\t\t\t\t\t\t\t<img fetchpriority=\"high\" decoding=\"async\" width=\"1200\" height=\"600\" src=\"https:\/\/mambaby.al\/wp-content\/uploads\/2024\/10\/Learn-to-eat_drink.webp\" class=\"attachment-large size-large wp-image-16081\" alt=\"\" srcset=\"https:\/\/mambaby.al\/wp-content\/uploads\/2024\/10\/Learn-to-eat_drink.webp 1200w, https:\/\/mambaby.al\/wp-content\/uploads\/2024\/10\/Learn-to-eat_drink-400x200.webp 400w, https:\/\/mambaby.al\/wp-content\/uploads\/2024\/10\/Learn-to-eat_drink-768x384.webp 768w, https:\/\/mambaby.al\/wp-content\/uploads\/2024\/10\/Learn-to-eat_drink-860x430.webp 860w, https:\/\/mambaby.al\/wp-content\/uploads\/2024\/10\/Learn-to-eat_drink-430x215.webp 430w, https:\/\/mambaby.al\/wp-content\/uploads\/2024\/10\/Learn-to-eat_drink-700x350.webp 700w, https:\/\/mambaby.al\/wp-content\/uploads\/2024\/10\/Learn-to-eat_drink-150x75.webp 150w\" sizes=\"(max-width: 1200px) 100vw, 1200px\" \/>\t\t\t\t\t\t\t\t\t\t\t\t\t<\/div>\n\t\t\t\t<\/div>\n\t\t\t\t\t<\/div>\n\t\t<\/div>\n\t\t\t\t\t<\/div>\n\t\t<\/section>\n\t\t\t\t<section class=\"wd-negative-gap elementor-section elementor-top-section elementor-element elementor-element-57cbe98 elementor-section-boxed elementor-section-height-default elementor-section-height-default wd-section-disabled\" data-id=\"57cbe98\" data-element_type=\"section\">\n\t\t\t\t\t\t<div class=\"elementor-container elementor-column-gap-default\">\n\t\t\t\t\t<div class=\"elementor-column elementor-col-100 elementor-top-column elementor-element elementor-element-5118f40\" data-id=\"5118f40\" data-element_type=\"column\">\n\t\t\t<div class=\"elementor-widget-wrap elementor-element-populated\">\n\t\t\t\t\t\t<div class=\"elementor-element elementor-element-ad943cd elementor-widget elementor-widget-heading\" data-id=\"ad943cd\" data-element_type=\"widget\" data-widget_type=\"heading.default\">\n\t\t\t\t<div class=\"elementor-widget-container\">\n\t\t\t<h2 class=\"elementor-heading-title elementor-size-default\">T\u00eb ushqyerit<\/h2>\t\t<\/div>\n\t\t\t\t<\/div>\n\t\t\t\t<div class=\"elementor-element elementor-element-1b7587b elementor-widget elementor-widget-heading\" data-id=\"1b7587b\" data-element_type=\"widget\" data-widget_type=\"heading.default\">\n\t\t\t\t<div class=\"elementor-widget-container\">\n\t\t\t<h2 class=\"elementor-heading-title elementor-size-default\">FAQ<\/h2>\t\t<\/div>\n\t\t\t\t<\/div>\n\t\t\t\t<div class=\"elementor-element elementor-element-6b40264 elementor-widget elementor-widget-accordion\" data-id=\"6b40264\" data-element_type=\"widget\" data-widget_type=\"accordion.default\">\n\t\t\t\t<div class=\"elementor-widget-container\">\n\t\t\t\t\t<div class=\"elementor-accordion\">\n\t\t\t\t\t\t\t<div class=\"elementor-accordion-item\">\n\t\t\t\t\t<div id=\"elementor-tab-title-1121\" class=\"elementor-tab-title\" data-tab=\"1\" role=\"button\" aria-controls=\"elementor-tab-content-1121\" aria-expanded=\"false\">\n\t\t\t\t\t\t\t\t\t\t\t\t\t<span class=\"elementor-accordion-icon elementor-accordion-icon-right\" aria-hidden=\"true\">\n\t\t\t\t\t\t\t\t\t\t\t\t\t\t\t<span class=\"elementor-accordion-icon-closed\"><svg class=\"e-font-icon-svg e-fas-plus\" viewBox=\"0 0 448 512\" xmlns=\"http:\/\/www.w3.org\/2000\/svg\"><path d=\"M416 208H272V64c0-17.67-14.33-32-32-32h-32c-17.67 0-32 14.33-32 32v144H32c-17.67 0-32 14.33-32 32v32c0 17.67 14.33 32 32 32h144v144c0 17.67 14.33 32 32 32h32c17.67 0 32-14.33 32-32V304h144c17.67 0 32-14.33 32-32v-32c0-17.67-14.33-32-32-32z\"><\/path><\/svg><\/span>\n\t\t\t\t\t\t\t\t<span class=\"elementor-accordion-icon-opened\"><svg class=\"e-font-icon-svg e-fas-minus\" viewBox=\"0 0 448 512\" xmlns=\"http:\/\/www.w3.org\/2000\/svg\"><path d=\"M416 208H32c-17.67 0-32 14.33-32 32v32c0 17.67 14.33 32 32 32h384c17.67 0 32-14.33 32-32v-32c0-17.67-14.33-32-32-32z\"><\/path><\/svg><\/span>\n\t\t\t\t\t\t\t\t\t\t\t\t\t\t<\/span>\n\t\t\t\t\t\t\t\t\t\t\t\t<a class=\"elementor-accordion-title\" tabindex=\"0\">Kur duhet t\u00eb filloni t\u00eb ushqeni me ushqim t\u00eb fort\u00eb?<\/a>\n\t\t\t\t\t<\/div>\n\t\t\t\t\t<div id=\"elementor-tab-content-1121\" class=\"elementor-tab-content elementor-clearfix\" data-tab=\"1\" role=\"region\" aria-labelledby=\"elementor-tab-title-1121\"><p><strong><span>Nga mosha rreth 6 muajsh<\/span><\/strong><span>\u00a0\u00ebsht\u00eb koha p\u00ebr t\u00eb b\u00ebr\u00eb kalimin e but\u00eb nga &#8216;vet\u00ebm mami&#8217; n\u00eb m\u00eb shum\u00eb. F\u00ebmij\u00ebt zakonisht tregojn\u00eb veten kur jan\u00eb gati p\u00ebr ushqim t\u00eb fort\u00eb. Ushqimi p\u00ebshtyhet m\u00eb rrall\u00eb, ata jan\u00eb n\u00eb gjendje t\u00eb mbajn\u00eb kok\u00ebn lart dhe t\u00eb ulen mjaft mir\u00eb vet\u00eb dhe niveli i interesit t\u00eb tyre p\u00ebr at\u00eb q\u00eb han\u00eb t\u00eb rriturit rritet. Tani mund t\u00eb b\u00ebhen p\u00ebrpjekjet e para p\u00ebr t\u00eb dh\u00ebn\u00eb ushqim t\u00eb ngurt\u00eb p\u00ebrve\u00e7 ushqyerjes me gji ose me shishe.<\/span><\/p><\/div>\n\t\t\t\t<\/div>\n\t\t\t\t\t\t\t<div class=\"elementor-accordion-item\">\n\t\t\t\t\t<div id=\"elementor-tab-title-1122\" class=\"elementor-tab-title\" data-tab=\"2\" role=\"button\" aria-controls=\"elementor-tab-content-1122\" aria-expanded=\"false\">\n\t\t\t\t\t\t\t\t\t\t\t\t\t<span class=\"elementor-accordion-icon elementor-accordion-icon-right\" aria-hidden=\"true\">\n\t\t\t\t\t\t\t\t\t\t\t\t\t\t\t<span class=\"elementor-accordion-icon-closed\"><svg class=\"e-font-icon-svg e-fas-plus\" viewBox=\"0 0 448 512\" xmlns=\"http:\/\/www.w3.org\/2000\/svg\"><path d=\"M416 208H272V64c0-17.67-14.33-32-32-32h-32c-17.67 0-32 14.33-32 32v144H32c-17.67 0-32 14.33-32 32v32c0 17.67 14.33 32 32 32h144v144c0 17.67 14.33 32 32 32h32c17.67 0 32-14.33 32-32V304h144c17.67 0 32-14.33 32-32v-32c0-17.67-14.33-32-32-32z\"><\/path><\/svg><\/span>\n\t\t\t\t\t\t\t\t<span class=\"elementor-accordion-icon-opened\"><svg class=\"e-font-icon-svg e-fas-minus\" viewBox=\"0 0 448 512\" xmlns=\"http:\/\/www.w3.org\/2000\/svg\"><path d=\"M416 208H32c-17.67 0-32 14.33-32 32v32c0 17.67 14.33 32 32 32h384c17.67 0 32-14.33 32-32v-32c0-17.67-14.33-32-32-32z\"><\/path><\/svg><\/span>\n\t\t\t\t\t\t\t\t\t\t\t\t\t\t<\/span>\n\t\t\t\t\t\t\t\t\t\t\t\t<a class=\"elementor-accordion-title\" tabindex=\"0\">A p\u00ebrmbajn\u00eb produktet MAM plastifikues?<\/a>\n\t\t\t\t\t<\/div>\n\t\t\t\t\t<div id=\"elementor-tab-content-1122\" class=\"elementor-tab-content elementor-clearfix\" data-tab=\"2\" role=\"region\" aria-labelledby=\"elementor-tab-title-1122\"><p><strong><span>Jo<\/span><\/strong><span>\u00a0. Produktet MAM nuk p\u00ebrmbajn\u00eb plastifikues.<\/span><br \/><br \/><span>MAM p\u00ebrdor vet\u00ebm materiale q\u00eb plot\u00ebsojn\u00eb k\u00ebrkesat dhe standardet m\u00eb t\u00eb larta t\u00eb siguris\u00eb. Kjo do t\u00eb thot\u00eb q\u00eb produktet MAM garantojn\u00eb q\u00eb foshnjat t\u00eb g\u00ebzojn\u00eb fillimin m\u00eb t\u00eb mir\u00eb n\u00eb jet\u00eb.<\/span><\/p><\/div>\n\t\t\t\t<\/div>\n\t\t\t\t\t\t\t<div class=\"elementor-accordion-item\">\n\t\t\t\t\t<div id=\"elementor-tab-title-1123\" class=\"elementor-tab-title\" data-tab=\"3\" role=\"button\" aria-controls=\"elementor-tab-content-1123\" aria-expanded=\"false\">\n\t\t\t\t\t\t\t\t\t\t\t\t\t<span class=\"elementor-accordion-icon elementor-accordion-icon-right\" aria-hidden=\"true\">\n\t\t\t\t\t\t\t\t\t\t\t\t\t\t\t<span class=\"elementor-accordion-icon-closed\"><svg class=\"e-font-icon-svg e-fas-plus\" viewBox=\"0 0 448 512\" xmlns=\"http:\/\/www.w3.org\/2000\/svg\"><path d=\"M416 208H272V64c0-17.67-14.33-32-32-32h-32c-17.67 0-32 14.33-32 32v144H32c-17.67 0-32 14.33-32 32v32c0 17.67 14.33 32 32 32h144v144c0 17.67 14.33 32 32 32h32c17.67 0 32-14.33 32-32V304h144c17.67 0 32-14.33 32-32v-32c0-17.67-14.33-32-32-32z\"><\/path><\/svg><\/span>\n\t\t\t\t\t\t\t\t<span class=\"elementor-accordion-icon-opened\"><svg class=\"e-font-icon-svg e-fas-minus\" viewBox=\"0 0 448 512\" xmlns=\"http:\/\/www.w3.org\/2000\/svg\"><path d=\"M416 208H32c-17.67 0-32 14.33-32 32v32c0 17.67 14.33 32 32 32h384c17.67 0 32-14.33 32-32v-32c0-17.67-14.33-32-32-32z\"><\/path><\/svg><\/span>\n\t\t\t\t\t\t\t\t\t\t\t\t\t\t<\/span>\n\t\t\t\t\t\t\t\t\t\t\t\t<a class=\"elementor-accordion-title\" tabindex=\"0\">A jan\u00eb t\u00eb gjitha produktet n\u00eb gam\u00ebn e ushqimit MAM t\u00eb pap\u00ebrshkuesh\u00ebm nga thyerja?<\/a>\n\t\t\t\t\t<\/div>\n\t\t\t\t\t<div id=\"elementor-tab-content-1123\" class=\"elementor-tab-content elementor-clearfix\" data-tab=\"3\" role=\"region\" aria-labelledby=\"elementor-tab-title-1123\"><p><strong><span>Po, e gjith\u00eb gama e ushqimit MAM<\/span><\/strong><span>\u00a0\u00ebsht\u00eb b\u00ebr\u00eb nga materiale t\u00eb pap\u00ebrshkueshme.<\/span><\/p><\/div>\n\t\t\t\t<\/div>\n\t\t\t\t\t\t\t<div class=\"elementor-accordion-item\">\n\t\t\t\t\t<div id=\"elementor-tab-title-1124\" class=\"elementor-tab-title\" data-tab=\"4\" role=\"button\" aria-controls=\"elementor-tab-content-1124\" aria-expanded=\"false\">\n\t\t\t\t\t\t\t\t\t\t\t\t\t<span class=\"elementor-accordion-icon elementor-accordion-icon-right\" aria-hidden=\"true\">\n\t\t\t\t\t\t\t\t\t\t\t\t\t\t\t<span class=\"elementor-accordion-icon-closed\"><svg class=\"e-font-icon-svg e-fas-plus\" viewBox=\"0 0 448 512\" xmlns=\"http:\/\/www.w3.org\/2000\/svg\"><path d=\"M416 208H272V64c0-17.67-14.33-32-32-32h-32c-17.67 0-32 14.33-32 32v144H32c-17.67 0-32 14.33-32 32v32c0 17.67 14.33 32 32 32h144v144c0 17.67 14.33 32 32 32h32c17.67 0 32-14.33 32-32V304h144c17.67 0 32-14.33 32-32v-32c0-17.67-14.33-32-32-32z\"><\/path><\/svg><\/span>\n\t\t\t\t\t\t\t\t<span class=\"elementor-accordion-icon-opened\"><svg class=\"e-font-icon-svg e-fas-minus\" viewBox=\"0 0 448 512\" xmlns=\"http:\/\/www.w3.org\/2000\/svg\"><path d=\"M416 208H32c-17.67 0-32 14.33-32 32v32c0 17.67 14.33 32 32 32h384c17.67 0 32-14.33 32-32v-32c0-17.67-14.33-32-32-32z\"><\/path><\/svg><\/span>\n\t\t\t\t\t\t\t\t\t\t\t\t\t\t<\/span>\n\t\t\t\t\t\t\t\t\t\t\t\t<a class=\"elementor-accordion-title\" tabindex=\"0\">Cilat produkte nga sfera e tak\u00ebmeve dhe tasave p\u00ebr ushqim MAM mund t\u00eb lahen n\u00eb pjatalar\u00ebse?<\/a>\n\t\t\t\t\t<\/div>\n\t\t\t\t\t<div id=\"elementor-tab-content-1124\" class=\"elementor-tab-content elementor-clearfix\" data-tab=\"4\" role=\"region\" aria-labelledby=\"elementor-tab-title-1124\"><p><strong><span>T\u00eb gjitha produktet e tak\u00ebmeve dhe tasave ushqimore MAM<\/span><\/strong><span>\u00a0mund t\u00eb pastrohen n\u00eb pjatalar\u00ebse.<\/span><\/p><\/div>\n\t\t\t\t<\/div>\n\t\t\t\t\t\t\t<div class=\"elementor-accordion-item\">\n\t\t\t\t\t<div id=\"elementor-tab-title-1125\" class=\"elementor-tab-title\" data-tab=\"5\" role=\"button\" aria-controls=\"elementor-tab-content-1125\" aria-expanded=\"false\">\n\t\t\t\t\t\t\t\t\t\t\t\t\t<span class=\"elementor-accordion-icon elementor-accordion-icon-right\" aria-hidden=\"true\">\n\t\t\t\t\t\t\t\t\t\t\t\t\t\t\t<span class=\"elementor-accordion-icon-closed\"><svg class=\"e-font-icon-svg e-fas-plus\" viewBox=\"0 0 448 512\" xmlns=\"http:\/\/www.w3.org\/2000\/svg\"><path d=\"M416 208H272V64c0-17.67-14.33-32-32-32h-32c-17.67 0-32 14.33-32 32v144H32c-17.67 0-32 14.33-32 32v32c0 17.67 14.33 32 32 32h144v144c0 17.67 14.33 32 32 32h32c17.67 0 32-14.33 32-32V304h144c17.67 0 32-14.33 32-32v-32c0-17.67-14.33-32-32-32z\"><\/path><\/svg><\/span>\n\t\t\t\t\t\t\t\t<span class=\"elementor-accordion-icon-opened\"><svg class=\"e-font-icon-svg e-fas-minus\" viewBox=\"0 0 448 512\" xmlns=\"http:\/\/www.w3.org\/2000\/svg\"><path d=\"M416 208H32c-17.67 0-32 14.33-32 32v32c0 17.67 14.33 32 32 32h384c17.67 0 32-14.33 32-32v-32c0-17.67-14.33-32-32-32z\"><\/path><\/svg><\/span>\n\t\t\t\t\t\t\t\t\t\t\t\t\t\t<\/span>\n\t\t\t\t\t\t\t\t\t\t\t\t<a class=\"elementor-accordion-title\" tabindex=\"0\">Sa shpesh duhet t\u00eb z\u00ebvend\u00ebsohen produktet n\u00eb gam\u00ebn e ushqimit MAM?<\/a>\n\t\t\t\t\t<\/div>\n\t\t\t\t\t<div id=\"elementor-tab-content-1125\" class=\"elementor-tab-content elementor-clearfix\" data-tab=\"5\" role=\"region\" aria-labelledby=\"elementor-tab-title-1125\"><p><span>Gama e ushqimit MAM \u00ebsht\u00eb b\u00ebr\u00eb nga\u00a0<\/span><strong><span>materiale me cil\u00ebsi t\u00eb lart\u00eb dhe t\u00eb q\u00ebndrueshme<\/span><\/strong><span>\u00a0. Megjithat\u00eb, p\u00ebrpara p\u00ebrdorimit t\u00eb produkteve, ato duhet t\u00eb ekzaminohen p\u00ebr ndonj\u00eb shenj\u00eb konsumimi dhe t\u00eb z\u00ebvend\u00ebsohen n\u00ebse \u00ebsht\u00eb e nevojshme \u2013 p\u00ebr sigurin\u00eb e foshnj\u00ebs.<\/span><\/p><\/div>\n\t\t\t\t<\/div>\n\t\t\t\t\t\t\t<div class=\"elementor-accordion-item\">\n\t\t\t\t\t<div id=\"elementor-tab-title-1126\" class=\"elementor-tab-title\" data-tab=\"6\" role=\"button\" aria-controls=\"elementor-tab-content-1126\" aria-expanded=\"false\">\n\t\t\t\t\t\t\t\t\t\t\t\t\t<span class=\"elementor-accordion-icon elementor-accordion-icon-right\" aria-hidden=\"true\">\n\t\t\t\t\t\t\t\t\t\t\t\t\t\t\t<span class=\"elementor-accordion-icon-closed\"><svg class=\"e-font-icon-svg e-fas-plus\" viewBox=\"0 0 448 512\" xmlns=\"http:\/\/www.w3.org\/2000\/svg\"><path d=\"M416 208H272V64c0-17.67-14.33-32-32-32h-32c-17.67 0-32 14.33-32 32v144H32c-17.67 0-32 14.33-32 32v32c0 17.67 14.33 32 32 32h144v144c0 17.67 14.33 32 32 32h32c17.67 0 32-14.33 32-32V304h144c17.67 0 32-14.33 32-32v-32c0-17.67-14.33-32-32-32z\"><\/path><\/svg><\/span>\n\t\t\t\t\t\t\t\t<span class=\"elementor-accordion-icon-opened\"><svg class=\"e-font-icon-svg e-fas-minus\" viewBox=\"0 0 448 512\" xmlns=\"http:\/\/www.w3.org\/2000\/svg\"><path d=\"M416 208H32c-17.67 0-32 14.33-32 32v32c0 17.67 14.33 32 32 32h384c17.67 0 32-14.33 32-32v-32c0-17.67-14.33-32-32-32z\"><\/path><\/svg><\/span>\n\t\t\t\t\t\t\t\t\t\t\t\t\t\t<\/span>\n\t\t\t\t\t\t\t\t\t\t\t\t<a class=\"elementor-accordion-title\" tabindex=\"0\">Cilat produkte nga sfera e ushqimit MAM mund t\u00eb sterilizohen?<\/a>\n\t\t\t\t\t<\/div>\n\t\t\t\t\t<div id=\"elementor-tab-content-1126\" class=\"elementor-tab-content elementor-clearfix\" data-tab=\"6\" role=\"region\" aria-labelledby=\"elementor-tab-title-1126\"><p><strong><span>T\u00eb gjitha produktet n\u00eb gam\u00ebn e ushqimit MAM<\/span><\/strong><span>\u00a0mund t\u00eb sterilizohen vet\u00ebm\u00a0<\/span><strong><span>duke p\u00ebrdorur metod\u00ebn e ujit t\u00eb ftoht\u00eb<\/span><\/strong><span>\u00a0dhe\u00a0<\/span><strong><span>jo me uj\u00eb t\u00eb val\u00eb ose me avull t\u00eb nxeht\u00eb<\/span><\/strong><span>\u00a0.<\/span><\/p><\/div>\n\t\t\t\t<\/div>\n\t\t\t\t\t\t\t\t\t\t<script type=\"application\/ld+json\">{\"@context\":\"https:\\\/\\\/schema.org\",\"@type\":\"FAQPage\",\"mainEntity\":[{\"@type\":\"Question\",\"name\":\"Kur duhet t\\u00eb filloni t\\u00eb ushqeni me ushqim t\\u00eb fort\\u00eb?\",\"acceptedAnswer\":{\"@type\":\"Answer\",\"text\":\"<p><strong><span>Nga mosha rreth 6 muajsh<\\\/span><\\\/strong><span>\\u00a0\\u00ebsht\\u00eb koha p\\u00ebr t\\u00eb b\\u00ebr\\u00eb kalimin e but\\u00eb nga &#8216;vet\\u00ebm mami&#8217; n\\u00eb m\\u00eb shum\\u00eb. F\\u00ebmij\\u00ebt zakonisht tregojn\\u00eb veten kur jan\\u00eb gati p\\u00ebr ushqim t\\u00eb fort\\u00eb. Ushqimi p\\u00ebshtyhet m\\u00eb rrall\\u00eb, ata jan\\u00eb n\\u00eb gjendje t\\u00eb mbajn\\u00eb kok\\u00ebn lart dhe t\\u00eb ulen mjaft mir\\u00eb vet\\u00eb dhe niveli i interesit t\\u00eb tyre p\\u00ebr at\\u00eb q\\u00eb han\\u00eb t\\u00eb rriturit rritet. Tani mund t\\u00eb b\\u00ebhen p\\u00ebrpjekjet e para p\\u00ebr t\\u00eb dh\\u00ebn\\u00eb ushqim t\\u00eb ngurt\\u00eb p\\u00ebrve\\u00e7 ushqyerjes me gji ose me shishe.<\\\/span><\\\/p>\"}},{\"@type\":\"Question\",\"name\":\"A p\\u00ebrmbajn\\u00eb produktet MAM plastifikues?\",\"acceptedAnswer\":{\"@type\":\"Answer\",\"text\":\"<p><strong><span>Jo<\\\/span><\\\/strong><span>\\u00a0. Produktet MAM nuk p\\u00ebrmbajn\\u00eb plastifikues.<\\\/span><br \\\/><br \\\/><span>MAM p\\u00ebrdor vet\\u00ebm materiale q\\u00eb plot\\u00ebsojn\\u00eb k\\u00ebrkesat dhe standardet m\\u00eb t\\u00eb larta t\\u00eb siguris\\u00eb. Kjo do t\\u00eb thot\\u00eb q\\u00eb produktet MAM garantojn\\u00eb q\\u00eb foshnjat t\\u00eb g\\u00ebzojn\\u00eb fillimin m\\u00eb t\\u00eb mir\\u00eb n\\u00eb jet\\u00eb.<\\\/span><\\\/p>\"}},{\"@type\":\"Question\",\"name\":\"A jan\\u00eb t\\u00eb gjitha produktet n\\u00eb gam\\u00ebn e ushqimit MAM t\\u00eb pap\\u00ebrshkuesh\\u00ebm nga thyerja?\",\"acceptedAnswer\":{\"@type\":\"Answer\",\"text\":\"<p><strong><span>Po, e gjith\\u00eb gama e ushqimit MAM<\\\/span><\\\/strong><span>\\u00a0\\u00ebsht\\u00eb b\\u00ebr\\u00eb nga materiale t\\u00eb pap\\u00ebrshkueshme.<\\\/span><\\\/p>\"}},{\"@type\":\"Question\",\"name\":\"Cilat produkte nga sfera e tak\\u00ebmeve dhe tasave p\\u00ebr ushqim MAM mund t\\u00eb lahen n\\u00eb pjatalar\\u00ebse?\",\"acceptedAnswer\":{\"@type\":\"Answer\",\"text\":\"<p><strong><span>T\\u00eb gjitha produktet e tak\\u00ebmeve dhe tasave ushqimore MAM<\\\/span><\\\/strong><span>\\u00a0mund t\\u00eb pastrohen n\\u00eb pjatalar\\u00ebse.<\\\/span><\\\/p>\"}},{\"@type\":\"Question\",\"name\":\"Sa shpesh duhet t\\u00eb z\\u00ebvend\\u00ebsohen produktet n\\u00eb gam\\u00ebn e ushqimit MAM?\",\"acceptedAnswer\":{\"@type\":\"Answer\",\"text\":\"<p><span>Gama e ushqimit MAM \\u00ebsht\\u00eb b\\u00ebr\\u00eb nga\\u00a0<\\\/span><strong><span>materiale me cil\\u00ebsi t\\u00eb lart\\u00eb dhe t\\u00eb q\\u00ebndrueshme<\\\/span><\\\/strong><span>\\u00a0. Megjithat\\u00eb, p\\u00ebrpara p\\u00ebrdorimit t\\u00eb produkteve, ato duhet t\\u00eb ekzaminohen p\\u00ebr ndonj\\u00eb shenj\\u00eb konsumimi dhe t\\u00eb z\\u00ebvend\\u00ebsohen n\\u00ebse \\u00ebsht\\u00eb e nevojshme \\u2013 p\\u00ebr sigurin\\u00eb e foshnj\\u00ebs.<\\\/span><\\\/p>\"}},{\"@type\":\"Question\",\"name\":\"Cilat produkte nga sfera e ushqimit MAM mund t\\u00eb sterilizohen?\",\"acceptedAnswer\":{\"@type\":\"Answer\",\"text\":\"<p><strong><span>T\\u00eb gjitha produktet n\\u00eb gam\\u00ebn e ushqimit MAM<\\\/span><\\\/strong><span>\\u00a0mund t\\u00eb sterilizohen vet\\u00ebm\\u00a0<\\\/span><strong><span>duke p\\u00ebrdorur metod\\u00ebn e ujit t\\u00eb ftoht\\u00eb<\\\/span><\\\/strong><span>\\u00a0dhe\\u00a0<\\\/span><strong><span>jo me uj\\u00eb t\\u00eb val\\u00eb ose me avull t\\u00eb nxeht\\u00eb<\\\/span><\\\/strong><span>\\u00a0.<\\\/span><\\\/p>\"}}]}<\/script>\n\t\t\t\t\t<\/div>\n\t\t\t\t<\/div>\n\t\t\t\t<\/div>\n\t\t\t\t\t<\/div>\n\t\t<\/div>\n\t\t\t\t\t<\/div>\n\t\t<\/section>\n\t\t\t\t<\/div>\n\t\t","protected":false},"excerpt":{"rendered":"<p>T\u00eb ushqyerit FAQ Kur duhet t\u00eb filloni t\u00eb ushqeni me ushqim t\u00eb fort\u00eb? Nga mosha rreth 6 muajsh\u00a0\u00ebsht\u00eb koha p\u00ebr<\/p>\n","protected":false},"author":1,"featured_media":0,"parent":0,"menu_order":0,"comment_status":"closed","ping_status":"closed","template":"elementor_header_footer","meta":{"footnotes":""},"class_list":["post-16079","page","type-page","status-publish","hentry"],"_links":{"self":[{"href":"https:\/\/mambaby.al\/index.php?rest_route=\/wp\/v2\/pages\/16079","targetHints":{"allow":["GET"]}}],"collection":[{"href":"https:\/\/mambaby.al\/index.php?rest_route=\/wp\/v2\/pages"}],"about":[{"href":"https:\/\/mambaby.al\/index.php?rest_route=\/wp\/v2\/types\/page"}],"author":[{"embeddable":true,"href":"https:\/\/mambaby.al\/index.php?rest_route=\/wp\/v2\/users\/1"}],"replies":[{"embeddable":true,"href":"https:\/\/mambaby.al\/index.php?rest_route=%2Fwp%2Fv2%2Fcomments&post=16079"}],"version-history":[{"count":7,"href":"https:\/\/mambaby.al\/index.php?rest_route=\/wp\/v2\/pages\/16079\/revisions"}],"predecessor-version":[{"id":16087,"href":"https:\/\/mambaby.al\/index.php?rest_route=\/wp\/v2\/pages\/16079\/revisions\/16087"}],"wp:attachment":[{"href":"https:\/\/mambaby.al\/index.php?rest_route=%2Fwp%2Fv2%2Fmedia&parent=16079"}],"curies":[{"name":"wp","href":"https:\/\/api.w.org\/{rel}","templated":true}]}}