{"id":16139,"date":"2024-10-19T20:18:22","date_gmt":"2024-10-19T20:18:22","guid":{"rendered":"https:\/\/mambaby.al\/?post_type=product&#038;p=16139"},"modified":"2024-11-07T23:21:09","modified_gmt":"2024-11-07T23:21:09","slug":"pompe-gjiri-manuale-mam","status":"publish","type":"product","link":"https:\/\/mambaby.al\/?product=pompe-gjiri-manuale-mam","title":{"rendered":"Pomp\u00eb Gjiri Manuale MAM"},"content":{"rendered":"<p>Pompa manuale e gjirit<\/p>\n<p>P\u00ebr nxjerrjen e shpejt\u00eb, t\u00eb qet\u00eb,\u00a0 dhe t\u00eb rehatsh\u00ebm t\u00eb qum\u00ebshtit.<br \/>\nGypi i but\u00eb lejon rehati maksimale.T\u00eb gjitha produktet MAM jan\u00eb b\u00ebr\u00eb nga materiale pa BPA dhe BPS.<\/p>\n<p>P\u00ebr bebet nga 0 muaj<br \/>\nNj\u00eb p\u00ebrzierje e p\u00ebrsosur e funksionit dhe dizajnit.<\/p>\n<p>Pompa manuale e gjirit nga MAM \u00ebsht\u00eb zhvilluar me v\u00ebmendje t\u00eb v\u00ebrtet\u00eb ndaj detajeve dhe mund t\u00eb p\u00ebrshtatet p\u00ebr t\u00eb p\u00ebrmbushur nevojat individuale.<\/p>\n<p>~ Pompimi i leht\u00eb dhe efikas<br \/>\n~ P\u00ebr nxjerrjen e shpejt\u00eb dhe t\u00eb rehatshme t\u00eb qum\u00ebshtit<br \/>\n~ Trajtimi dhe pastrimi i leht\u00eb<br \/>\n~ Ideale p\u00ebr n\u00eb sht\u00ebpi, pun\u00eb dhe n\u00eb ambiente t\u00eb tjera<br \/>\n~ Forma ergonomike dhe pompimi i qet\u00eb<br \/>\n~ Brenda: Easy Start\u2122 shishe (1 x 160ml )<br \/>\n~ 93% jan\u00eb shum\u00eb t\u00eb k\u00ebnaqur ose t\u00eb k\u00ebnaqur me cil\u00ebsin\u00eb e pomp\u00ebs MAM Manual Breast *<br \/>\n~ 86% thon\u00eb se pompa manuale e gjirit MAM \u00ebsht\u00eb &#8220;e leht\u00eb p\u00ebr t&#8217;u p\u00ebrdorur&#8221;*<\/p>\n<p>&nbsp;<\/p>\n<p>Gypi i but\u00eb lejon rehati maksimale<\/p>\n<p><img decoding=\"async\" class=\"alignnone  wp-image-16140\" src=\"http:\/\/mambaby.al\/wp-content\/uploads\/2024\/10\/mam-iconsandawards_soft_funnel-300x300.webp\" alt=\"\" width=\"170\" height=\"170\" srcset=\"https:\/\/mambaby.al\/wp-content\/uploads\/2024\/10\/mam-iconsandawards_soft_funnel-300x300.webp 300w, https:\/\/mambaby.al\/wp-content\/uploads\/2024\/10\/mam-iconsandawards_soft_funnel-150x150.webp 150w, https:\/\/mambaby.al\/wp-content\/uploads\/2024\/10\/mam-iconsandawards_soft_funnel.webp 400w\" sizes=\"(max-width: 170px) 100vw, 170px\" \/><br \/>\nGypi i but\u00eb lejon rehati maksimale T\u00eb gjitha produktet MAM jan\u00eb b\u00ebr\u00eb nga materiale pa BPA dhe BPS<\/p>\n<p><img decoding=\"async\" class=\"alignnone  wp-image-16141\" src=\"http:\/\/mambaby.al\/wp-content\/uploads\/2024\/10\/mam-iconsandawards_BPA-BPS-Free-300x300.webp\" alt=\"\" width=\"170\" height=\"170\" srcset=\"https:\/\/mambaby.al\/wp-content\/uploads\/2024\/10\/mam-iconsandawards_BPA-BPS-Free-300x300.webp 300w, https:\/\/mambaby.al\/wp-content\/uploads\/2024\/10\/mam-iconsandawards_BPA-BPS-Free-150x150.webp 150w, https:\/\/mambaby.al\/wp-content\/uploads\/2024\/10\/mam-iconsandawards_BPA-BPS-Free.webp 400w\" sizes=\"(max-width: 170px) 100vw, 170px\" \/><br \/>\nT\u00eb gjitha produktet MAM jan\u00eb b\u00ebr\u00eb nga materiale pa BPA dhe BPS P\u00ebr bebet nga 0 muaj<\/p>\n<p><img decoding=\"async\" class=\"alignnone  wp-image-16142\" src=\"http:\/\/mambaby.al\/wp-content\/uploads\/2024\/10\/mam-iconsandawards_0plus_m-300x300.webp\" alt=\"\" width=\"176\" height=\"176\" srcset=\"https:\/\/mambaby.al\/wp-content\/uploads\/2024\/10\/mam-iconsandawards_0plus_m-300x300.webp 300w, https:\/\/mambaby.al\/wp-content\/uploads\/2024\/10\/mam-iconsandawards_0plus_m-150x150.webp 150w, https:\/\/mambaby.al\/wp-content\/uploads\/2024\/10\/mam-iconsandawards_0plus_m.webp 400w\" sizes=\"(max-width: 176px) 100vw, 176px\" \/><br \/>\nP\u00ebr bebet nga 0 muaj<\/p>\n<p>Si t\u00eb p\u00ebrdorni pomp\u00ebn manuale t\u00eb gjoksit?<br \/>\nMe vet\u00ebm disa pjes\u00eb, pompa e gjirit mund t\u00eb mblidhet n\u00eb pak koh\u00eb.<\/p>\n<p>Vendosja e sakt\u00eb \u00ebsht\u00eb menj\u00ebher\u00eb e dukshme p\u00ebrmes filxhanit transparent.\u00a0 \u00a0 \u00a0 \u00a0 \u00a0 \u00a0 \u00a0 \u00a0 \u00a0 \u00a0 \u00a0 \u00a0 \u00a0 \u00a0 \u00a0 \u00a0 \u00a0 \u00a0 \u00a0 \u00a0 \u00a0 \u00a0 \u00a0 \u00a0 \u00a0 \u00a0 \u00a0 \u00a0 \u00a0 \u00a0 \u00a0 \u00a0 \u00a0 \u00a0 \u00a0 \u00a0 \u00a0 \u00a0 \u00a0 \u00a0 \u00a0 \u00a0 \u00a0 \u00a0 \u00a0 \u00a0 \u00a0 \u00a0 \u00a0 \u00a0 \u00a0 \u00a0 \u00a0 \u00a0 \u00a0 \u00a0 \u00a0<br \/>\nP\u00ebr rehati shtes\u00eb, mund t\u00eb p\u00ebrdoret kupa e silikonit SkinSoft\u2122 ve\u00e7an\u00ebrisht e but\u00eb.<br \/>\nPompimi i shpejt\u00eb dhe i qet\u00eb fal\u00eb kapjes ergonomike e b\u00ebn p\u00ebrdorimin e pomp\u00ebs ve\u00e7an\u00ebrisht t\u00eb leht\u00eb \u2013 pavar\u00ebsisht n\u00ebse jeni n\u00eb sht\u00ebpi, n\u00eb pun\u00eb apo n\u00eb udh\u00ebtim.<\/p>\n<p>Si t\u00eb sterilizoni pomp\u00ebn manuale t\u00eb gjirit?<br \/>\n\u00c7do pjes\u00eb individuale e pomp\u00ebs s\u00eb gjirit duhet t\u00eb sterilizohet para p\u00ebrdorimit t\u00eb par\u00eb si dhe nj\u00eb her\u00eb n\u00eb dit\u00eb.<\/p>\n<p>Ato mund t\u00eb vendosen n\u00eb nj\u00eb tenxhere me uj\u00eb t\u00eb vluar p\u00ebr t\u00eb pakt\u00ebn pes\u00eb minuta, n\u00eb nj\u00eb sterilizues elektrik ose n\u00eb nj\u00eb sterilizues me avull me mikroval\u00eb, si dhe n\u00eb sterilizimin e l\u00ebngut pa ngrohje.<br \/>\n\u00cbsht\u00eb e r\u00ebnd\u00ebsishme t\u00eb \u00e7montohet pompa e gjirit n\u00eb t\u00eb gjitha pjes\u00ebt e saj individuale para se t\u00eb sterilizohet dhe t\u00eb lejoj\u00eb q\u00eb k\u00ebto t\u00eb ftohen plot\u00ebsisht dhe t\u00eb thahen para p\u00ebrdorimit.<\/p>\n<p>Si t\u00eb pastroni pomp\u00ebn manuale t\u00eb gjirit?<br \/>\nPara se t\u00eb p\u00ebrdorni p\u00ebr her\u00eb t\u00eb par\u00eb Pomp\u00ebn Manuale t\u00eb Gjirit MAM, t\u00eb gjitha pjes\u00ebt q\u00eb do t\u00eb bien n\u00eb kontakt me qum\u00ebshtin e gjirit duhet t\u00eb hiqen, t\u00eb pastrohen dhe sterilizohen.<\/p>\n<p>Pastrimi i pomp\u00ebs s\u00eb gjirit pas pompimit \u00ebsht\u00eb i leht\u00eb dhe pa komplekse fal\u00eb numrit t\u00eb ul\u00ebt t\u00eb pjes\u00ebve.\u00a0 \u00a0 \u00a0 \u00a0 \u00a0 \u00a0 \u00a0 \u00a0 \u00a0 \u00a0 \u00a0 \u00a0 \u00a0 \u00a0 \u00a0 \u00a0 \u00a0 \u00a0 \u00a0 \u00a0 \u00a0 \u00a0 \u00a0 \u00a0 \u00a0 \u00a0 \u00a0 \u00a0<br \/>\n\u00cbsht\u00eb e r\u00ebnd\u00ebsishme q\u00eb s\u00eb pari t\u00eb \u00e7montohet pompa e gjirit n\u00eb t\u00eb gjitha pjes\u00ebt e saj individuale.<br \/>\nMAM rekomandon pastrimin e trupit t\u00eb valvulave dhe membran\u00ebn e valvul\u00ebs me dor\u00eb.<br \/>\nLejoni q\u00eb t\u00eb gjitha pjes\u00ebt t\u00eb thahen plot\u00ebsisht para p\u00ebrdorimit.<\/p>\n","protected":false},"excerpt":{"rendered":"<p>Pompa manuale e gjirit P\u00ebr nxjerrjen e shpejt\u00eb, t\u00eb qet\u00eb,\u00a0 dhe t\u00eb rehatsh\u00ebm t\u00eb qum\u00ebshtit. Gypi i but\u00eb lejon rehati<\/p>\n","protected":false},"featured_media":16143,"comment_status":"open","ping_status":"closed","template":"","meta":[],"product_cat":[84],"product_tag":[],"class_list":{"0":"post-16139","1":"product","2":"type-product","3":"status-publish","4":"has-post-thumbnail","6":"product_cat-ushqyerja-me-gji","8":"first","9":"instock","10":"shipping-taxable","11":"purchasable","12":"product-type-simple"},"_links":{"self":[{"href":"https:\/\/mambaby.al\/index.php?rest_route=\/wp\/v2\/product\/16139","targetHints":{"allow":["GET"]}}],"collection":[{"href":"https:\/\/mambaby.al\/index.php?rest_route=\/wp\/v2\/product"}],"about":[{"href":"https:\/\/mambaby.al\/index.php?rest_route=\/wp\/v2\/types\/product"}],"replies":[{"embeddable":true,"href":"https:\/\/mambaby.al\/index.php?rest_route=%2Fwp%2Fv2%2Fcomments&post=16139"}],"version-history":[{"count":7,"href":"https:\/\/mambaby.al\/index.php?rest_route=\/wp\/v2\/product\/16139\/revisions"}],"predecessor-version":[{"id":16573,"href":"https:\/\/mambaby.al\/index.php?rest_route=\/wp\/v2\/product\/16139\/revisions\/16573"}],"wp:featuredmedia":[{"embeddable":true,"href":"https:\/\/mambaby.al\/index.php?rest_route=\/wp\/v2\/media\/16143"}],"wp:attachment":[{"href":"https:\/\/mambaby.al\/index.php?rest_route=%2Fwp%2Fv2%2Fmedia&parent=16139"}],"wp:term":[{"taxonomy":"product_cat","embeddable":true,"href":"https:\/\/mambaby.al\/index.php?rest_route=%2Fwp%2Fv2%2Fproduct_cat&post=16139"},{"taxonomy":"product_tag","embeddable":true,"href":"https:\/\/mambaby.al\/index.php?rest_route=%2Fwp%2Fv2%2Fproduct_tag&post=16139"}],"curies":[{"name":"wp","href":"https:\/\/api.w.org\/{rel}","templated":true}]}}