{"id":16145,"date":"2024-10-19T21:07:39","date_gmt":"2024-10-19T21:07:39","guid":{"rendered":"https:\/\/mambaby.al\/?post_type=product&#038;p=16145"},"modified":"2024-11-07T23:51:24","modified_gmt":"2024-11-07T23:51:24","slug":"pompe-gjiri-2ne1-mam","status":"publish","type":"product","link":"https:\/\/mambaby.al\/?product=pompe-gjiri-2ne1-mam","title":{"rendered":"Pomp\u00eb Gjiri 2n\u00eb1 MAM"},"content":{"rendered":"<p>Kjo pomp\u00eb gjiri fituese u ofron n\u00ebnave zgjidhjen m\u00eb fleksib\u00ebl p\u00ebr nxjerrjen e qum\u00ebshtit.<\/p>\n<p>Me p\u00ebrfitimet e kombinuara si t\u00eb pompave elektrike ashtu edhe manuale t\u00eb gjirit, mamat mund t&#8217;i ken\u00eb t\u00eb gjitha me MAM Baby 2-in-1 Electric Breast Pump.<\/p>\n<p>Nj\u00eb kalim i leht\u00eb nga manuali n\u00eb elektrik mund t\u00eb b\u00ebhet n\u00eb dy hapa t\u00eb thjesht\u00eb, dhe pompa vjen me nj\u00eb gyp &#8216;one size fits all&#8217;, i projektuar p\u00ebr ta b\u00ebr\u00eb at\u00eb t\u00eb ndihet m\u00eb rehat.<\/p>\n<p>Pompa manuale \u00ebsht\u00eb e leht\u00eb dhe diskrete, me nj\u00eb dorez\u00eb ergonomike e cila siguron pompimin e relaksuar dhe pa mundim.\u00a0 \u00a0 \u00a0 \u00a0 \u00a0 \u00a0 \u00a0 \u00a0 \u00a0 \u00a0 \u00a0 \u00a0 \u00a0<br \/>\nDuke shfaqur teknologjin\u00eb e ekranit me prekje me 9 nivele t\u00eb ndryshme t\u00eb thithjes q\u00eb simulojn\u00eb ndjesin\u00eb e ushqyerjes s\u00eb bebeve, pompa mund t\u00eb p\u00ebrdoret e lidhur brenda ose gjat\u00eb udh\u00ebtimit. Kjo fal\u00eb bateris\u00eb s\u00eb ringarkueshme e cila ka nj\u00eb ngarkes\u00eb deri n\u00eb 5 or\u00eb.<\/p>\n<p>Duke ofruar pajtueshm\u00ebri t\u00eb plot\u00eb me t\u00eb gjith\u00eb gam\u00ebn e shisheve MAM Baby Easy Start dhe Milk Storage Solution, dhe duke lejuar ruajtjen e qum\u00ebshtit t\u00eb gjirit ose p\u00ebrdorimin e menj\u00ebhersh\u00ebm, Pompa Elektrike e Gjirit 2-n\u00eb-1 \u00ebsht\u00eb nj\u00eb zgjedhje e shk\u00eblqyer p\u00ebr n\u00ebnat n\u00eb udh\u00ebtimin e tyre t\u00eb gjidh\u00ebnies.<\/p>\n<p>Karakteristikat e produktit<\/p>\n<p>&#8211; P\u00ebrfitimet e kombinuara si t\u00eb pompave elektrike ashtu edhe manuale t\u00eb gjirit<br \/>\n&#8211; E p\u00ebrputhshme me t\u00eb gjitha madh\u00ebsit\u00eb MAM Baby Easy Start dhe zgjidhja e ruajtjes s\u00eb qum\u00ebshtit<br \/>\n&#8211; Nj\u00eb madh\u00ebsi i p\u00ebrshtatet t\u00eb gjitha gypave<br \/>\n&#8211; Kalimi i leht\u00eb nga manuali n\u00eb elektrik mund t\u00eb b\u00ebhet n\u00eb dy hapa t\u00eb thjesht\u00eb<br \/>\n&#8211; Bateria e ringarkueshme me deri n\u00eb 5 or\u00eb ngarkes\u00eb<\/p>\n<p>&nbsp;<\/p>\n<div>P\u00cbRDORIMI ELEKTRIK<\/div>\n<div><\/div>\n<div>1. Stimulimi dhe m\u00ebnyra e shprehjes imitojn\u00eb sjelljen natyrale thith\u00ebse t\u00eb foshnj\u00ebs.<\/div>\n<div>Forca e vakumit mund t\u00eb rregullohet individualisht me 9 nivele t\u00eb ndryshme p\u00ebr \u00e7do m\u00ebnyr\u00eb.<\/div>\n<div><\/div>\n<div>2. Shfaq modalitetin e zgjedhur dhe forc\u00ebn e vakumit.<br \/>\n3. Gypi i but\u00eb p\u00ebr rehati maksimale.<\/div>\n","protected":false},"excerpt":{"rendered":"<p>Kjo pomp\u00eb gjiri fituese u ofron n\u00ebnave zgjidhjen m\u00eb fleksib\u00ebl p\u00ebr nxjerrjen e qum\u00ebshtit. Me p\u00ebrfitimet e kombinuara si t\u00eb<\/p>\n","protected":false},"featured_media":16146,"comment_status":"open","ping_status":"closed","template":"","meta":[],"product_cat":[84],"product_tag":[],"class_list":{"0":"post-16145","1":"product","2":"type-product","3":"status-publish","4":"has-post-thumbnail","6":"product_cat-ushqyerja-me-gji","8":"first","9":"instock","10":"shipping-taxable","11":"purchasable","12":"product-type-simple"},"_links":{"self":[{"href":"https:\/\/mambaby.al\/index.php?rest_route=\/wp\/v2\/product\/16145","targetHints":{"allow":["GET"]}}],"collection":[{"href":"https:\/\/mambaby.al\/index.php?rest_route=\/wp\/v2\/product"}],"about":[{"href":"https:\/\/mambaby.al\/index.php?rest_route=\/wp\/v2\/types\/product"}],"replies":[{"embeddable":true,"href":"https:\/\/mambaby.al\/index.php?rest_route=%2Fwp%2Fv2%2Fcomments&post=16145"}],"version-history":[{"count":5,"href":"https:\/\/mambaby.al\/index.php?rest_route=\/wp\/v2\/product\/16145\/revisions"}],"predecessor-version":[{"id":16602,"href":"https:\/\/mambaby.al\/index.php?rest_route=\/wp\/v2\/product\/16145\/revisions\/16602"}],"wp:featuredmedia":[{"embeddable":true,"href":"https:\/\/mambaby.al\/index.php?rest_route=\/wp\/v2\/media\/16146"}],"wp:attachment":[{"href":"https:\/\/mambaby.al\/index.php?rest_route=%2Fwp%2Fv2%2Fmedia&parent=16145"}],"wp:term":[{"taxonomy":"product_cat","embeddable":true,"href":"https:\/\/mambaby.al\/index.php?rest_route=%2Fwp%2Fv2%2Fproduct_cat&post=16145"},{"taxonomy":"product_tag","embeddable":true,"href":"https:\/\/mambaby.al\/index.php?rest_route=%2Fwp%2Fv2%2Fproduct_tag&post=16145"}],"curies":[{"name":"wp","href":"https:\/\/api.w.org\/{rel}","templated":true}]}}