{"id":16149,"date":"2024-10-25T19:15:05","date_gmt":"2024-10-25T19:15:05","guid":{"rendered":"https:\/\/mambaby.al\/?post_type=product&#038;p=16149"},"modified":"2026-03-13T11:26:21","modified_gmt":"2026-03-13T11:26:21","slug":"sterilizues-me-avull-me-mikrovale","status":"publish","type":"product","link":"https:\/\/mambaby.al\/?product=sterilizues-me-avull-me-mikrovale","title":{"rendered":"Sterilizues Me Avull Me Mikroval\u00eb"},"content":{"rendered":"<p>Dizajni: Nj\u00eb sterilizues me avull me mikroval\u00eb zakonisht \u00ebsht\u00eb b\u00ebr\u00eb nga plastika pa BPA dhe p\u00ebrb\u00ebhet nga nj\u00eb en\u00eb e madhe me kapak q\u00eb p\u00ebrmban disa compartimente p\u00ebr mbajtjen e sendeve p\u00ebr t&#8217;u sterilizuar.<\/p>\n<p>Disa modele mund t\u00eb p\u00ebrfshijn\u00eb edhe nj\u00eb mbajt\u00ebse t\u00eb l\u00ebvizshme p\u00ebr t\u00eb mbajtur sende m\u00eb t\u00eb vogla.<br \/>\nRezervuari i ujit: Sterilizuesi ka nj\u00eb rezervuar uji n\u00eb pjes\u00ebn e poshtme, t\u00eb cilin e mbushni me nj\u00eb sasi specifike uji sipas udh\u00ebzimeve t\u00eb prodhuesit. Ky uj\u00eb ngrohet n\u00eb mikroval\u00eb p\u00ebr t\u00eb krijuar avull p\u00ebr sterilizim.<br \/>\nPas mbushjes s\u00eb rezervuarit t\u00eb ujit, ju montoni sterilizuesin duke vendosur sendet p\u00ebr t&#8217;u sterilizuar n\u00eb vendet e caktuara. Sigurohuni q\u00eb t\u00eb gjitha sendet t\u00eb \u00e7montohen dhe t\u00eb vendosen me hapje t\u00eb drejtuara posht\u00eb p\u00ebr t\u00eb lejuar avullin t\u00eb arrij\u00eb n\u00eb t\u00eb gjitha sip\u00ebrfaqet.<\/p>\n<p>Mikroval\u00eb: Pasi sterilizuesi t\u00eb ngarkohet me sende dhe t\u00eb montohet, ju mbyllni kapakun n\u00eb m\u00ebnyr\u00eb t\u00eb sigurt\u00eb dhe vendosni sterilizuesin n\u00eb mikroval\u00eb. Ndiqni udh\u00ebzimet e prodhuesit lidhur me nivelin e energjis\u00eb, dhe koh\u00ebzgjatjen e cikleve t\u00eb sterilizimit. Zakonisht, ciklet e sterilizimit zgjasin nga 2 deri n\u00eb 6 minuta, n\u00eb var\u00ebsi t\u00eb watt t\u00eb mikroval\u00ebs suaj.<br \/>\nFtohja: Pasi t\u00eb p\u00ebrfundoj\u00eb cikli i sterilizimit, hiqni me kujdes sterilizuesin nga mikrovala duke p\u00ebrdorur doreza rezistente ndaj nxeht\u00ebsis\u00eb, pasi do t\u00eb jet\u00eb i nxeht\u00eb. L\u00ebreni t\u00eb ftohet p\u00ebr disa minuta para se t\u00eb hapni kapakun p\u00ebr t\u00eb shmangur djegiet me avull.<br \/>\nTharja dhe magazinimi: Pasi artikujt t\u00eb sterilizohen, ato mund t\u00eb lihen t\u00eb thahen n\u00eb aj\u00ebr brenda sterilizuesit ose t\u00eb hiqen dhe t\u00eb thahen me nj\u00eb leck\u00eb t\u00eb past\u00ebr. Pas tharjes, ruajini sendet e sterilizuara n\u00eb nj\u00eb en\u00eb t\u00eb past\u00ebr dhe t\u00eb mbuluar derisa t\u00eb jen\u00eb gati p\u00ebr t&#8217;u p\u00ebrdorur.<\/p>\n<p>P\u00ebr t\u00eb gjitha shishet MAM, \u00e7u\u00e7\u00ebt dhe produktet e tjera t\u00eb bebeve<br \/>\nT\u00eb gjitha produktet MAM jan\u00eb b\u00ebr\u00eb nga materiale pa BPA dhe BPS P\u00ebr foshnjat nga 0 muaj<\/p>\n<ul>\n<li>Sterilizon deri n\u00eb 6 shishe p\u00ebr 4 minuta.<\/li>\n<li>Produktet q\u00ebndrojn\u00eb sterile deri n\u00eb 24 or\u00eb n\u00ebse ruhen n\u00eb sterilizuesin e mbyllur.<\/li>\n<li>Kapacitet i madh n\u00eb 2 nivele.<\/li>\n<li>Me funksion kullues.<\/li>\n<li>P\u00ebrshtatet me shumic\u00ebn e mikrovalave.<\/li>\n<li>Kap\u00ebse p\u00ebr montimin higjienik t\u00eb produkteve t\u00eb p\u00ebrfshira.<\/li>\n<li>Me 1x 160ml shishe Anti-Colic.<\/li>\n<\/ul>\n<p>P\u00ebr sterilizimin me uj\u00eb t\u00eb ftoht\u00eb duke p\u00ebrdorur sterilizuesin MAM Baby Microwave Steam, mund t\u00eb ndiqni k\u00ebto hapa:<\/p>\n<p>P\u00ebrgatitni solucionin: P\u00ebrdorni nj\u00eb solucion sterilizues t\u00eb projektuar posa\u00e7\u00ebrisht p\u00ebr sterilizimin me ujit t\u00eb ftoht\u00eb. Mbushni sterilizuesin ose nj\u00eb en\u00eb t\u00eb p\u00ebrshtatshme me uj\u00eb t\u00eb ftoht\u00eb dhe shtoni sasin\u00eb e rekomanduar t\u00eb solucionit sterilizues.<\/p>\n<p>Zhytni sendet: Vendosni shishet, \u00e7u\u00e7\u00ebt dhe aksesor\u00ebt e tjer\u00eb t\u00eb ushqyerjes n\u00eb uj\u00eb, duke u siguruar q\u00eb ato t\u00eb jen\u00eb plot\u00ebsisht t\u00eb zhytura dhe t\u00eb gjitha flluskat e ajrit t\u00eb hiqen. P\u00ebrdorni raftet ose shportat e siguruara p\u00ebr t&#8217;i mbajtur sendet plot\u00ebsisht t\u00eb zhytura.<\/p>\n<p>Koha e tretjes: Lejoni q\u00eb artikujt t\u00eb treten n\u00eb solucionin sterilizues p\u00ebr sasin\u00eb e rekomanduar t\u00eb koh\u00ebs, zakonisht rreth 15-30 minuta.<\/p>\n<p>Pas tretjes, disa solucione mund t\u00eb k\u00ebrkojn\u00eb shp\u00ebrlarjen e sendeve me uj\u00eb steril ose t\u00eb vluar.<\/p>\n<p>Pasi artikujt t\u00eb sterilizohen, mund t&#8217;i lini t\u00eb thahen n\u00eb nj\u00eb sip\u00ebrfaqe t\u00eb past\u00ebr ose t\u00eb p\u00ebrdorni nj\u00eb leck\u00eb t\u00eb past\u00ebr dhe sterile. Ruajini sendet e sterilizuara n\u00eb nj\u00eb vend t\u00eb past\u00ebr e t\u00eb that\u00eb.<\/p>\n<p>Sterilizimi i ujit t\u00eb ftoht\u00eb \u00ebsht\u00eb nj\u00eb metod\u00eb e volitshme dhe efektive, sidomos kur udh\u00ebtoni ose kur nuk keni qasje n\u00eb mikroval\u00eb.<\/p>\n<p><img fetchpriority=\"high\" decoding=\"async\" class=\"alignnone size-medium wp-image-16150\" src=\"http:\/\/mambaby.al\/wp-content\/uploads\/2024\/10\/sterilizer_en_de_3_400x400-300x300.jpg\" alt=\"\" width=\"300\" height=\"300\" srcset=\"https:\/\/mambaby.al\/wp-content\/uploads\/2024\/10\/sterilizer_en_de_3_400x400-300x300.jpg 300w, https:\/\/mambaby.al\/wp-content\/uploads\/2024\/10\/sterilizer_en_de_3_400x400-150x150.jpg 150w, https:\/\/mambaby.al\/wp-content\/uploads\/2024\/10\/sterilizer_en_de_3_400x400.jpg 400w\" sizes=\"(max-width: 300px) 100vw, 300px\" \/><\/p>\n<p>1. 2 SHPORTA<br \/>\nShportat e dyfishta sigurojn\u00eb vend p\u00ebr deri n\u00eb 6 shishe dhe p\u00ebrb\u00ebr\u00ebs.<\/p>\n<p>2. LID<br \/>\nKapaku e b\u00ebn mbylljen t\u00eb sigurt dhe t\u00eb leht\u00eb. Dizajni novator i kapak\u00ebve mund t\u00eb p\u00ebrdoret edhe si kullues p\u00ebr sendet e sterilizuara.<\/p>\n<p>3. TONGS<br \/>\nKap\u00ebset p\u00ebr montimin higjienik t\u00eb produkteve.<\/p>\n<p>4. BAZA<br \/>\nBaza ka shenj\u00ebn e nivelit t\u00eb ujit p\u00ebr mbushje t\u00eb leht\u00eb dhe matje t\u00eb p\u00ebrshtatshme.<\/p>\n<p>T\u00eb gjitha produktet MAM jan\u00eb b\u00ebr\u00eb nga materiale pa BPA dhe BPS. P\u00ebr bebet nga 0 muaj<\/p>\n<h4 class=\"mam-quality-icon-bar-title\">MAM do t\u00eb thot\u00eb cil\u00ebsi<\/h4>\n<div class=\"product-detail-mam-quality-icon-bar-block\">\n<div class=\"col-6 col-md-3 mam-quality-icon-bar-element\">\n<div class=\"cms-element-mam-quality justify-content-center\">\n<div class=\"cms-moon-label-container\">\n<div class=\"cms-element-image mam-quality-icon-wrapper\"><img decoding=\"async\" class=\"is-cover\" src=\"https:\/\/cdn.mambaby.com\/PFmJRWr0VcUC8qUNDy-8iEsGd4iUiX82nKCr1youd90\/rs%3Afit%3A3000%3A%3A\/gravity%3Asm\/aHR0cHM6Ly93d3cubWFtYmFieS5jb20vbWVkaWEvM2QvNjEvYzAvMTc1NjE5Mzg2NS9WZWN0b3IgKDEyKS5zdmc\" alt=\"\" data-object-fit=\"cover\" \/><\/div>\n<div class=\"cms-moon-label-content-container\">\n<h5 class=\"cms-moon-label-title\">BPA &amp; BPS pa pages\u00eb<\/h5>\n<div class=\"moon-label-description-container\">\n<p>T\u00eb gjitha produktet MAM jan\u00eb b\u00ebr\u00eb nga materiale pa BPA dhe BPS<\/p>\n<\/div>\n<\/div>\n<\/div>\n<\/div>\n<\/div>\n<div class=\"col-6 col-md-3 mam-quality-icon-bar-element\">\n<div class=\"cms-element-mam-quality justify-content-center\">\n<div class=\"cms-moon-label-container\">\n<div class=\"cms-element-image mam-quality-icon-wrapper\"><img decoding=\"async\" class=\"is-cover\" src=\"https:\/\/cdn.mambaby.com\/SAL38AH_EEMzedlpSHugpK_o2ksrqyeXEHXFRlfXRc8\/rs%3Afit%3A3000%3A%3A\/gravity%3Asm\/aHR0cHM6Ly93d3cubWFtYmFieS5jb20vbWVkaWEvZjMvYWYvY2IvMTcwNjc4MTAyNS9tYW0taWNvbnNhbmRhd2FyZHNfMHBsdXNfbS5qcGc\" alt=\"\" width=\"108\" height=\"108\" data-object-fit=\"cover\" \/><\/div>\n<div class=\"cms-moon-label-content-container\">\n<div class=\"moon-label-description-container\">\n<p>P\u00ebr foshnjat nga 0 muaj<\/p>\n<div id=\"faqs-accordion\" class=\"collapse-element\">\n<div class=\"card\">\n<div id=\"faq-collapse-3\" class=\"collapse show\" aria-labelledby=\"faq-heading-3\" data-parent=\"#faqs-accordion\">\n<div class=\"p-3 card-body\">\n<div><\/div>\n<div class=\"h3 product-detail-faq-title\"><strong>Pyetjet m\u00eb t\u00eb shpeshta<\/strong><\/div>\n<div id=\"faqs-accordion\" class=\"collapse-element\">\n<div class=\"card\">\n<div><\/div>\n<div id=\"faq-heading-0\" class=\"card-header\"><a class=\"card-link\" href=\"https:\/\/www.mambaby.com\/p\/microwave-steam-sterilizer\/100004333#\" data-bs-toggle=\"collapse\" data-bs-target=\"#faq-collapse-0\" aria-expanded=\"true\" aria-controls=\"faq-collapse-0\" data-gtm-vis-recent-on-screen37895778_964=\"19381\" data-gtm-vis-first-on-screen37895778_964=\"19381\" data-gtm-vis-total-visible-time37895778_964=\"100\" data-gtm-vis-has-fired37895778_964=\"1\"><strong>Si funksionon sterilizuesi me avull me mikroval\u00eb MAM?<\/strong><\/a><\/div>\n<div id=\"faq-collapse-0\" class=\"collapse show\" aria-labelledby=\"faq-heading-0\" data-parent=\"#faqs-accordion\">\n<div class=\"p-3 card-body\">\n<p>Pajisja e mbyllur me uj\u00eb vendoset n\u00eb mikroval\u00eb. Mikroval\u00ebt lejojn\u00eb ujin t\u00eb avulloj\u00eb. Avulli i nxeht\u00eb sterilizon produktet dhe p\u00ebrb\u00ebr\u00ebsit n\u00eb pajisje.<\/p>\n<\/div>\n<\/div>\n<\/div>\n<div class=\"card\">\n<div id=\"faq-heading-1\" class=\"card-header\"><a class=\"card-link\" href=\"https:\/\/www.mambaby.com\/p\/microwave-steam-sterilizer\/100004333#\" data-bs-toggle=\"collapse\" data-bs-target=\"#faq-collapse-1\" aria-expanded=\"true\" aria-controls=\"faq-collapse-1\" data-gtm-vis-has-fired37895778_964=\"1\"><strong>Sa produkte futen n\u00eb pajisje?<\/strong><\/a><\/div>\n<div id=\"faq-collapse-1\" class=\"collapse show\" aria-labelledby=\"faq-heading-1\" data-parent=\"#faqs-accordion\">\n<div class=\"p-3 card-body\">\n<p>N\u00eb sterilizuesin me avull me mikroval\u00eb MAM, produktet mund t\u00eb rregullohen n\u00eb m\u00ebnyr\u00eb fleksib\u00ebl n\u00eb 2 nivele dhe sterilizuesi mban deri n\u00eb:<\/p>\n<div>\n<ul>\n<li>\u00a06 Shishe MAM Anti Kolika 160ml \/ 5,5 oz ose<\/li>\n<li>\u00a04 shishe MAM Anti Kolika 260ml \/ 9 oz ose<\/li>\n<li>\u00a05 Shishe p\u00ebr f\u00ebmij\u00eb MAM 330ml \/ 11 oz ose<\/li>\n<li>\u00a06 Shishe p\u00ebr f\u00ebmij\u00eb MAM 270ml \/ 9,5 oz p\u00ebrfshir\u00eb produkte shtes\u00eb si biberonat.<\/li>\n<\/ul>\n<\/div>\n<div><\/div>\n<\/div>\n<\/div>\n<\/div>\n<div class=\"card\">\n<div id=\"faq-heading-2\" class=\"card-header\"><a class=\"card-link\" href=\"https:\/\/www.mambaby.com\/p\/microwave-steam-sterilizer\/100004333#\" data-bs-toggle=\"collapse\" data-bs-target=\"#faq-collapse-2\" aria-expanded=\"true\" aria-controls=\"faq-collapse-2\" data-gtm-vis-has-fired37895778_964=\"1\"><strong>\u00c7far\u00eb mikrovale rekomandohet p\u00ebr procesin e sterilizimit?<\/strong><\/a><\/div>\n<div id=\"faq-collapse-2\" class=\"collapse show\" aria-labelledby=\"faq-heading-2\" data-parent=\"#faqs-accordion\">\n<div class=\"p-3 card-body\">\n<p>Sterilizuesi me avull me mikroval\u00eb \u00ebsht\u00eb i p\u00ebrshtatur me pajisjet me mikroval\u00eb t\u00eb disponueshme n\u00eb treg. P\u00ebrshtatet me shumic\u00ebn e mikroval\u00ebve t\u00eb disponueshme. N\u00ebse pajisja nuk p\u00ebrshtatet n\u00eb mikroval\u00eb, ju lutemi kontrolloni q\u00eb kapaku t\u00eb ket\u00eb &#8220;klikuar&#8221; n\u00eb vend si\u00e7 duhet.<\/p>\n<div>\n<ul>\n<li>Diametri: 11 in\u00e7<\/li>\n<li>Lart\u00ebsia: 6,5 in\u00e7<\/li>\n<li>I p\u00ebrshtatsh\u00ebm p\u00ebr \u00e7do fuqi<\/li>\n<\/ul>\n<\/div>\n<\/div>\n<\/div>\n<\/div>\n<div class=\"card\">\n<div id=\"faq-heading-3\" class=\"card-header\"><a class=\"card-link\" href=\"https:\/\/www.mambaby.com\/p\/microwave-steam-sterilizer\/100004333#\" data-bs-toggle=\"collapse\" data-bs-target=\"#faq-collapse-3\" aria-expanded=\"true\" aria-controls=\"faq-collapse-3\" data-gtm-vis-has-fired37895778_964=\"1\"><strong>Sa minuta kam p\u00ebr t\u00eb sterilizuar produktet?<\/strong><\/a><\/div>\n<div id=\"faq-collapse-3\" class=\"collapse show\" aria-labelledby=\"faq-heading-3\" data-parent=\"#faqs-accordion\">\n<div class=\"p-3 card-body\">\n<p>Pajisja \u00ebsht\u00eb e p\u00ebrshtatshme p\u00ebr mikroval\u00eb me fuqi<b>\u00a0500 deri n\u00eb 1850<\/b>. Koha e sterilizimit korrespondon me fuqin\u00eb e mikroval\u00ebs; Respektoni koh\u00ebn e dh\u00ebn\u00eb:<\/p>\n<div>\n<table class=\"contenttable\" width=\"407\">\n<tbody>\n<tr>\n<td>Fuqia<\/td>\n<td>Koha*<\/td>\n<td>Koha e ftohjes<\/td>\n<\/tr>\n<tr>\n<td>650W-1000W<\/td>\n<td>11 min<\/td>\n<td>3 min<\/td>\n<\/tr>\n<tr>\n<td rowspan=\"1\">1050W-1800W<\/td>\n<td rowspan=\"1\">5 min<\/td>\n<td rowspan=\"1\">3 min<\/td>\n<\/tr>\n<tr>\n<td>1850W<\/td>\n<td>5 min<\/td>\n<td>3 min<\/td>\n<\/tr>\n<\/tbody>\n<\/table>\n<\/div>\n<div>*Fuqia maksimale<\/div>\n<\/div>\n<\/div>\n<\/div>\n<\/div>\n<\/div>\n<\/div>\n<\/div>\n<\/div>\n<\/div>\n<\/div>\n<\/div>\n<\/div>\n<\/div>\n<\/div>\n","protected":false},"excerpt":{"rendered":"<p>Dizajni: Nj\u00eb sterilizues me avull me mikroval\u00eb zakonisht \u00ebsht\u00eb b\u00ebr\u00eb nga plastika pa BPA dhe p\u00ebrb\u00ebhet nga nj\u00eb en\u00eb e<\/p>\n","protected":false},"featured_media":16151,"comment_status":"open","ping_status":"closed","template":"","meta":[],"product_cat":[87],"product_tag":[],"class_list":{"0":"post-16149","1":"product","2":"type-product","3":"status-publish","4":"has-post-thumbnail","6":"product_cat-pastrim-sterilizimi","8":"first","9":"instock","10":"shipping-taxable","11":"purchasable","12":"product-type-simple"},"_links":{"self":[{"href":"https:\/\/mambaby.al\/index.php?rest_route=\/wp\/v2\/product\/16149","targetHints":{"allow":["GET"]}}],"collection":[{"href":"https:\/\/mambaby.al\/index.php?rest_route=\/wp\/v2\/product"}],"about":[{"href":"https:\/\/mambaby.al\/index.php?rest_route=\/wp\/v2\/types\/product"}],"replies":[{"embeddable":true,"href":"https:\/\/mambaby.al\/index.php?rest_route=%2Fwp%2Fv2%2Fcomments&post=16149"}],"version-history":[{"count":8,"href":"https:\/\/mambaby.al\/index.php?rest_route=\/wp\/v2\/product\/16149\/revisions"}],"predecessor-version":[{"id":17234,"href":"https:\/\/mambaby.al\/index.php?rest_route=\/wp\/v2\/product\/16149\/revisions\/17234"}],"wp:featuredmedia":[{"embeddable":true,"href":"https:\/\/mambaby.al\/index.php?rest_route=\/wp\/v2\/media\/16151"}],"wp:attachment":[{"href":"https:\/\/mambaby.al\/index.php?rest_route=%2Fwp%2Fv2%2Fmedia&parent=16149"}],"wp:term":[{"taxonomy":"product_cat","embeddable":true,"href":"https:\/\/mambaby.al\/index.php?rest_route=%2Fwp%2Fv2%2Fproduct_cat&post=16149"},{"taxonomy":"product_tag","embeddable":true,"href":"https:\/\/mambaby.al\/index.php?rest_route=%2Fwp%2Fv2%2Fproduct_tag&post=16149"}],"curies":[{"name":"wp","href":"https:\/\/api.w.org\/{rel}","templated":true}]}}