{"id":16153,"date":"2024-10-25T19:33:00","date_gmt":"2024-10-25T19:33:00","guid":{"rendered":"https:\/\/mambaby.al\/?post_type=product&#038;p=16153"},"modified":"2026-03-13T11:44:07","modified_gmt":"2026-03-13T11:44:07","slug":"sterilizues-gri","status":"publish","type":"product","link":"https:\/\/mambaby.al\/?product=sterilizues-gri","title":{"rendered":"Sterilizues Gri"},"content":{"rendered":"<p>Sterilizuesi MAM me ngjyr\u00eb gri kombinon dizajnin trendy, funksional dhe sterilizimin e sigurt. Brend\u00ebsia ve\u00e7an\u00ebrisht e madhe e sterilizuesit MAM mund t\u00eb mbaj\u00eb deri n\u00eb 7 shishe me qaf\u00eb t\u00eb gjer\u00eb ose 9 standarde. Shporta e sip\u00ebrme e ve\u00e7ant\u00eb ofron shum\u00eb hap\u00ebsir\u00eb p\u00ebr aksesor\u00ebt.<\/p>\n<p>N\u00ebse \u00ebsht\u00eb e nevojshme, shporta e sip\u00ebrme mund t\u00eb pastrohet.<\/p>\n<p>Shporta e shisheve ka edhe nj\u00eb dorez\u00eb tep\u00ebr t\u00eb gjat\u00eb , k\u00ebshtu q\u00eb mund t&#8217;i heq\u00ebsh shishet e sterilizuara leht\u00eb dhe higjienikisht.<\/p>\n<p>Pro\u00e7esi \u00ebsht\u00eb i thjesht\u00eb:<\/p>\n<ul>\n<li>Mbushni Sterilizuesin MAM me shishe dhe aksesor\u00eb; Shtoni 130 ml uj\u00eb dhe ndizeni.<\/li>\n<li>Pas procesit t\u00eb sterilizimit, sterilizuesi fiket automatikisht.<\/li>\n<li>Kur pajisja \u00ebsht\u00eb e mbyllur, t\u00eb gjitha pjes\u00ebt mund t\u00eb mbeten sterile deri n\u00eb 3 or\u00eb.<\/li>\n<li>Pajisja vjen me nj\u00eb ventilator kabllor praktik.<\/li>\n<\/ul>\n<p><img fetchpriority=\"high\" decoding=\"async\" class=\"alignnone size-medium wp-image-16155\" src=\"http:\/\/mambaby.al\/wp-content\/uploads\/2024\/10\/550x786-210x300.jpg\" alt=\"\" width=\"210\" height=\"300\" srcset=\"https:\/\/mambaby.al\/wp-content\/uploads\/2024\/10\/550x786-210x300.jpg 210w, https:\/\/mambaby.al\/wp-content\/uploads\/2024\/10\/550x786-430x615.jpg 430w, https:\/\/mambaby.al\/wp-content\/uploads\/2024\/10\/550x786-150x214.jpg 150w, https:\/\/mambaby.al\/wp-content\/uploads\/2024\/10\/550x786.jpg 550w\" sizes=\"(max-width: 210px) 100vw, 210px\" \/><\/p>\n<p>Kapaciteti i shport\u00ebs s\u00eb shisheve: deri n\u00eb 7 shishe me qaf\u00eb t\u00eb gjer\u00eb ose 9 shishe standarde p\u00ebr bebe<br \/>\nT\u00eb dh\u00ebna teknike: Tension ~ 220 &#8211; 240V \/ 50-60 Hz, konsumi i energjis\u00eb: 425 &#8211; 500 Watt<\/p>\n<p>1 shport\u00eb e sip\u00ebrme me kapak t\u00eb ngusht\u00eb mbyll\u00ebs p\u00ebr pajisjet<br \/>\n1 shport\u00eb p\u00ebr shishe<br \/>\n1 sterilizues (nj\u00ebsia e trupit incl. pllaka e ngrohjes, llamba e kontrollit dhe switch on\/off)<br \/>\n1 dorez\u00eb kap\u00ebse<\/p>\n","protected":false},"excerpt":{"rendered":"<p>Sterilizuesi MAM me ngjyr\u00eb gri kombinon dizajnin trendy, funksional dhe sterilizimin e sigurt. Brend\u00ebsia ve\u00e7an\u00ebrisht e madhe e sterilizuesit MAM<\/p>\n","protected":false},"featured_media":16154,"comment_status":"open","ping_status":"closed","template":"","meta":[],"product_cat":[87],"product_tag":[],"class_list":{"0":"post-16153","1":"product","2":"type-product","3":"status-publish","4":"has-post-thumbnail","6":"product_cat-pastrim-sterilizimi","8":"first","9":"instock","10":"shipping-taxable","11":"purchasable","12":"product-type-simple"},"_links":{"self":[{"href":"https:\/\/mambaby.al\/index.php?rest_route=\/wp\/v2\/product\/16153","targetHints":{"allow":["GET"]}}],"collection":[{"href":"https:\/\/mambaby.al\/index.php?rest_route=\/wp\/v2\/product"}],"about":[{"href":"https:\/\/mambaby.al\/index.php?rest_route=\/wp\/v2\/types\/product"}],"replies":[{"embeddable":true,"href":"https:\/\/mambaby.al\/index.php?rest_route=%2Fwp%2Fv2%2Fcomments&post=16153"}],"version-history":[{"count":5,"href":"https:\/\/mambaby.al\/index.php?rest_route=\/wp\/v2\/product\/16153\/revisions"}],"predecessor-version":[{"id":16557,"href":"https:\/\/mambaby.al\/index.php?rest_route=\/wp\/v2\/product\/16153\/revisions\/16557"}],"wp:featuredmedia":[{"embeddable":true,"href":"https:\/\/mambaby.al\/index.php?rest_route=\/wp\/v2\/media\/16154"}],"wp:attachment":[{"href":"https:\/\/mambaby.al\/index.php?rest_route=%2Fwp%2Fv2%2Fmedia&parent=16153"}],"wp:term":[{"taxonomy":"product_cat","embeddable":true,"href":"https:\/\/mambaby.al\/index.php?rest_route=%2Fwp%2Fv2%2Fproduct_cat&post=16153"},{"taxonomy":"product_tag","embeddable":true,"href":"https:\/\/mambaby.al\/index.php?rest_route=%2Fwp%2Fv2%2Fproduct_tag&post=16153"}],"curies":[{"name":"wp","href":"https:\/\/api.w.org\/{rel}","templated":true}]}}