{"id":16157,"date":"2024-10-25T19:54:42","date_gmt":"2024-10-25T19:54:42","guid":{"rendered":"https:\/\/mambaby.al\/?post_type=product&#038;p=16157"},"modified":"2026-03-13T11:56:52","modified_gmt":"2026-03-13T11:56:52","slug":"ngrohesi-i-shisheve-dhe-i-ushqimit-per-bebet","status":"publish","type":"product","link":"https:\/\/mambaby.al\/?product=ngrohesi-i-shisheve-dhe-i-ushqimit-per-bebet","title":{"rendered":"Ngroh\u00ebsi I Shisheve Dhe I Ushqimit P\u00ebr Bebet"},"content":{"rendered":"<p>Ngroh\u00ebsi i shisheve dhe i ushqimit p\u00ebr bebet pa BPA nga Mam \u00ebsht\u00eb ideal p\u00ebr jet\u00ebn dinamike t\u00eb p\u00ebrditshme t\u00eb bebes.<\/p>\n<p>Ngroh me but\u00ebsi ushqimin dhe pijet.<\/p>\n<p>Kontrolli automatik i temperatur\u00ebs dhe mbrojtja e mbinxehjes sigurojn\u00eb q\u00eb ushqimi t\u00eb mos e kaloj\u00eb temperatur\u00ebn e d\u00ebshiruar.<\/p>\n<p>Brend\u00ebsia ve\u00e7an\u00ebrisht e madhe ofron hap\u00ebsir\u00eb p\u00ebr nj\u00eb shishe me qaf\u00eb t\u00eb gjer\u00eb, nj\u00eb shishe standarde p\u00ebr bebe ose nj\u00eb shishe qelqi.<\/p>\n<p>P\u00ebr mbushje dhe heqje t\u00eb leht\u00eb, shporta e shishes dhe qelqit \u00ebsht\u00eb e pajisur me nj\u00eb dorez\u00eb t\u00eb gjat\u00eb dhe buz\u00eb t\u00eb lart\u00eb.<\/p>\n<p>Elementet e gom\u00ebs sigurojn\u00eb stabilitet dhe leht\u00ebsi t\u00eb funksionimit.<\/p>\n<p><img fetchpriority=\"high\" decoding=\"async\" class=\"alignnone size-medium wp-image-16159\" src=\"http:\/\/mambaby.al\/wp-content\/uploads\/2024\/10\/mam-flaschen-und-babykost-waermer-grau-a101924-2-300x300.webp\" alt=\"\" width=\"300\" height=\"300\" srcset=\"https:\/\/mambaby.al\/wp-content\/uploads\/2024\/10\/mam-flaschen-und-babykost-waermer-grau-a101924-2-300x300.webp 300w, https:\/\/mambaby.al\/wp-content\/uploads\/2024\/10\/mam-flaschen-und-babykost-waermer-grau-a101924-2-150x150.webp 150w, https:\/\/mambaby.al\/wp-content\/uploads\/2024\/10\/mam-flaschen-und-babykost-waermer-grau-a101924-2-430x430.webp 430w, https:\/\/mambaby.al\/wp-content\/uploads\/2024\/10\/mam-flaschen-und-babykost-waermer-grau-a101924-2.webp 600w\" sizes=\"(max-width: 300px) 100vw, 300px\" \/> <img decoding=\"async\" class=\"alignnone size-medium wp-image-16160\" src=\"http:\/\/mambaby.al\/wp-content\/uploads\/2024\/10\/mam-flaschen-und-babykost-waermer-grau-a101924-1-300x300.webp\" alt=\"\" width=\"300\" height=\"300\" srcset=\"https:\/\/mambaby.al\/wp-content\/uploads\/2024\/10\/mam-flaschen-und-babykost-waermer-grau-a101924-1-300x300.webp 300w, https:\/\/mambaby.al\/wp-content\/uploads\/2024\/10\/mam-flaschen-und-babykost-waermer-grau-a101924-1-150x150.webp 150w, https:\/\/mambaby.al\/wp-content\/uploads\/2024\/10\/mam-flaschen-und-babykost-waermer-grau-a101924-1-430x430.webp 430w, https:\/\/mambaby.al\/wp-content\/uploads\/2024\/10\/mam-flaschen-und-babykost-waermer-grau-a101924-1.webp 600w\" sizes=\"(max-width: 300px) 100vw, 300px\" \/><\/p>\n<p>Ngroh\u00ebsi i Shisheve dhe Ushqimit nuk z\u00eb asnj\u00eb hap\u00ebsir\u00eb t\u00eb panevojshme n\u00eb kuzhin\u00ebn tuaj.<\/p>\n<p>Dimensionet: 140 x 150 x 140 mm; Diamet\u00ebr i brendsh\u00ebm 85 mm; Diametri i shport\u00ebs 80 mm.<\/p>\n<p>MAM Bottle and Baby Food Warmer \u00ebsht\u00eb n\u00eb p\u00ebrputhje me ROHS, i lir\u00eb nga Bisphenol A (pa BPA).<\/p>\n<p>&nbsp;<\/p>\n","protected":false},"excerpt":{"rendered":"<p>Ngroh\u00ebsi i shisheve dhe i ushqimit p\u00ebr bebet pa BPA nga Mam \u00ebsht\u00eb ideal p\u00ebr jet\u00ebn dinamike t\u00eb p\u00ebrditshme t\u00eb<\/p>\n","protected":false},"featured_media":16158,"comment_status":"open","ping_status":"closed","template":"","meta":[],"product_cat":[87],"product_tag":[],"class_list":{"0":"post-16157","1":"product","2":"type-product","3":"status-publish","4":"has-post-thumbnail","6":"product_cat-pastrim-sterilizimi","8":"first","9":"instock","10":"shipping-taxable","11":"purchasable","12":"product-type-simple"},"_links":{"self":[{"href":"https:\/\/mambaby.al\/index.php?rest_route=\/wp\/v2\/product\/16157","targetHints":{"allow":["GET"]}}],"collection":[{"href":"https:\/\/mambaby.al\/index.php?rest_route=\/wp\/v2\/product"}],"about":[{"href":"https:\/\/mambaby.al\/index.php?rest_route=\/wp\/v2\/types\/product"}],"replies":[{"embeddable":true,"href":"https:\/\/mambaby.al\/index.php?rest_route=%2Fwp%2Fv2%2Fcomments&post=16157"}],"version-history":[{"count":2,"href":"https:\/\/mambaby.al\/index.php?rest_route=\/wp\/v2\/product\/16157\/revisions"}],"predecessor-version":[{"id":16558,"href":"https:\/\/mambaby.al\/index.php?rest_route=\/wp\/v2\/product\/16157\/revisions\/16558"}],"wp:featuredmedia":[{"embeddable":true,"href":"https:\/\/mambaby.al\/index.php?rest_route=\/wp\/v2\/media\/16158"}],"wp:attachment":[{"href":"https:\/\/mambaby.al\/index.php?rest_route=%2Fwp%2Fv2%2Fmedia&parent=16157"}],"wp:term":[{"taxonomy":"product_cat","embeddable":true,"href":"https:\/\/mambaby.al\/index.php?rest_route=%2Fwp%2Fv2%2Fproduct_cat&post=16157"},{"taxonomy":"product_tag","embeddable":true,"href":"https:\/\/mambaby.al\/index.php?rest_route=%2Fwp%2Fv2%2Fproduct_tag&post=16157"}],"curies":[{"name":"wp","href":"https:\/\/api.w.org\/{rel}","templated":true}]}}