{"id":16162,"date":"2024-10-25T20:09:05","date_gmt":"2024-10-25T20:09:05","guid":{"rendered":"https:\/\/mambaby.al\/?post_type=product&#038;p=16162"},"modified":"2024-11-07T20:04:17","modified_gmt":"2024-11-07T20:04:17","slug":"furce-e-bute-per-shishet-e-bebeve","status":"publish","type":"product","link":"https:\/\/mambaby.al\/?product=furce-e-bute-per-shishet-e-bebeve","title":{"rendered":"Fur\u00e7\u00eb E But\u00eb &#8211; P\u00ebr Shishet E Bebeve"},"content":{"rendered":"<p>Pastron shishet dhe kokat e silikonit pa g\u00ebrvishtje.<br \/>\nT\u00eb gjitha produktet MAM jan\u00eb b\u00ebr\u00eb nga materiale pa BPA dhe BPS P\u00ebr foshnjat nga 0 muaj.<br \/>\nFijet e buta ekstra novator\u00eb p\u00ebrshtaten n\u00eb m\u00ebnyr\u00eb fleksib\u00ebl me forma t\u00eb ndryshme shishesh.<\/p>\n<p><img fetchpriority=\"high\" decoding=\"async\" class=\"alignnone wp-image-16163\" src=\"http:\/\/mambaby.al\/wp-content\/uploads\/2024\/10\/soft_brush_2_2_2_400x400-300x300.jpg\" alt=\"\" width=\"224\" height=\"224\" srcset=\"https:\/\/mambaby.al\/wp-content\/uploads\/2024\/10\/soft_brush_2_2_2_400x400-300x300.jpg 300w, https:\/\/mambaby.al\/wp-content\/uploads\/2024\/10\/soft_brush_2_2_2_400x400-150x150.jpg 150w, https:\/\/mambaby.al\/wp-content\/uploads\/2024\/10\/soft_brush_2_2_2_400x400.jpg 400w\" sizes=\"(max-width: 224px) 100vw, 224px\" \/><\/p>\n<p>1.Fijet e buta<br \/>\nJo-g\u00ebrvishtje &#8211; p\u00ebr pastrimin e duhur, por t\u00eb but\u00eb. Fleksib\u00ebl &#8211; t\u00eb arrij\u00eb \u00e7do zon\u00eb n\u00eb shishe.<\/p>\n<p>2.Doreza ergonomike<br \/>\nP\u00ebr pastrim t\u00eb leht\u00eb dhe t\u00eb volitsh\u00ebm.<\/p>\n<p>3.Fur\u00e7\u00eb p\u00ebr kokat e silikonit<br \/>\nPastron kokat e silikonit leht\u00ebsisht aty ku \u00ebsht\u00eb m\u00eb e v\u00ebshtir\u00eb p\u00ebr t&#8217;u arritur \u2013 nga brenda. Forma \u00ebsht\u00eb e p\u00ebrshtatshme n\u00eb m\u00ebnyr\u00eb ideale p\u00ebr pastrimin e kokave t\u00eb silikonit MAM<\/p>\n","protected":false},"excerpt":{"rendered":"<p>Pastron shishet dhe kokat e silikonit pa g\u00ebrvishtje. T\u00eb gjitha produktet MAM jan\u00eb b\u00ebr\u00eb nga materiale pa BPA dhe BPS<\/p>\n","protected":false},"featured_media":16164,"comment_status":"open","ping_status":"closed","template":"","meta":[],"product_cat":[20,87],"product_tag":[],"class_list":{"0":"post-16162","1":"product","2":"type-product","3":"status-publish","4":"has-post-thumbnail","6":"product_cat-aksesor","7":"product_cat-pastrim-sterilizimi","9":"first","10":"instock","11":"shipping-taxable","12":"purchasable","13":"product-type-simple"},"_links":{"self":[{"href":"https:\/\/mambaby.al\/index.php?rest_route=\/wp\/v2\/product\/16162","targetHints":{"allow":["GET"]}}],"collection":[{"href":"https:\/\/mambaby.al\/index.php?rest_route=\/wp\/v2\/product"}],"about":[{"href":"https:\/\/mambaby.al\/index.php?rest_route=\/wp\/v2\/types\/product"}],"replies":[{"embeddable":true,"href":"https:\/\/mambaby.al\/index.php?rest_route=%2Fwp%2Fv2%2Fcomments&post=16162"}],"version-history":[{"count":2,"href":"https:\/\/mambaby.al\/index.php?rest_route=\/wp\/v2\/product\/16162\/revisions"}],"predecessor-version":[{"id":16562,"href":"https:\/\/mambaby.al\/index.php?rest_route=\/wp\/v2\/product\/16162\/revisions\/16562"}],"wp:featuredmedia":[{"embeddable":true,"href":"https:\/\/mambaby.al\/index.php?rest_route=\/wp\/v2\/media\/16164"}],"wp:attachment":[{"href":"https:\/\/mambaby.al\/index.php?rest_route=%2Fwp%2Fv2%2Fmedia&parent=16162"}],"wp:term":[{"taxonomy":"product_cat","embeddable":true,"href":"https:\/\/mambaby.al\/index.php?rest_route=%2Fwp%2Fv2%2Fproduct_cat&post=16162"},{"taxonomy":"product_tag","embeddable":true,"href":"https:\/\/mambaby.al\/index.php?rest_route=%2Fwp%2Fv2%2Fproduct_tag&post=16162"}],"curies":[{"name":"wp","href":"https:\/\/api.w.org\/{rel}","templated":true}]}}