{"id":16188,"date":"2024-10-29T16:07:47","date_gmt":"2024-10-29T16:07:47","guid":{"rendered":"https:\/\/mambaby.al\/?post_type=product&#038;p=16188"},"modified":"2024-11-14T14:57:02","modified_gmt":"2024-11-14T14:57:02","slug":"teat-size-2-per-shishet-e-bebeve","status":"publish","type":"product","link":"https:\/\/mambaby.al\/?product=teat-size-2-per-shishet-e-bebeve","title":{"rendered":"Teat Size 2 &#8211;  P\u00ebr Shishet E Bebeve"},"content":{"rendered":"<p>Koka e silikonit MAM me sip\u00ebrfaqe silikoni SkinSoft\u2122 e b\u00ebn pirjen p\u00ebr bebet m\u00eb t\u00eb leht\u00eb nga nj\u00eb shishe.<\/p>\n<p>E miratuar p\u00ebr foshnjat: 94% e foshnjave pranojn\u00eb kokat e silikonit MAM me sip\u00ebrfaqe SkinSoft\u2122*<\/p>\n<p>P\u00ebr 2+ muaj<br \/>\nForma unike e shesht\u00eb \u2013 p\u00ebrshtatet gjithmon\u00eb n\u00eb m\u00ebnyr\u00eb t\u00eb p\u00ebrkryer n\u00eb goj\u00ebn e foshnj\u00ebs.<br \/>\nI p\u00ebrshtatsh\u00ebm p\u00ebr t\u00eb gjitha l\u00ebngjet.<\/p>\n<p>*Studimi i tregut 2009-2017, i testuar me 1508 foshnja.<\/p>\n<p><img decoding=\"async\" class=\"alignnone wp-image-16189\" src=\"http:\/\/mambaby.al\/wp-content\/uploads\/2024\/10\/teat_1_2_x_1_400x400-300x300.jpg\" alt=\"\" width=\"200\" height=\"200\" srcset=\"https:\/\/mambaby.al\/wp-content\/uploads\/2024\/10\/teat_1_2_x_1_400x400-300x300.jpg 300w, https:\/\/mambaby.al\/wp-content\/uploads\/2024\/10\/teat_1_2_x_1_400x400-150x150.jpg 150w, https:\/\/mambaby.al\/wp-content\/uploads\/2024\/10\/teat_1_2_x_1_400x400.jpg 400w\" sizes=\"(max-width: 200px) 100vw, 200px\" \/><\/p>\n<p>1. KOK<b>\u00cb<\/b> SILIKONI SKINSOFT TM<br \/>\nPranuar nga 94%* e foshnjave. P\u00ebr nj\u00eb ndjenj\u00eb t\u00eb njohur.<\/p>\n<p>2. FORMA SIMETRIKE<br \/>\nGjithmon\u00eb p\u00ebrshtatet n\u00eb m\u00ebnyr\u00eb t\u00eb p\u00ebrsosur n\u00eb goj\u00ebn e foshnj\u00ebs.<\/p>\n<p>3. VALVULA E AJRIT<br \/>\nLejon rrjedhje edhe t\u00eb pijeve.<\/p>\n<p>Ky produkt plot\u00ebson k\u00ebrkesat e EN 14350:2020.<br \/>\nKoka e silikonit i shishes p\u00ebrshtatet me t\u00eb gjitha shishet MAM.<\/p>\n<p>&nbsp;<\/p>\n<p><img decoding=\"async\" class=\"alignnone wp-image-16180\" src=\"http:\/\/mambaby.al\/wp-content\/uploads\/2024\/10\/MAM_icons_as_online_shop_1000x1000px_94_nipple_acceptance-300x300.webp\" alt=\"\" width=\"100\" height=\"100\" srcset=\"https:\/\/mambaby.al\/wp-content\/uploads\/2024\/10\/MAM_icons_as_online_shop_1000x1000px_94_nipple_acceptance-300x300.webp 300w, https:\/\/mambaby.al\/wp-content\/uploads\/2024\/10\/MAM_icons_as_online_shop_1000x1000px_94_nipple_acceptance-800x800.webp 800w, https:\/\/mambaby.al\/wp-content\/uploads\/2024\/10\/MAM_icons_as_online_shop_1000x1000px_94_nipple_acceptance-150x150.webp 150w, https:\/\/mambaby.al\/wp-content\/uploads\/2024\/10\/MAM_icons_as_online_shop_1000x1000px_94_nipple_acceptance-768x768.webp 768w, https:\/\/mambaby.al\/wp-content\/uploads\/2024\/10\/MAM_icons_as_online_shop_1000x1000px_94_nipple_acceptance-860x860.webp 860w, https:\/\/mambaby.al\/wp-content\/uploads\/2024\/10\/MAM_icons_as_online_shop_1000x1000px_94_nipple_acceptance-430x430.webp 430w, https:\/\/mambaby.al\/wp-content\/uploads\/2024\/10\/MAM_icons_as_online_shop_1000x1000px_94_nipple_acceptance-700x700.webp 700w, https:\/\/mambaby.al\/wp-content\/uploads\/2024\/10\/MAM_icons_as_online_shop_1000x1000px_94_nipple_acceptance.webp 1200w\" sizes=\"(max-width: 100px) 100vw, 100px\" \/>\u00a0<br \/>\n94% pranimi i kokave t\u00eb silikonit: pranohet leht\u00ebsisht nga foshnjat \u2013 p\u00ebr nj\u00eb ndjenj\u00eb t\u00eb njohur<\/p>\n<p><img decoding=\"async\" class=\"alignnone wp-image-16181\" src=\"http:\/\/mambaby.al\/wp-content\/uploads\/2024\/10\/mam-iconsandawards_BPA-BPS-Free-1-300x300.webp\" alt=\"\" width=\"101\" height=\"101\" srcset=\"https:\/\/mambaby.al\/wp-content\/uploads\/2024\/10\/mam-iconsandawards_BPA-BPS-Free-1-300x300.webp 300w, https:\/\/mambaby.al\/wp-content\/uploads\/2024\/10\/mam-iconsandawards_BPA-BPS-Free-1-150x150.webp 150w, https:\/\/mambaby.al\/wp-content\/uploads\/2024\/10\/mam-iconsandawards_BPA-BPS-Free-1.webp 400w\" sizes=\"(max-width: 101px) 100vw, 101px\" \/>\u00a0<br \/>\nT\u00eb gjitha produktet MAM jan\u00eb b\u00ebr\u00eb nga materiale pa BPA dhe BPS<\/p>\n<p><img loading=\"lazy\" decoding=\"async\" class=\"alignnone wp-image-16182\" src=\"http:\/\/mambaby.al\/wp-content\/uploads\/2024\/10\/mam-iconsandawards_skin_soft_silicone-300x300.webp\" alt=\"\" width=\"100\" height=\"100\" srcset=\"https:\/\/mambaby.al\/wp-content\/uploads\/2024\/10\/mam-iconsandawards_skin_soft_silicone-300x300.webp 300w, https:\/\/mambaby.al\/wp-content\/uploads\/2024\/10\/mam-iconsandawards_skin_soft_silicone-150x150.webp 150w, https:\/\/mambaby.al\/wp-content\/uploads\/2024\/10\/mam-iconsandawards_skin_soft_silicone.webp 400w\" sizes=\"(max-width: 100px) 100vw, 100px\" \/>\u00a0<br \/>\nMAM SkinSoft\u2122 Silicone: pranohet leht\u00eb nga foshnjat &#8211; p\u00ebr nj\u00eb ndjenj\u00eb t\u00eb njohur<\/p>\n<p><img loading=\"lazy\" decoding=\"async\" class=\"alignnone  wp-image-16199\" src=\"http:\/\/mambaby.al\/wp-content\/uploads\/2024\/10\/mam-iconsandawards_2plus_m-300x300.webp\" alt=\"\" width=\"100\" height=\"100\" srcset=\"https:\/\/mambaby.al\/wp-content\/uploads\/2024\/10\/mam-iconsandawards_2plus_m-300x300.webp 300w, https:\/\/mambaby.al\/wp-content\/uploads\/2024\/10\/mam-iconsandawards_2plus_m-150x150.webp 150w, https:\/\/mambaby.al\/wp-content\/uploads\/2024\/10\/mam-iconsandawards_2plus_m.webp 400w\" sizes=\"(max-width: 100px) 100vw, 100px\" \/>\u00a0<br \/>\nP\u00ebr bebet nga 2 muaj<\/p>\n<p><img loading=\"lazy\" decoding=\"async\" class=\"alignnone  wp-image-16200\" src=\"http:\/\/mambaby.al\/wp-content\/uploads\/2024\/10\/mam-iconsandawards_teat_2-300x300.webp\" alt=\"\" width=\"100\" height=\"100\" srcset=\"https:\/\/mambaby.al\/wp-content\/uploads\/2024\/10\/mam-iconsandawards_teat_2-300x300.webp 300w, https:\/\/mambaby.al\/wp-content\/uploads\/2024\/10\/mam-iconsandawards_teat_2-150x150.webp 150w, https:\/\/mambaby.al\/wp-content\/uploads\/2024\/10\/mam-iconsandawards_teat_2.webp 400w\" sizes=\"(max-width: 100px) 100vw, 100px\" \/>\u00a0<br \/>\nShkalla e rrjedhjes 2: perfekte p\u00ebr qum\u00ebshtin e gjirit dhe formul\u00ebn<\/p>\n","protected":false},"excerpt":{"rendered":"<p>Koka e silikonit MAM me sip\u00ebrfaqe silikoni SkinSoft\u2122 e b\u00ebn pirjen p\u00ebr bebet m\u00eb t\u00eb leht\u00eb nga nj\u00eb shishe. E<\/p>\n","protected":false},"featured_media":16190,"comment_status":"open","ping_status":"closed","template":"","meta":[],"product_cat":[83],"product_tag":[],"class_list":{"0":"post-16188","1":"product","2":"type-product","3":"status-publish","4":"has-post-thumbnail","6":"product_cat-biberon","8":"first","9":"instock","10":"shipping-taxable","11":"purchasable","12":"product-type-simple"},"_links":{"self":[{"href":"https:\/\/mambaby.al\/index.php?rest_route=\/wp\/v2\/product\/16188","targetHints":{"allow":["GET"]}}],"collection":[{"href":"https:\/\/mambaby.al\/index.php?rest_route=\/wp\/v2\/product"}],"about":[{"href":"https:\/\/mambaby.al\/index.php?rest_route=\/wp\/v2\/types\/product"}],"replies":[{"embeddable":true,"href":"https:\/\/mambaby.al\/index.php?rest_route=%2Fwp%2Fv2%2Fcomments&post=16188"}],"version-history":[{"count":4,"href":"https:\/\/mambaby.al\/index.php?rest_route=\/wp\/v2\/product\/16188\/revisions"}],"predecessor-version":[{"id":16604,"href":"https:\/\/mambaby.al\/index.php?rest_route=\/wp\/v2\/product\/16188\/revisions\/16604"}],"wp:featuredmedia":[{"embeddable":true,"href":"https:\/\/mambaby.al\/index.php?rest_route=\/wp\/v2\/media\/16190"}],"wp:attachment":[{"href":"https:\/\/mambaby.al\/index.php?rest_route=%2Fwp%2Fv2%2Fmedia&parent=16188"}],"wp:term":[{"taxonomy":"product_cat","embeddable":true,"href":"https:\/\/mambaby.al\/index.php?rest_route=%2Fwp%2Fv2%2Fproduct_cat&post=16188"},{"taxonomy":"product_tag","embeddable":true,"href":"https:\/\/mambaby.al\/index.php?rest_route=%2Fwp%2Fv2%2Fproduct_tag&post=16188"}],"curies":[{"name":"wp","href":"https:\/\/api.w.org\/{rel}","templated":true}]}}