{"id":16216,"date":"2024-10-29T16:44:10","date_gmt":"2024-10-29T16:44:10","guid":{"rendered":"https:\/\/mambaby.al\/?post_type=product&#038;p=16216"},"modified":"2025-10-22T19:07:29","modified_gmt":"2025-10-22T19:07:29","slug":"pod-cante-per-cuc","status":"publish","type":"product","link":"https:\/\/mambaby.al\/?product=pod-cante-per-cuc","title":{"rendered":"Pod &#8211; \u00c7ant\u00eb P\u00ebr \u00c7u\u00e7"},"content":{"rendered":"<p>P\u00ebr dinamik\u00ebn e jet\u00ebs s\u00eb p\u00ebrditshme t\u00eb bebes<\/p>\n<p>Krijuar nga dizajner\u00ebt MAM<br \/>\nE leht\u00eb p\u00ebr t&#8217;u p\u00ebrdorur fal\u00eb dizajnit t\u00eb zgjuar<br \/>\nNgjyrat dhe motivet moderne<br \/>\nP\u00ebrshtatet me t\u00eb gjith\u00eb \u00e7u\u00e7\u00ebt MAM<br \/>\nP\u00ebr t\u00eb gjitha moshat<\/p>\n<p>&nbsp;<\/p>\n<p><img decoding=\"async\" class=\"alignnone wp-image-16181\" src=\"http:\/\/mambaby.al\/wp-content\/uploads\/2024\/10\/mam-iconsandawards_BPA-BPS-Free-1-300x300.webp\" alt=\"\" width=\"101\" height=\"101\" srcset=\"https:\/\/mambaby.al\/wp-content\/uploads\/2024\/10\/mam-iconsandawards_BPA-BPS-Free-1-300x300.webp 300w, https:\/\/mambaby.al\/wp-content\/uploads\/2024\/10\/mam-iconsandawards_BPA-BPS-Free-1-150x150.webp 150w, https:\/\/mambaby.al\/wp-content\/uploads\/2024\/10\/mam-iconsandawards_BPA-BPS-Free-1.webp 400w\" sizes=\"(max-width: 101px) 100vw, 101px\" \/>\u00a0T\u00eb gjitha produktet MAM jan\u00eb b\u00ebr\u00eb nga materiale pa BPA dhe BPS<\/p>\n<p>&nbsp;<\/p>\n<p><img decoding=\"async\" class=\"alignnone wp-image-16183\" src=\"http:\/\/mambaby.al\/wp-content\/uploads\/2024\/10\/mam-iconsandawards_0plus_m-1-300x300.webp\" alt=\"\" width=\"100\" height=\"100\" srcset=\"https:\/\/mambaby.al\/wp-content\/uploads\/2024\/10\/mam-iconsandawards_0plus_m-1-300x300.webp 300w, https:\/\/mambaby.al\/wp-content\/uploads\/2024\/10\/mam-iconsandawards_0plus_m-1-150x150.webp 150w, https:\/\/mambaby.al\/wp-content\/uploads\/2024\/10\/mam-iconsandawards_0plus_m-1.webp 400w\" sizes=\"(max-width: 100px) 100vw, 100px\" \/>\u00a0P\u00ebr bebet nga 0 muaj<\/p>\n","protected":false},"excerpt":{"rendered":"<p>P\u00ebr dinamik\u00ebn e jet\u00ebs s\u00eb p\u00ebrditshme t\u00eb bebes Krijuar nga dizajner\u00ebt MAM E leht\u00eb p\u00ebr t&#8217;u p\u00ebrdorur fal\u00eb dizajnit t\u00eb<\/p>\n","protected":false},"featured_media":16218,"comment_status":"open","ping_status":"closed","template":"","meta":[],"product_cat":[20,82],"product_tag":[],"class_list":{"0":"post-16216","1":"product","2":"type-product","3":"status-publish","4":"has-post-thumbnail","6":"product_cat-aksesor","7":"product_cat-cuc","9":"first","10":"outofstock","11":"shipping-taxable","12":"purchasable","13":"product-type-simple"},"_links":{"self":[{"href":"https:\/\/mambaby.al\/index.php?rest_route=\/wp\/v2\/product\/16216","targetHints":{"allow":["GET"]}}],"collection":[{"href":"https:\/\/mambaby.al\/index.php?rest_route=\/wp\/v2\/product"}],"about":[{"href":"https:\/\/mambaby.al\/index.php?rest_route=\/wp\/v2\/types\/product"}],"replies":[{"embeddable":true,"href":"https:\/\/mambaby.al\/index.php?rest_route=%2Fwp%2Fv2%2Fcomments&post=16216"}],"version-history":[{"count":1,"href":"https:\/\/mambaby.al\/index.php?rest_route=\/wp\/v2\/product\/16216\/revisions"}],"predecessor-version":[{"id":16221,"href":"https:\/\/mambaby.al\/index.php?rest_route=\/wp\/v2\/product\/16216\/revisions\/16221"}],"wp:featuredmedia":[{"embeddable":true,"href":"https:\/\/mambaby.al\/index.php?rest_route=\/wp\/v2\/media\/16218"}],"wp:attachment":[{"href":"https:\/\/mambaby.al\/index.php?rest_route=%2Fwp%2Fv2%2Fmedia&parent=16216"}],"wp:term":[{"taxonomy":"product_cat","embeddable":true,"href":"https:\/\/mambaby.al\/index.php?rest_route=%2Fwp%2Fv2%2Fproduct_cat&post=16216"},{"taxonomy":"product_tag","embeddable":true,"href":"https:\/\/mambaby.al\/index.php?rest_route=%2Fwp%2Fv2%2Fproduct_tag&post=16216"}],"curies":[{"name":"wp","href":"https:\/\/api.w.org\/{rel}","templated":true}]}}