{"id":16222,"date":"2024-10-29T16:58:26","date_gmt":"2024-10-29T16:58:26","guid":{"rendered":"https:\/\/mambaby.al\/?post_type=product&#038;p=16222"},"modified":"2025-10-22T19:07:22","modified_gmt":"2025-10-22T19:07:22","slug":"kuti-per-qumeshtin-pluhur","status":"publish","type":"product","link":"https:\/\/mambaby.al\/?product=kuti-per-qumeshtin-pluhur","title":{"rendered":"Kuti P\u00ebr Qum\u00ebshtin Pluhur"},"content":{"rendered":"<p>Kutia e qum\u00ebshtit pluhur \u00ebsht\u00eb ve\u00e7an\u00ebrisht e leht\u00eb dhe mban deri n\u00eb tre sasi t\u00eb qum\u00ebshtit pluhur ose formul\u00ebs. Fal\u00eb form\u00ebs trek\u00ebndore qum\u00ebshtit pluhur ose formula mund t\u00eb mbushet leht\u00ebsisht n\u00eb shishe pa l\u00ebn\u00eb pas asnj\u00eb mbetje. Perfekte p\u00ebr prind\u00ebrit aktiv\u00eb dhe ideale p\u00ebr t\u00eb vazhduar:<\/p>\n<p>Form\u00eb trek\u00ebndore p\u00ebr mbushjen e leht\u00eb t\u00eb shisheve<br \/>\n3 ndarje p\u00ebr pjes\u00eb ekstra t\u00eb m\u00ebdha<br \/>\nKapak\u00eb mbulues pa derdhje p\u00ebr hapje t\u00eb leht\u00eb, mbushje dhe mbyllje<br \/>\nVolumi p\u00ebr pjes\u00eb: deri n\u00eb 40g<br \/>\nSterilizues dhe i sigurt p\u00ebr larjen n\u00eb pjatalar\u00ebse<br \/>\nGjithashtu i p\u00ebrshtatsh\u00ebm p\u00ebr ruajtjen e snacks, pacifiers dhe \u00e7aj shishe<\/p>\n<p><img decoding=\"async\" class=\"alignnone wp-image-16223\" src=\"http:\/\/mambaby.al\/wp-content\/uploads\/2024\/10\/milk-powder-box-detail-in-use_5_1_400x400-160x300.jpg\" alt=\"\" width=\"128\" height=\"240\" srcset=\"https:\/\/mambaby.al\/wp-content\/uploads\/2024\/10\/milk-powder-box-detail-in-use_5_1_400x400-160x300.jpg 160w, https:\/\/mambaby.al\/wp-content\/uploads\/2024\/10\/milk-powder-box-detail-in-use_5_1_400x400-150x282.jpg 150w, https:\/\/mambaby.al\/wp-content\/uploads\/2024\/10\/milk-powder-box-detail-in-use_5_1_400x400.jpg 213w\" sizes=\"(max-width: 128px) 100vw, 128px\" \/><\/p>\n<p>1. KAPAK MBULUES<br \/>\nLejoni mbushjen e leht\u00eb. E leht\u00eb p\u00ebr t&#8217;u hapur, mbushur dhe mbyllur. Ideale p\u00ebr p\u00ebrdorim n\u00eb sht\u00ebpi dhe n\u00eb udh\u00ebtim.<\/p>\n<p>2. FORMA TREK\u00cbNDORE<br \/>\nHapje t\u00eb m\u00ebdha k\u00ebndi, formula mund t\u00eb zbrazet leht\u00eb dhe plot\u00ebsisht. 3 compartimente p\u00ebr 3 pjes\u00eb ekstra t\u00eb m\u00ebdha.<\/p>\n<p>3. MAM DESIGN<br \/>\nForm\u00eb e shesht\u00eb e p\u00ebrshtatshme &#8211; p\u00ebrshtatet n\u00eb \u00e7ant\u00ebn e nd\u00ebrrimit. Ideale p\u00ebr p\u00ebrdorim n\u00eb sht\u00ebpi dhe n\u00eb udh\u00ebtim.<\/p>\n<p>&nbsp;<\/p>\n<p><img decoding=\"async\" class=\"alignnone wp-image-16181\" src=\"http:\/\/mambaby.al\/wp-content\/uploads\/2024\/10\/mam-iconsandawards_BPA-BPS-Free-1-300x300.webp\" alt=\"\" width=\"101\" height=\"101\" srcset=\"https:\/\/mambaby.al\/wp-content\/uploads\/2024\/10\/mam-iconsandawards_BPA-BPS-Free-1-300x300.webp 300w, https:\/\/mambaby.al\/wp-content\/uploads\/2024\/10\/mam-iconsandawards_BPA-BPS-Free-1-150x150.webp 150w, https:\/\/mambaby.al\/wp-content\/uploads\/2024\/10\/mam-iconsandawards_BPA-BPS-Free-1.webp 400w\" sizes=\"(max-width: 101px) 100vw, 101px\" \/>\u00a0T\u00eb gjitha produktet MAM jan\u00eb b\u00ebr\u00eb nga materiale pa BPA dhe BPS<\/p>\n<p>&nbsp;<\/p>\n<p><img decoding=\"async\" class=\"alignnone wp-image-16183\" src=\"http:\/\/mambaby.al\/wp-content\/uploads\/2024\/10\/mam-iconsandawards_0plus_m-1-300x300.webp\" alt=\"\" width=\"100\" height=\"100\" srcset=\"https:\/\/mambaby.al\/wp-content\/uploads\/2024\/10\/mam-iconsandawards_0plus_m-1-300x300.webp 300w, https:\/\/mambaby.al\/wp-content\/uploads\/2024\/10\/mam-iconsandawards_0plus_m-1-150x150.webp 150w, https:\/\/mambaby.al\/wp-content\/uploads\/2024\/10\/mam-iconsandawards_0plus_m-1.webp 400w\" sizes=\"(max-width: 100px) 100vw, 100px\" \/>\u00a0P\u00ebr bebet nga 0 muaj<\/p>\n","protected":false},"excerpt":{"rendered":"<p>Kutia e qum\u00ebshtit pluhur \u00ebsht\u00eb ve\u00e7an\u00ebrisht e leht\u00eb dhe mban deri n\u00eb tre sasi t\u00eb qum\u00ebshtit pluhur ose formul\u00ebs. Fal\u00eb<\/p>\n","protected":false},"featured_media":16224,"comment_status":"open","ping_status":"closed","template":"","meta":[],"product_cat":[20,84],"product_tag":[],"class_list":{"0":"post-16222","1":"product","2":"type-product","3":"status-publish","4":"has-post-thumbnail","6":"product_cat-aksesor","7":"product_cat-ushqyerja-me-gji","9":"first","10":"instock","11":"shipping-taxable","12":"purchasable","13":"product-type-simple"},"_links":{"self":[{"href":"https:\/\/mambaby.al\/index.php?rest_route=\/wp\/v2\/product\/16222","targetHints":{"allow":["GET"]}}],"collection":[{"href":"https:\/\/mambaby.al\/index.php?rest_route=\/wp\/v2\/product"}],"about":[{"href":"https:\/\/mambaby.al\/index.php?rest_route=\/wp\/v2\/types\/product"}],"replies":[{"embeddable":true,"href":"https:\/\/mambaby.al\/index.php?rest_route=%2Fwp%2Fv2%2Fcomments&post=16222"}],"version-history":[{"count":3,"href":"https:\/\/mambaby.al\/index.php?rest_route=\/wp\/v2\/product\/16222\/revisions"}],"predecessor-version":[{"id":16961,"href":"https:\/\/mambaby.al\/index.php?rest_route=\/wp\/v2\/product\/16222\/revisions\/16961"}],"wp:featuredmedia":[{"embeddable":true,"href":"https:\/\/mambaby.al\/index.php?rest_route=\/wp\/v2\/media\/16224"}],"wp:attachment":[{"href":"https:\/\/mambaby.al\/index.php?rest_route=%2Fwp%2Fv2%2Fmedia&parent=16222"}],"wp:term":[{"taxonomy":"product_cat","embeddable":true,"href":"https:\/\/mambaby.al\/index.php?rest_route=%2Fwp%2Fv2%2Fproduct_cat&post=16222"},{"taxonomy":"product_tag","embeddable":true,"href":"https:\/\/mambaby.al\/index.php?rest_route=%2Fwp%2Fv2%2Fproduct_tag&post=16222"}],"curies":[{"name":"wp","href":"https:\/\/api.w.org\/{rel}","templated":true}]}}