{"id":16233,"date":"2024-10-29T17:10:46","date_gmt":"2024-10-29T17:10:46","guid":{"rendered":"https:\/\/mambaby.al\/?post_type=product&#038;p=16233"},"modified":"2025-04-22T14:56:31","modified_gmt":"2025-04-22T14:56:31","slug":"luget-e-ushqimit-dhe-mbulesa","status":"publish","type":"product","link":"https:\/\/mambaby.al\/?product=luget-e-ushqimit-dhe-mbulesa","title":{"rendered":"Lug\u00ebt E Ushqimit Dhe Mbulesa"},"content":{"rendered":"<p>2 hapa p\u00ebr t\u00eb ngr\u00ebn\u00eb t\u00eb pavarur<\/p>\n<p>Hapi i par\u00eb:<\/p>\n<p>Lug\u00eb e gjat\u00eb arrin leht\u00ebsisht n\u00eb fund t\u00eb kavanozave m\u00eb t\u00eb thella<br \/>\nPrind\u00ebrit dhe foshnjat mund ta mbajn\u00eb lug\u00ebn s\u00eb bashku<\/p>\n<p>Hapi i dyt\u00eb:<\/p>\n<p>Lug\u00eb e shkurt\u00ebr dhe e gjer\u00eb \u2013 e projektuar p\u00ebr duart e vogla t\u00eb foshnj\u00ebs<br \/>\nIdeale p\u00ebr t&#8217;u mbajtur vet\u00eb<\/p>\n<p><img fetchpriority=\"high\" decoding=\"async\" class=\"alignnone wp-image-16247\" src=\"http:\/\/mambaby.al\/wp-content\/uploads\/2024\/10\/spoons_cover_1__4_400x400-300x300.jpg\" alt=\"\" width=\"260\" height=\"260\" srcset=\"https:\/\/mambaby.al\/wp-content\/uploads\/2024\/10\/spoons_cover_1__4_400x400-300x300.jpg 300w, https:\/\/mambaby.al\/wp-content\/uploads\/2024\/10\/spoons_cover_1__4_400x400-150x150.jpg 150w, https:\/\/mambaby.al\/wp-content\/uploads\/2024\/10\/spoons_cover_1__4_400x400.jpg 400w\" sizes=\"(max-width: 260px) 100vw, 260px\" \/><\/p>\n<p>&nbsp;<\/p>\n<p>&nbsp;<\/p>\n<p>1. K\u00cbSHILLA T\u00cb NDJESHME NDAJ NXEHT\u00cbSIS\u00cb<br \/>\nK\u00ebshilla t\u00eb ndjeshme ndaj nxeht\u00ebsis\u00eb \u2013 ndryshojn\u00eb ngjyr\u00ebn n\u00ebse ushqimi \u00ebsht\u00eb shum\u00eb i nxeht\u00eb<\/p>\n<p>2. INOVACIONI<br \/>\n2 hapa p\u00ebr t\u00eb ngr\u00ebn\u00eb t\u00eb pavarur me nj\u00eb lug\u00eb:<\/p>\n<p>Hapi 1: Lug\u00eb e gjat\u00eb: arrin leht\u00ebsisht n\u00eb fund t\u00eb kavanozave m\u00eb t\u00eb thella; Ju lejon t\u00eb mbani lug\u00ebn s\u00eb bashku.<\/p>\n<p>Hapi 2: Lug\u00eb e shkurt\u00ebr dhe e gjer\u00eb: e projektuar p\u00ebr duart e vogla t\u00eb foshnj\u00ebs \u2013 ideale p\u00ebr t&#8217;u mbajtur vet\u00eb.<\/p>\n<p>3. E LEHT\u00cb P\u00cbR T&#8217;U P\u00cbRDORUR<br \/>\nSip\u00ebrfaqet jo rr\u00ebshqit\u00ebse: t\u00eb sigurta dhe t\u00eb lehta p\u00ebr foshnjat dhe prind\u00ebrit p\u00ebr t&#8217;u mbajtur.<\/p>\n<p>4. INOVACIONI<br \/>\nKompakte dhe hap\u00ebsir\u00eb shp\u00ebtuese! Dy compartimente mbajn\u00eb t\u00eb past\u00ebr lug\u00ebt e p\u00ebrdorura t\u00eb ndara n\u00eb m\u00ebnyr\u00eb higjienike.<\/p>\n<p><img decoding=\"async\" class=\"alignnone wp-image-16181\" src=\"http:\/\/mambaby.al\/wp-content\/uploads\/2024\/10\/mam-iconsandawards_BPA-BPS-Free-1-300x300.webp\" alt=\"\" width=\"101\" height=\"101\" srcset=\"https:\/\/mambaby.al\/wp-content\/uploads\/2024\/10\/mam-iconsandawards_BPA-BPS-Free-1-300x300.webp 300w, https:\/\/mambaby.al\/wp-content\/uploads\/2024\/10\/mam-iconsandawards_BPA-BPS-Free-1-150x150.webp 150w, https:\/\/mambaby.al\/wp-content\/uploads\/2024\/10\/mam-iconsandawards_BPA-BPS-Free-1.webp 400w\" sizes=\"(max-width: 101px) 100vw, 101px\" \/><br \/>\nT\u00eb gjitha produktet MAM jan\u00eb b\u00ebr\u00eb nga materiale pa BPA dhe BPS<\/p>\n<p><img decoding=\"async\" class=\"alignnone wp-image-16207\" src=\"http:\/\/mambaby.al\/wp-content\/uploads\/2024\/10\/MAM_icon_6_m-300x300.webp\" alt=\"\" width=\"100\" height=\"100\" srcset=\"https:\/\/mambaby.al\/wp-content\/uploads\/2024\/10\/MAM_icon_6_m-300x300.webp 300w, https:\/\/mambaby.al\/wp-content\/uploads\/2024\/10\/MAM_icon_6_m-800x800.webp 800w, https:\/\/mambaby.al\/wp-content\/uploads\/2024\/10\/MAM_icon_6_m-150x150.webp 150w, https:\/\/mambaby.al\/wp-content\/uploads\/2024\/10\/MAM_icon_6_m-768x768.webp 768w, https:\/\/mambaby.al\/wp-content\/uploads\/2024\/10\/MAM_icon_6_m-860x860.webp 860w, https:\/\/mambaby.al\/wp-content\/uploads\/2024\/10\/MAM_icon_6_m-430x430.webp 430w, https:\/\/mambaby.al\/wp-content\/uploads\/2024\/10\/MAM_icon_6_m-700x700.webp 700w, https:\/\/mambaby.al\/wp-content\/uploads\/2024\/10\/MAM_icon_6_m.webp 1200w\" sizes=\"(max-width: 100px) 100vw, 100px\" \/><br \/>\nP\u00ebr bebet nga 6 muaj<\/p>\n","protected":false},"excerpt":{"rendered":"<p>2 hapa p\u00ebr t\u00eb ngr\u00ebn\u00eb t\u00eb pavarur Hapi i par\u00eb: Lug\u00eb e gjat\u00eb arrin leht\u00ebsisht n\u00eb fund t\u00eb kavanozave m\u00eb<\/p>\n","protected":false},"featured_media":16234,"comment_status":"open","ping_status":"closed","template":"","meta":[],"product_cat":[20,86],"product_tag":[],"class_list":{"0":"post-16233","1":"product","2":"type-product","3":"status-publish","4":"has-post-thumbnail","6":"product_cat-aksesor","7":"product_cat-mesoni-te-pini-dhe-hani","9":"first","10":"instock","11":"shipping-taxable","12":"purchasable","13":"product-type-simple"},"_links":{"self":[{"href":"https:\/\/mambaby.al\/index.php?rest_route=\/wp\/v2\/product\/16233","targetHints":{"allow":["GET"]}}],"collection":[{"href":"https:\/\/mambaby.al\/index.php?rest_route=\/wp\/v2\/product"}],"about":[{"href":"https:\/\/mambaby.al\/index.php?rest_route=\/wp\/v2\/types\/product"}],"replies":[{"embeddable":true,"href":"https:\/\/mambaby.al\/index.php?rest_route=%2Fwp%2Fv2%2Fcomments&post=16233"}],"version-history":[{"count":5,"href":"https:\/\/mambaby.al\/index.php?rest_route=\/wp\/v2\/product\/16233\/revisions"}],"predecessor-version":[{"id":16755,"href":"https:\/\/mambaby.al\/index.php?rest_route=\/wp\/v2\/product\/16233\/revisions\/16755"}],"wp:featuredmedia":[{"embeddable":true,"href":"https:\/\/mambaby.al\/index.php?rest_route=\/wp\/v2\/media\/16234"}],"wp:attachment":[{"href":"https:\/\/mambaby.al\/index.php?rest_route=%2Fwp%2Fv2%2Fmedia&parent=16233"}],"wp:term":[{"taxonomy":"product_cat","embeddable":true,"href":"https:\/\/mambaby.al\/index.php?rest_route=%2Fwp%2Fv2%2Fproduct_cat&post=16233"},{"taxonomy":"product_tag","embeddable":true,"href":"https:\/\/mambaby.al\/index.php?rest_route=%2Fwp%2Fv2%2Fproduct_tag&post=16233"}],"curies":[{"name":"wp","href":"https:\/\/api.w.org\/{rel}","templated":true}]}}