{"id":16258,"date":"2024-11-01T20:13:05","date_gmt":"2024-11-01T20:13:05","guid":{"rendered":"https:\/\/mambaby.al\/?post_type=product&#038;p=16258"},"modified":"2025-04-22T14:54:42","modified_gmt":"2025-04-22T14:54:42","slug":"kafshim-dhe-furce-dhembeza","status":"publish","type":"product","link":"https:\/\/mambaby.al\/?product=kafshim-dhe-furce-dhembeza","title":{"rendered":"Kafshim Dhe &#8220;Fur\u00e7\u00eb&#8221;- Dh\u00ebmb\u00ebzues"},"content":{"rendered":"<p>Dh\u00ebmb\u00ebt e par\u00eb t\u00eb foshnj\u00ebs jan\u00eb nj\u00eb aventur\u00eb krejt e re. Projektuesit e MAM kan\u00eb zhvilluar nj\u00eb dh\u00ebmb\u00ebzues q\u00eb qet\u00ebson si dhe pastron dh\u00ebmb\u00ebt e par\u00eb t\u00eb foshnj\u00ebs.<\/p>\n<p>Plot\u00ebson kujdesin e p\u00ebrditsh\u00ebm dentar duke pastruar dh\u00ebmb\u00ebt e par\u00eb t\u00eb foshnj\u00ebs gjat\u00eb procesit t\u00eb p\u00ebrtypjes.<br \/>\nOfron nj\u00eb masazh t\u00eb but\u00eb p\u00ebr t\u00eb qet\u00ebsuar mishrat e dh\u00ebmb\u00ebve.<br \/>\nFijet e dh\u00ebmb\u00ebzuesit jan\u00eb ve\u00e7an\u00ebrisht t\u00eb buta n\u00eb mishrat e dh\u00ebmb\u00ebve dhe dh\u00ebmb\u00ebt e par\u00eb t\u00eb foshnj\u00ebs.<br \/>\nNdihmon n\u00eb nxitjen e zhvillimit t\u00eb foshnj\u00ebs suaj.<\/p>\n<p>*Dh\u00ebmb\u00ebzat nuk jan\u00eb z\u00ebvend\u00ebsues t\u00eb fur\u00e7\u00ebs s\u00eb dh\u00ebmb\u00ebve.<\/p>\n<p><img decoding=\"async\" class=\"alignnone wp-image-16259\" src=\"http:\/\/mambaby.al\/wp-content\/uploads\/2024\/11\/bite_brush_5_400x400-300x300.jpg\" alt=\"\" width=\"202\" height=\"202\" srcset=\"https:\/\/mambaby.al\/wp-content\/uploads\/2024\/11\/bite_brush_5_400x400-300x300.jpg 300w, https:\/\/mambaby.al\/wp-content\/uploads\/2024\/11\/bite_brush_5_400x400-150x150.jpg 150w, https:\/\/mambaby.al\/wp-content\/uploads\/2024\/11\/bite_brush_5_400x400.jpg 400w\" sizes=\"(max-width: 202px) 100vw, 202px\" \/><\/p>\n<p>1. FIJET E BUTA<br \/>\nPastroni dh\u00ebmb\u00ebt e par\u00eb gjat\u00eb p\u00ebrtypjes. Masazhoni but\u00ebsisht mishrat e foshnj\u00ebs.<\/p>\n<p>2. DOREZA E UNAZ\u00cbS<br \/>\nForma e unaz\u00ebs speciale \u00ebsht\u00eb e leht\u00eb p\u00ebr t&#8217;u kapur dhe mbajtur. Drit\u00eb shtes\u00eb \u2013 ideale p\u00ebr bebet e vogla.<\/p>\n<p>3. STRUKTURA T\u00cb NDRYSHME<br \/>\nJepni nj\u00eb ndjenj\u00eb t\u00eb rehatshme dhe leht\u00ebsim nga dh\u00ebmb\u00ebt.<\/p>\n<p><img decoding=\"async\" class=\"img-fluid\" title=\"All MAM products are made from materials free of BPA and BPS\" src=\"https:\/\/cdn.mambaby.com\/icMtWssxii9cP4Rt_cugBo6JVWUYGL7rjOoSFH9S7NM\/rs%3Afit%3A3000%3A%3A\/gravity%3Asm\/aHR0cHM6Ly93d3cubWFtYmFieS5jb20vbWVkaWEvYmUvZzAvMzkvMTcwNjc4MDk3MC9tYW0taWNvbnNhbmRhd2FyZHNfQlBBLUJQUyBGcmVlLmpwZw\" alt=\"All MAM products are made from materials free of BPA and BPS\" width=\"100\" height=\"100\" \/>\u00a0<br \/>\nT\u00eb gjitha produktet MAM jan\u00eb b\u00ebr\u00eb nga materiale pa BPA dhe BPS<\/p>\n<p><img decoding=\"async\" class=\"img-fluid\" title=\"For babies from 3 months\" src=\"https:\/\/cdn.mambaby.com\/hTF3MGN940YvwU0O56MXKiC87i2T4SwFcdsSNkUV5q4\/rs%3Afit%3A3000%3A%3A\/gravity%3Asm\/aHR0cHM6Ly93d3cubWFtYmFieS5jb20vbWVkaWEvNDkvMzkvOGMvMTcwNjc4MTg5Mi9NQU1faWNvbl8zK19tLmpwZw\" alt=\"For babies from 3 months\" width=\"100\" height=\"100\" \/>\u00a0<br \/>\nP\u00ebr bebet nga 3 muaj<\/p>\n","protected":false},"excerpt":{"rendered":"<p>Dh\u00ebmb\u00ebt e par\u00eb t\u00eb foshnj\u00ebs jan\u00eb nj\u00eb aventur\u00eb krejt e re. Projektuesit e MAM kan\u00eb zhvilluar nj\u00eb dh\u00ebmb\u00ebzues q\u00eb qet\u00ebson<\/p>\n","protected":false},"featured_media":16260,"comment_status":"open","ping_status":"closed","template":"","meta":[],"product_cat":[85],"product_tag":[],"class_list":{"0":"post-16258","1":"product","2":"type-product","3":"status-publish","4":"has-post-thumbnail","6":"product_cat-kujdesi-oral","8":"first","9":"instock","10":"shipping-taxable","11":"purchasable","12":"product-type-simple"},"_links":{"self":[{"href":"https:\/\/mambaby.al\/index.php?rest_route=\/wp\/v2\/product\/16258","targetHints":{"allow":["GET"]}}],"collection":[{"href":"https:\/\/mambaby.al\/index.php?rest_route=\/wp\/v2\/product"}],"about":[{"href":"https:\/\/mambaby.al\/index.php?rest_route=\/wp\/v2\/types\/product"}],"replies":[{"embeddable":true,"href":"https:\/\/mambaby.al\/index.php?rest_route=%2Fwp%2Fv2%2Fcomments&post=16258"}],"version-history":[{"count":3,"href":"https:\/\/mambaby.al\/index.php?rest_route=\/wp\/v2\/product\/16258\/revisions"}],"predecessor-version":[{"id":16615,"href":"https:\/\/mambaby.al\/index.php?rest_route=\/wp\/v2\/product\/16258\/revisions\/16615"}],"wp:featuredmedia":[{"embeddable":true,"href":"https:\/\/mambaby.al\/index.php?rest_route=\/wp\/v2\/media\/16260"}],"wp:attachment":[{"href":"https:\/\/mambaby.al\/index.php?rest_route=%2Fwp%2Fv2%2Fmedia&parent=16258"}],"wp:term":[{"taxonomy":"product_cat","embeddable":true,"href":"https:\/\/mambaby.al\/index.php?rest_route=%2Fwp%2Fv2%2Fproduct_cat&post=16258"},{"taxonomy":"product_tag","embeddable":true,"href":"https:\/\/mambaby.al\/index.php?rest_route=%2Fwp%2Fv2%2Fproduct_tag&post=16258"}],"curies":[{"name":"wp","href":"https:\/\/api.w.org\/{rel}","templated":true}]}}