{"id":16267,"date":"2024-11-01T20:23:13","date_gmt":"2024-11-01T20:23:13","guid":{"rendered":"https:\/\/mambaby.al\/?post_type=product&#038;p=16267"},"modified":"2024-11-08T00:01:05","modified_gmt":"2024-11-08T00:01:05","slug":"kafshimi-dhe-relaksimi-i-fazes-1-mini-teether","status":"publish","type":"product","link":"https:\/\/mambaby.al\/?product=kafshimi-dhe-relaksimi-i-fazes-1-mini-teether","title":{"rendered":"Kafshimi Dhe Relaksimi I Faz\u00ebs 1 &#8211; Mini Teether"},"content":{"rendered":"<p>Sidomos p\u00ebr dh\u00ebmb\u00ebt e p\u00ebrparme<\/p>\n<p>Mini dh\u00ebmb\u00ebzuesi u zhvillua p\u00ebr faz\u00ebn e par\u00eb t\u00eb dh\u00ebmb\u00ebzimit t\u00eb foshnj\u00ebs dhe siguron leht\u00ebsim t\u00eb menj\u00ebhersh\u00ebm ve\u00e7an\u00ebrisht n\u00eb zon\u00ebn e dh\u00ebmb\u00ebve t\u00eb p\u00ebrparme.<\/p>\n<ul>\n<li>4 struktura t\u00eb ndryshme sip\u00ebrfaq\u00ebsore dhe 2 materiale t\u00eb ndryshueshme ofrojn\u00eb nj\u00eb shum\u00ebllojshm\u00ebri mund\u00ebsish kafshimi<\/li>\n<li>Ekstra e vog\u00ebl, e leht\u00eb si pend\u00eb dhe ideale p\u00ebr t\u00eb shkuar<\/li>\n<li>Ve\u00e7an\u00ebrisht i p\u00ebrshtatsh\u00ebm p\u00ebr foshnjat e vogla nga 2 muaj<\/li>\n<li>Furnizuar n\u00eb nj\u00eb kuti praktike sterilizimi dhe transporti<\/li>\n<\/ul>\n<p><img decoding=\"async\" class=\"alignnone  wp-image-16272\" src=\"http:\/\/mambaby.al\/wp-content\/uploads\/2024\/11\/bite_relax_phase_1_3_3_400x400-300x300.jpg\" alt=\"\" width=\"200\" height=\"200\" srcset=\"https:\/\/mambaby.al\/wp-content\/uploads\/2024\/11\/bite_relax_phase_1_3_3_400x400-300x300.jpg 300w, https:\/\/mambaby.al\/wp-content\/uploads\/2024\/11\/bite_relax_phase_1_3_3_400x400-150x150.jpg 150w, https:\/\/mambaby.al\/wp-content\/uploads\/2024\/11\/bite_relax_phase_1_3_3_400x400.jpg 400w\" sizes=\"(max-width: 200px) 100vw, 200px\" \/><\/p>\n<p>&nbsp;<\/p>\n<p>1.\u00a0 4\u00a0 STRUKTURAT<br \/>\nLeht\u00ebsohuni menj\u00ebher\u00eb nga dh\u00ebmb\u00ebt. Masazhoni but\u00ebsisht mishrat e foshnj\u00ebs.<\/p>\n<p>2. MATERIALET<br \/>\nOfroni nj\u00eb shum\u00ebllojshm\u00ebri mund\u00ebsish kafshuese<\/p>\n<p>3. FORMA 3-D<br \/>\nVe\u00e7an\u00ebrisht t\u00eb dizajnuara p\u00ebr dh\u00ebmb\u00ebt e p\u00ebrparme. St\u00ebrvit aft\u00ebsit\u00eb e mira motorike t\u00eb foshnj\u00ebs. Pesh\u00eb ekstra e leht\u00eb dhe e leht\u00eb p\u00ebr t&#8217;u mbajtur<\/p>\n<p><img decoding=\"async\" class=\"img-fluid\" title=\"All MAM products are made from materials free of BPA and BPS\" src=\"https:\/\/cdn.mambaby.com\/icMtWssxii9cP4Rt_cugBo6JVWUYGL7rjOoSFH9S7NM\/rs%3Afit%3A3000%3A%3A\/gravity%3Asm\/aHR0cHM6Ly93d3cubWFtYmFieS5jb20vbWVkaWEvYmUvZzAvMzkvMTcwNjc4MDk3MC9tYW0taWNvbnNhbmRhd2FyZHNfQlBBLUJQUyBGcmVlLmpwZw\" alt=\"All MAM products are made from materials free of BPA and BPS\" width=\"100\" height=\"100\" \/>\u00a0<br \/>\nT\u00eb gjitha produktet MAM jan\u00eb b\u00ebr\u00eb nga materiale pa BPA dhe BPS<\/p>\n<p><img decoding=\"async\" class=\"img-fluid\" title=\"For babies from 2 months\" src=\"https:\/\/cdn.mambaby.com\/ppmQyXm3GusC4atc9-DNdW0iZur5V64cXJNYhVtyxPg\/rs%3Afit%3A3000%3A%3A\/gravity%3Asm\/aHR0cHM6Ly93d3cubWFtYmFieS5jb20vbWVkaWEvZmMvYjAvZDMvMTcwNjc4MTU2OS9tYW0taWNvbnNhbmRhd2FyZHNfMnBsdXNfbS5qcGc\" alt=\"For babies from 2 months\" width=\"101\" height=\"101\" \/>\u00a0<br \/>\nP\u00ebr bebet nga 3 muaj<\/p>\n","protected":false},"excerpt":{"rendered":"<p>Sidomos p\u00ebr dh\u00ebmb\u00ebt e p\u00ebrparme Mini dh\u00ebmb\u00ebzuesi u zhvillua p\u00ebr faz\u00ebn e par\u00eb t\u00eb dh\u00ebmb\u00ebzimit t\u00eb foshnj\u00ebs dhe siguron leht\u00ebsim<\/p>\n","protected":false},"featured_media":16268,"comment_status":"open","ping_status":"closed","template":"","meta":[],"product_cat":[85],"product_tag":[],"class_list":{"0":"post-16267","1":"product","2":"type-product","3":"status-publish","4":"has-post-thumbnail","6":"product_cat-kujdesi-oral","8":"first","9":"instock","10":"shipping-taxable","11":"purchasable","12":"product-type-simple"},"_links":{"self":[{"href":"https:\/\/mambaby.al\/index.php?rest_route=\/wp\/v2\/product\/16267","targetHints":{"allow":["GET"]}}],"collection":[{"href":"https:\/\/mambaby.al\/index.php?rest_route=\/wp\/v2\/product"}],"about":[{"href":"https:\/\/mambaby.al\/index.php?rest_route=\/wp\/v2\/types\/product"}],"replies":[{"embeddable":true,"href":"https:\/\/mambaby.al\/index.php?rest_route=%2Fwp%2Fv2%2Fcomments&post=16267"}],"version-history":[{"count":2,"href":"https:\/\/mambaby.al\/index.php?rest_route=\/wp\/v2\/product\/16267\/revisions"}],"predecessor-version":[{"id":16614,"href":"https:\/\/mambaby.al\/index.php?rest_route=\/wp\/v2\/product\/16267\/revisions\/16614"}],"wp:featuredmedia":[{"embeddable":true,"href":"https:\/\/mambaby.al\/index.php?rest_route=\/wp\/v2\/media\/16268"}],"wp:attachment":[{"href":"https:\/\/mambaby.al\/index.php?rest_route=%2Fwp%2Fv2%2Fmedia&parent=16267"}],"wp:term":[{"taxonomy":"product_cat","embeddable":true,"href":"https:\/\/mambaby.al\/index.php?rest_route=%2Fwp%2Fv2%2Fproduct_cat&post=16267"},{"taxonomy":"product_tag","embeddable":true,"href":"https:\/\/mambaby.al\/index.php?rest_route=%2Fwp%2Fv2%2Fproduct_tag&post=16267"}],"curies":[{"name":"wp","href":"https:\/\/api.w.org\/{rel}","templated":true}]}}