{"id":16274,"date":"2024-11-01T20:34:56","date_gmt":"2024-11-01T20:34:56","guid":{"rendered":"https:\/\/mambaby.al\/?post_type=product&#038;p=16274"},"modified":"2024-11-08T00:00:27","modified_gmt":"2024-11-08T00:00:27","slug":"kafshimi-dhe-relaksimi-faza-2-mini-teether","status":"publish","type":"product","link":"https:\/\/mambaby.al\/?product=kafshimi-dhe-relaksimi-faza-2-mini-teether","title":{"rendered":"Kafshimi Dhe Relaksimi Faza 2 &#8211; Mini Teether"},"content":{"rendered":"<p>Sidomos p\u00ebr dh\u00ebmb\u00ebt e pas\u00ebm<\/p>\n<p>Mini dh\u00ebmb\u00ebzuesi u zhvillua p\u00ebr faz\u00ebn e dyt\u00eb t\u00eb dh\u00ebmb\u00ebzimit t\u00eb foshnj\u00ebs dhe \u00ebsht\u00eb projektuar ve\u00e7an\u00ebrisht p\u00ebr dh\u00ebmb\u00ebt e pas\u00ebm.<\/p>\n<ul>\n<li>Forma novatore 3D e Mini Teether st\u00ebrvit aft\u00ebsit\u00eb e bukura motorike t\u00eb foshnj\u00ebs<\/li>\n<li>4 struktura t\u00eb ndryshme sip\u00ebrfaqesh dhe dy materiale t\u00eb ndryshueshme masazhojn\u00eb but\u00ebsisht mishrat e dh\u00ebmb\u00ebve dhe sigurojn\u00eb nj\u00eb shum\u00ebllojshm\u00ebri k\u00ebnaq\u00ebsie kafshuese<\/li>\n<li>Vendosur n\u00eb nj\u00eb kuti praktike sterilizimi<\/li>\n<\/ul>\n<p><img decoding=\"async\" class=\"img-fluid\" src=\"https:\/\/www.mambaby.com\/thumbnail\/1b\/f5\/36\/1606870087\/bite_relax_phase_2_3_3_400x400.jpg\" width=\"201\" height=\"201\" \/><\/p>\n<p>1. 4 STRUKTURAT<br \/>\nLeht\u00ebsohuni menj\u00ebher\u00eb nga dh\u00ebmb\u00ebt. Masazhoni but\u00ebsisht mishrat e foshnj\u00ebs.<\/p>\n<p>2. MATERIALET<br \/>\nOfroni nj\u00eb shum\u00ebllojshm\u00ebri mund\u00ebsish kafshuese.<\/p>\n<p>3. FORMA 3-D<br \/>\nVe\u00e7an\u00ebrisht t\u00eb dizajnuara p\u00ebr dh\u00ebmb\u00ebt e pas\u00ebm. St\u00ebrvit aft\u00ebsit\u00eb e mira motorike t\u00eb foshnj\u00ebs. Pesh\u00eb ekstra e leht\u00eb dhe e leht\u00eb p\u00ebr t&#8217;u mbajtur.<\/p>\n<p>&nbsp;<\/p>\n<p><img decoding=\"async\" class=\"img-fluid\" title=\"All MAM products are made from materials free of BPA and BPS\" src=\"https:\/\/cdn.mambaby.com\/icMtWssxii9cP4Rt_cugBo6JVWUYGL7rjOoSFH9S7NM\/rs%3Afit%3A3000%3A%3A\/gravity%3Asm\/aHR0cHM6Ly93d3cubWFtYmFieS5jb20vbWVkaWEvYmUvZzAvMzkvMTcwNjc4MDk3MC9tYW0taWNvbnNhbmRhd2FyZHNfQlBBLUJQUyBGcmVlLmpwZw\" alt=\"All MAM products are made from materials free of BPA and BPS\" width=\"100\" height=\"100\" \/><br \/>\nT\u00eb gjitha produktet MAM jan\u00eb b\u00ebr\u00eb nga materiale pa BPA dhe BPS<\/p>\n<p><img decoding=\"async\" class=\"img-fluid\" title=\"For babies from 4 months\" src=\"https:\/\/cdn.mambaby.com\/fkaOpRkmTqfcL6FTcpBoN1rOhoSGGuupb7k5-Slav0c\/rs%3Afit%3A3000%3A%3A\/gravity%3Asm\/aHR0cHM6Ly93d3cubWFtYmFieS5jb20vbWVkaWEvMDcvODcvNTYvMTcwNjc4MTYyOC9tYW0taWNvbnNhbmRhd2FyZHNfNHBsdXMuanBn\" alt=\"For babies from 4 months\" width=\"101\" height=\"101\" \/><br \/>\nP\u00ebr bebet nga 4 muaj<\/p>\n","protected":false},"excerpt":{"rendered":"<p>Sidomos p\u00ebr dh\u00ebmb\u00ebt e pas\u00ebm Mini dh\u00ebmb\u00ebzuesi u zhvillua p\u00ebr faz\u00ebn e dyt\u00eb t\u00eb dh\u00ebmb\u00ebzimit t\u00eb foshnj\u00ebs dhe \u00ebsht\u00eb projektuar<\/p>\n","protected":false},"featured_media":16275,"comment_status":"open","ping_status":"closed","template":"","meta":[],"product_cat":[85],"product_tag":[],"class_list":{"0":"post-16274","1":"product","2":"type-product","3":"status-publish","4":"has-post-thumbnail","6":"product_cat-kujdesi-oral","8":"first","9":"instock","10":"shipping-taxable","11":"purchasable","12":"product-type-simple"},"_links":{"self":[{"href":"https:\/\/mambaby.al\/index.php?rest_route=\/wp\/v2\/product\/16274","targetHints":{"allow":["GET"]}}],"collection":[{"href":"https:\/\/mambaby.al\/index.php?rest_route=\/wp\/v2\/product"}],"about":[{"href":"https:\/\/mambaby.al\/index.php?rest_route=\/wp\/v2\/types\/product"}],"replies":[{"embeddable":true,"href":"https:\/\/mambaby.al\/index.php?rest_route=%2Fwp%2Fv2%2Fcomments&post=16274"}],"version-history":[{"count":2,"href":"https:\/\/mambaby.al\/index.php?rest_route=\/wp\/v2\/product\/16274\/revisions"}],"predecessor-version":[{"id":16613,"href":"https:\/\/mambaby.al\/index.php?rest_route=\/wp\/v2\/product\/16274\/revisions\/16613"}],"wp:featuredmedia":[{"embeddable":true,"href":"https:\/\/mambaby.al\/index.php?rest_route=\/wp\/v2\/media\/16275"}],"wp:attachment":[{"href":"https:\/\/mambaby.al\/index.php?rest_route=%2Fwp%2Fv2%2Fmedia&parent=16274"}],"wp:term":[{"taxonomy":"product_cat","embeddable":true,"href":"https:\/\/mambaby.al\/index.php?rest_route=%2Fwp%2Fv2%2Fproduct_cat&post=16274"},{"taxonomy":"product_tag","embeddable":true,"href":"https:\/\/mambaby.al\/index.php?rest_route=%2Fwp%2Fv2%2Fproduct_tag&post=16274"}],"curies":[{"name":"wp","href":"https:\/\/api.w.org\/{rel}","templated":true}]}}