{"id":16282,"date":"2024-11-01T21:01:23","date_gmt":"2024-11-01T21:01:23","guid":{"rendered":"https:\/\/mambaby.al\/?post_type=product&#038;p=16282"},"modified":"2026-03-04T11:17:17","modified_gmt":"2026-03-04T11:17:17","slug":"lucy-kermilli-loder-zhvillimi-latex","status":"publish","type":"product","link":"https:\/\/mambaby.al\/?product=lucy-kermilli-loder-zhvillimi-latex","title":{"rendered":"Lucy K\u00ebrmilli &#8211; Lod\u00ebr Zhvillimi Latex"},"content":{"rendered":"<p>100% gom\u00eb natyrale \u2013 ekstra e but\u00eb dhe e sigurt<\/p>\n<p>T\u00eb b\u00ebra me dor\u00eb dhe t\u00eb sigurta p\u00ebr foshnj\u00ebn: miqt\u00eb MAM jan\u00eb nj\u00eb lod\u00ebr e par\u00eb ideale p\u00ebr t\u00eb ndihmuar zhvillimin e f\u00ebmij\u00ebs suaj. E b\u00ebr\u00eb nga gome 100% natyrale, materiali i tyre \u00ebsht\u00eb i k\u00ebndsh\u00ebm dhe i but\u00eb n\u00eb prekje. Ngjyrat e tyre t\u00eb ndritshme dhe format e ndryshme ndihmojn\u00eb n\u00eb zhvillimin e shqisave t\u00eb foshnj\u00ebs.<\/p>\n<p>&#8211; 100% gom\u00eb natyrale dhe e sigurt p\u00ebr beben<br \/>\n&#8211; E leht\u00eb p\u00ebr t&#8217;u kapur dhe e leht\u00eb<br \/>\n&#8211; Ngjyra t\u00eb shndritshme dhe texture t\u00eb ndryshme st\u00ebrvitin shqisat e foshnj\u00ebs<\/p>\n<p><img decoding=\"async\" class=\"alignnone wp-image-16286\" src=\"http:\/\/mambaby.al\/wp-content\/uploads\/2024\/11\/snail_1_400x400-309x300.jpg\" alt=\"\" width=\"200\" height=\"194\" srcset=\"https:\/\/mambaby.al\/wp-content\/uploads\/2024\/11\/snail_1_400x400-309x300.jpg 309w, https:\/\/mambaby.al\/wp-content\/uploads\/2024\/11\/snail_1_400x400-150x146.jpg 150w, https:\/\/mambaby.al\/wp-content\/uploads\/2024\/11\/snail_1_400x400.jpg 400w\" sizes=\"(max-width: 200px) 100vw, 200px\" \/><\/p>\n<p>1. TRUPI<br \/>\nNgjyrat e ndezura mprehin shqisat vizuale<\/p>\n<p>2. FORMA<br \/>\nE leht\u00eb p\u00ebr t&#8217;u kapur dhe p\u00ebr t&#8217;u mbajtur<\/p>\n<p>3. MATERIALI MAM<br \/>\n100% gom\u00eb natyrale \u2013 e but\u00eb dhe e sigurt<\/p>\n<p><img decoding=\"async\" class=\"img-fluid\" title=\"All MAM products are made from materials free of BPA and BPS\" src=\"https:\/\/cdn.mambaby.com\/icMtWssxii9cP4Rt_cugBo6JVWUYGL7rjOoSFH9S7NM\/rs%3Afit%3A3000%3A%3A\/gravity%3Asm\/aHR0cHM6Ly93d3cubWFtYmFieS5jb20vbWVkaWEvYmUvZzAvMzkvMTcwNjc4MDk3MC9tYW0taWNvbnNhbmRhd2FyZHNfQlBBLUJQUyBGcmVlLmpwZw\" alt=\"All MAM products are made from materials free of BPA and BPS\" width=\"100\" height=\"100\" \/><br \/>\nT\u00eb gjitha produktet MAM jan\u00eb b\u00ebr\u00eb nga materiale pa BPA dhe BPS<\/p>\n<p><img decoding=\"async\" class=\"img-fluid\" title=\"For babies from 2 months\" src=\"https:\/\/cdn.mambaby.com\/ppmQyXm3GusC4atc9-DNdW0iZur5V64cXJNYhVtyxPg\/rs%3Afit%3A3000%3A%3A\/gravity%3Asm\/aHR0cHM6Ly93d3cubWFtYmFieS5jb20vbWVkaWEvZmMvYjAvZDMvMTcwNjc4MTU2OS9tYW0taWNvbnNhbmRhd2FyZHNfMnBsdXNfbS5qcGc\" alt=\"For babies from 2 months\" width=\"101\" height=\"101\" \/><br \/>\nP\u00ebr bebet nga 2 muaj<\/p>\n","protected":false},"excerpt":{"rendered":"<p>100% gom\u00eb natyrale \u2013 ekstra e but\u00eb dhe e sigurt T\u00eb b\u00ebra me dor\u00eb dhe t\u00eb sigurta p\u00ebr foshnj\u00ebn: miqt\u00eb<\/p>\n","protected":false},"featured_media":16283,"comment_status":"open","ping_status":"closed","template":"","meta":[],"product_cat":[85],"product_tag":[],"class_list":{"0":"post-16282","1":"product","2":"type-product","3":"status-publish","4":"has-post-thumbnail","6":"product_cat-kujdesi-oral","8":"first","9":"outofstock","10":"shipping-taxable","11":"purchasable","12":"product-type-simple"},"_links":{"self":[{"href":"https:\/\/mambaby.al\/index.php?rest_route=\/wp\/v2\/product\/16282","targetHints":{"allow":["GET"]}}],"collection":[{"href":"https:\/\/mambaby.al\/index.php?rest_route=\/wp\/v2\/product"}],"about":[{"href":"https:\/\/mambaby.al\/index.php?rest_route=\/wp\/v2\/types\/product"}],"replies":[{"embeddable":true,"href":"https:\/\/mambaby.al\/index.php?rest_route=%2Fwp%2Fv2%2Fcomments&post=16282"}],"version-history":[{"count":5,"href":"https:\/\/mambaby.al\/index.php?rest_route=\/wp\/v2\/product\/16282\/revisions"}],"predecessor-version":[{"id":17020,"href":"https:\/\/mambaby.al\/index.php?rest_route=\/wp\/v2\/product\/16282\/revisions\/17020"}],"wp:featuredmedia":[{"embeddable":true,"href":"https:\/\/mambaby.al\/index.php?rest_route=\/wp\/v2\/media\/16283"}],"wp:attachment":[{"href":"https:\/\/mambaby.al\/index.php?rest_route=%2Fwp%2Fv2%2Fmedia&parent=16282"}],"wp:term":[{"taxonomy":"product_cat","embeddable":true,"href":"https:\/\/mambaby.al\/index.php?rest_route=%2Fwp%2Fv2%2Fproduct_cat&post=16282"},{"taxonomy":"product_tag","embeddable":true,"href":"https:\/\/mambaby.al\/index.php?rest_route=%2Fwp%2Fv2%2Fproduct_tag&post=16282"}],"curies":[{"name":"wp","href":"https:\/\/api.w.org\/{rel}","templated":true}]}}