{"id":16296,"date":"2024-11-01T21:32:52","date_gmt":"2024-11-01T21:32:52","guid":{"rendered":"https:\/\/mambaby.al\/?post_type=product&#038;p=16296"},"modified":"2024-11-01T21:32:53","modified_gmt":"2024-11-01T21:32:53","slug":"lepuri-i-kujdesit-oral-0m","status":"publish","type":"product","link":"https:\/\/mambaby.al\/?product=lepuri-i-kujdesit-oral-0m","title":{"rendered":"Lepuri I Kujdesit Oral 0m+"},"content":{"rendered":"<p>P\u00ebr pastrimin e goj\u00ebs s\u00eb foshnj\u00ebs<\/p>\n<p>Dentist\u00ebt dhe mamit\u00eb e f\u00ebmij\u00ebve jan\u00eb n\u00eb marr\u00ebveshje: Ata rekomandojn\u00eb q\u00eb goja e foshnj\u00ebs t\u00eb pastrohet rregullisht q\u00eb nga dita e par\u00eb pasi t\u00eb ket\u00eb lindur n\u00eb m\u00ebnyr\u00eb q\u00eb t\u00eb heq\u00eb bakteret dhe t\u00eb m\u00ebsohet me nj\u00eb rutin\u00eb t\u00eb rregullt t\u00eb pastrimit t\u00eb dh\u00ebmb\u00ebve. Kjo \u00ebsht\u00eb arsyeja pse dizajner\u00ebt e MAM kan\u00eb zhvilluar lepurin novator MAM Oral Care.<\/p>\n<p>&#8211; P\u00ebr pastrimin dhe masivizimin e mishrave t\u00eb ndjesh\u00ebm<br \/>\n&#8211; Para dh\u00ebmbit t\u00eb par\u00eb<br \/>\n&#8211; E b\u00ebr\u00eb nga materiale mikrofibre t\u00eb ve\u00e7anta ekstra t\u00eb buta<br \/>\n&#8211; Zhvilluar me ekspert\u00eb mjek\u00ebsor\u00eb<\/p>\n<p><img decoding=\"async\" class=\"alignnone  wp-image-16300\" src=\"http:\/\/mambaby.al\/wp-content\/uploads\/2024\/11\/0_oral_care_rabbit_boy-2018_detailbilder_1000x1000px-1_1_400x400-300x300.jpg\" alt=\"\" width=\"200\" height=\"200\" srcset=\"https:\/\/mambaby.al\/wp-content\/uploads\/2024\/11\/0_oral_care_rabbit_boy-2018_detailbilder_1000x1000px-1_1_400x400-300x300.jpg 300w, https:\/\/mambaby.al\/wp-content\/uploads\/2024\/11\/0_oral_care_rabbit_boy-2018_detailbilder_1000x1000px-1_1_400x400-150x150.jpg 150w, https:\/\/mambaby.al\/wp-content\/uploads\/2024\/11\/0_oral_care_rabbit_boy-2018_detailbilder_1000x1000px-1_1_400x400.jpg 400w\" sizes=\"(max-width: 200px) 100vw, 200px\" \/><\/p>\n<p>1. VESH\u00cb MIKROFIBRE<br \/>\n\u2022 Hiqni pllak\u00ebn dhe bakteret<br \/>\n\u2022 Pastroni goj\u00ebn e foshnj\u00ebs para dh\u00ebmbit t\u00eb par\u00eb<br \/>\n\u2022 Masazhoni mishrat e ndjesh\u00ebm &#8211; madje edhe zonat e prapme mund t\u00eb arrihen<\/p>\n<p>2. MATERIALI I BUT\u00cb<br \/>\n\u2022 Ideale p\u00ebr pastrim, p\u00ebrqafim dhe loj\u00eb<br \/>\n\u2022 Ndjenj\u00eb e rehatshme q\u00eb nga fillimi<\/p>\n<p>3. MAM DESIGN<br \/>\n\u2022 Forma intuitive e gishtit &#8211; madh\u00ebsia fleksib\u00ebl<br \/>\n\u2022 T\u00ebrheq\u00ebs p\u00ebr foshnjat<\/p>\n<p><img decoding=\"async\" class=\"img-fluid\" title=\"For babies from 0 months\" src=\"https:\/\/cdn.mambaby.com\/SAL38AH_EEMzedlpSHugpK_o2ksrqyeXEHXFRlfXRc8\/rs%3Afit%3A3000%3A%3A\/gravity%3Asm\/aHR0cHM6Ly93d3cubWFtYmFieS5jb20vbWVkaWEvZjMvYWYvY2IvMTcwNjc4MTAyNS9tYW0taWNvbnNhbmRhd2FyZHNfMHBsdXNfbS5qcGc\" alt=\"For babies from 0 months\" width=\"100\" height=\"100\" \/> P\u00ebr bebet nga 0+ muaj<\/p>\n","protected":false},"excerpt":{"rendered":"<p>P\u00ebr pastrimin e goj\u00ebs s\u00eb foshnj\u00ebs Dentist\u00ebt dhe mamit\u00eb e f\u00ebmij\u00ebve jan\u00eb n\u00eb marr\u00ebveshje: Ata rekomandojn\u00eb q\u00eb goja e foshnj\u00ebs<\/p>\n","protected":false},"featured_media":16299,"comment_status":"open","ping_status":"closed","template":"","meta":[],"product_cat":[85],"product_tag":[],"class_list":{"0":"post-16296","1":"product","2":"type-product","3":"status-publish","4":"has-post-thumbnail","6":"product_cat-kujdesi-oral","8":"first","9":"instock","10":"shipping-taxable","11":"purchasable","12":"product-type-simple"},"_links":{"self":[{"href":"https:\/\/mambaby.al\/index.php?rest_route=\/wp\/v2\/product\/16296","targetHints":{"allow":["GET"]}}],"collection":[{"href":"https:\/\/mambaby.al\/index.php?rest_route=\/wp\/v2\/product"}],"about":[{"href":"https:\/\/mambaby.al\/index.php?rest_route=\/wp\/v2\/types\/product"}],"replies":[{"embeddable":true,"href":"https:\/\/mambaby.al\/index.php?rest_route=%2Fwp%2Fv2%2Fcomments&post=16296"}],"version-history":[{"count":1,"href":"https:\/\/mambaby.al\/index.php?rest_route=\/wp\/v2\/product\/16296\/revisions"}],"predecessor-version":[{"id":16301,"href":"https:\/\/mambaby.al\/index.php?rest_route=\/wp\/v2\/product\/16296\/revisions\/16301"}],"wp:featuredmedia":[{"embeddable":true,"href":"https:\/\/mambaby.al\/index.php?rest_route=\/wp\/v2\/media\/16299"}],"wp:attachment":[{"href":"https:\/\/mambaby.al\/index.php?rest_route=%2Fwp%2Fv2%2Fmedia&parent=16296"}],"wp:term":[{"taxonomy":"product_cat","embeddable":true,"href":"https:\/\/mambaby.al\/index.php?rest_route=%2Fwp%2Fv2%2Fproduct_cat&post=16296"},{"taxonomy":"product_tag","embeddable":true,"href":"https:\/\/mambaby.al\/index.php?rest_route=%2Fwp%2Fv2%2Fproduct_tag&post=16296"}],"curies":[{"name":"wp","href":"https:\/\/api.w.org\/{rel}","templated":true}]}}