{"id":16302,"date":"2024-11-01T21:47:11","date_gmt":"2024-11-01T21:47:11","guid":{"rendered":"https:\/\/mambaby.al\/?post_type=product&#038;p=16302"},"modified":"2024-11-07T23:57:33","modified_gmt":"2024-11-07T23:57:33","slug":"set-furcat-e-dhembeve-te-bebeve","status":"publish","type":"product","link":"https:\/\/mambaby.al\/?product=set-furcat-e-dhembeve-te-bebeve","title":{"rendered":"Set Fur\u00e7at E Dh\u00ebmb\u00ebve T\u00eb Bebeve"},"content":{"rendered":"<p>Set MAM fur\u00e7a e st\u00ebrvitjes dhe fur\u00e7a e bebes<\/p>\n<p>Me setin Learn to Brush t\u00eb p\u00ebrb\u00ebr\u00eb nga MAM Training Brush dhe MAM Baby&#8217;s Brush foshnjat m\u00ebsojn\u00eb se si t&#8217;i lajn\u00eb dh\u00ebmb\u00ebt si\u00e7 duhet, q\u00eb n\u00eb fillim.<\/p>\n<p>Hapi 1: Fur\u00e7\u00eb trajnimi MAM: Doreza ekstra-e gjat\u00eb u mund\u00ebson prind\u00ebrve dhe foshnjave t\u00eb mbajn\u00eb fur\u00e7\u00ebn s\u00eb bashku. Foshnjat mund t\u00eb udh\u00ebhiqen p\u00ebrmes l\u00ebvizjeve t\u00eb duhura t\u00eb krehjes.<br \/>\nHapi 2: Fur\u00e7a e foshnj\u00ebs MAM: Foshnjat mund t\u00eb praktikojn\u00eb larjen n\u00eb m\u00ebnyr\u00eb t\u00eb pavarur.<br \/>\nZhvilluar me ekspert\u00eb mjek\u00ebsor\u00eb<br \/>\nKoka shum\u00eb e vog\u00ebl dhe fijet ekstra t\u00eb buta jan\u00eb t\u00eb p\u00ebrsosura p\u00ebr dh\u00ebmb\u00eb t\u00eb vegj\u00ebl<\/p>\n<p><img decoding=\"async\" class=\"alignnone  wp-image-16303\" src=\"http:\/\/mambaby.al\/wp-content\/uploads\/2024\/11\/5_learn_to_brush_set_unisex-2018_detailbild_1000x1000px_400x400-300x300.jpg\" alt=\"\" width=\"202\" height=\"202\" srcset=\"https:\/\/mambaby.al\/wp-content\/uploads\/2024\/11\/5_learn_to_brush_set_unisex-2018_detailbild_1000x1000px_400x400-300x300.jpg 300w, https:\/\/mambaby.al\/wp-content\/uploads\/2024\/11\/5_learn_to_brush_set_unisex-2018_detailbild_1000x1000px_400x400-150x150.jpg 150w, https:\/\/mambaby.al\/wp-content\/uploads\/2024\/11\/5_learn_to_brush_set_unisex-2018_detailbild_1000x1000px_400x400.jpg 400w\" sizes=\"(max-width: 202px) 100vw, 202px\" \/><\/p>\n<p>1. KOKA<br \/>\n\u2022 I vog\u00ebl dhe i rrumbullakosur me bristuj ekstra t\u00eb but\u00eb<br \/>\n\u2022 Fijet e kuqe tregojn\u00eb sasin\u00eb e rekomanduar t\u00eb past\u00ebs s\u00eb dh\u00ebmb\u00ebve<\/p>\n<p>2. MBUROJA E SIGURIS\u00cb<br \/>\n\u2022 Ndihmon p\u00ebr t\u00eb mbajtur fur\u00e7\u00ebn n\u00eb distanc\u00eb t\u00eb sigurt nga pjesa e brendshme e goj\u00ebs s\u00eb foshnj\u00ebs<\/p>\n<p>3. DOREZA<br \/>\nFur\u00e7a e trajnimit:<br \/>\n\u2022 Doreza tep\u00ebr e gjat\u00eb u jep mund\u00ebsi prind\u00ebrve dhe foshnj\u00ebs t\u00eb lajn\u00eb s\u00eb bashku<br \/>\nFur\u00e7a e bebes:<br \/>\n\u2022 Form\u00eb kompakte \u2013 e leht\u00eb p\u00ebr t&#8217;u mbajtur p\u00ebr duart e vogla t\u00eb foshnj\u00ebs<br \/>\n\u2022 Materiali jo-rr\u00ebshqit\u00ebs dhe forma ergonomike<\/p>\n<p><img decoding=\"async\" class=\"img-fluid\" title=\"All MAM products are made from materials free of BPA and BPS\" src=\"https:\/\/cdn.mambaby.com\/icMtWssxii9cP4Rt_cugBo6JVWUYGL7rjOoSFH9S7NM\/rs%3Afit%3A3000%3A%3A\/gravity%3Asm\/aHR0cHM6Ly93d3cubWFtYmFieS5jb20vbWVkaWEvYmUvZzAvMzkvMTcwNjc4MDk3MC9tYW0taWNvbnNhbmRhd2FyZHNfQlBBLUJQUyBGcmVlLmpwZw\" alt=\"All MAM products are made from materials free of BPA and BPS\" width=\"100\" height=\"100\" \/><br \/>\nT\u00eb gjitha produktet MAM jan\u00eb b\u00ebr\u00eb nga materiale pa BPA dhe BPS<\/p>\n<p><img decoding=\"async\" class=\"img-fluid\" title=\"For babies from 5 months\" src=\"https:\/\/cdn.mambaby.com\/tomVSc4kuM4HtSgiagj63juKF98L8F-oThXpqqfpKwk\/rs%3Afit%3A3000%3A%3A\/gravity%3Asm\/aHR0cHM6Ly93d3cubWFtYmFieS5jb20vbWVkaWEvM2EvMzEvNzEvMTcwNjc4MTcwOS9tYW0taWNvbnNhbmRhd2FyZHNfNXBsdXMuanBn\" alt=\"For babies from 5 months\" width=\"101\" height=\"101\" \/><br \/>\nP\u00ebr foshnjat nga 5 muaj<\/p>\n","protected":false},"excerpt":{"rendered":"<p>Set MAM fur\u00e7a e st\u00ebrvitjes dhe fur\u00e7a e bebes Me setin Learn to Brush t\u00eb p\u00ebrb\u00ebr\u00eb nga MAM Training Brush<\/p>\n","protected":false},"featured_media":16304,"comment_status":"open","ping_status":"closed","template":"","meta":[],"product_cat":[85],"product_tag":[],"class_list":{"0":"post-16302","1":"product","2":"type-product","3":"status-publish","4":"has-post-thumbnail","6":"product_cat-kujdesi-oral","8":"first","9":"instock","10":"shipping-taxable","11":"purchasable","12":"product-type-simple"},"_links":{"self":[{"href":"https:\/\/mambaby.al\/index.php?rest_route=\/wp\/v2\/product\/16302","targetHints":{"allow":["GET"]}}],"collection":[{"href":"https:\/\/mambaby.al\/index.php?rest_route=\/wp\/v2\/product"}],"about":[{"href":"https:\/\/mambaby.al\/index.php?rest_route=\/wp\/v2\/types\/product"}],"replies":[{"embeddable":true,"href":"https:\/\/mambaby.al\/index.php?rest_route=%2Fwp%2Fv2%2Fcomments&post=16302"}],"version-history":[{"count":2,"href":"https:\/\/mambaby.al\/index.php?rest_route=\/wp\/v2\/product\/16302\/revisions"}],"predecessor-version":[{"id":16610,"href":"https:\/\/mambaby.al\/index.php?rest_route=\/wp\/v2\/product\/16302\/revisions\/16610"}],"wp:featuredmedia":[{"embeddable":true,"href":"https:\/\/mambaby.al\/index.php?rest_route=\/wp\/v2\/media\/16304"}],"wp:attachment":[{"href":"https:\/\/mambaby.al\/index.php?rest_route=%2Fwp%2Fv2%2Fmedia&parent=16302"}],"wp:term":[{"taxonomy":"product_cat","embeddable":true,"href":"https:\/\/mambaby.al\/index.php?rest_route=%2Fwp%2Fv2%2Fproduct_cat&post=16302"},{"taxonomy":"product_tag","embeddable":true,"href":"https:\/\/mambaby.al\/index.php?rest_route=%2Fwp%2Fv2%2Fproduct_tag&post=16302"}],"curies":[{"name":"wp","href":"https:\/\/api.w.org\/{rel}","templated":true}]}}