{"id":16310,"date":"2024-11-01T22:10:20","date_gmt":"2024-11-01T22:10:20","guid":{"rendered":"https:\/\/mambaby.al\/?post_type=product&#038;p=16310"},"modified":"2026-05-13T18:43:22","modified_gmt":"2026-05-13T18:43:22","slug":"furca-e-foshnjes-furca-e-dhembeve-per-bebe","status":"publish","type":"product","link":"https:\/\/mambaby.al\/?product=furca-e-foshnjes-furca-e-dhembeve-per-bebe","title":{"rendered":"Fur\u00e7a E Foshnj\u00ebs &#8211; Fur\u00e7a E Dh\u00ebmb\u00ebve P\u00ebr Bebe"},"content":{"rendered":"<p>Mb\u00ebshtet larjen e pavarur<\/p>\n<p>Pastroni dh\u00ebmb\u00ebt si nj\u00eb i rritur! Fur\u00e7a e foshnj\u00ebs MAM u lejon foshnjave t\u00eb imitojn\u00eb leht\u00ebsisht m\u00ebnyr\u00ebn se si t\u00eb rriturit pastrojn\u00eb dh\u00ebmb\u00ebt. Kjo do t\u00eb thot\u00eb se foshnjat m\u00ebsojn\u00eb t&#8217;i pastrojn\u00eb dh\u00ebmb\u00ebt si\u00e7 duhet q\u00eb nga dita e par\u00eb.<\/p>\n<p>&#8211; Doreza e shkurt\u00ebr dhe kompakte \u2013 perfekte p\u00ebr imitimin e fur\u00e7\u00ebs s\u00eb dh\u00ebmb\u00ebve p\u00ebr t\u00eb rritur<br \/>\n&#8211; Koka e vog\u00ebl e rrumbullak\u00ebt dhe fijet e buta jan\u00eb t\u00eb p\u00ebrsosura p\u00ebr pastrim t\u00eb but\u00eb<br \/>\n&#8211; Mburoja e siguris\u00eb e mban fur\u00e7\u00ebn n\u00eb nj\u00eb distanc\u00eb t\u00eb sigurt nga pjesa e brendshme e goj\u00ebs s\u00eb foshnj\u00ebs<br \/>\n&#8211; Zhvilluar me ekspert\u00eb mjek\u00ebsor\u00eb<\/p>\n<p><img decoding=\"async\" class=\"alignnone wp-image-16315\" src=\"http:\/\/mambaby.al\/wp-content\/uploads\/2024\/11\/6__baby_s_brush_mit_shield_unisex-2018_detailbild_1000x1000px_400x400-300x300.jpg\" alt=\"\" width=\"191\" height=\"191\" srcset=\"https:\/\/mambaby.al\/wp-content\/uploads\/2024\/11\/6__baby_s_brush_mit_shield_unisex-2018_detailbild_1000x1000px_400x400-300x300.jpg 300w, https:\/\/mambaby.al\/wp-content\/uploads\/2024\/11\/6__baby_s_brush_mit_shield_unisex-2018_detailbild_1000x1000px_400x400-150x150.jpg 150w, https:\/\/mambaby.al\/wp-content\/uploads\/2024\/11\/6__baby_s_brush_mit_shield_unisex-2018_detailbild_1000x1000px_400x400.jpg 400w\" sizes=\"(max-width: 191px) 100vw, 191px\" \/><\/p>\n<p>1. KOKA<\/p>\n<p>E vog\u00ebl dhe E rrumbullakosur me fije ekstra t\u00eb but\u00eb<br \/>\nFijet e kuqe tregojn\u00eb sasin\u00eb e rekomanduar t\u00eb past\u00ebs s\u00eb dh\u00ebmb\u00ebve<\/p>\n<p>2. MBUROJA E SIGURIS\u00cb<\/p>\n<p>Ndihmon p\u00ebr t\u00eb mbajtur fur\u00e7\u00ebn n\u00eb distanc\u00eb t\u00eb sigurt nga pjesa e brendshme e goj\u00ebs s\u00eb foshnj\u00ebs<\/p>\n<p>3. DOREZA<\/p>\n<p>Forma kompakte \u2013 e leht\u00eb p\u00ebr t&#8217;u mbajtur p\u00ebr duart e vogla t\u00eb foshnj\u00ebs<br \/>\nMaterial jo rr\u00ebshqit\u00ebs dhe form\u00eb ergonomike<\/p>\n<p><img decoding=\"async\" class=\"img-fluid\" title=\"All MAM products are made from materials free of BPA and BPS\" src=\"https:\/\/cdn.mambaby.com\/icMtWssxii9cP4Rt_cugBo6JVWUYGL7rjOoSFH9S7NM\/rs%3Afit%3A3000%3A%3A\/gravity%3Asm\/aHR0cHM6Ly93d3cubWFtYmFieS5jb20vbWVkaWEvYmUvZzAvMzkvMTcwNjc4MDk3MC9tYW0taWNvbnNhbmRhd2FyZHNfQlBBLUJQUyBGcmVlLmpwZw\" alt=\"All MAM products are made from materials free of BPA and BPS\" width=\"100\" height=\"100\" \/><br \/>\nT\u00eb gjitha produktet MAM jan\u00eb b\u00ebr\u00eb nga materiale pa BPA dhe BPS<\/p>\n<p><img decoding=\"async\" class=\"img-fluid\" title=\"For babies from 6 months\" src=\"https:\/\/cdn.mambaby.com\/AcRyBDvoFt19DxYIQLmrLaF9hQwCWp1_r-ct117o2oI\/rs%3Afit%3A3000%3A%3A\/gravity%3Asm\/aHR0cHM6Ly93d3cubWFtYmFieS5jb20vbWVkaWEvYTcvNWMvODEvMTcwNjc4MTkzMi9NQU1faWNvbl82K19tLmpwZw\" alt=\"For babies from 6 months\" width=\"101\" height=\"101\" \/>\u00a0<br \/>\nP\u00ebr bebet 6+ muaj<\/p>\n","protected":false},"excerpt":{"rendered":"<p>Mb\u00ebshtet larjen e pavarur Pastroni dh\u00ebmb\u00ebt si nj\u00eb i rritur! Fur\u00e7a e foshnj\u00ebs MAM u lejon foshnjave t\u00eb imitojn\u00eb leht\u00ebsisht<\/p>\n","protected":false},"featured_media":16311,"comment_status":"open","ping_status":"closed","template":"","meta":[],"product_cat":[85],"product_tag":[],"class_list":{"0":"post-16310","1":"product","2":"type-product","3":"status-publish","4":"has-post-thumbnail","6":"product_cat-kujdesi-oral","8":"first","9":"instock","10":"shipping-taxable","11":"purchasable","12":"product-type-simple"},"_links":{"self":[{"href":"https:\/\/mambaby.al\/index.php?rest_route=\/wp\/v2\/product\/16310","targetHints":{"allow":["GET"]}}],"collection":[{"href":"https:\/\/mambaby.al\/index.php?rest_route=\/wp\/v2\/product"}],"about":[{"href":"https:\/\/mambaby.al\/index.php?rest_route=\/wp\/v2\/types\/product"}],"replies":[{"embeddable":true,"href":"https:\/\/mambaby.al\/index.php?rest_route=%2Fwp%2Fv2%2Fcomments&post=16310"}],"version-history":[{"count":3,"href":"https:\/\/mambaby.al\/index.php?rest_route=\/wp\/v2\/product\/16310\/revisions"}],"predecessor-version":[{"id":16609,"href":"https:\/\/mambaby.al\/index.php?rest_route=\/wp\/v2\/product\/16310\/revisions\/16609"}],"wp:featuredmedia":[{"embeddable":true,"href":"https:\/\/mambaby.al\/index.php?rest_route=\/wp\/v2\/media\/16311"}],"wp:attachment":[{"href":"https:\/\/mambaby.al\/index.php?rest_route=%2Fwp%2Fv2%2Fmedia&parent=16310"}],"wp:term":[{"taxonomy":"product_cat","embeddable":true,"href":"https:\/\/mambaby.al\/index.php?rest_route=%2Fwp%2Fv2%2Fproduct_cat&post=16310"},{"taxonomy":"product_tag","embeddable":true,"href":"https:\/\/mambaby.al\/index.php?rest_route=%2Fwp%2Fv2%2Fproduct_tag&post=16310"}],"curies":[{"name":"wp","href":"https:\/\/api.w.org\/{rel}","templated":true}]}}