{"id":16319,"date":"2024-11-01T22:33:30","date_gmt":"2024-11-01T22:33:30","guid":{"rendered":"https:\/\/mambaby.al\/?post_type=product&#038;p=16319"},"modified":"2024-11-07T23:56:16","modified_gmt":"2024-11-07T23:56:16","slug":"furce-trajnimi-furce-dhembesh-per-bebe","status":"publish","type":"product","link":"https:\/\/mambaby.al\/?product=furce-trajnimi-furce-dhembesh-per-bebe","title":{"rendered":"Fur\u00e7\u00eb Trajnimi &#8211; Fur\u00e7\u00eb Dh\u00ebmb\u00ebsh P\u00ebr Bebe"},"content":{"rendered":"<p>Dorez\u00eb ekstra e gjat\u00eb p\u00ebr t\u00eb lar\u00eb s\u00eb bashku<\/p>\n<p>Fur\u00e7a e trajnimit MAM me ve\u00e7orin\u00eb e ve\u00e7ant\u00eb t\u00eb dorez\u00ebs ekstra-t\u00eb gjat\u00eb u lejon t\u00eb rriturve t\u00eb lajn\u00eb s\u00eb bashku me foshnj\u00ebn e tyre, duke e udh\u00ebhequr but\u00ebsisht fur\u00e7\u00ebn p\u00ebr t&#8217;u siguruar q\u00eb t\u00eb gjith\u00eb dh\u00ebmb\u00ebt t\u00eb pastrohen si\u00e7 duhet.<\/p>\n<p>&#8211; Doreza e gjat\u00eb ergonomike p\u00ebr mbajtjen s\u00eb bashku \u2013 t\u00eb rriturit mund t\u00eb mb\u00ebshtesin but\u00ebsisht goditjet e para t\u00eb pastrimit<br \/>\n&#8211; Mburoja e siguris\u00eb e mban fur\u00e7\u00ebn n\u00eb nj\u00eb distanc\u00eb t\u00eb sigurt nga pjesa e brendshme e goj\u00ebs s\u00eb foshnj\u00ebs<br \/>\n&#8211; Koka e vog\u00ebl e rrumbullak\u00ebt dhe fijet e buta jan\u00eb t\u00eb p\u00ebrsosura p\u00ebr pastrim t\u00eb but\u00eb<br \/>\n&#8211; Zhvilluar me ekspert\u00eb mjek\u00ebsor\u00eb<\/p>\n<p><img decoding=\"async\" class=\"alignnone wp-image-16320\" src=\"http:\/\/mambaby.al\/wp-content\/uploads\/2024\/11\/5_training_brush_unisex-2018_detailbild_1000x1000px_400x400-300x300.jpg\" alt=\"\" width=\"198\" height=\"198\" srcset=\"https:\/\/mambaby.al\/wp-content\/uploads\/2024\/11\/5_training_brush_unisex-2018_detailbild_1000x1000px_400x400-300x300.jpg 300w, https:\/\/mambaby.al\/wp-content\/uploads\/2024\/11\/5_training_brush_unisex-2018_detailbild_1000x1000px_400x400-150x150.jpg 150w, https:\/\/mambaby.al\/wp-content\/uploads\/2024\/11\/5_training_brush_unisex-2018_detailbild_1000x1000px_400x400.jpg 400w\" sizes=\"(max-width: 198px) 100vw, 198px\" \/><\/p>\n<p>1. KOKA<br \/>\n\u2022 Shum\u00eb i vog\u00ebl me fije ekstra t\u00eb but\u00eb<br \/>\n\u2022 Fijet e kuqe tregojn\u00eb sasin\u00eb e rekomanduar t\u00eb past\u00ebs s\u00eb dh\u00ebmb\u00ebve<\/p>\n<p>2. MBUROJA E SIGURIS\u00cb<br \/>\n\u2022 Ndihmon p\u00ebr t\u00eb mbajtur fur\u00e7\u00ebn n\u00eb distanc\u00eb t\u00eb sigurt nga pjesa e brendshme e goj\u00ebs s\u00eb foshnj\u00ebs<\/p>\n<p>3. DOREZA<br \/>\n\u2022 Doreza tep\u00ebr e gjat\u00eb u jep mund\u00ebsi prind\u00ebrve dhe foshnj\u00ebs t\u00eb lajn\u00eb s\u00eb bashku<br \/>\n\u2022 Form\u00eb kompakte \u2013 e leht\u00eb p\u00ebr t&#8217;u mbajtur<br \/>\n\u2022 Materiali jo-rr\u00ebshqit\u00ebs dhe forma ergonomike<\/p>\n<p><img decoding=\"async\" class=\"img-fluid\" title=\"All MAM products are made from materials free of BPA and BPS\" src=\"https:\/\/cdn.mambaby.com\/icMtWssxii9cP4Rt_cugBo6JVWUYGL7rjOoSFH9S7NM\/rs%3Afit%3A3000%3A%3A\/gravity%3Asm\/aHR0cHM6Ly93d3cubWFtYmFieS5jb20vbWVkaWEvYmUvZzAvMzkvMTcwNjc4MDk3MC9tYW0taWNvbnNhbmRhd2FyZHNfQlBBLUJQUyBGcmVlLmpwZw\" alt=\"All MAM products are made from materials free of BPA and BPS\" width=\"100\" height=\"100\" \/><br \/>\nT\u00eb gjitha produktet MAM jan\u00eb b\u00ebr\u00eb nga materiale pa BPA dhe BPS<\/p>\n<p><img decoding=\"async\" class=\"img-fluid\" title=\"For babies from 5 months\" src=\"https:\/\/cdn.mambaby.com\/tomVSc4kuM4HtSgiagj63juKF98L8F-oThXpqqfpKwk\/rs%3Afit%3A3000%3A%3A\/gravity%3Asm\/aHR0cHM6Ly93d3cubWFtYmFieS5jb20vbWVkaWEvM2EvMzEvNzEvMTcwNjc4MTcwOS9tYW0taWNvbnNhbmRhd2FyZHNfNXBsdXMuanBn\" alt=\"For babies from 5 months\" width=\"100\" height=\"100\" \/><br \/>\nP\u00ebr bebet nga 5 muaj<\/p>\n","protected":false},"excerpt":{"rendered":"<p>Dorez\u00eb ekstra e gjat\u00eb p\u00ebr t\u00eb lar\u00eb s\u00eb bashku Fur\u00e7a e trajnimit MAM me ve\u00e7orin\u00eb e ve\u00e7ant\u00eb t\u00eb dorez\u00ebs ekstra-t\u00eb<\/p>\n","protected":false},"featured_media":16324,"comment_status":"open","ping_status":"closed","template":"","meta":[],"product_cat":[85],"product_tag":[],"class_list":{"0":"post-16319","1":"product","2":"type-product","3":"status-publish","4":"has-post-thumbnail","6":"product_cat-kujdesi-oral","8":"first","9":"instock","10":"shipping-taxable","11":"purchasable","12":"product-type-simple"},"_links":{"self":[{"href":"https:\/\/mambaby.al\/index.php?rest_route=\/wp\/v2\/product\/16319","targetHints":{"allow":["GET"]}}],"collection":[{"href":"https:\/\/mambaby.al\/index.php?rest_route=\/wp\/v2\/product"}],"about":[{"href":"https:\/\/mambaby.al\/index.php?rest_route=\/wp\/v2\/types\/product"}],"replies":[{"embeddable":true,"href":"https:\/\/mambaby.al\/index.php?rest_route=%2Fwp%2Fv2%2Fcomments&post=16319"}],"version-history":[{"count":2,"href":"https:\/\/mambaby.al\/index.php?rest_route=\/wp\/v2\/product\/16319\/revisions"}],"predecessor-version":[{"id":16608,"href":"https:\/\/mambaby.al\/index.php?rest_route=\/wp\/v2\/product\/16319\/revisions\/16608"}],"wp:featuredmedia":[{"embeddable":true,"href":"https:\/\/mambaby.al\/index.php?rest_route=\/wp\/v2\/media\/16324"}],"wp:attachment":[{"href":"https:\/\/mambaby.al\/index.php?rest_route=%2Fwp%2Fv2%2Fmedia&parent=16319"}],"wp:term":[{"taxonomy":"product_cat","embeddable":true,"href":"https:\/\/mambaby.al\/index.php?rest_route=%2Fwp%2Fv2%2Fproduct_cat&post=16319"},{"taxonomy":"product_tag","embeddable":true,"href":"https:\/\/mambaby.al\/index.php?rest_route=%2Fwp%2Fv2%2Fproduct_tag&post=16319"}],"curies":[{"name":"wp","href":"https:\/\/api.w.org\/{rel}","templated":true}]}}