{"id":16331,"date":"2024-11-01T22:48:30","date_gmt":"2024-11-01T22:48:30","guid":{"rendered":"https:\/\/mambaby.al\/?post_type=product&#038;p=16331"},"modified":"2024-11-07T20:06:12","modified_gmt":"2024-11-07T20:06:12","slug":"kopeta-breastpads","status":"publish","type":"product","link":"https:\/\/mambaby.al\/?product=kopeta-breastpads","title":{"rendered":"Kopeta &#8211; Breastpads"},"content":{"rendered":"<p>Ekstra i holl\u00eb dhe shum\u00eb absorbues<br \/>\nP\u00ebr nj\u00eb ndjenj\u00eb t\u00eb that\u00eb, t\u00eb sigurt dhe miq\u00ebsore me l\u00ebkur\u00ebn &#8211; dit\u00eb &amp; nat\u00eb<\/p>\n<p><img decoding=\"async\" class=\"product-usp-img img-fluid\" title=\"For a dry, safe and skin-friendly feeling - day &amp; night\" src=\"https:\/\/cdn.mambaby.com\/31bF7EZ2exVwmhFJ43cAF3DRuKM5j3uA2y7rdOKgJvQ\/rs%3Afit%3A3000%3A%3A\/gravity%3Asm\/aHR0cHM6Ly93d3cubWFtYmFieS5jb20vbWVkaWEvYTcvMGUvNzgvMTYxMDk1OTcyOS9tYW0taWNvbnNhbmRhd2FyZHNfZGF5LWFuZC1uaWdodC5qcGc\" alt=\"For a dry, safe and skin-friendly feeling - day &amp; night\" width=\"119\" height=\"119\" \/><\/p>\n<p>Ju mund t\u00eb mb\u00ebshteteni n\u00eb MAM Breast Pads sepse ata ju mbajn\u00eb t\u00eb that\u00eb p\u00ebr m\u00eb gjat\u00eb, duke siguruar q\u00eb ju t\u00eb ndjeheni t\u00eb sigurt dhe t\u00eb relaksuar kur ushqeni me gji.<\/p>\n<p>&#8211; Ekstra i holl\u00eb dhe i matur.<br \/>\n&#8211; I but\u00eb dhe frymor.<br \/>\n&#8211; Absorbimi maksimal.<br \/>\n&#8211; 30 n\u00eb \u00e7do pako.<\/p>\n<p><img decoding=\"async\" class=\"alignnone wp-image-16332\" src=\"http:\/\/mambaby.al\/wp-content\/uploads\/2024\/11\/mam-breast-pad-detail-incl-numbering_400x400-300x300.jpg\" alt=\"\" width=\"213\" height=\"213\" srcset=\"https:\/\/mambaby.al\/wp-content\/uploads\/2024\/11\/mam-breast-pad-detail-incl-numbering_400x400-300x300.jpg 300w, https:\/\/mambaby.al\/wp-content\/uploads\/2024\/11\/mam-breast-pad-detail-incl-numbering_400x400-150x150.jpg 150w, https:\/\/mambaby.al\/wp-content\/uploads\/2024\/11\/mam-breast-pad-detail-incl-numbering_400x400.jpg 400w\" sizes=\"(max-width: 213px) 100vw, 213px\" \/><\/p>\n<p>1. SIP\u00cbRFAQE FRYMORE DHE E BUT\u00cb<br \/>\nNdihet rehat dhe e l\u00eb l\u00ebkur\u00ebn t\u00eb marr\u00eb frym\u00eb.<br \/>\n2. MATERIALI I HOLL\u00cb<br \/>\nE padukshme posht\u00eb veshjes.<br \/>\n3. SHIRIT ADHESIVE<br \/>\nSiguron rregullimin e sigurt t\u00eb rrobave dhe mbajtjen optimale.<br \/>\n4. B\u00cbRTHAMA SUPER ABSORBUESE<br \/>\nAbsorbon n\u00eb m\u00ebnyr\u00eb t\u00eb p\u00ebrkryer l\u00ebngjet &#8211; siguron mbrojtje t\u00eb plot\u00eb nga lag\u00ebshtia.<\/p>\n","protected":false},"excerpt":{"rendered":"<p>Ekstra i holl\u00eb dhe shum\u00eb absorbues P\u00ebr nj\u00eb ndjenj\u00eb t\u00eb that\u00eb, t\u00eb sigurt dhe miq\u00ebsore me l\u00ebkur\u00ebn &#8211; dit\u00eb &amp;<\/p>\n","protected":false},"featured_media":16335,"comment_status":"open","ping_status":"closed","template":"","meta":[],"product_cat":[84],"product_tag":[],"class_list":{"0":"post-16331","1":"product","2":"type-product","3":"status-publish","4":"has-post-thumbnail","6":"product_cat-ushqyerja-me-gji","8":"first","9":"instock","10":"shipping-taxable","11":"purchasable","12":"product-type-simple"},"_links":{"self":[{"href":"https:\/\/mambaby.al\/index.php?rest_route=\/wp\/v2\/product\/16331","targetHints":{"allow":["GET"]}}],"collection":[{"href":"https:\/\/mambaby.al\/index.php?rest_route=\/wp\/v2\/product"}],"about":[{"href":"https:\/\/mambaby.al\/index.php?rest_route=\/wp\/v2\/types\/product"}],"replies":[{"embeddable":true,"href":"https:\/\/mambaby.al\/index.php?rest_route=%2Fwp%2Fv2%2Fcomments&post=16331"}],"version-history":[{"count":4,"href":"https:\/\/mambaby.al\/index.php?rest_route=\/wp\/v2\/product\/16331\/revisions"}],"predecessor-version":[{"id":16563,"href":"https:\/\/mambaby.al\/index.php?rest_route=\/wp\/v2\/product\/16331\/revisions\/16563"}],"wp:featuredmedia":[{"embeddable":true,"href":"https:\/\/mambaby.al\/index.php?rest_route=\/wp\/v2\/media\/16335"}],"wp:attachment":[{"href":"https:\/\/mambaby.al\/index.php?rest_route=%2Fwp%2Fv2%2Fmedia&parent=16331"}],"wp:term":[{"taxonomy":"product_cat","embeddable":true,"href":"https:\/\/mambaby.al\/index.php?rest_route=%2Fwp%2Fv2%2Fproduct_cat&post=16331"},{"taxonomy":"product_tag","embeddable":true,"href":"https:\/\/mambaby.al\/index.php?rest_route=%2Fwp%2Fv2%2Fproduct_tag&post=16331"}],"curies":[{"name":"wp","href":"https:\/\/api.w.org\/{rel}","templated":true}]}}