{"id":16339,"date":"2024-11-01T23:04:55","date_gmt":"2024-11-01T23:04:55","guid":{"rendered":"https:\/\/mambaby.al\/?post_type=product&#038;p=16339"},"modified":"2024-11-01T23:05:20","modified_gmt":"2024-11-01T23:05:20","slug":"kuti-magazinimi-per-qumeshtin-e-gjirit","status":"publish","type":"product","link":"https:\/\/mambaby.al\/?product=kuti-magazinimi-per-qumeshtin-e-gjirit","title":{"rendered":"Kuti Magazinimi &#8211; P\u00ebr Qum\u00ebshtin E Gjirit"},"content":{"rendered":"<div class=\"product-detail-name-container\">\n<div class=\"product-detail-subtitle\">P\u00ebr qum\u00ebshtin e gjirit dhe ushqimin e bebeve<\/div>\n<\/div>\n<div class=\"product-usp-img-wrapper\"><img decoding=\"async\" class=\"product-usp-img img-fluid\" title=\"All MAM products are made from materials free of BPA and BPS\" src=\"https:\/\/cdn.mambaby.com\/icMtWssxii9cP4Rt_cugBo6JVWUYGL7rjOoSFH9S7NM\/rs%3Afit%3A3000%3A%3A\/gravity%3Asm\/aHR0cHM6Ly93d3cubWFtYmFieS5jb20vbWVkaWEvYmUvZzAvMzkvMTcwNjc4MDk3MC9tYW0taWNvbnNhbmRhd2FyZHNfQlBBLUJQUyBGcmVlLmpwZw\" alt=\"All MAM products are made from materials free of BPA and BPS\" width=\"105\" height=\"105\" \/><\/div>\n<div class=\"product-usp-img-wrapper\">T\u00eb gjitha produktet MAM jan\u00eb b\u00ebr\u00eb nga materiale pa BPA dhe BPS<br \/>\nQum\u00ebshti i gjirit \u00ebsht\u00eb i \u00e7muar. Ja pse \u00ebsht\u00eb kaq e r\u00ebnd\u00ebsishme ta ruajm\u00eb at\u00eb n\u00eb m\u00ebnyr\u00eb t\u00eb sigurt dhe korrekte. Fal\u00eb k\u00ebsaj zgjidhjeje magazinimi, \u00ebsht\u00eb shum\u00eb e leht\u00eb t\u00eb nd\u00ebrtohen rezervat e qum\u00ebshtit t\u00eb gjirit.<\/div>\n<div><\/div>\n<div>\n<div>&#8211; Ato mund t\u00eb pastrohen dhe sterilizohen sa her\u00eb q\u00eb t\u00eb doni.<br \/>\n&#8211; Ideale p\u00ebr ruajtje n\u00eb frigorifer. Dhe kur je jasht\u00eb dhe rreth.<br \/>\n&#8211; Fal\u00eb panelit t\u00eb etiketimit t\u00eb lar\u00eb, p\u00ebrmbajtja mund t\u00eb sh\u00ebnohet gjithmon\u00eb me dat\u00ebn e fundit<\/div>\n<div>&#8211; 5 nj\u00ebsi p\u00ebr paket\u00eb.<\/div>\n<div><\/div>\n<\/div>\n<div><\/div>\n<div><img decoding=\"async\" class=\"alignnone wp-image-16340\" src=\"http:\/\/mambaby.al\/wp-content\/uploads\/2024\/11\/mam-storage-solution-breast-pump-detail_400x400-300x300.jpg\" alt=\"\" width=\"200\" height=\"200\" srcset=\"https:\/\/mambaby.al\/wp-content\/uploads\/2024\/11\/mam-storage-solution-breast-pump-detail_400x400-300x300.jpg 300w, https:\/\/mambaby.al\/wp-content\/uploads\/2024\/11\/mam-storage-solution-breast-pump-detail_400x400-150x150.jpg 150w, https:\/\/mambaby.al\/wp-content\/uploads\/2024\/11\/mam-storage-solution-breast-pump-detail_400x400.jpg 400w\" sizes=\"(max-width: 200px) 100vw, 200px\" \/><\/div>\n<div><\/div>\n<div>1. DIZAJNI FUNKSIONAL<br \/>\nKupat mund t\u00eb sterilizohen sa m\u00eb shpesh q\u00eb t\u00eb jet\u00eb e nevojshme. Ideale p\u00ebr t&#8217;u ruajtur n\u00eb frigorifer.<br \/>\n2. E LEHT\u00cb P\u00cbR T&#8217;U P\u00cbRDORUR<br \/>\nFal\u00eb zon\u00ebs s\u00eb etiketimit t\u00eb lar\u00eb, p\u00ebrmbajtja mund t\u00eb etiketohet gjithmon\u00eb qart\u00eb me dat\u00ebn p\u00ebrkat\u00ebse.<br \/>\n3. INOVACIONI<br \/>\nKupat mund t\u00eb vidhosen leht\u00eb n\u00eb Pomp\u00ebn Manuale t\u00eb Gjirit. N\u00eb k\u00ebt\u00eb m\u00ebnyr\u00eb, qum\u00ebshti i gjirit mund t\u00eb hidhet direkt n\u00eb filxhan dhe pastaj t\u00eb ruhet n\u00eb m\u00ebnyr\u00eb higjienike.<\/div>\n","protected":false},"excerpt":{"rendered":"<p>P\u00ebr qum\u00ebshtin e gjirit dhe ushqimin e bebeve T\u00eb gjitha produktet MAM jan\u00eb b\u00ebr\u00eb nga materiale pa BPA dhe BPS<\/p>\n","protected":false},"featured_media":16342,"comment_status":"open","ping_status":"closed","template":"","meta":[],"product_cat":[20,84],"product_tag":[],"class_list":{"0":"post-16339","1":"product","2":"type-product","3":"status-publish","4":"has-post-thumbnail","6":"product_cat-aksesor","7":"product_cat-ushqyerja-me-gji","9":"first","10":"instock","11":"shipping-taxable","12":"purchasable","13":"product-type-simple"},"_links":{"self":[{"href":"https:\/\/mambaby.al\/index.php?rest_route=\/wp\/v2\/product\/16339","targetHints":{"allow":["GET"]}}],"collection":[{"href":"https:\/\/mambaby.al\/index.php?rest_route=\/wp\/v2\/product"}],"about":[{"href":"https:\/\/mambaby.al\/index.php?rest_route=\/wp\/v2\/types\/product"}],"replies":[{"embeddable":true,"href":"https:\/\/mambaby.al\/index.php?rest_route=%2Fwp%2Fv2%2Fcomments&post=16339"}],"version-history":[{"count":2,"href":"https:\/\/mambaby.al\/index.php?rest_route=\/wp\/v2\/product\/16339\/revisions"}],"predecessor-version":[{"id":16349,"href":"https:\/\/mambaby.al\/index.php?rest_route=\/wp\/v2\/product\/16339\/revisions\/16349"}],"wp:featuredmedia":[{"embeddable":true,"href":"https:\/\/mambaby.al\/index.php?rest_route=\/wp\/v2\/media\/16342"}],"wp:attachment":[{"href":"https:\/\/mambaby.al\/index.php?rest_route=%2Fwp%2Fv2%2Fmedia&parent=16339"}],"wp:term":[{"taxonomy":"product_cat","embeddable":true,"href":"https:\/\/mambaby.al\/index.php?rest_route=%2Fwp%2Fv2%2Fproduct_cat&post=16339"},{"taxonomy":"product_tag","embeddable":true,"href":"https:\/\/mambaby.al\/index.php?rest_route=%2Fwp%2Fv2%2Fproduct_tag&post=16339"}],"curies":[{"name":"wp","href":"https:\/\/api.w.org\/{rel}","templated":true}]}}