{"id":16361,"date":"2024-11-04T17:20:50","date_gmt":"2024-11-04T17:20:50","guid":{"rendered":"https:\/\/mambaby.al\/?post_type=product&#038;p=16361"},"modified":"2025-10-22T20:41:13","modified_gmt":"2025-10-22T20:41:13","slug":"mburoja-e-thithkave-masa-l","status":"publish","type":"product","link":"https:\/\/mambaby.al\/?product=mburoja-e-thithkave-masa-l","title":{"rendered":"Mburoja E Thithkave Masa L"},"content":{"rendered":"<p>Ju k\u00ebshillohet t\u00eb flisni me nj\u00eb mami ose konsulente infermiere para se t&#8217;i p\u00ebrdorni p\u00ebr her\u00eb t\u00eb par\u00eb.<br \/>\nMbrojtje e but\u00eb e thithkave p\u00ebr thithkat e l\u00ebnduara.<br \/>\nSkinSoft\u2122 Silicone p\u00ebr nj\u00eb ndjenj\u00eb natyrale.<br \/>\nForm\u00eb unike p\u00ebr kontaktin maksimal t\u00eb l\u00ebkur\u00ebs.<br \/>\nDy n\u00eb \u00e7do pako.<br \/>\nE furnizuar n\u00eb nj\u00eb kuti magazinimi sterilizuese.<\/p>\n<p><img decoding=\"async\" class=\"alignnone wp-image-16368\" src=\"http:\/\/mambaby.al\/wp-content\/uploads\/2024\/11\/mam-nipple-shield-detail-incl-numbering_400x400-1-300x300.jpg\" alt=\"\" width=\"197\" height=\"197\" srcset=\"https:\/\/mambaby.al\/wp-content\/uploads\/2024\/11\/mam-nipple-shield-detail-incl-numbering_400x400-1-300x300.jpg 300w, https:\/\/mambaby.al\/wp-content\/uploads\/2024\/11\/mam-nipple-shield-detail-incl-numbering_400x400-1-150x150.jpg 150w, https:\/\/mambaby.al\/wp-content\/uploads\/2024\/11\/mam-nipple-shield-detail-incl-numbering_400x400-1.jpg 400w\" sizes=\"(max-width: 197px) 100vw, 197px\" \/><\/p>\n<p>1. L\u00cbKUR\u00cb SOFT TM SILIKONI<br \/>\nSip\u00ebrfaqe silikoni e but\u00eb m\u00ebndafshi &#8211; p\u00ebr nj\u00eb ndjenj\u00eb t\u00eb njohur.<br \/>\n2. MATERIALI<br \/>\nSilikoni shum\u00eb i holl\u00eb &#8211; p\u00ebr kontaktin maksimal t\u00eb l\u00ebkur\u00ebs.<br \/>\n3. SIP\u00cbRFAQE E TEXTURUAR<br \/>\nLejon ajrin t\u00eb kaloj\u00eb midis mburoj\u00ebs s\u00eb foshnj\u00ebs dhe thithk\u00ebs. Ve\u00e7an\u00ebrisht e but\u00eb n\u00eb l\u00ebkur\u00ebn e foshnj\u00ebs.<br \/>\n4. FORMA MAM<br \/>\nE lejon foshnj\u00ebn t\u00eb ndjej\u00eb dhe t\u00eb nuhas\u00eb l\u00ebkur\u00ebn e mamit.<\/p>\n<div class=\"cms-block pos-1 cms-block-product-description-reviews\">\n<div class=\"cms-block-container\">\n<div class=\"cms-block-container-row row cms-row \">\n<div class=\"col-12\" data-cms-element-id=\"0190df6f274873dfa7ae114c5450fadf\">\n<div class=\"product-detail-tabs cms-element-product-description-reviews\">\n<div class=\"card card-tabs\">\n<div class=\"product-detail-tabs-content card-body\">\n<div class=\"tab-content\">\n<div id=\"label-tab-ebd7b17538764ac39d11f4458bc54c72-pane\" class=\"tab-pane fade show active\" role=\"tabpanel\" aria-labelledby=\"label-tab-ebd7b17538764ac39d11f4458bc54c72\">\n<div class=\"offcanvas-body\">\n<div class=\"product-detail-label tab-pane-container\">\n<div class=\"product-detail-label-content\">\n<div class=\"product-detail-label-inner\"><img decoding=\"async\" class=\"img-fluid\" title=\"All MAM products are made from materials free of BPA and BPS\" src=\"https:\/\/cdn.mambaby.com\/icMtWssxii9cP4Rt_cugBo6JVWUYGL7rjOoSFH9S7NM\/rs%3Afit%3A3000%3A%3A\/gravity%3Asm\/aHR0cHM6Ly93d3cubWFtYmFieS5jb20vbWVkaWEvYmUvZzAvMzkvMTcwNjc4MDk3MC9tYW0taWNvbnNhbmRhd2FyZHNfQlBBLUJQUyBGcmVlLmpwZw\" alt=\"All MAM products are made from materials free of BPA and BPS\" width=\"100\" height=\"100\" \/><br \/>\nT\u00eb gjitha produktet MAM jan\u00eb b\u00ebr\u00eb nga materiale pa BPA dhe BPS<\/div>\n<div class=\"product-detail-label-inner\"><img decoding=\"async\" class=\"img-fluid\" title=\"MAM SkinSoft\u2122 Silicone: easily accepted by babies - for a familiar feeling \" src=\"https:\/\/cdn.mambaby.com\/KraQVKEcXZREULqgaRzV-9Nii7V0O1FdsNg6s28T1uE\/rs%3Afit%3A3000%3A%3A\/gravity%3Asm\/aHR0cHM6Ly93d3cubWFtYmFieS5jb20vbWVkaWEvNmQvOGEvNzcvMTcwNjc4MjE0Ny9tYW0taWNvbnNhbmRhd2FyZHNfc2tpbl9zb2Z0X3NpbGljb25lLmpwZw\" alt=\"MAM SkinSoft\u2122 Silicone: easily accepted by babies - for a familiar feeling \" width=\"100\" height=\"100\" \/><br \/>\nMAM SkinSoft\u2122 Silicone: pranohet leht\u00eb nga foshnjat &#8211; p\u00ebr nj\u00eb ndjenj\u00eb t\u00eb njohur<\/div>\n<div class=\"product-detail-label-inner\"><img loading=\"lazy\" decoding=\"async\" class=\"img-fluid\" title=\"This product comes in a sterilizing &amp; carry box - for convenient and time-saving sterilizing in the microwave\" src=\"https:\/\/cdn.mambaby.com\/vryBJ3ksTIh5-ZlcAZuYGCZn5w7GE9dCEKHeTOtUh0E\/rs%3Afit%3A3000%3A%3A\/gravity%3Asm\/aHR0cHM6Ly93d3cubWFtYmFieS5jb20vbWVkaWEvOTMvZDIvNjcvMTcwNjc4OTY5MC9NQU1faWNvbnNfYXNfb25saW5lX3Nob3BfMTAwMHgxMDAwcHhfU3RlcmlsaXplcl9ib3guanBn\" alt=\"This product comes in a sterilizing &amp; carry box - for convenient and time-saving sterilizing in the microwave\" width=\"100\" height=\"100\" \/><br \/>\nKy produkt vjen n\u00eb nj\u00eb kuti sterilizuese dhe mbajt\u00ebse &#8211; p\u00ebr sterilizimin e p\u00ebrshtatsh\u00ebm dhe q\u00eb kursen koh\u00eb n\u00eb mikroval\u00eb<\/div>\n<\/div>\n<\/div>\n<\/div>\n<\/div>\n<\/div>\n<\/div>\n<\/div>\n<\/div>\n<\/div>\n<\/div>\n<\/div>\n<\/div>\n","protected":false},"excerpt":{"rendered":"<p>Ju k\u00ebshillohet t\u00eb flisni me nj\u00eb mami ose konsulente infermiere para se t&#8217;i p\u00ebrdorni p\u00ebr her\u00eb t\u00eb par\u00eb. Mbrojtje e<\/p>\n","protected":false},"featured_media":16363,"comment_status":"open","ping_status":"closed","template":"","meta":[],"product_cat":[84],"product_tag":[],"class_list":{"0":"post-16361","1":"product","2":"type-product","3":"status-publish","4":"has-post-thumbnail","6":"product_cat-ushqyerja-me-gji","8":"first","9":"instock","10":"shipping-taxable","11":"purchasable","12":"product-type-simple"},"_links":{"self":[{"href":"https:\/\/mambaby.al\/index.php?rest_route=\/wp\/v2\/product\/16361","targetHints":{"allow":["GET"]}}],"collection":[{"href":"https:\/\/mambaby.al\/index.php?rest_route=\/wp\/v2\/product"}],"about":[{"href":"https:\/\/mambaby.al\/index.php?rest_route=\/wp\/v2\/types\/product"}],"replies":[{"embeddable":true,"href":"https:\/\/mambaby.al\/index.php?rest_route=%2Fwp%2Fv2%2Fcomments&post=16361"}],"version-history":[{"count":3,"href":"https:\/\/mambaby.al\/index.php?rest_route=\/wp\/v2\/product\/16361\/revisions"}],"predecessor-version":[{"id":16959,"href":"https:\/\/mambaby.al\/index.php?rest_route=\/wp\/v2\/product\/16361\/revisions\/16959"}],"wp:featuredmedia":[{"embeddable":true,"href":"https:\/\/mambaby.al\/index.php?rest_route=\/wp\/v2\/media\/16363"}],"wp:attachment":[{"href":"https:\/\/mambaby.al\/index.php?rest_route=%2Fwp%2Fv2%2Fmedia&parent=16361"}],"wp:term":[{"taxonomy":"product_cat","embeddable":true,"href":"https:\/\/mambaby.al\/index.php?rest_route=%2Fwp%2Fv2%2Fproduct_cat&post=16361"},{"taxonomy":"product_tag","embeddable":true,"href":"https:\/\/mambaby.al\/index.php?rest_route=%2Fwp%2Fv2%2Fproduct_tag&post=16361"}],"curies":[{"name":"wp","href":"https:\/\/api.w.org\/{rel}","templated":true}]}}