{"id":16371,"date":"2024-11-05T09:24:00","date_gmt":"2024-11-05T09:24:00","guid":{"rendered":"https:\/\/mambaby.al\/?post_type=product&#038;p=16371"},"modified":"2024-11-07T23:44:05","modified_gmt":"2024-11-07T23:44:05","slug":"trainer-220ml","status":"publish","type":"product","link":"https:\/\/mambaby.al\/?product=trainer-220ml","title":{"rendered":"Trainer+ 220ml"},"content":{"rendered":"<p>2 hapa p\u00ebr pirjen e pavarur:<\/p>\n<p>HAPI 1 Biberon pa derdhje: Biberoni pa derdhje me sip\u00ebrfaqen e silikonit SkinSoft e b\u00ebn t\u00eb leht\u00eb kalimin nga ushqimi me gji n\u00eb shishe ose Trainer+ dhe mb\u00ebshtet p\u00ebrpjekjet e para t\u00eb pavarura t\u00eb foshnj\u00ebs p\u00ebr t\u00eb pir\u00eb.<\/p>\n<p>HAPI 2 Spouti ekstra i but\u00eb pa derdhje: Me spoutin ekstra t\u00eb but\u00eb pa derdhje foshnjat m\u00ebsojn\u00eb kalimin nga gjiri ose shishja n\u00eb filxhan leht\u00ebsisht.<\/p>\n<p>P\u00ebr nj\u00eb kalim t\u00eb leht\u00eb nga ushqimi me gji ose shishe n\u00eb Trainer+ ose kup\u00eb<br \/>\nDoreza ve\u00e7an\u00ebrisht t\u00eb dizajnuara p\u00ebr duart e vogla t\u00eb foshnj\u00ebs<br \/>\nHapje t\u00eb gjera p\u00ebr mbushje dhe pastrim t\u00eb leht\u00eb<\/p>\n<p><img decoding=\"async\" class=\"alignnone wp-image-16372\" src=\"http:\/\/mambaby.al\/wp-content\/uploads\/2024\/11\/mam-trainer-220ml-jungle-girl_2_400x400-300x300.jpg\" alt=\"\" width=\"182\" height=\"182\" srcset=\"https:\/\/mambaby.al\/wp-content\/uploads\/2024\/11\/mam-trainer-220ml-jungle-girl_2_400x400-300x300.jpg 300w, https:\/\/mambaby.al\/wp-content\/uploads\/2024\/11\/mam-trainer-220ml-jungle-girl_2_400x400-150x150.jpg 150w, https:\/\/mambaby.al\/wp-content\/uploads\/2024\/11\/mam-trainer-220ml-jungle-girl_2_400x400.jpg 400w\" sizes=\"(max-width: 182px) 100vw, 182px\" \/><\/p>\n<p>1. KAPAKU I PLUHURIT<br \/>\nGjithashtu dyfishohet si nj\u00eb kup\u00eb mat\u00ebse fal\u00eb shkall\u00ebs s\u00eb integruar<\/p>\n<p>2. DOREZAT<br \/>\nDizajni jo-rr\u00ebshqit\u00ebs \u2013 siguron nj\u00eb mbajtje t\u00eb sigurt n\u00eb duart e foshnj\u00ebs<\/p>\n<p>3. HAPJA E GJER\u00cb<br \/>\nMbushje dhe pastrim i leht\u00eb<\/p>\n<p>Produkti plot\u00ebson k\u00ebrkesat e Standardit Evropian EN 14350:2020.<br \/>\nBiberoni dhe lugu simetrik p\u00ebrshtaten me t\u00eb gjitha shishet MAM dhe trainerin+. Dorezat p\u00ebrshtaten me t\u00eb gjitha shishet MAM dhe Trainer+ (p\u00ebrve\u00e7 MAM Easy Start\u2122 Anti-Colic 130ml).<\/p>\n<p>\u00b0BPA\/BPS falas: T\u00eb gjitha shishet MAM jan\u00eb b\u00ebr\u00eb nga materiale pa BPS dhe BPA (BPA Free n\u00eb p\u00ebrputhje me Rregulloren (BE) Nr.321\/2011)<\/p>\n<div class=\"cms-block pos-1 cms-block-product-description-reviews\">\n<div class=\"cms-block-container\">\n<div class=\"cms-block-container-row row cms-row \">\n<div class=\"col-12\" data-cms-element-id=\"0190df6f274873dfa7ae114c5450fadf\">\n<div class=\"product-detail-tabs cms-element-product-description-reviews\">\n<div class=\"card card-tabs\">\n<div class=\"product-detail-tabs-content card-body\">\n<div class=\"tab-content\">\n<div id=\"label-tab-e3ca37f62a704fc6a1c083929ed9210c-pane\" class=\"tab-pane fade show active\" role=\"tabpanel\" aria-labelledby=\"label-tab-e3ca37f62a704fc6a1c083929ed9210c\">\n<div class=\"offcanvas-body\">\n<div class=\"product-detail-label tab-pane-container\">\n<div class=\"product-detail-label-content\">\n<div class=\"product-detail-label-inner\"><img decoding=\"async\" class=\"img-fluid\" title=\"All MAM products are made from materials free of BPA and BPS\" src=\"https:\/\/cdn.mambaby.com\/icMtWssxii9cP4Rt_cugBo6JVWUYGL7rjOoSFH9S7NM\/rs%3Afit%3A3000%3A%3A\/gravity%3Asm\/aHR0cHM6Ly93d3cubWFtYmFieS5jb20vbWVkaWEvYmUvZzAvMzkvMTcwNjc4MDk3MC9tYW0taWNvbnNhbmRhd2FyZHNfQlBBLUJQUyBGcmVlLmpwZw\" alt=\"All MAM products are made from materials free of BPA and BPS\" width=\"107\" height=\"107\" \/><br \/>\nT\u00eb gjitha produktet MAM jan\u00eb b\u00ebr\u00eb nga materiale pa BPA dhe BPS<\/div>\n<div class=\"product-detail-label-inner\"><img decoding=\"async\" class=\"img-fluid\" title=\"MAM SkinSoft\u2122 Silicone: easily accepted by babies - for a familiar feeling \" src=\"https:\/\/cdn.mambaby.com\/KraQVKEcXZREULqgaRzV-9Nii7V0O1FdsNg6s28T1uE\/rs%3Afit%3A3000%3A%3A\/gravity%3Asm\/aHR0cHM6Ly93d3cubWFtYmFieS5jb20vbWVkaWEvNmQvOGEvNzcvMTcwNjc4MjE0Ny9tYW0taWNvbnNhbmRhd2FyZHNfc2tpbl9zb2Z0X3NpbGljb25lLmpwZw\" alt=\"MAM SkinSoft\u2122 Silicone: easily accepted by babies - for a familiar feeling \" width=\"105\" height=\"105\" \/><br \/>\nMAM SkinSoft\u2122 Silicone: pranohet leht\u00eb nga foshnjat &#8211; p\u00ebr nj\u00eb ndjenj\u00eb t\u00eb njohur<\/div>\n<div class=\"product-detail-label-inner\"><img loading=\"lazy\" decoding=\"async\" class=\"img-fluid\" title=\"Extra-soft spout \u2013 ideal for baby\u2019s first cup\" src=\"https:\/\/cdn.mambaby.com\/Ob-ao8ONCUCF6V3KvjzTdZ5UcyowyKjKLti6Iah_nRM\/rs%3Afit%3A3000%3A%3A\/gravity%3Asm\/aHR0cHM6Ly93d3cubWFtYmFieS5jb20vbWVkaWEvNzAvMTcvY2QvMTcwNjc5MDg5Ni9NQU1faWNvbl9leHRyYV9zb2Z0X3Nwb3V0XzUwMHg1MDBweC5qcGc\" alt=\"Extra-soft spout \u2013 ideal for baby\u2019s first cup\" width=\"104\" height=\"104\" \/><br \/>\nEkstra e but\u00eb \u2013 ideale p\u00ebr filxhanin e par\u00eb t\u00eb foshnj\u00ebs<\/div>\n<div class=\"product-detail-label-inner\"><img loading=\"lazy\" decoding=\"async\" class=\"img-fluid\" title=\"Spill free - for a first independent feeding\" src=\"https:\/\/cdn.mambaby.com\/euoijplM7DftvJQha0XmnJoV3A_qVvf1NU7v3sb6FVM\/rs%3Afit%3A3000%3A%3A\/gravity%3Asm\/aHR0cHM6Ly93d3cubWFtYmFieS5jb20vbWVkaWEvZjUvZDYvY2UvMTcwNjc4OTM2MC9NQU1faWNvbl9ub25fc3BpbGxfNTAweDUwMHB4LmpwZw\" alt=\"Spill free - for a first independent feeding\" width=\"67\" height=\"67\" \/>\u00a0 \u00a0 \u00a0 \u00a0 \u00a0<br \/>\nProva e derdhjes &#8211; p\u00ebr nj\u00eb ushqim t\u00eb par\u00eb t\u00eb pavarur<\/div>\n<div class=\"product-detail-label-inner\"><img loading=\"lazy\" decoding=\"async\" class=\"img-fluid\" title=\"For babies from 4 months\" src=\"https:\/\/cdn.mambaby.com\/fkaOpRkmTqfcL6FTcpBoN1rOhoSGGuupb7k5-Slav0c\/rs%3Afit%3A3000%3A%3A\/gravity%3Asm\/aHR0cHM6Ly93d3cubWFtYmFieS5jb20vbWVkaWEvMDcvODcvNTYvMTcwNjc4MTYyOC9tYW0taWNvbnNhbmRhd2FyZHNfNHBsdXMuanBn\" alt=\"For babies from 4 months\" width=\"105\" height=\"105\" \/><br \/>\nP\u00ebr bebe 4 muaj<\/div>\n<\/div>\n<\/div>\n<\/div>\n<\/div>\n<\/div>\n<\/div>\n<\/div>\n<\/div>\n<\/div>\n<\/div>\n<\/div>\n<\/div>\n","protected":false},"excerpt":{"rendered":"<p>2 hapa p\u00ebr pirjen e pavarur: HAPI 1 Biberon pa derdhje: Biberoni pa derdhje me sip\u00ebrfaqen e silikonit SkinSoft e<\/p>\n","protected":false},"featured_media":16373,"comment_status":"open","ping_status":"closed","template":"","meta":[],"product_cat":[86],"product_tag":[],"class_list":{"0":"post-16371","1":"product","2":"type-product","3":"status-publish","4":"has-post-thumbnail","6":"product_cat-mesoni-te-pini-dhe-hani","8":"first","9":"instock","10":"shipping-taxable","11":"purchasable","12":"product-type-simple"},"_links":{"self":[{"href":"https:\/\/mambaby.al\/index.php?rest_route=\/wp\/v2\/product\/16371","targetHints":{"allow":["GET"]}}],"collection":[{"href":"https:\/\/mambaby.al\/index.php?rest_route=\/wp\/v2\/product"}],"about":[{"href":"https:\/\/mambaby.al\/index.php?rest_route=\/wp\/v2\/types\/product"}],"replies":[{"embeddable":true,"href":"https:\/\/mambaby.al\/index.php?rest_route=%2Fwp%2Fv2%2Fcomments&post=16371"}],"version-history":[{"count":4,"href":"https:\/\/mambaby.al\/index.php?rest_route=\/wp\/v2\/product\/16371\/revisions"}],"predecessor-version":[{"id":16594,"href":"https:\/\/mambaby.al\/index.php?rest_route=\/wp\/v2\/product\/16371\/revisions\/16594"}],"wp:featuredmedia":[{"embeddable":true,"href":"https:\/\/mambaby.al\/index.php?rest_route=\/wp\/v2\/media\/16373"}],"wp:attachment":[{"href":"https:\/\/mambaby.al\/index.php?rest_route=%2Fwp%2Fv2%2Fmedia&parent=16371"}],"wp:term":[{"taxonomy":"product_cat","embeddable":true,"href":"https:\/\/mambaby.al\/index.php?rest_route=%2Fwp%2Fv2%2Fproduct_cat&post=16371"},{"taxonomy":"product_tag","embeddable":true,"href":"https:\/\/mambaby.al\/index.php?rest_route=%2Fwp%2Fv2%2Fproduct_tag&post=16371"}],"curies":[{"name":"wp","href":"https:\/\/api.w.org\/{rel}","templated":true}]}}