{"id":16400,"date":"2024-11-05T10:04:47","date_gmt":"2024-11-05T10:04:47","guid":{"rendered":"https:\/\/mambaby.al\/?post_type=product&#038;p=16400"},"modified":"2024-11-07T23:40:53","modified_gmt":"2024-11-07T23:40:53","slug":"fun-to-drink-cup-better-together-270ml-drinking-cup","status":"publish","type":"product","link":"https:\/\/mambaby.al\/?product=fun-to-drink-cup-better-together-270ml-drinking-cup","title":{"rendered":"Fun to Drink Cup Better Together 270ml &#8211; Drinking Cup"},"content":{"rendered":"<p>Gati p\u00ebr kup\u00ebn e arg\u00ebtimit p\u00ebr t\u00eb pir\u00eb? Dizajner\u00ebt e MAM kan\u00eb zhvilluar nj\u00eb filxhan novator Fun To Drink q\u00eb ndihmon bebet t\u00eb m\u00ebsojn\u00eb t\u00eb pin\u00eb n\u00eb m\u00ebnyr\u00eb t\u00eb pavarur.<\/p>\n<p>Spouti i fort\u00eb e b\u00ebn t\u00eb leht\u00eb kalimin nga nj\u00eb kup\u00eb st\u00ebrvitjeje n\u00eb nj\u00eb got\u00eb<br \/>\nSistemi i valvulave t\u00eb patentuara \u2013 pa drips ose rrjedhje t\u00eb lir\u00eb<br \/>\nElegant dhe i thjesht\u00eb \u2013 p\u00ebr eksploruesit e vegj\u00ebl<\/p>\n<p><img decoding=\"async\" class=\"alignnone  wp-image-16406\" src=\"http:\/\/mambaby.al\/wp-content\/uploads\/2024\/11\/learn_to_drink_270ml_3_1_1_400x400-173x300.jpg\" alt=\"\" width=\"143\" height=\"248\" srcset=\"https:\/\/mambaby.al\/wp-content\/uploads\/2024\/11\/learn_to_drink_270ml_3_1_1_400x400-173x300.jpg 173w, https:\/\/mambaby.al\/wp-content\/uploads\/2024\/11\/learn_to_drink_270ml_3_1_1_400x400-150x259.jpg 150w, https:\/\/mambaby.al\/wp-content\/uploads\/2024\/11\/learn_to_drink_270ml_3_1_1_400x400.jpg 229w\" sizes=\"(max-width: 143px) 100vw, 143px\" \/><\/p>\n<p>1.Spouti i fort\u00eb \u00ebsht\u00eb ideal p\u00ebr kalimin nga nj\u00eb kup\u00eb st\u00ebrvitjeje n\u00eb nj\u00eb got\u00eb. Sistemi i valvulave t\u00eb patentuara.<br \/>\n2.Me stil dhe i thjesht\u00eb \u2013 p\u00ebr eksploruesit e vegj\u00ebl. Forma e lakuar dhe dizajni novator e b\u00ebjn\u00eb ve\u00e7an\u00ebrisht t\u00eb leht\u00eb p\u00ebr t&#8217;u mbajtur. E gjith\u00eb gama e kup\u00ebs MAM \u00ebsht\u00eb kompatib\u00ebl \u2013 t\u00eb gjitha pjes\u00ebt e kup\u00ebs MAM jan\u00eb t\u00eb nd\u00ebrrueshme dhe mund t\u00eb kombinohen me nj\u00ebra-tjetr\u00ebn sipas nevoj\u00ebs.<\/p>\n<p>Produkti plot\u00ebson k\u00ebrkesat e Standardit Evropian EN 14350:2020.<br \/>\nDorezat e kup\u00ebs dhe kup\u00ebs jan\u00eb t\u00eb p\u00ebrputhshme me t\u00eb gjitha kupat MAM.<\/p>\n<div class=\"product-detail-label-inner\"><img decoding=\"async\" class=\"img-fluid\" title=\"All MAM products are made from materials free of BPA and BPS\" src=\"https:\/\/cdn.mambaby.com\/icMtWssxii9cP4Rt_cugBo6JVWUYGL7rjOoSFH9S7NM\/rs%3Afit%3A3000%3A%3A\/gravity%3Asm\/aHR0cHM6Ly93d3cubWFtYmFieS5jb20vbWVkaWEvYmUvZzAvMzkvMTcwNjc4MDk3MC9tYW0taWNvbnNhbmRhd2FyZHNfQlBBLUJQUyBGcmVlLmpwZw\" alt=\"All MAM products are made from materials free of BPA and BPS\" width=\"107\" height=\"107\" \/><br \/>\nT\u00eb gjitha produktet MAM jan\u00eb b\u00ebr\u00eb nga materiale pa BPA dhe BPS<\/div>\n<div class=\"product-detail-label-inner\"><img decoding=\"async\" class=\"img-fluid\" title=\"MAM SkinSoft\u2122 Silicone: easily accepted by babies - for a familiar feeling \" src=\"https:\/\/cdn.mambaby.com\/KraQVKEcXZREULqgaRzV-9Nii7V0O1FdsNg6s28T1uE\/rs%3Afit%3A3000%3A%3A\/gravity%3Asm\/aHR0cHM6Ly93d3cubWFtYmFieS5jb20vbWVkaWEvNmQvOGEvNzcvMTcwNjc4MjE0Ny9tYW0taWNvbnNhbmRhd2FyZHNfc2tpbl9zb2Z0X3NpbGljb25lLmpwZw\" alt=\"MAM SkinSoft\u2122 Silicone: easily accepted by babies - for a familiar feeling \" width=\"105\" height=\"105\" \/><br \/>\nMAM SkinSoft\u2122 Silicone: pranohet leht\u00eb nga foshnjat &#8211; p\u00ebr nj\u00eb ndjenj\u00eb t\u00eb njohur<\/div>\n<div><img loading=\"lazy\" decoding=\"async\" class=\"img-fluid\" title=\"Hard spout - ideal for the transition from a cup to a glass\" src=\"https:\/\/cdn.mambaby.com\/n4TmhpEHR3KxnDAYaz7eX7UULCpIpuhBfVGFkn2smzI\/rs%3Afit%3A3000%3A%3A\/gravity%3Asm\/aHR0cHM6Ly93d3cubWFtYmFieS5jb20vbWVkaWEvMGMvNzMvMjIvMTcwNjc5MDkzOC9tYW0taWNvbnNhbmRhd2FyZHNfaGFyZF9zcG91dF9tLmpwZw\" alt=\"Hard spout - ideal for the transition from a cup to a glass\" width=\"104\" height=\"104\" \/><br \/>\nSpout i fort\u00eb &#8211; ideal p\u00ebr kalimin nga nj\u00eb filxhan n\u00eb nj\u00eb got\u00eb<\/div>\n<div class=\"product-detail-label-inner\"><img loading=\"lazy\" decoding=\"async\" class=\"img-fluid\" title=\"Spill free - for a first independent feeding\" src=\"https:\/\/cdn.mambaby.com\/euoijplM7DftvJQha0XmnJoV3A_qVvf1NU7v3sb6FVM\/rs%3Afit%3A3000%3A%3A\/gravity%3Asm\/aHR0cHM6Ly93d3cubWFtYmFieS5jb20vbWVkaWEvZjUvZDYvY2UvMTcwNjc4OTM2MC9NQU1faWNvbl9ub25fc3BpbGxfNTAweDUwMHB4LmpwZw\" alt=\"Spill free - for a first independent feeding\" width=\"67\" height=\"67\" \/>\u00a0 \u00a0 \u00a0 \u00a0 \u00a0<br \/>\nProva e derdhjes &#8211; p\u00ebr nj\u00eb ushqim t\u00eb par\u00eb t\u00eb pavarur<\/div>\n<div><img loading=\"lazy\" decoding=\"async\" class=\"img-fluid\" title=\"For babies from 8 months\" src=\"https:\/\/cdn.mambaby.com\/ILx_yEkgHxa5DM5jk0gCSmfjZqXTE5YB9VqJp9U-R5E\/rs%3Afit%3A3000%3A%3A\/gravity%3Asm\/aHR0cHM6Ly93d3cubWFtYmFieS5jb20vbWVkaWEvMTMvMWYvYWEvMTcwNjc4MTc0MS9tYW0taWNvbnNhbmRhd2FyZHNfOHBsdXNfbS5qcGc\" alt=\"For babies from 8 months\" width=\"105\" height=\"105\" \/><br \/>\nP\u00ebr foshnjat 8 muaj<\/div>\n<p>&nbsp;<\/p>\n","protected":false},"excerpt":{"rendered":"<p>Gati p\u00ebr kup\u00ebn e arg\u00ebtimit p\u00ebr t\u00eb pir\u00eb? Dizajner\u00ebt e MAM kan\u00eb zhvilluar nj\u00eb filxhan novator Fun To Drink q\u00eb<\/p>\n","protected":false},"featured_media":16401,"comment_status":"open","ping_status":"closed","template":"","meta":[],"product_cat":[86],"product_tag":[],"class_list":{"0":"post-16400","1":"product","2":"type-product","3":"status-publish","4":"has-post-thumbnail","6":"product_cat-mesoni-te-pini-dhe-hani","8":"first","9":"instock","10":"shipping-taxable","11":"purchasable","12":"product-type-simple"},"_links":{"self":[{"href":"https:\/\/mambaby.al\/index.php?rest_route=\/wp\/v2\/product\/16400","targetHints":{"allow":["GET"]}}],"collection":[{"href":"https:\/\/mambaby.al\/index.php?rest_route=\/wp\/v2\/product"}],"about":[{"href":"https:\/\/mambaby.al\/index.php?rest_route=\/wp\/v2\/types\/product"}],"replies":[{"embeddable":true,"href":"https:\/\/mambaby.al\/index.php?rest_route=%2Fwp%2Fv2%2Fcomments&post=16400"}],"version-history":[{"count":3,"href":"https:\/\/mambaby.al\/index.php?rest_route=\/wp\/v2\/product\/16400\/revisions"}],"predecessor-version":[{"id":16591,"href":"https:\/\/mambaby.al\/index.php?rest_route=\/wp\/v2\/product\/16400\/revisions\/16591"}],"wp:featuredmedia":[{"embeddable":true,"href":"https:\/\/mambaby.al\/index.php?rest_route=\/wp\/v2\/media\/16401"}],"wp:attachment":[{"href":"https:\/\/mambaby.al\/index.php?rest_route=%2Fwp%2Fv2%2Fmedia&parent=16400"}],"wp:term":[{"taxonomy":"product_cat","embeddable":true,"href":"https:\/\/mambaby.al\/index.php?rest_route=%2Fwp%2Fv2%2Fproduct_cat&post=16400"},{"taxonomy":"product_tag","embeddable":true,"href":"https:\/\/mambaby.al\/index.php?rest_route=%2Fwp%2Fv2%2Fproduct_tag&post=16400"}],"curies":[{"name":"wp","href":"https:\/\/api.w.org\/{rel}","templated":true}]}}