{"id":16442,"date":"2024-11-06T11:50:52","date_gmt":"2024-11-06T11:50:52","guid":{"rendered":"https:\/\/mambaby.al\/?post_type=product&#038;p=16442"},"modified":"2024-11-07T23:35:57","modified_gmt":"2024-11-07T23:35:57","slug":"easy-start-anti-colic-160ml-biberon","status":"publish","type":"product","link":"https:\/\/mambaby.al\/?product=easy-start-anti-colic-160ml-biberon","title":{"rendered":"Easy Start\u2122 Anti-Colic 160ml Biberon"},"content":{"rendered":"<ul>\n<li>Zvog\u00eblon flluskat e ajrit dhe kolik\u00ebn2<\/li>\n<li>Koka e shesht\u00eb dhe e but\u00eb \u2013 si gjoksi i mamit kur ushqehet me gji<\/li>\n<li>Ideale p\u00ebr t&#8217;u kombinuar me ushqimin me gji<\/li>\n<li>Hapje t\u00eb gjera p\u00ebr mbushje dhe pastrim t\u00eb leht\u00eb<\/li>\n<li>Me funksion unik vet\u00eb-sterilizues \u2013 ideal p\u00ebr t\u00eb shkuar<\/li>\n<\/ul>\n<p><img decoding=\"async\" class=\"alignnone wp-image-16443\" src=\"http:\/\/mambaby.al\/wp-content\/uploads\/2024\/11\/mambaby_PDP_image_ESAC_numbers-300x300.webp\" alt=\"\" width=\"217\" height=\"217\" srcset=\"https:\/\/mambaby.al\/wp-content\/uploads\/2024\/11\/mambaby_PDP_image_ESAC_numbers-300x300.webp 300w, https:\/\/mambaby.al\/wp-content\/uploads\/2024\/11\/mambaby_PDP_image_ESAC_numbers-150x150.webp 150w, https:\/\/mambaby.al\/wp-content\/uploads\/2024\/11\/mambaby_PDP_image_ESAC_numbers.webp 400w\" sizes=\"(max-width: 217px) 100vw, 217px\" \/><\/p>\n<p>1. KAPAKU I PLUHURIT<br \/>\nProv\u00eb e derdhjes; Dyfishohet si kup\u00eb mat\u00ebse<\/p>\n<p>2. KOK\u00cb SILIKONI SKINSOFTTM<br \/>\nForm\u00eb simetrike unike e shesht\u00eb \u2013 si gjoksi i mamit kur allaitohet. Sip\u00ebrfaqe silikoni e but\u00eb m\u00ebndafshi &#8211; p\u00ebr nj\u00eb ndjenj\u00eb t\u00eb njohur. 94% e foshnjave pranojn\u00eb \u00e7ajin ton\u00eb t\u00eb shishes1<\/p>\n<p>3. HAPJE T\u00cb GJERA<br \/>\nMbushje e leht\u00eb; Pastrim i shpejt\u00eb dhe i leht\u00eb<\/p>\n<p>4. BAZA E VENTILUAR<br \/>\nRrjedhja e l\u00ebmuar e pirjes e pengon foshnj\u00ebn t\u00eb g\u00eblltit\u00eb ajrin; zvog\u00eblon flluskat e ajrit dhe kolik\u00ebn2<\/p>\n<p>Ky produkt plot\u00ebson k\u00ebrkesat e Standardit Evropian EN 14350:2020.<br \/>\nKoka e shishes p\u00ebrshtatet me t\u00eb gjitha shishet e qaf\u00ebs s\u00eb gjer\u00eb MAM dhe trainerin.<\/p>\n<p>1- Market research 2010-2020, testuar me 1.572 foshnja.<br \/>\n2-Field study, Austria 2011, testuar me 73 n\u00ebna t\u00eb foshnjave me kolik\u00eb \/ Market research, USA 2010, testuar me 35 n\u00ebna t\u00eb foshnjave me kolik\u00eb.<\/p>\n<div class=\"product-detail-label-inner\">\n<p><img decoding=\"async\" class=\"img-fluid\" title=\"94% nipple acceptance: easily accepted by babies \u2013 for a familiar feeling\" src=\"https:\/\/cdn.mambaby.com\/Zt8FVhUW00IIKas-1zEOFNwe8EIhoxCN6C6XpSmpvI8\/rs%3Afit%3A3000%3A%3A\/gravity%3Asm\/aHR0cHM6Ly93d3cubWFtYmFieS5jb20vbWVkaWEvNTgvN2QvNDEvMTcwNjc4OTU2NS9NQU1faWNvbnNfYXNfb25saW5lX3Nob3BfMTAwMHgxMDAwcHhfOTRfbmlwcGxlX2FjY2VwdGFuY2UuanBn\" alt=\"94% nipple acceptance: easily accepted by babies \u2013 for a familiar feeling\" width=\"105\" height=\"105\" \/>\u00a0<br \/>\n94% pranimi i thithkave: pranohet leht\u00ebsisht nga foshnjat \u2013 p\u00ebr nj\u00eb ndjenj\u00eb t\u00eb njohur\n<\/div>\n<div class=\"product-detail-label-inner\"><img decoding=\"async\" class=\"img-fluid\" title=\"All MAM products are made from materials free of BPA and BPS\" src=\"https:\/\/cdn.mambaby.com\/icMtWssxii9cP4Rt_cugBo6JVWUYGL7rjOoSFH9S7NM\/rs%3Afit%3A3000%3A%3A\/gravity%3Asm\/aHR0cHM6Ly93d3cubWFtYmFieS5jb20vbWVkaWEvYmUvZzAvMzkvMTcwNjc4MDk3MC9tYW0taWNvbnNhbmRhd2FyZHNfQlBBLUJQUyBGcmVlLmpwZw\" alt=\"All MAM products are made from materials free of BPA and BPS\" width=\"105\" height=\"105\" \/> \u00a0<br \/>\nT\u00eb gjitha produktet MAM jan\u00eb b\u00ebr\u00eb nga materiale pa BPA dhe BPS<\/div>\n<div class=\"product-detail-label-inner\"><img loading=\"lazy\" decoding=\"async\" class=\"img-fluid\" title=\"MAM SkinSoft\u2122 Silicone: easily accepted by babies - for a familiar feeling \" src=\"https:\/\/cdn.mambaby.com\/KraQVKEcXZREULqgaRzV-9Nii7V0O1FdsNg6s28T1uE\/rs%3Afit%3A3000%3A%3A\/gravity%3Asm\/aHR0cHM6Ly93d3cubWFtYmFieS5jb20vbWVkaWEvNmQvOGEvNzcvMTcwNjc4MjE0Ny9tYW0taWNvbnNhbmRhd2FyZHNfc2tpbl9zb2Z0X3NpbGljb25lLmpwZw\" alt=\"MAM SkinSoft\u2122 Silicone: easily accepted by babies - for a familiar feeling \" width=\"107\" height=\"107\" \/><br \/>\nMAM SkinSoft\u2122 Silicone: pranohet leht\u00eb nga foshnjat &#8211; p\u00ebr nj\u00eb ndjenj\u00eb t\u00eb njohur<\/div>\n<div class=\"product-detail-label-inner\"><img loading=\"lazy\" decoding=\"async\" class=\"img-fluid\" title=\"For babies from 0 months\" src=\"https:\/\/cdn.mambaby.com\/SAL38AH_EEMzedlpSHugpK_o2ksrqyeXEHXFRlfXRc8\/rs%3Afit%3A3000%3A%3A\/gravity%3Asm\/aHR0cHM6Ly93d3cubWFtYmFieS5jb20vbWVkaWEvZjMvYWYvY2IvMTcwNjc4MTAyNS9tYW0taWNvbnNhbmRhd2FyZHNfMHBsdXNfbS5qcGc\" alt=\"For babies from 0 months\" width=\"104\" height=\"104\" \/><br \/>\nP\u00ebr bebet nga 0 muaj<\/div>\n<div class=\"product-detail-label-inner\"><img loading=\"lazy\" decoding=\"async\" class=\"img-fluid\" title=\" This product has a self-sterilizing function - ideal for on the go\" src=\"https:\/\/cdn.mambaby.com\/ixwd_jDsLuErMeHSSllfEzCVHFeak4MX0Cwc28RNtF8\/rs%3Afit%3A3000%3A%3A\/gravity%3Asm\/aHR0cHM6Ly93d3cubWFtYmFieS5jb20vbWVkaWEvODUvODUvNWQvMTcwNjc4OTY3My9NQU1faWNvbnNfYXNfb25saW5lX3Nob3BfMTAwMHgxMDAwcHhfU2VsZi1TdGVyaWxpemluZy5qcGc\" alt=\" This product has a self-sterilizing function - ideal for on the go\" width=\"106\" height=\"106\" \/><br \/>\nKy produkt ka nj\u00eb funksion vet\u00eb-sterilizues &#8211; ideal p\u00ebr t\u00eb shkuar<\/div>\n<div class=\"product-detail-label-inner\"><img loading=\"lazy\" decoding=\"async\" class=\"img-fluid\" title=\"Flow rate 1: perfect for breast milk and formula\" src=\"https:\/\/cdn.mambaby.com\/Rue6VSoAMMVtrMh2m3Q-L8jk8wA3InBDmwKcBe3alPg\/rs%3Afit%3A3000%3A%3A\/gravity%3Asm\/aHR0cHM6Ly93d3cubWFtYmFieS5jb20vbWVkaWEvNjgvY2IvMjcvMTcwNjc4OTM0MC9NQU1faWNvbl90ZWF0XzEuanBn\" alt=\"Flow rate 1: perfect for breast milk and formula\" width=\"106\" height=\"106\" \/><br \/>\nShkalla e rrjedhjes 1: perfekte p\u00ebr qum\u00ebshtin e gjirit dhe formul\u00ebn<\/div>\n<div class=\"product-detail-label-inner\" style=\"text-align: left\"><img loading=\"lazy\" decoding=\"async\" class=\"img-fluid\" title=\"This product is made in Europe\" src=\"https:\/\/cdn.mambaby.com\/Ii_H8uokVH4pnlBkvwbMmBcGhp0KotK4wn9oSyJrRNg\/rs%3Afit%3A3000%3A%3A\/gravity%3Asm\/aHR0cHM6Ly93d3cubWFtYmFieS5jb20vbWVkaWEvNGIvZDMvNGMvMTcxMTM4MTY4Ny9EZXNpZ24gb2huZSBUaXRlbCgyKS5qcGc\" alt=\"This product is made in Europe\" width=\"103\" height=\"103\" \/><br \/>\nKy produkt \u00ebsht\u00eb b\u00ebr\u00eb n\u00eb Evrop\u00eb<\/div>\n","protected":false},"excerpt":{"rendered":"<p>Zvog\u00eblon flluskat e ajrit dhe kolik\u00ebn2 Koka e shesht\u00eb dhe e but\u00eb \u2013 si gjoksi i mamit kur ushqehet me<\/p>\n","protected":false},"featured_media":16444,"comment_status":"open","ping_status":"closed","template":"","meta":[],"product_cat":[83],"product_tag":[],"class_list":{"0":"post-16442","1":"product","2":"type-product","3":"status-publish","4":"has-post-thumbnail","6":"product_cat-biberon","8":"first","9":"instock","10":"shipping-taxable","11":"purchasable","12":"product-type-simple"},"_links":{"self":[{"href":"https:\/\/mambaby.al\/index.php?rest_route=\/wp\/v2\/product\/16442","targetHints":{"allow":["GET"]}}],"collection":[{"href":"https:\/\/mambaby.al\/index.php?rest_route=\/wp\/v2\/product"}],"about":[{"href":"https:\/\/mambaby.al\/index.php?rest_route=\/wp\/v2\/types\/product"}],"replies":[{"embeddable":true,"href":"https:\/\/mambaby.al\/index.php?rest_route=%2Fwp%2Fv2%2Fcomments&post=16442"}],"version-history":[{"count":4,"href":"https:\/\/mambaby.al\/index.php?rest_route=\/wp\/v2\/product\/16442\/revisions"}],"predecessor-version":[{"id":16586,"href":"https:\/\/mambaby.al\/index.php?rest_route=\/wp\/v2\/product\/16442\/revisions\/16586"}],"wp:featuredmedia":[{"embeddable":true,"href":"https:\/\/mambaby.al\/index.php?rest_route=\/wp\/v2\/media\/16444"}],"wp:attachment":[{"href":"https:\/\/mambaby.al\/index.php?rest_route=%2Fwp%2Fv2%2Fmedia&parent=16442"}],"wp:term":[{"taxonomy":"product_cat","embeddable":true,"href":"https:\/\/mambaby.al\/index.php?rest_route=%2Fwp%2Fv2%2Fproduct_cat&post=16442"},{"taxonomy":"product_tag","embeddable":true,"href":"https:\/\/mambaby.al\/index.php?rest_route=%2Fwp%2Fv2%2Fproduct_tag&post=16442"}],"curies":[{"name":"wp","href":"https:\/\/api.w.org\/{rel}","templated":true}]}}