{"id":16488,"date":"2024-11-06T13:06:09","date_gmt":"2024-11-06T13:06:09","guid":{"rendered":"https:\/\/mambaby.al\/?post_type=product&#038;p=16488"},"modified":"2024-11-07T23:32:05","modified_gmt":"2024-11-07T23:32:05","slug":"easy-active-baby-bottle-330ml-biberon","status":"publish","type":"product","link":"https:\/\/mambaby.al\/?product=easy-active-baby-bottle-330ml-biberon","title":{"rendered":"Easy Active\u2122 Baby Bottle 330ml Biberon"},"content":{"rendered":"<ul>\n<li>Forma ergonomike \u2013 e leht\u00eb p\u00ebr duart e vogla p\u00ebr t&#8217;u mbajtur<\/li>\n<li>Koka i shesht\u00eb dhe i but\u00eb \u2013 si gjoksi i mamit kur ushqehet me gji<\/li>\n<li>Hapje t\u00eb gjera p\u00ebr mbushje dhe pastrim t\u00eb leht\u00eb<\/li>\n<li>Motive moderne dhe t\u00eb luajtshme \u2013 planimetri e qart\u00eb dhe tema me stil<\/li>\n<\/ul>\n<p><img decoding=\"async\" class=\"alignnone wp-image-16490\" src=\"http:\/\/mambaby.al\/wp-content\/uploads\/2024\/11\/mam-easy-active-baby-bottle-detail_400x400-300x300.jpg\" alt=\"\" width=\"214\" height=\"214\" srcset=\"https:\/\/mambaby.al\/wp-content\/uploads\/2024\/11\/mam-easy-active-baby-bottle-detail_400x400-300x300.jpg 300w, https:\/\/mambaby.al\/wp-content\/uploads\/2024\/11\/mam-easy-active-baby-bottle-detail_400x400-150x150.jpg 150w, https:\/\/mambaby.al\/wp-content\/uploads\/2024\/11\/mam-easy-active-baby-bottle-detail_400x400.jpg 400w\" sizes=\"(max-width: 214px) 100vw, 214px\" \/><\/p>\n<p>1. KAPAKU I PLUHURIT<br \/>\nProv\u00eb e derdhjes; Dyfishohet si kup\u00eb mat\u00ebse<br \/>\n2. KOK\u00cb SILIKONI SKINSOFTTM<br \/>\nForm\u00eb simetrike unike e shesht\u00eb \u2013 si gjoksi i mamit kur ushqehet. Sip\u00ebrfaqe silikoni e but\u00eb m\u00ebndafshi &#8211; p\u00ebr nj\u00eb ndjenj\u00eb t\u00eb njohur. 94% e foshnjave pranojn\u00eb kok\u00ebn ton\u00eb t\u00eb shishes<br \/>\n3. HAPJE T\u00cb GJERA<br \/>\nMbushje e leht\u00eb; Pastrim i shpejt\u00eb dhe i leht\u00eb<br \/>\n4. FORMA ERGONOMIKE<br \/>\nE leht\u00eb p\u00ebr t&#8217;u mbajtur si p\u00ebr foshnjat, ashtu edhe p\u00ebr prind\u00ebrit.<\/p>\n<p>Ky produkt plot\u00ebson k\u00ebrkesat e Standardit Evropian EN 14350:2020.<br \/>\n\u00c7aji i shisheve p\u00ebrshtatet me t\u00eb gjitha shishet e qaf\u00ebs s\u00eb gjer\u00eb MAM dhe trainerin+.<\/p>\n<p>1 Studimi i tregut 2010-2020, i testuar me 1.572 foshnja.<\/p>\n<div class=\"product-detail-label-inner\">\n<p><img decoding=\"async\" class=\"img-fluid\" title=\"94% nipple acceptance: easily accepted by babies \u2013 for a familiar feeling\" src=\"https:\/\/cdn.mambaby.com\/Zt8FVhUW00IIKas-1zEOFNwe8EIhoxCN6C6XpSmpvI8\/rs%3Afit%3A3000%3A%3A\/gravity%3Asm\/aHR0cHM6Ly93d3cubWFtYmFieS5jb20vbWVkaWEvNTgvN2QvNDEvMTcwNjc4OTU2NS9NQU1faWNvbnNfYXNfb25saW5lX3Nob3BfMTAwMHgxMDAwcHhfOTRfbmlwcGxlX2FjY2VwdGFuY2UuanBn\" alt=\"94% nipple acceptance: easily accepted by babies \u2013 for a familiar feeling\" width=\"105\" height=\"105\" \/>\u00a0<br \/>\n94% pranimi i thithkave: pranohet leht\u00ebsisht nga foshnjat \u2013 p\u00ebr nj\u00eb ndjenj\u00eb t\u00eb njohur\n<\/div>\n<div class=\"product-detail-label-inner\"><img decoding=\"async\" class=\"img-fluid\" title=\"All MAM products are made from materials free of BPA and BPS\" src=\"https:\/\/cdn.mambaby.com\/icMtWssxii9cP4Rt_cugBo6JVWUYGL7rjOoSFH9S7NM\/rs%3Afit%3A3000%3A%3A\/gravity%3Asm\/aHR0cHM6Ly93d3cubWFtYmFieS5jb20vbWVkaWEvYmUvZzAvMzkvMTcwNjc4MDk3MC9tYW0taWNvbnNhbmRhd2FyZHNfQlBBLUJQUyBGcmVlLmpwZw\" alt=\"All MAM products are made from materials free of BPA and BPS\" width=\"105\" height=\"105\" \/> \u00a0<br \/>\nT\u00eb gjitha produktet MAM jan\u00eb b\u00ebr\u00eb nga materiale pa BPA dhe BPS<\/div>\n<div>\n<div><img loading=\"lazy\" decoding=\"async\" class=\"img-fluid\" title=\"This product is made in Europe\" src=\"https:\/\/cdn.mambaby.com\/Ii_H8uokVH4pnlBkvwbMmBcGhp0KotK4wn9oSyJrRNg\/rs%3Afit%3A3000%3A%3A\/gravity%3Asm\/aHR0cHM6Ly93d3cubWFtYmFieS5jb20vbWVkaWEvNGIvZDMvNGMvMTcxMTM4MTY4Ny9EZXNpZ24gb2huZSBUaXRlbCgyKS5qcGc\" alt=\"This product is made in Europe\" width=\"103\" height=\"103\" \/><br \/>\nKy produkt \u00ebsht\u00eb b\u00ebr\u00eb n\u00eb Evrop\u00eb<\/div>\n<div><img loading=\"lazy\" decoding=\"async\" class=\"img-fluid\" title=\"For babies from 4 months\" src=\"https:\/\/cdn.mambaby.com\/fkaOpRkmTqfcL6FTcpBoN1rOhoSGGuupb7k5-Slav0c\/rs%3Afit%3A3000%3A%3A\/gravity%3Asm\/aHR0cHM6Ly93d3cubWFtYmFieS5jb20vbWVkaWEvMDcvODcvNTYvMTcwNjc4MTYyOC9tYW0taWNvbnNhbmRhd2FyZHNfNHBsdXMuanBn\" alt=\"For babies from 4 months\" width=\"105\" height=\"105\" \/><br \/>\nP\u00ebr bebet nga 4 muaj<\/div>\n<div><img loading=\"lazy\" decoding=\"async\" class=\"img-fluid\" title=\"Flow rate 3: perfect for breast milk and formula\" src=\"https:\/\/cdn.mambaby.com\/4KxkufbMVj7c_nbYF9xRysYm4ZPQW6T81mnt9H9oei4\/rs%3Afit%3A3000%3A%3A\/gravity%3Asm\/aHR0cHM6Ly93d3cubWFtYmFieS5jb20vbWVkaWEvNDIvMzIvOTEvMTcwNjc4MjUzOC9tYW0taWNvbnNhbmRhd2FyZHNfdGVhdF8zLmpwZw\" alt=\"Flow rate 3: perfect for breast milk and formula\" width=\"104\" height=\"104\" \/><br \/>\nShkalla e rrjedhjes 3: perfekte p\u00ebr qum\u00ebshtin e gjirit dhe formul\u00ebn<\/div>\n<div><img loading=\"lazy\" decoding=\"async\" class=\"img-fluid\" title=\"This product is easy to clean\" src=\"https:\/\/cdn.mambaby.com\/N-DzlQpvVPuLxUXwZb19qwUgUzvoHb5_eEoA3lj4SGg\/rs%3Afit%3A3000%3A%3A\/gravity%3Asm\/aHR0cHM6Ly93d3cubWFtYmFieS5jb20vbWVkaWEvMDAvODYvZjgvMTcwNjc5MTIxMS9tYW0taWNvbnNhbmRhd2FyZHNfZWFzeV90b19jbGVhbi5qcGc\" alt=\"This product is easy to clean\" width=\"108\" height=\"108\" \/><br \/>\nKy produkt \u00ebsht\u00eb i leht\u00eb p\u00ebr t&#8217;u pastruar<\/div>\n<\/div>\n","protected":false},"excerpt":{"rendered":"<p>Forma ergonomike \u2013 e leht\u00eb p\u00ebr duart e vogla p\u00ebr t&#8217;u mbajtur Koka i shesht\u00eb dhe i but\u00eb \u2013 si<\/p>\n","protected":false},"featured_media":16491,"comment_status":"open","ping_status":"closed","template":"","meta":[],"product_cat":[83],"product_tag":[],"class_list":{"0":"post-16488","1":"product","2":"type-product","3":"status-publish","4":"has-post-thumbnail","6":"product_cat-biberon","8":"first","9":"instock","10":"shipping-taxable","11":"purchasable","12":"product-type-simple"},"_links":{"self":[{"href":"https:\/\/mambaby.al\/index.php?rest_route=\/wp\/v2\/product\/16488","targetHints":{"allow":["GET"]}}],"collection":[{"href":"https:\/\/mambaby.al\/index.php?rest_route=\/wp\/v2\/product"}],"about":[{"href":"https:\/\/mambaby.al\/index.php?rest_route=\/wp\/v2\/types\/product"}],"replies":[{"embeddable":true,"href":"https:\/\/mambaby.al\/index.php?rest_route=%2Fwp%2Fv2%2Fcomments&post=16488"}],"version-history":[{"count":2,"href":"https:\/\/mambaby.al\/index.php?rest_route=\/wp\/v2\/product\/16488\/revisions"}],"predecessor-version":[{"id":16582,"href":"https:\/\/mambaby.al\/index.php?rest_route=\/wp\/v2\/product\/16488\/revisions\/16582"}],"wp:featuredmedia":[{"embeddable":true,"href":"https:\/\/mambaby.al\/index.php?rest_route=\/wp\/v2\/media\/16491"}],"wp:attachment":[{"href":"https:\/\/mambaby.al\/index.php?rest_route=%2Fwp%2Fv2%2Fmedia&parent=16488"}],"wp:term":[{"taxonomy":"product_cat","embeddable":true,"href":"https:\/\/mambaby.al\/index.php?rest_route=%2Fwp%2Fv2%2Fproduct_cat&post=16488"},{"taxonomy":"product_tag","embeddable":true,"href":"https:\/\/mambaby.al\/index.php?rest_route=%2Fwp%2Fv2%2Fproduct_tag&post=16488"}],"curies":[{"name":"wp","href":"https:\/\/api.w.org\/{rel}","templated":true}]}}