{"id":16531,"date":"2024-11-06T16:50:36","date_gmt":"2024-11-06T16:50:36","guid":{"rendered":"https:\/\/mambaby.al\/?post_type=product&#038;p=16531"},"modified":"2024-11-07T23:26:07","modified_gmt":"2024-11-07T23:26:07","slug":"feel-good-260ml-organic-garden-biberon-qelqi","status":"publish","type":"product","link":"https:\/\/mambaby.al\/?product=feel-good-260ml-organic-garden-biberon-qelqi","title":{"rendered":"Feel Good 260ml Organic Garden &#8211; Biberon Qelqi"},"content":{"rendered":"<p>MAM Feel Good Glass Bottle \u00ebsht\u00eb b\u00ebr\u00eb nga qelqi rezistent ndaj temperatur\u00ebs dhe me cil\u00ebsi t\u00eb lart\u00eb p\u00ebr p\u00ebrdorim t\u00eb volitsh\u00ebm dhe t\u00eb p\u00ebrditsh\u00ebm.<\/p>\n<ul>\n<li>Xham shum\u00eb rezistent ndaj temperatur\u00ebs.<\/li>\n<li>Mund t\u00eb nxehet dhe t\u00eb ftohet shpejt, t\u00eb pastrohet n\u00eb lavastovilje dhe t\u00eb sterilizohet n\u00eb temperatura t\u00eb larta.<\/li>\n<li>Nuk thith aromat, aromat apo ngjyrat nga ushqimi.<\/li>\n<li>Koka e shesht\u00eb dhe e but\u00eb \u2013 si gjoksi i mamit kur jep gji.<\/li>\n<li>94% e foshnjave pranojn\u00eb kok\u00ebn ton\u00eb t\u00eb shishes.<\/li>\n<li>Hapje t\u00eb gjera p\u00ebr mbushje dhe pastrim t\u00eb leht\u00eb.<\/li>\n<\/ul>\n<p><img decoding=\"async\" class=\"alignnone  wp-image-16517\" src=\"http:\/\/mambaby.al\/wp-content\/uploads\/2024\/11\/mam-feel-good-170ml-girl-detail_400x400-300x300.jpg\" alt=\"\" width=\"220\" height=\"220\" srcset=\"https:\/\/mambaby.al\/wp-content\/uploads\/2024\/11\/mam-feel-good-170ml-girl-detail_400x400-300x300.jpg 300w, https:\/\/mambaby.al\/wp-content\/uploads\/2024\/11\/mam-feel-good-170ml-girl-detail_400x400-150x150.jpg 150w, https:\/\/mambaby.al\/wp-content\/uploads\/2024\/11\/mam-feel-good-170ml-girl-detail_400x400.jpg 400w\" sizes=\"(max-width: 220px) 100vw, 220px\" \/><\/p>\n<p>1.KAPAK PLUHURI<br \/>\nProv\u00eb e derdhjes; Dyfishohet si kup\u00eb mat\u00ebse.<br \/>\n2. KOK\u00cb SILIKONI SKINSOFTTM<br \/>\nForm\u00eb simetrike unike e shesht\u00eb \u2013 si gjoksi i mamit kur jep gji. Sip\u00ebrfaqe silikoni e but\u00eb m\u00ebndafshi &#8211; p\u00ebr nj\u00eb ndjenj\u00eb t\u00eb njohur. 94% e foshnjave pranojn\u00eb \u00e7ajin ton\u00eb t\u00eb shishes1.<br \/>\n3. HAPJE T\u00cb GJERA<br \/>\nMbushje e leht\u00eb; Pastrim i shpejt\u00eb dhe i leht\u00eb.<br \/>\n4. XHAM PREMIUM<br \/>\nI sigurt dhe shum\u00eb rezistent ndaj temperatur\u00ebs.<\/p>\n<p>Ky produkt plot\u00ebson k\u00ebrkesat e Standardit Evropian EN 14350:2020.<br \/>\nKoka e shishes p\u00ebrshtatet me t\u00eb gjitha shishet MAM dhe trainerin+. Shishja \u00ebsht\u00eb n\u00eb p\u00ebrputhje me kokat MAM, disqet e vulosjes dhe pomp\u00ebn e gjirit.<br \/>\n1- Studimi i tregut 2010-2020, i testuar me 1.572 foshnja.<\/p>\n<p><img decoding=\"async\" class=\"img-fluid\" title=\"94% nipple acceptance: easily accepted by babies \u2013 for a familiar feeling\" src=\"https:\/\/cdn.mambaby.com\/Zt8FVhUW00IIKas-1zEOFNwe8EIhoxCN6C6XpSmpvI8\/rs%3Afit%3A3000%3A%3A\/gravity%3Asm\/aHR0cHM6Ly93d3cubWFtYmFieS5jb20vbWVkaWEvNTgvN2QvNDEvMTcwNjc4OTU2NS9NQU1faWNvbnNfYXNfb25saW5lX3Nob3BfMTAwMHgxMDAwcHhfOTRfbmlwcGxlX2FjY2VwdGFuY2UuanBn\" alt=\"94% nipple acceptance: easily accepted by babies \u2013 for a familiar feeling\" width=\"105\" height=\"105\" \/>\u00a0<br \/>\n94% pranimi i thithkave: pranohet leht\u00ebsisht nga foshnjat \u2013 p\u00ebr nj\u00eb ndjenj\u00eb t\u00eb njohur<\/p>\n<div class=\"product-detail-label-inner\"><img decoding=\"async\" class=\"img-fluid\" title=\"All MAM products are made from materials free of BPA and BPS\" src=\"https:\/\/cdn.mambaby.com\/icMtWssxii9cP4Rt_cugBo6JVWUYGL7rjOoSFH9S7NM\/rs%3Afit%3A3000%3A%3A\/gravity%3Asm\/aHR0cHM6Ly93d3cubWFtYmFieS5jb20vbWVkaWEvYmUvZzAvMzkvMTcwNjc4MDk3MC9tYW0taWNvbnNhbmRhd2FyZHNfQlBBLUJQUyBGcmVlLmpwZw\" alt=\"All MAM products are made from materials free of BPA and BPS\" width=\"105\" height=\"105\" \/> \u00a0<br \/>\nT\u00eb gjitha produktet MAM jan\u00eb b\u00ebr\u00eb nga materiale pa BPA dhe BPS<\/div>\n<div><img loading=\"lazy\" decoding=\"async\" class=\"img-fluid\" title=\"MAM SkinSoft\u2122 Silicone: easily accepted by babies - for a familiar feeling \" src=\"https:\/\/cdn.mambaby.com\/KraQVKEcXZREULqgaRzV-9Nii7V0O1FdsNg6s28T1uE\/rs%3Afit%3A3000%3A%3A\/gravity%3Asm\/aHR0cHM6Ly93d3cubWFtYmFieS5jb20vbWVkaWEvNmQvOGEvNzcvMTcwNjc4MjE0Ny9tYW0taWNvbnNhbmRhd2FyZHNfc2tpbl9zb2Z0X3NpbGljb25lLmpwZw\" alt=\"MAM SkinSoft\u2122 Silicone: easily accepted by babies - for a familiar feeling \" width=\"104\" height=\"104\" \/><br \/>\nMAM SkinSoft\u2122 Silicone: pranohet leht\u00eb nga foshnjat &#8211; p\u00ebr nj\u00eb ndjenj\u00eb t\u00eb njohur<\/div>\n<div><img loading=\"lazy\" decoding=\"async\" class=\"img-fluid\" title=\"This product is made in Europe\" src=\"https:\/\/cdn.mambaby.com\/Ii_H8uokVH4pnlBkvwbMmBcGhp0KotK4wn9oSyJrRNg\/rs%3Afit%3A3000%3A%3A\/gravity%3Asm\/aHR0cHM6Ly93d3cubWFtYmFieS5jb20vbWVkaWEvNGIvZDMvNGMvMTcxMTM4MTY4Ny9EZXNpZ24gb2huZSBUaXRlbCgyKS5qcGc\" alt=\"This product is made in Europe\" width=\"103\" height=\"103\" \/><br \/>\nKy produkt \u00ebsht\u00eb b\u00ebr\u00eb n\u00eb Evrop\u00eb<\/div>\n<div><img loading=\"lazy\" decoding=\"async\" class=\"img-fluid\" title=\"This product is easy to clean\" src=\"https:\/\/cdn.mambaby.com\/N-DzlQpvVPuLxUXwZb19qwUgUzvoHb5_eEoA3lj4SGg\/rs%3Afit%3A3000%3A%3A\/gravity%3Asm\/aHR0cHM6Ly93d3cubWFtYmFieS5jb20vbWVkaWEvMDAvODYvZjgvMTcwNjc5MTIxMS9tYW0taWNvbnNhbmRhd2FyZHNfZWFzeV90b19jbGVhbi5qcGc\" alt=\"This product is easy to clean\" width=\"108\" height=\"108\" \/><br \/>\nKy produkt \u00ebsht\u00eb i leht\u00eb p\u00ebr t&#8217;u pastruar<\/div>\n<div>\n<div class=\"product-detail-label-inner\"><img loading=\"lazy\" decoding=\"async\" class=\"img-fluid\" title=\"For babies from 2 months\" src=\"https:\/\/cdn.mambaby.com\/ppmQyXm3GusC4atc9-DNdW0iZur5V64cXJNYhVtyxPg\/rs%3Afit%3A3000%3A%3A\/gravity%3Asm\/aHR0cHM6Ly93d3cubWFtYmFieS5jb20vbWVkaWEvZmMvYjAvZDMvMTcwNjc4MTU2OS9tYW0taWNvbnNhbmRhd2FyZHNfMnBsdXNfbS5qcGc\" alt=\"For babies from 2 months\" width=\"111\" height=\"111\" \/><br \/>\nP\u00ebr bebet nga 2 muaj<\/div>\n<div class=\"product-detail-label-inner\"><img loading=\"lazy\" decoding=\"async\" class=\"img-fluid\" title=\"Flow rate 2: perfect for breast milk and formula\" src=\"https:\/\/cdn.mambaby.com\/ip4ulXoJRVTqsP0NfFRtrCb45lJYDL3DTsewly1KESk\/rs%3Afit%3A3000%3A%3A\/gravity%3Asm\/aHR0cHM6Ly93d3cubWFtYmFieS5jb20vbWVkaWEvMDEvY2IvNTkvMTcwNjc4MjUwMC9tYW0taWNvbnNhbmRhd2FyZHNfdGVhdF8yLmpwZw\" alt=\"Flow rate 2: perfect for breast milk and formula\" width=\"107\" height=\"107\" \/><br \/>\nShkalla e rrjedhjes 2: perfekte p\u00ebr qum\u00ebshtin e gjirit dhe formul\u00ebn<\/div>\n<\/div>\n<div><img loading=\"lazy\" decoding=\"async\" class=\"img-fluid\" title=\" This product is made of premium glass\" src=\"https:\/\/cdn.mambaby.com\/gwUrLlX119tEGd53sG8sS51KgnL5VfmgKcFJQ3DrjMk\/rs%3Afit%3A3000%3A%3A\/gravity%3Asm\/aHR0cHM6Ly93d3cubWFtYmFieS5jb20vbWVkaWEvZmQvMDUvZGUvMTcwNjc4NjcyNC9tYW0taWNvbnNhbmRhd2FyZHNfcHJlbWl1bV9nbGFzcy5qcGc\" alt=\" This product is made of premium glass\" width=\"103\" height=\"103\" \/><br \/>\nKy produkt \u00ebsht\u00eb b\u00ebr\u00eb nga qelqi premium<\/div>\n<p>&nbsp;<\/p>\n","protected":false},"excerpt":{"rendered":"<p>MAM Feel Good Glass Bottle \u00ebsht\u00eb b\u00ebr\u00eb nga qelqi rezistent ndaj temperatur\u00ebs dhe me cil\u00ebsi t\u00eb lart\u00eb p\u00ebr p\u00ebrdorim t\u00eb<\/p>\n","protected":false},"featured_media":16542,"comment_status":"open","ping_status":"closed","template":"","meta":[],"product_cat":[83],"product_tag":[],"class_list":{"0":"post-16531","1":"product","2":"type-product","3":"status-publish","4":"has-post-thumbnail","6":"product_cat-biberon","8":"first","9":"instock","10":"shipping-taxable","11":"purchasable","12":"product-type-simple"},"_links":{"self":[{"href":"https:\/\/mambaby.al\/index.php?rest_route=\/wp\/v2\/product\/16531","targetHints":{"allow":["GET"]}}],"collection":[{"href":"https:\/\/mambaby.al\/index.php?rest_route=\/wp\/v2\/product"}],"about":[{"href":"https:\/\/mambaby.al\/index.php?rest_route=\/wp\/v2\/types\/product"}],"replies":[{"embeddable":true,"href":"https:\/\/mambaby.al\/index.php?rest_route=%2Fwp%2Fv2%2Fcomments&post=16531"}],"version-history":[{"count":4,"href":"https:\/\/mambaby.al\/index.php?rest_route=\/wp\/v2\/product\/16531\/revisions"}],"predecessor-version":[{"id":16574,"href":"https:\/\/mambaby.al\/index.php?rest_route=\/wp\/v2\/product\/16531\/revisions\/16574"}],"wp:featuredmedia":[{"embeddable":true,"href":"https:\/\/mambaby.al\/index.php?rest_route=\/wp\/v2\/media\/16542"}],"wp:attachment":[{"href":"https:\/\/mambaby.al\/index.php?rest_route=%2Fwp%2Fv2%2Fmedia&parent=16531"}],"wp:term":[{"taxonomy":"product_cat","embeddable":true,"href":"https:\/\/mambaby.al\/index.php?rest_route=%2Fwp%2Fv2%2Fproduct_cat&post=16531"},{"taxonomy":"product_tag","embeddable":true,"href":"https:\/\/mambaby.al\/index.php?rest_route=%2Fwp%2Fv2%2Fproduct_tag&post=16531"}],"curies":[{"name":"wp","href":"https:\/\/api.w.org\/{rel}","templated":true}]}}