{"id":16660,"date":"2024-11-12T18:07:22","date_gmt":"2024-11-12T18:07:22","guid":{"rendered":"https:\/\/mambaby.al\/?post_type=product&#038;p=16660"},"modified":"2025-10-14T08:36:58","modified_gmt":"2025-10-14T08:36:58","slug":"mam-original-organic-garden-6-pacifier-2pcs","status":"publish","type":"product","link":"https:\/\/mambaby.al\/?product=mam-original-organic-garden-6-pacifier-2pcs","title":{"rendered":"MAM \u00c7u\u00e7i Original Forest Matt 6+ Pacifier 2pcs"},"content":{"rendered":"<ul>\n<li>L\u00ebkur\u00eb miq\u00ebsore fal\u00eb vrimave t\u00eb m\u00ebdha t\u00eb ajrit dhe gropave unike MAM n\u00eb brend\u00ebsi<\/li>\n<li>Ortodontike<\/li>\n<li>I disponuesh\u00ebm si MAM SkinSoft\u2122 Silicone pacifier<\/li>\n<li>Qet\u00ebson dhe ngush\u00ebllon foshnj\u00ebn<\/li>\n<li>Furnizohet n\u00eb nj\u00eb kuti praktike sterilizuese dhe mbajt\u00ebsen &#8211; p\u00ebr sterilizim t\u00eb p\u00ebrshtatsh\u00ebm dhe q\u00eb kursen koh\u00eb n\u00eb mikroval\u00eb<\/li>\n<\/ul>\n<p><img decoding=\"async\" class=\"alignnone wp-image-16661\" src=\"http:\/\/mambaby.al\/wp-content\/uploads\/2024\/11\/mam-original-6-silicone-detail_400x400-300x300.jpg\" alt=\"\" width=\"192\" height=\"192\" srcset=\"https:\/\/mambaby.al\/wp-content\/uploads\/2024\/11\/mam-original-6-silicone-detail_400x400-300x300.jpg 300w, https:\/\/mambaby.al\/wp-content\/uploads\/2024\/11\/mam-original-6-silicone-detail_400x400-150x150.jpg 150w, https:\/\/mambaby.al\/wp-content\/uploads\/2024\/11\/mam-original-6-silicone-detail_400x400.jpg 400w\" sizes=\"(max-width: 192px) 100vw, 192px\" \/><\/p>\n<p>1. MBUROJA<br \/>\nForm\u00eb e lakuar p\u00ebr rehati maksimale. L\u00ebkur\u00eb-miq\u00ebsore fal\u00eb vrimave t\u00eb m\u00ebdha t\u00eb ajrit dhe pu\u00e7rrat unike MAM n\u00eb brend\u00ebsi.<\/p>\n<p>2. BUTTON<br \/>\nE shpejt\u00eb dhe e leht\u00eb p\u00ebr t&#8217;u kapur. P\u00ebr lidhjen e leht\u00eb me nj\u00eb kap\u00ebse \u00e7u\u00e7i.<\/p>\n<p>3. THITHKA MAM<br \/>\nForma e shesht\u00eb dhe simetrike p\u00ebrshtatet gjithmon\u00eb n\u00eb m\u00ebnyr\u00eb t\u00eb p\u00ebrkryer n\u00eb goj\u00ebn e foshnj\u00ebs. Projektuar me dentist\u00eb p\u00ebr t\u00eb mb\u00ebshtetur zhvillimin e sh\u00ebndetsh\u00ebm dentar.<\/p>\n<p>4a. L\u00cbKUR\u00cb SILIKONI I BUT\u00cb<br \/>\nLeht\u00eb pranohet nga bebet. P\u00ebr nj\u00eb ndjenj\u00eb t\u00eb njohur.<\/p>\n<p><img decoding=\"async\" class=\"alignnone wp-image-16629\" src=\"http:\/\/mambaby.al\/wp-content\/uploads\/2024\/11\/mam-iconsandawards_BPA-BPS-Free-300x300.webp\" alt=\"\" width=\"81\" height=\"81\" srcset=\"https:\/\/mambaby.al\/wp-content\/uploads\/2024\/11\/mam-iconsandawards_BPA-BPS-Free-300x300.webp 300w, https:\/\/mambaby.al\/wp-content\/uploads\/2024\/11\/mam-iconsandawards_BPA-BPS-Free-150x150.webp 150w, https:\/\/mambaby.al\/wp-content\/uploads\/2024\/11\/mam-iconsandawards_BPA-BPS-Free.webp 400w\" sizes=\"(max-width: 81px) 100vw, 81px\" \/><br \/>\nT\u00eb gjitha produktet MAM jan\u00eb b\u00ebr\u00eb nga materiale pa BPA dhe BPS<\/p>\n<p><img decoding=\"async\" class=\"alignnone wp-image-16633\" src=\"http:\/\/mambaby.al\/wp-content\/uploads\/2024\/11\/MAM_icons_as_online_shop_1000x1000px_Sterilizer_box-300x300.webp\" alt=\"\" width=\"81\" height=\"81\" srcset=\"https:\/\/mambaby.al\/wp-content\/uploads\/2024\/11\/MAM_icons_as_online_shop_1000x1000px_Sterilizer_box-300x300.webp 300w, https:\/\/mambaby.al\/wp-content\/uploads\/2024\/11\/MAM_icons_as_online_shop_1000x1000px_Sterilizer_box-800x800.webp 800w, https:\/\/mambaby.al\/wp-content\/uploads\/2024\/11\/MAM_icons_as_online_shop_1000x1000px_Sterilizer_box-150x150.webp 150w, https:\/\/mambaby.al\/wp-content\/uploads\/2024\/11\/MAM_icons_as_online_shop_1000x1000px_Sterilizer_box-768x768.webp 768w, https:\/\/mambaby.al\/wp-content\/uploads\/2024\/11\/MAM_icons_as_online_shop_1000x1000px_Sterilizer_box-860x860.webp 860w, https:\/\/mambaby.al\/wp-content\/uploads\/2024\/11\/MAM_icons_as_online_shop_1000x1000px_Sterilizer_box-430x430.webp 430w, https:\/\/mambaby.al\/wp-content\/uploads\/2024\/11\/MAM_icons_as_online_shop_1000x1000px_Sterilizer_box-700x700.webp 700w, https:\/\/mambaby.al\/wp-content\/uploads\/2024\/11\/MAM_icons_as_online_shop_1000x1000px_Sterilizer_box.webp 1200w\" sizes=\"(max-width: 81px) 100vw, 81px\" \/><br \/>\nKy produkt vjen n\u00eb nj\u00eb kuti sterilizuese dhe mbajt\u00ebse &#8211; p\u00ebr sterilizimin e p\u00ebrshtatsh\u00ebm dhe q\u00eb kursen koh\u00eb n\u00eb mikroval\u00eb<\/p>\n<p><img loading=\"lazy\" decoding=\"async\" class=\"alignnone wp-image-16632\" src=\"http:\/\/mambaby.al\/wp-content\/uploads\/2024\/11\/MAM_icons_as_online_shop_1000x1000px_nipple_acceptance_94-300x300.webp\" alt=\"\" width=\"80\" height=\"80\" srcset=\"https:\/\/mambaby.al\/wp-content\/uploads\/2024\/11\/MAM_icons_as_online_shop_1000x1000px_nipple_acceptance_94-300x300.webp 300w, https:\/\/mambaby.al\/wp-content\/uploads\/2024\/11\/MAM_icons_as_online_shop_1000x1000px_nipple_acceptance_94-800x800.webp 800w, https:\/\/mambaby.al\/wp-content\/uploads\/2024\/11\/MAM_icons_as_online_shop_1000x1000px_nipple_acceptance_94-150x150.webp 150w, https:\/\/mambaby.al\/wp-content\/uploads\/2024\/11\/MAM_icons_as_online_shop_1000x1000px_nipple_acceptance_94-768x768.webp 768w, https:\/\/mambaby.al\/wp-content\/uploads\/2024\/11\/MAM_icons_as_online_shop_1000x1000px_nipple_acceptance_94-860x860.webp 860w, https:\/\/mambaby.al\/wp-content\/uploads\/2024\/11\/MAM_icons_as_online_shop_1000x1000px_nipple_acceptance_94-430x430.webp 430w, https:\/\/mambaby.al\/wp-content\/uploads\/2024\/11\/MAM_icons_as_online_shop_1000x1000px_nipple_acceptance_94-700x700.webp 700w, https:\/\/mambaby.al\/wp-content\/uploads\/2024\/11\/MAM_icons_as_online_shop_1000x1000px_nipple_acceptance_94.webp 1200w\" sizes=\"(max-width: 80px) 100vw, 80px\" \/><br \/>\n94% pranimi i thithkave: pranohet leht\u00eb nga foshnjat, p\u00ebr nj\u00eb ndjenj\u00eb t\u00eb njohur<\/p>\n<p><img loading=\"lazy\" decoding=\"async\" class=\"alignnone wp-image-16662\" src=\"http:\/\/mambaby.al\/wp-content\/uploads\/2024\/11\/MAM_icon_6_m-300x300.webp\" alt=\"\" width=\"83\" height=\"83\" srcset=\"https:\/\/mambaby.al\/wp-content\/uploads\/2024\/11\/MAM_icon_6_m-300x300.webp 300w, https:\/\/mambaby.al\/wp-content\/uploads\/2024\/11\/MAM_icon_6_m-800x800.webp 800w, https:\/\/mambaby.al\/wp-content\/uploads\/2024\/11\/MAM_icon_6_m-150x150.webp 150w, https:\/\/mambaby.al\/wp-content\/uploads\/2024\/11\/MAM_icon_6_m-768x768.webp 768w, https:\/\/mambaby.al\/wp-content\/uploads\/2024\/11\/MAM_icon_6_m-860x860.webp 860w, https:\/\/mambaby.al\/wp-content\/uploads\/2024\/11\/MAM_icon_6_m-430x430.webp 430w, https:\/\/mambaby.al\/wp-content\/uploads\/2024\/11\/MAM_icon_6_m-700x700.webp 700w, https:\/\/mambaby.al\/wp-content\/uploads\/2024\/11\/MAM_icon_6_m.webp 1200w\" sizes=\"(max-width: 83px) 100vw, 83px\" \/><\/p>\n<p>P\u00ebr bebet nga 6 muaj<\/p>\n","protected":false},"excerpt":{"rendered":"<p>L\u00ebkur\u00eb miq\u00ebsore fal\u00eb vrimave t\u00eb m\u00ebdha t\u00eb ajrit dhe gropave unike MAM n\u00eb brend\u00ebsi Ortodontike I disponuesh\u00ebm si MAM SkinSoft\u2122<\/p>\n","protected":false},"featured_media":16663,"comment_status":"open","ping_status":"closed","template":"","meta":[],"product_cat":[82],"product_tag":[],"class_list":{"0":"post-16660","1":"product","2":"type-product","3":"status-publish","4":"has-post-thumbnail","6":"product_cat-cuc","8":"first","9":"instock","10":"shipping-taxable","11":"purchasable","12":"product-type-simple"},"_links":{"self":[{"href":"https:\/\/mambaby.al\/index.php?rest_route=\/wp\/v2\/product\/16660","targetHints":{"allow":["GET"]}}],"collection":[{"href":"https:\/\/mambaby.al\/index.php?rest_route=\/wp\/v2\/product"}],"about":[{"href":"https:\/\/mambaby.al\/index.php?rest_route=\/wp\/v2\/types\/product"}],"replies":[{"embeddable":true,"href":"https:\/\/mambaby.al\/index.php?rest_route=%2Fwp%2Fv2%2Fcomments&post=16660"}],"version-history":[{"count":4,"href":"https:\/\/mambaby.al\/index.php?rest_route=\/wp\/v2\/product\/16660\/revisions"}],"predecessor-version":[{"id":16859,"href":"https:\/\/mambaby.al\/index.php?rest_route=\/wp\/v2\/product\/16660\/revisions\/16859"}],"wp:featuredmedia":[{"embeddable":true,"href":"https:\/\/mambaby.al\/index.php?rest_route=\/wp\/v2\/media\/16663"}],"wp:attachment":[{"href":"https:\/\/mambaby.al\/index.php?rest_route=%2Fwp%2Fv2%2Fmedia&parent=16660"}],"wp:term":[{"taxonomy":"product_cat","embeddable":true,"href":"https:\/\/mambaby.al\/index.php?rest_route=%2Fwp%2Fv2%2Fproduct_cat&post=16660"},{"taxonomy":"product_tag","embeddable":true,"href":"https:\/\/mambaby.al\/index.php?rest_route=%2Fwp%2Fv2%2Fproduct_tag&post=16660"}],"curies":[{"name":"wp","href":"https:\/\/api.w.org\/{rel}","templated":true}]}}