{"id":16697,"date":"2024-11-14T15:12:49","date_gmt":"2024-11-14T15:12:49","guid":{"rendered":"https:\/\/mambaby.al\/?post_type=product&#038;p=16697"},"modified":"2025-10-14T08:37:19","modified_gmt":"2025-10-14T08:37:19","slug":"mam-perfect-6-better-together-pacifier","status":"publish","type":"product","link":"https:\/\/mambaby.al\/?product=mam-perfect-6-better-together-pacifier","title":{"rendered":"MAM \u00c7u\u00e7i Perfect 6+ Better Together &#8211; Pacifier"},"content":{"rendered":"<ul>\n<li>\u00c7u\u00e7i unik \u00ebsht\u00eb 60% m\u00eb i holl\u00eb dhe 4x m\u00eb fleksib\u00ebl*** sesa \u00e7u\u00e7\u00ebt e krahasuesh\u00ebm t\u00eb pacifier<\/li>\n<li>Lejon mbylljen m\u00eb natyrale t\u00eb goj\u00ebs<\/li>\n<li>\u00c7u\u00e7i ortodontik i projektuar p\u00ebr t\u00eb zvog\u00ebluar rrezikun e dh\u00ebmb\u00ebve t\u00eb shtr\u00ebmb\u00ebruar<\/li>\n<li>E v\u00ebrtetuar klinikisht: mb\u00ebshtet zhvillimin e sh\u00ebndetsh\u00ebm t\u00eb dh\u00ebmb\u00ebve dhe nofullave**<\/li>\n<li>Zhvilluar me ortodontist\u00eb dhe dentist\u00eb pediat\u00ebr<\/li>\n<li>N\u00eb dispozicion me MAM SkinSoft\u2122 Silicone \u2013 p\u00ebr pranim t\u00eb leht\u00eb<\/li>\n<li>Qet\u00ebson dhe ngush\u00ebllon foshnj\u00ebn<\/li>\n<li>Furnizohet n\u00eb nj\u00eb kuti praktike sterilizuese dhe mbajt\u00ebse \u00e7u\u00e7i &#8211; p\u00ebr sterilizim t\u00eb p\u00ebrshtatsh\u00ebm dhe q\u00eb kursen koh\u00eb n\u00eb mikroval\u00eb<\/li>\n<\/ul>\n<p><i>**Y. Wagner, R. Heinrich-Weltzien,<\/i><\/p>\n<p>&#8220;Efekti i nj\u00eb pacifier me qaf\u00eb t\u00eb holl\u00eb n\u00eb dh\u00ebmb\u00ebt e par\u00eb: nj\u00eb gjyq i kontrolluar i rast\u00ebsish\u00ebm&#8221;, Orthodontics &amp; Craniofacial Research, V\u00ebllimi 19, Numri 3, faqet 127-136, gusht 2016.<\/p>\n<p>Raportet shkencore nga instituti Wild Hi-Precision verifikojn\u00eb: qafa e \u00e7u\u00e7it e MAM Perfect \u00ebsht\u00eb mesatarisht 60% m\u00eb e holl\u00eb; Serit\u00eb e testeve nga Klinika Universitare e Stomatologjis\u00eb Vjen\u00eb konfirmojn\u00eb: ajo \u00ebsht\u00eb gjithashtu mesatarisht 4 her\u00eb m\u00eb fleksib\u00ebl se pacifiers krahasuesh\u00ebm. (Midis: 32% \u2013 83% m\u00eb i holl\u00eb \/ 1,1 \u2013 19,5 her\u00eb m\u00eb fleksib\u00ebl se pacifiers rregullt silikoni).<\/p>\n<p><img decoding=\"async\" class=\"alignnone  wp-image-16705\" src=\"http:\/\/mambaby.al\/wp-content\/uploads\/2024\/11\/mam-perfect-6-silicone-detail_400x400-300x300.jpg\" alt=\"\" width=\"197\" height=\"197\" srcset=\"https:\/\/mambaby.al\/wp-content\/uploads\/2024\/11\/mam-perfect-6-silicone-detail_400x400-300x300.jpg 300w, https:\/\/mambaby.al\/wp-content\/uploads\/2024\/11\/mam-perfect-6-silicone-detail_400x400-150x150.jpg 150w, https:\/\/mambaby.al\/wp-content\/uploads\/2024\/11\/mam-perfect-6-silicone-detail_400x400.jpg 400w\" sizes=\"(max-width: 197px) 100vw, 197px\" \/><\/p>\n<p>1. MBUROJA<br \/>\nE lakuar p\u00ebr rehati maksimale. L\u00ebkur\u00eb miq\u00ebsore fal\u00eb vrimave t\u00eb m\u00ebdha t\u00eb ajrit.<br \/>\n2. BUTTON<br \/>\nE shpejt\u00eb dhe e leht\u00eb p\u00ebr t&#8217;u kapur. P\u00ebr lidhjen e leht\u00eb me nj\u00eb kap\u00ebse \u00e7u\u00e7i.<br \/>\n3. TEAT<br \/>\n\u00c7u\u00e7i ekstra i holl\u00eb dhe fleksib\u00ebl lejon mbylljen m\u00eb natyrale t\u00eb goj\u00ebs. Dh\u00ebmb\u00ebt marrin m\u00eb shum\u00eb hap\u00ebsir\u00eb p\u00ebr t&#8217;u rritur normalisht dhe rreziku i mosp\u00ebrfilljes reduktohet.<br \/>\n4. SKINSOFTTM SILICONE<br \/>\nLeht\u00eb pranohet nga bebet. P\u00ebr nj\u00eb ndjenj\u00eb t\u00eb njohur.<\/p>\n<p><img decoding=\"async\" class=\"alignnone wp-image-16629\" src=\"http:\/\/mambaby.al\/wp-content\/uploads\/2024\/11\/mam-iconsandawards_BPA-BPS-Free-300x300.webp\" alt=\"\" width=\"81\" height=\"81\" srcset=\"https:\/\/mambaby.al\/wp-content\/uploads\/2024\/11\/mam-iconsandawards_BPA-BPS-Free-300x300.webp 300w, https:\/\/mambaby.al\/wp-content\/uploads\/2024\/11\/mam-iconsandawards_BPA-BPS-Free-150x150.webp 150w, https:\/\/mambaby.al\/wp-content\/uploads\/2024\/11\/mam-iconsandawards_BPA-BPS-Free.webp 400w\" sizes=\"(max-width: 81px) 100vw, 81px\" \/><br \/>\nT\u00eb gjitha produktet MAM jan\u00eb b\u00ebr\u00eb nga materiale pa BPA dhe BPS<\/p>\n<p><img decoding=\"async\" class=\"alignnone wp-image-16630\" src=\"http:\/\/mambaby.al\/wp-content\/uploads\/2024\/11\/mam-iconsandawards_skin_soft_silicone-300x300.webp\" alt=\"\" width=\"80\" height=\"80\" srcset=\"https:\/\/mambaby.al\/wp-content\/uploads\/2024\/11\/mam-iconsandawards_skin_soft_silicone-300x300.webp 300w, https:\/\/mambaby.al\/wp-content\/uploads\/2024\/11\/mam-iconsandawards_skin_soft_silicone-150x150.webp 150w, https:\/\/mambaby.al\/wp-content\/uploads\/2024\/11\/mam-iconsandawards_skin_soft_silicone.webp 400w\" sizes=\"(max-width: 80px) 100vw, 80px\" \/><br \/>\nMAM SkinSoft\u2122 Silicone: pranohet leht\u00eb nga foshnjat &#8211; p\u00ebr nj\u00eb ndjenj\u00eb t\u00eb njohur<\/p>\n<p><img loading=\"lazy\" decoding=\"async\" class=\"alignnone wp-image-16633\" src=\"http:\/\/mambaby.al\/wp-content\/uploads\/2024\/11\/MAM_icons_as_online_shop_1000x1000px_Sterilizer_box-300x300.webp\" alt=\"\" width=\"81\" height=\"81\" srcset=\"https:\/\/mambaby.al\/wp-content\/uploads\/2024\/11\/MAM_icons_as_online_shop_1000x1000px_Sterilizer_box-300x300.webp 300w, https:\/\/mambaby.al\/wp-content\/uploads\/2024\/11\/MAM_icons_as_online_shop_1000x1000px_Sterilizer_box-800x800.webp 800w, https:\/\/mambaby.al\/wp-content\/uploads\/2024\/11\/MAM_icons_as_online_shop_1000x1000px_Sterilizer_box-150x150.webp 150w, https:\/\/mambaby.al\/wp-content\/uploads\/2024\/11\/MAM_icons_as_online_shop_1000x1000px_Sterilizer_box-768x768.webp 768w, https:\/\/mambaby.al\/wp-content\/uploads\/2024\/11\/MAM_icons_as_online_shop_1000x1000px_Sterilizer_box-860x860.webp 860w, https:\/\/mambaby.al\/wp-content\/uploads\/2024\/11\/MAM_icons_as_online_shop_1000x1000px_Sterilizer_box-430x430.webp 430w, https:\/\/mambaby.al\/wp-content\/uploads\/2024\/11\/MAM_icons_as_online_shop_1000x1000px_Sterilizer_box-700x700.webp 700w, https:\/\/mambaby.al\/wp-content\/uploads\/2024\/11\/MAM_icons_as_online_shop_1000x1000px_Sterilizer_box.webp 1200w\" sizes=\"(max-width: 81px) 100vw, 81px\" \/><br \/>\nKy produkt vjen n\u00eb nj\u00eb kuti sterilizuese dhe mbajt\u00ebse &#8211; p\u00ebr sterilizimin e p\u00ebrshtatsh\u00ebm dhe q\u00eb kursen koh\u00eb n\u00eb mikroval\u00eb<\/p>\n<p><img loading=\"lazy\" decoding=\"async\" class=\"alignnone wp-image-16632\" src=\"http:\/\/mambaby.al\/wp-content\/uploads\/2024\/11\/MAM_icons_as_online_shop_1000x1000px_nipple_acceptance_94-300x300.webp\" alt=\"\" width=\"80\" height=\"80\" srcset=\"https:\/\/mambaby.al\/wp-content\/uploads\/2024\/11\/MAM_icons_as_online_shop_1000x1000px_nipple_acceptance_94-300x300.webp 300w, https:\/\/mambaby.al\/wp-content\/uploads\/2024\/11\/MAM_icons_as_online_shop_1000x1000px_nipple_acceptance_94-800x800.webp 800w, https:\/\/mambaby.al\/wp-content\/uploads\/2024\/11\/MAM_icons_as_online_shop_1000x1000px_nipple_acceptance_94-150x150.webp 150w, https:\/\/mambaby.al\/wp-content\/uploads\/2024\/11\/MAM_icons_as_online_shop_1000x1000px_nipple_acceptance_94-768x768.webp 768w, https:\/\/mambaby.al\/wp-content\/uploads\/2024\/11\/MAM_icons_as_online_shop_1000x1000px_nipple_acceptance_94-860x860.webp 860w, https:\/\/mambaby.al\/wp-content\/uploads\/2024\/11\/MAM_icons_as_online_shop_1000x1000px_nipple_acceptance_94-430x430.webp 430w, https:\/\/mambaby.al\/wp-content\/uploads\/2024\/11\/MAM_icons_as_online_shop_1000x1000px_nipple_acceptance_94-700x700.webp 700w, https:\/\/mambaby.al\/wp-content\/uploads\/2024\/11\/MAM_icons_as_online_shop_1000x1000px_nipple_acceptance_94.webp 1200w\" sizes=\"(max-width: 80px) 100vw, 80px\" \/><br \/>\n94% pranimi i thithkave: pranohet leht\u00eb nga foshnjat, p\u00ebr nj\u00eb ndjenj\u00eb t\u00eb njohur<\/p>\n<p><img loading=\"lazy\" decoding=\"async\" class=\"alignnone wp-image-16662\" src=\"http:\/\/mambaby.al\/wp-content\/uploads\/2024\/11\/MAM_icon_6_m-300x300.webp\" alt=\"\" width=\"83\" height=\"83\" srcset=\"https:\/\/mambaby.al\/wp-content\/uploads\/2024\/11\/MAM_icon_6_m-300x300.webp 300w, https:\/\/mambaby.al\/wp-content\/uploads\/2024\/11\/MAM_icon_6_m-800x800.webp 800w, https:\/\/mambaby.al\/wp-content\/uploads\/2024\/11\/MAM_icon_6_m-150x150.webp 150w, https:\/\/mambaby.al\/wp-content\/uploads\/2024\/11\/MAM_icon_6_m-768x768.webp 768w, https:\/\/mambaby.al\/wp-content\/uploads\/2024\/11\/MAM_icon_6_m-860x860.webp 860w, https:\/\/mambaby.al\/wp-content\/uploads\/2024\/11\/MAM_icon_6_m-430x430.webp 430w, https:\/\/mambaby.al\/wp-content\/uploads\/2024\/11\/MAM_icon_6_m-700x700.webp 700w, https:\/\/mambaby.al\/wp-content\/uploads\/2024\/11\/MAM_icon_6_m.webp 1200w\" sizes=\"(max-width: 83px) 100vw, 83px\" \/><\/p>\n<p>P\u00ebr bebet nga 6 muaj<\/p>\n","protected":false},"excerpt":{"rendered":"<p>\u00c7u\u00e7i unik \u00ebsht\u00eb 60% m\u00eb i holl\u00eb dhe 4x m\u00eb fleksib\u00ebl*** sesa \u00e7u\u00e7\u00ebt e krahasuesh\u00ebm t\u00eb pacifier Lejon mbylljen m\u00eb<\/p>\n","protected":false},"featured_media":16698,"comment_status":"open","ping_status":"closed","template":"","meta":[],"product_cat":[82],"product_tag":[],"class_list":{"0":"post-16697","1":"product","2":"type-product","3":"status-publish","4":"has-post-thumbnail","6":"product_cat-cuc","8":"first","9":"instock","10":"shipping-taxable","11":"purchasable","12":"product-type-simple"},"_links":{"self":[{"href":"https:\/\/mambaby.al\/index.php?rest_route=\/wp\/v2\/product\/16697","targetHints":{"allow":["GET"]}}],"collection":[{"href":"https:\/\/mambaby.al\/index.php?rest_route=\/wp\/v2\/product"}],"about":[{"href":"https:\/\/mambaby.al\/index.php?rest_route=\/wp\/v2\/types\/product"}],"replies":[{"embeddable":true,"href":"https:\/\/mambaby.al\/index.php?rest_route=%2Fwp%2Fv2%2Fcomments&post=16697"}],"version-history":[{"count":2,"href":"https:\/\/mambaby.al\/index.php?rest_route=\/wp\/v2\/product\/16697\/revisions"}],"predecessor-version":[{"id":16862,"href":"https:\/\/mambaby.al\/index.php?rest_route=\/wp\/v2\/product\/16697\/revisions\/16862"}],"wp:featuredmedia":[{"embeddable":true,"href":"https:\/\/mambaby.al\/index.php?rest_route=\/wp\/v2\/media\/16698"}],"wp:attachment":[{"href":"https:\/\/mambaby.al\/index.php?rest_route=%2Fwp%2Fv2%2Fmedia&parent=16697"}],"wp:term":[{"taxonomy":"product_cat","embeddable":true,"href":"https:\/\/mambaby.al\/index.php?rest_route=%2Fwp%2Fv2%2Fproduct_cat&post=16697"},{"taxonomy":"product_tag","embeddable":true,"href":"https:\/\/mambaby.al\/index.php?rest_route=%2Fwp%2Fv2%2Fproduct_tag&post=16697"}],"curies":[{"name":"wp","href":"https:\/\/api.w.org\/{rel}","templated":true}]}}