{"id":16711,"date":"2024-11-15T09:12:02","date_gmt":"2024-11-15T09:12:02","guid":{"rendered":"https:\/\/mambaby.al\/?post_type=product&#038;p=16711"},"modified":"2025-10-14T08:37:32","modified_gmt":"2025-10-14T08:37:32","slug":"mam-night-astro-pacifier-2-6-muaj-set-2pcs","status":"publish","type":"product","link":"https:\/\/mambaby.al\/?product=mam-night-astro-pacifier-2-6-muaj-set-2pcs","title":{"rendered":"MAM \u00c7u\u00e7i Night Astro &#8211; Pacifier 2-6 Muaj Set 2pcs"},"content":{"rendered":"<ul>\n<li>Shk\u00eblqimi n\u00eb err\u00ebsir\u00eb \u2013 i leht\u00eb p\u00ebr t&#8217;u gjetur nd\u00ebrsa butoni shk\u00eblqen<\/li>\n<li>L\u00ebkur\u00eb miq\u00ebsore fal\u00eb vrimave t\u00eb m\u00ebdha t\u00eb ajrit dhe gropave unike MAM n\u00eb brend\u00ebsi<\/li>\n<li>Ortodontike<\/li>\n<li>N\u00eb dispozicion me MAM SkinSoft\u2122 Silicone<\/li>\n<li>Qet\u00ebson dhe ngush\u00ebllon foshnj\u00ebn<\/li>\n<li>Furnizohet n\u00eb nj\u00eb kuti praktike sterilizuese dhe mbajt\u00ebse \u00e7u\u00e7i p\u00ebr sterilizim t\u00eb p\u00ebrshtatsh\u00ebm dhe q\u00eb kursen koh\u00eb n\u00eb mikroval\u00eb<\/li>\n<\/ul>\n<p><img decoding=\"async\" class=\"alignnone wp-image-16712\" src=\"http:\/\/mambaby.al\/wp-content\/uploads\/2024\/11\/mam-original-2-6-silicone-night-detail_400x400-300x300.jpg\" alt=\"\" width=\"192\" height=\"192\" srcset=\"https:\/\/mambaby.al\/wp-content\/uploads\/2024\/11\/mam-original-2-6-silicone-night-detail_400x400-300x300.jpg 300w, https:\/\/mambaby.al\/wp-content\/uploads\/2024\/11\/mam-original-2-6-silicone-night-detail_400x400-150x150.jpg 150w, https:\/\/mambaby.al\/wp-content\/uploads\/2024\/11\/mam-original-2-6-silicone-night-detail_400x400.jpg 400w\" sizes=\"(max-width: 192px) 100vw, 192px\" \/><\/p>\n<p>1. MBUROJA<br \/>\nForm\u00eb e lakuar p\u00ebr rehati maksimale. L\u00ebkur\u00eb-miq\u00ebsore fal\u00eb vrimave t\u00eb m\u00ebdha t\u00eb ajrit dhe pu\u00e7rrat unike MAM n\u00eb brend\u00ebsi.<br \/>\n2. BUTTON<br \/>\nShk\u00eblqen n\u00eb err\u00ebsir\u00eb, k\u00ebshtu q\u00eb prind\u00ebrit dhe foshnjat mund ta gjejn\u00eb leht\u00eb. E shpejt\u00eb dhe e leht\u00eb p\u00ebr t&#8217;u kapur. P\u00ebr lidhjen e leht\u00eb me nj\u00eb kap\u00ebse \u00e7u\u00e7i.<br \/>\n3. MAM TEAT<br \/>\nForma e shesht\u00eb dhe simetrike p\u00ebrshtatet gjithmon\u00eb n\u00eb m\u00ebnyr\u00eb t\u00eb p\u00ebrkryer n\u00eb goj\u00ebn e foshnj\u00ebs. Projektuar me dentist\u00eb p\u00ebr t\u00eb mb\u00ebshtetur zhvillimin e sh\u00ebndetsh\u00ebm dentar.<br \/>\n4a. L\u00cbKUR\u00cb SOFTTM SILIKONI<br \/>\nLeht\u00eb pranohet nga bebet. P\u00ebr nj\u00eb ndjenj\u00eb t\u00eb njohur.<\/p>\n<p><img decoding=\"async\" class=\"alignnone wp-image-16629\" src=\"http:\/\/mambaby.al\/wp-content\/uploads\/2024\/11\/mam-iconsandawards_BPA-BPS-Free-300x300.webp\" alt=\"\" width=\"81\" height=\"81\" srcset=\"https:\/\/mambaby.al\/wp-content\/uploads\/2024\/11\/mam-iconsandawards_BPA-BPS-Free-300x300.webp 300w, https:\/\/mambaby.al\/wp-content\/uploads\/2024\/11\/mam-iconsandawards_BPA-BPS-Free-150x150.webp 150w, https:\/\/mambaby.al\/wp-content\/uploads\/2024\/11\/mam-iconsandawards_BPA-BPS-Free.webp 400w\" sizes=\"(max-width: 81px) 100vw, 81px\" \/><br \/>\nT\u00eb gjitha produktet MAM jan\u00eb b\u00ebr\u00eb nga materiale pa BPA dhe BPS<\/p>\n<p><img decoding=\"async\" class=\"alignnone wp-image-16630\" src=\"http:\/\/mambaby.al\/wp-content\/uploads\/2024\/11\/mam-iconsandawards_skin_soft_silicone-300x300.webp\" alt=\"\" width=\"80\" height=\"80\" srcset=\"https:\/\/mambaby.al\/wp-content\/uploads\/2024\/11\/mam-iconsandawards_skin_soft_silicone-300x300.webp 300w, https:\/\/mambaby.al\/wp-content\/uploads\/2024\/11\/mam-iconsandawards_skin_soft_silicone-150x150.webp 150w, https:\/\/mambaby.al\/wp-content\/uploads\/2024\/11\/mam-iconsandawards_skin_soft_silicone.webp 400w\" sizes=\"(max-width: 80px) 100vw, 80px\" \/><br \/>\nMAM SkinSoft\u2122 Silicone: pranohet leht\u00eb nga foshnjat &#8211; p\u00ebr nj\u00eb ndjenj\u00eb t\u00eb njohur<\/p>\n<p><img loading=\"lazy\" decoding=\"async\" class=\"alignnone wp-image-16631\" src=\"http:\/\/mambaby.al\/wp-content\/uploads\/2024\/11\/mam-iconsandawards_2-6-300x300.webp\" alt=\"\" width=\"80\" height=\"80\" srcset=\"https:\/\/mambaby.al\/wp-content\/uploads\/2024\/11\/mam-iconsandawards_2-6-300x300.webp 300w, https:\/\/mambaby.al\/wp-content\/uploads\/2024\/11\/mam-iconsandawards_2-6-150x150.webp 150w, https:\/\/mambaby.al\/wp-content\/uploads\/2024\/11\/mam-iconsandawards_2-6.webp 400w\" sizes=\"(max-width: 80px) 100vw, 80px\" \/><br \/>\nP\u00ebr foshnjat nga 2 deri n\u00eb 6 muaj<\/p>\n<p><img loading=\"lazy\" decoding=\"async\" class=\"alignnone wp-image-16633\" src=\"http:\/\/mambaby.al\/wp-content\/uploads\/2024\/11\/MAM_icons_as_online_shop_1000x1000px_Sterilizer_box-300x300.webp\" alt=\"\" width=\"81\" height=\"81\" srcset=\"https:\/\/mambaby.al\/wp-content\/uploads\/2024\/11\/MAM_icons_as_online_shop_1000x1000px_Sterilizer_box-300x300.webp 300w, https:\/\/mambaby.al\/wp-content\/uploads\/2024\/11\/MAM_icons_as_online_shop_1000x1000px_Sterilizer_box-800x800.webp 800w, https:\/\/mambaby.al\/wp-content\/uploads\/2024\/11\/MAM_icons_as_online_shop_1000x1000px_Sterilizer_box-150x150.webp 150w, https:\/\/mambaby.al\/wp-content\/uploads\/2024\/11\/MAM_icons_as_online_shop_1000x1000px_Sterilizer_box-768x768.webp 768w, https:\/\/mambaby.al\/wp-content\/uploads\/2024\/11\/MAM_icons_as_online_shop_1000x1000px_Sterilizer_box-860x860.webp 860w, https:\/\/mambaby.al\/wp-content\/uploads\/2024\/11\/MAM_icons_as_online_shop_1000x1000px_Sterilizer_box-430x430.webp 430w, https:\/\/mambaby.al\/wp-content\/uploads\/2024\/11\/MAM_icons_as_online_shop_1000x1000px_Sterilizer_box-700x700.webp 700w, https:\/\/mambaby.al\/wp-content\/uploads\/2024\/11\/MAM_icons_as_online_shop_1000x1000px_Sterilizer_box.webp 1200w\" sizes=\"(max-width: 81px) 100vw, 81px\" \/><br \/>\nKy produkt vjen n\u00eb nj\u00eb kuti sterilizuese dhe mbajt\u00ebse &#8211; p\u00ebr sterilizimin e p\u00ebrshtatsh\u00ebm dhe q\u00eb kursen koh\u00eb n\u00eb mikroval\u00eb<\/p>\n<p><img loading=\"lazy\" decoding=\"async\" class=\"alignnone wp-image-16632\" src=\"http:\/\/mambaby.al\/wp-content\/uploads\/2024\/11\/MAM_icons_as_online_shop_1000x1000px_nipple_acceptance_94-300x300.webp\" alt=\"\" width=\"80\" height=\"80\" srcset=\"https:\/\/mambaby.al\/wp-content\/uploads\/2024\/11\/MAM_icons_as_online_shop_1000x1000px_nipple_acceptance_94-300x300.webp 300w, https:\/\/mambaby.al\/wp-content\/uploads\/2024\/11\/MAM_icons_as_online_shop_1000x1000px_nipple_acceptance_94-800x800.webp 800w, https:\/\/mambaby.al\/wp-content\/uploads\/2024\/11\/MAM_icons_as_online_shop_1000x1000px_nipple_acceptance_94-150x150.webp 150w, https:\/\/mambaby.al\/wp-content\/uploads\/2024\/11\/MAM_icons_as_online_shop_1000x1000px_nipple_acceptance_94-768x768.webp 768w, https:\/\/mambaby.al\/wp-content\/uploads\/2024\/11\/MAM_icons_as_online_shop_1000x1000px_nipple_acceptance_94-860x860.webp 860w, https:\/\/mambaby.al\/wp-content\/uploads\/2024\/11\/MAM_icons_as_online_shop_1000x1000px_nipple_acceptance_94-430x430.webp 430w, https:\/\/mambaby.al\/wp-content\/uploads\/2024\/11\/MAM_icons_as_online_shop_1000x1000px_nipple_acceptance_94-700x700.webp 700w, https:\/\/mambaby.al\/wp-content\/uploads\/2024\/11\/MAM_icons_as_online_shop_1000x1000px_nipple_acceptance_94.webp 1200w\" sizes=\"(max-width: 80px) 100vw, 80px\" \/><br \/>\n94% pranimi i thithkave: pranohet leht\u00eb nga foshnjat, p\u00ebr nj\u00eb ndjenj\u00eb t\u00eb njohur<\/p>\n<p><img loading=\"lazy\" decoding=\"async\" class=\"alignnone wp-image-16713\" src=\"http:\/\/mambaby.al\/wp-content\/uploads\/2024\/11\/mam-iconsandawards_glows_in_the_dark_star-300x300.webp\" alt=\"\" width=\"82\" height=\"82\" srcset=\"https:\/\/mambaby.al\/wp-content\/uploads\/2024\/11\/mam-iconsandawards_glows_in_the_dark_star-300x300.webp 300w, https:\/\/mambaby.al\/wp-content\/uploads\/2024\/11\/mam-iconsandawards_glows_in_the_dark_star-150x150.webp 150w, https:\/\/mambaby.al\/wp-content\/uploads\/2024\/11\/mam-iconsandawards_glows_in_the_dark_star.webp 400w\" sizes=\"(max-width: 82px) 100vw, 82px\" \/><\/p>\n<p>Shk\u00eblqimi n\u00eb err\u00ebsir\u00eb e b\u00ebn k\u00ebt\u00eb produkt t\u00eb leht\u00eb p\u00ebr t&#8217;u gjetur n\u00eb err\u00ebsir\u00eb<\/p>\n","protected":false},"excerpt":{"rendered":"<div class=\"product-detail-name-container\">\n<div class=\"product-detail-subtitle\">Shk\u00eblqen n\u00eb err\u00ebsir\u00eb!<\/div>\n<\/div>\n<div class=\"product-usp-img-wrapper\"><img loading=\"lazy\" decoding=\"async\" class=\"product-usp-img img-fluid\" title=\"All MAM products are made from materials free of BPA and BPS\" src=\"https:\/\/cdn.mambaby.com\/icMtWssxii9cP4Rt_cugBo6JVWUYGL7rjOoSFH9S7NM\/rs%3Afit%3A3000%3A%3A\/gravity%3Asm\/aHR0cHM6Ly93d3cubWFtYmFieS5jb20vbWVkaWEvYmUvZzAvMzkvMTcwNjc4MDk3MC9tYW0taWNvbnNhbmRhd2FyZHNfQlBBLUJQUyBGcmVlLmpwZw\" alt=\"All MAM products are made from materials free of BPA and BPS\" width=\"50\" height=\"50\" \/>\u00a0<img loading=\"lazy\" decoding=\"async\" class=\"product-usp-img img-fluid\" title=\"MAM SkinSoft\u2122 Silicone: easily accepted by babies - for a familiar feeling \" src=\"https:\/\/cdn.mambaby.com\/KraQVKEcXZREULqgaRzV-9Nii7V0O1FdsNg6s28T1uE\/rs%3Afit%3A3000%3A%3A\/gravity%3Asm\/aHR0cHM6Ly93d3cubWFtYmFieS5jb20vbWVkaWEvNmQvOGEvNzcvMTcwNjc4MjE0Ny9tYW0taWNvbnNhbmRhd2FyZHNfc2tpbl9zb2Z0X3NpbGljb25lLmpwZw\" alt=\"MAM SkinSoft\u2122 Silicone: easily accepted by babies - for a familiar feeling \" width=\"51\" height=\"51\" \/>\u00a0<img loading=\"lazy\" decoding=\"async\" class=\"product-usp-img img-fluid\" title=\"For babies from 2 to 6 months \" src=\"https:\/\/cdn.mambaby.com\/ymSWhnRlOl9QVIpCnKNIXd8nMZG6ybZBItgButKt-8E\/rs%3Afit%3A3000%3A%3A\/gravity%3Asm\/aHR0cHM6Ly93d3cubWFtYmFieS5jb20vbWVkaWEvOTMvOWUvNTQvMTcwNjc4MTUxMC9tYW0taWNvbnNhbmRhd2FyZHNfMi02LmpwZw\" alt=\"For babies from 2 to 6 months \" width=\"50\" height=\"50\" \/>\u00a0<img loading=\"lazy\" decoding=\"async\" class=\"product-usp-img img-fluid\" title=\"This product comes in a sterilizing &amp; carry box - for convenient and time-saving sterilizing in the microwave\" src=\"https:\/\/cdn.mambaby.com\/vryBJ3ksTIh5-ZlcAZuYGCZn5w7GE9dCEKHeTOtUh0E\/rs%3Afit%3A3000%3A%3A\/gravity%3Asm\/aHR0cHM6Ly93d3cubWFtYmFieS5jb20vbWVkaWEvOTMvZDIvNjcvMTcwNjc4OTY5MC9NQU1faWNvbnNfYXNfb25saW5lX3Nob3BfMTAwMHgxMDAwcHhfU3RlcmlsaXplcl9ib3guanBn\" alt=\"This product comes in a sterilizing &amp; carry box - for convenient and time-saving sterilizing in the microwave\" width=\"51\" height=\"51\" \/>\u00a0<img loading=\"lazy\" decoding=\"async\" class=\"product-usp-img img-fluid\" title=\"The glow in the dark function makes this product easy to find in the dark\" src=\"https:\/\/cdn.mambaby.com\/kgjZUsT7Yjzgj-lCZM5S_EZk-h7-cVB3MXQS7YhVK8Y\/rs%3Afit%3A3000%3A%3A\/gravity%3Asm\/aHR0cHM6Ly93d3cubWFtYmFieS5jb20vbWVkaWEvMmQvNjIvNDQvMTcwNjc4MjMzNC9tYW0taWNvbnNhbmRhd2FyZHNfZ2xvd3NfaW5fdGhlX2Rhcmtfc3Rhci5qcGc\" alt=\"The glow in the dark function makes this product easy to find in the dark\" width=\"51\" height=\"51\" \/>\u00a0<img loading=\"lazy\" decoding=\"async\" class=\"product-usp-img img-fluid\" title=\" 94% nipple acceptance: easily accepted by babies, for a familiar feeling\" src=\"https:\/\/cdn.mambaby.com\/R4MavXBnxkrF12z9M8usqMgZpMjTpsFNzVrAGbBfxk8\/rs%3Afit%3A3000%3A%3A\/gravity%3Asm\/aHR0cHM6Ly93d3cubWFtYmFieS5jb20vbWVkaWEvZGEvNjUvNmIvMTcwNjc4OTU4OC9NQU1faWNvbnNfYXNfb25saW5lX3Nob3BfMTAwMHgxMDAwcHhfbmlwcGxlX2FjY2VwdGFuY2VfOTQuanBn\" alt=\" 94% nipple acceptance: easily accepted by babies, for a familiar feeling\" width=\"48\" height=\"48\" \/><\/div>\n<div>MAM Original Night vjen me zgjedhjen m\u00eb t\u00eb gjer\u00eb t\u00eb koleksioneve dhe \u00ebsht\u00eb e leht\u00eb p\u00ebr t&#8217;u gjetur n\u00eb err\u00ebsir\u00eb.<\/div>\n","protected":false},"featured_media":16714,"comment_status":"open","ping_status":"closed","template":"","meta":[],"product_cat":[82],"product_tag":[],"class_list":{"0":"post-16711","1":"product","2":"type-product","3":"status-publish","4":"has-post-thumbnail","6":"product_cat-cuc","8":"first","9":"instock","10":"shipping-taxable","11":"purchasable","12":"product-type-simple"},"_links":{"self":[{"href":"https:\/\/mambaby.al\/index.php?rest_route=\/wp\/v2\/product\/16711","targetHints":{"allow":["GET"]}}],"collection":[{"href":"https:\/\/mambaby.al\/index.php?rest_route=\/wp\/v2\/product"}],"about":[{"href":"https:\/\/mambaby.al\/index.php?rest_route=\/wp\/v2\/types\/product"}],"replies":[{"embeddable":true,"href":"https:\/\/mambaby.al\/index.php?rest_route=%2Fwp%2Fv2%2Fcomments&post=16711"}],"version-history":[{"count":3,"href":"https:\/\/mambaby.al\/index.php?rest_route=\/wp\/v2\/product\/16711\/revisions"}],"predecessor-version":[{"id":16864,"href":"https:\/\/mambaby.al\/index.php?rest_route=\/wp\/v2\/product\/16711\/revisions\/16864"}],"wp:featuredmedia":[{"embeddable":true,"href":"https:\/\/mambaby.al\/index.php?rest_route=\/wp\/v2\/media\/16714"}],"wp:attachment":[{"href":"https:\/\/mambaby.al\/index.php?rest_route=%2Fwp%2Fv2%2Fmedia&parent=16711"}],"wp:term":[{"taxonomy":"product_cat","embeddable":true,"href":"https:\/\/mambaby.al\/index.php?rest_route=%2Fwp%2Fv2%2Fproduct_cat&post=16711"},{"taxonomy":"product_tag","embeddable":true,"href":"https:\/\/mambaby.al\/index.php?rest_route=%2Fwp%2Fv2%2Fproduct_tag&post=16711"}],"curies":[{"name":"wp","href":"https:\/\/api.w.org\/{rel}","templated":true}]}}