{"id":16807,"date":"2025-10-13T20:39:56","date_gmt":"2025-10-13T20:39:56","guid":{"rendered":"https:\/\/mambaby.al\/?post_type=product&#038;p=16807"},"modified":"2025-10-13T20:51:34","modified_gmt":"2025-10-13T20:51:34","slug":"mam-clip-it-cover-kapesja-e-cucit-0-muaj","status":"publish","type":"product","link":"https:\/\/mambaby.al\/?product=mam-clip-it-cover-kapesja-e-cucit-0-muaj","title":{"rendered":"MAM Clip it! &amp; Cover &#8211; Kap\u00ebsja e \u00c7u\u00e7it 0+ muaj"},"content":{"rendered":"<p>M\u00eb e fort\u00eb dhe e gjithanshme se kurr\u00eb m\u00eb par\u00eb \u2013 kap\u00ebsja e re MAM mund t\u00eb p\u00ebrdoret me t\u00eb gjitha llojet e qet\u00ebsis\u00eb dhe aksesor\u00ebve t\u00eb tjer\u00eb p\u00ebr f\u00ebmij\u00eb.<\/p>\n<ul>\n<li>Duke p\u00ebrdorur\u00a0<strong>rregullimin inovativ<\/strong>, prind\u00ebrit mund t\u00eb rregullojn\u00eb individualisht gjat\u00ebsin\u00eb e kap\u00ebses p\u00ebr t&#8217;iu p\u00ebrshtatur p\u00ebrdorimit t\u00eb saj specifik<\/li>\n<li>Me\u00a0<strong>rripin e tij fleksib\u00ebl<\/strong>, \u00ebsht\u00eb e shpejt\u00eb dhe e leht\u00eb p\u00ebr ta v\u00ebn\u00eb te \u00e7u\u00e7\u00ebt, dh\u00ebmb\u00ebzuesit, lodra dhe m\u00eb shum\u00eb<\/li>\n<li>Unaza \u00ebsht\u00eb e thjesht\u00eb p\u00ebr t&#8217;u hequr n\u00eb m\u00ebnyr\u00eb q\u00eb t\u00eb mund t\u00eb lidhni \u00e7u\u00e7\u00ebt MAM si dhe \u00e7u\u00e7\u00eb e tjer\u00eb t\u00eb stilit me butona<\/li>\n<li>Mekanizmi i ri i kap\u00ebses mund t\u00eb\u00a0<strong>hapet automatikisht<\/strong>\u00a0duke t\u00ebrhequr rr\u00ebshqit\u00ebsin dhe \u00ebsht\u00eb i leht\u00eb p\u00ebr t&#8217;u p\u00ebrdorur me nj\u00ebr\u00ebn dor\u00eb.<\/li>\n<\/ul>\n<div>\n<h4 class=\"mam-quality-icon-bar-title\">MAM do t\u00eb thot\u00eb cil\u00ebsi<\/h4>\n<\/div>\n<p><img decoding=\"async\" src=\"https:\/\/cdn.mambaby.com\/PFmJRWr0VcUC8qUNDy-8iEsGd4iUiX82nKCr1youd90\/rs%3Afit%3A3000%3A%3A\/gravity%3Asm\/aHR0cHM6Ly93d3cubWFtYmFieS5jb20vbWVkaWEvM2QvNjEvYzAvMTc1NjE5Mzg2NS9WZWN0b3IgKDEyKS5zdmc\" \/><\/p>\n<div class=\"col-md-3 mam-quality-icon-bar-element\">\n<div class=\"cms-element-mam-quality justify-content-center\">\n<div class=\"cms-moon-label-container\">\n<div class=\"cms-moon-label-content-container\">\n<h5 class=\"cms-moon-label-title\">PA BPA &amp; BPS<\/h5>\n<div class=\"moon-label-description-container\">\n<p>T\u00eb gjitha produktet MAM jan\u00eb b\u00ebr\u00eb nga materiale pa BPA dhe BPS<\/p>\n<\/div>\n<\/div>\n<\/div>\n<\/div>\n<\/div>\n<div class=\"col-md-3 mam-quality-icon-bar-element\">\n<div>\n<div class=\"cms-element-image mam-quality-icon-wrapper\"><img decoding=\"async\" class=\"is-cover\" src=\"https:\/\/cdn.mambaby.com\/SAL38AH_EEMzedlpSHugpK_o2ksrqyeXEHXFRlfXRc8\/rs%3Afit%3A3000%3A%3A\/gravity%3Asm\/aHR0cHM6Ly93d3cubWFtYmFieS5jb20vbWVkaWEvZjMvYWYvY2IvMTcwNjc4MTAyNS9tYW0taWNvbnNhbmRhd2FyZHNfMHBsdXNfbS5qcGc\" alt=\"\" width=\"92\" height=\"92\" data-object-fit=\"cover\" \/><\/div>\n<div class=\"cms-moon-label-content-container\">\n<div class=\"moon-label-description-container\">\n<p>P\u00ebr foshnjat nga 0 muaj<\/p>\n<\/div>\n<div><\/div>\n<div id=\"faq-heading-0\" class=\"card-header\"><a class=\"card-link\" href=\"https:\/\/www.mambaby.com\/p\/mam-clip-it-soother-clip-0-months\/100006046#\" data-bs-toggle=\"collapse\" data-bs-target=\"#faq-collapse-0\" aria-expanded=\"true\" aria-controls=\"faq-collapse-0\"><strong>Si pastrohet kap\u00ebsja e \u00e7u\u00e7it MAM?<\/strong><\/a><\/div>\n<div id=\"faq-collapse-0\" class=\"collapse show\" aria-labelledby=\"faq-heading-0\" data-parent=\"#faqs-accordion\">\n<div class=\"p-3 card-body\">\n<p>Sigurohuni q\u00eb t\u00eb hiqni unaz\u00ebn silikoni dhe kap\u00ebsen plastike nga zinxhiri i mbajt\u00ebsit t\u00eb biberit pasi ato humbasin form\u00ebn e tyre n\u00eb uj\u00eb t\u00eb vluar dhe sterilizues. Pasi t\u00eb jen\u00eb hequr k\u00ebto pjes\u00eb k\u00ebmbimi, mund ta hidhni zinxhirin n\u00eb larje ose t&#8217;i lani me dor\u00eb. Kap\u00ebsja plastike dhe unaza silikoni mund t\u00eb lahen me dor\u00eb me uj\u00eb dhe sapun.<\/p>\n<\/div>\n<div id=\"faq-heading-2\" class=\"card-header\"><a class=\"card-link\" href=\"https:\/\/www.mambaby.com\/p\/mam-clip-it-soother-clip-0-months\/100006046#\" data-bs-toggle=\"collapse\" data-bs-target=\"#faq-collapse-2\" aria-expanded=\"true\" aria-controls=\"faq-collapse-2\"><strong>Pse pa BPA dhe BPS?<\/strong><\/a><\/div>\n<div id=\"faq-collapse-2\" class=\"collapse show\" aria-labelledby=\"faq-heading-2\" data-parent=\"#faqs-accordion\">\n<div class=\"p-3 card-body\">\n<p><strong>Bisfenoli A (BPA)<\/strong>\u00a0\u00ebsht\u00eb nj\u00eb komponent i r\u00ebnd\u00ebsish\u00ebm p\u00ebr prodhimin e polikarbonatit (PC), nd\u00ebrsa\u00a0<strong>bisfenoli S (BPS)<\/strong>\u00a0\u00ebsht\u00eb nj\u00eb kimikat organik q\u00eb p\u00ebrdoret p\u00ebr t\u00eb prodhuar polisulfon. Nd\u00ebr t\u00eb tjera, paketimi i ushqimit, en\u00ebt plastike dhe shishet p\u00ebr f\u00ebmij\u00eb jan\u00eb vet\u00ebm disa shembuj t\u00eb produkteve t\u00eb b\u00ebra me PC, nd\u00ebrsa p\u00ebrdorimi kryesor i BPS \u00ebsht\u00eb n\u00eb letrat termike dhe boj\u00ebrat. Problemi: Sasi t\u00eb vogla t\u00eb substancave kimike gradualisht rrjedhin nga plastika n\u00eb ushqim dhe p\u00ebrfundimisht mund t\u00eb hyjn\u00eb n\u00eb trup. Kjo mund t\u00eb prek\u00eb f\u00ebmij\u00ebt e vegj\u00ebl dhe foshnjat n\u00eb ve\u00e7anti.<br \/>\nSi rezultat i ekspozimit ndaj BPA, ekspert\u00ebt dhe studimet kan\u00eb par\u00eb nd\u00ebrprerje t\u00eb sistemit hormonal dhe trurit, diabet dhe d\u00ebmtim t\u00eb zemr\u00ebs, si dhe nj\u00eb rrezik n\u00eb rritje t\u00eb kancerit. Megjith\u00ebse provat shkencore nuk jan\u00eb ende p\u00ebrfundimtare, Komisioni Evropian &#8211; bazuar n\u00eb parimin e kujdesit &#8211; ka ndaluar p\u00ebrdorimin e BPA n\u00eb shishe p\u00ebr f\u00ebmij\u00eb p\u00ebr t\u00eb mbrojtur sh\u00ebndetin dhe sigurin\u00eb e foshnjave dhe f\u00ebmij\u00ebve t\u00eb vegj\u00ebl.<\/p>\n<div id=\"faq-heading-3\" class=\"card-header\"><a class=\"card-link\" href=\"https:\/\/www.mambaby.com\/p\/mam-clip-it-soother-clip-0-months\/100006046#\" data-bs-toggle=\"collapse\" data-bs-target=\"#faq-collapse-3\" aria-expanded=\"true\" aria-controls=\"faq-collapse-3\"><strong>A jan\u00eb kap\u00ebset e biberonit MAM t\u00eb sigurta p\u00ebr foshnjat?<\/strong><\/a><\/div>\n<div id=\"faq-collapse-3\" class=\"collapse show\" aria-labelledby=\"faq-heading-3\" data-parent=\"#faqs-accordion\">\n<div class=\"p-3 card-body\">\n<p>Po. Dizajner\u00ebt e MAM kan\u00eb zhvilluar nj\u00eb klip q\u00eb\u00a0<b>plot\u00ebson t\u00eb gjitha k\u00ebrkesat e standardeve t\u00eb siguris\u00eb<\/b>\u00a0dhe n\u00eb t\u00eb nj\u00ebjt\u00ebn koh\u00eb duket elegant.<\/p>\n<p>Gjat\u00ebsia e zinxhirit n\u00eb t\u00eb gjitha kap\u00ebset MAM \u00ebsht\u00eb brenda rregullores dhe rreziqet e mbytjes jan\u00eb praktikisht t\u00eb pamundura. Zinxhiri KURR\u00cb nuk duhet t\u00eb zgjatet ose fiksohet p\u00ebr t\u00eb humbur pjes\u00eb dhe tela! Kontrolloni zinxhirin p\u00ebr d\u00ebmtime p\u00ebrpara p\u00ebrdorimit dhe gjithmon\u00eb kapeni fort!<\/p>\n<\/div>\n<div id=\"faq-heading-4\" class=\"card-header\"><a class=\"card-link\" href=\"https:\/\/www.mambaby.com\/p\/mam-clip-it-soother-clip-0-months\/100006046#\" data-bs-toggle=\"collapse\" data-bs-target=\"#faq-collapse-4\" aria-expanded=\"true\" aria-controls=\"faq-collapse-4\"><strong>A mund t\u00eb p\u00ebrdoret MAM Clip vet\u00ebm me biberon MAM?<\/strong><\/a><\/div>\n<div id=\"faq-collapse-4\" class=\"collapse show\" aria-labelledby=\"faq-heading-4\" data-parent=\"#faqs-accordion\">\n<div class=\"p-3 card-body\">\n<p>Kap\u00ebsja\u00a0<b>mund t\u00eb p\u00ebrdoret edhe p\u00ebr \u00e7u\u00e7a t\u00eb tjer\u00eb<\/b>. Megjith\u00ebse unaza inovative silikoni n\u00eb kap\u00ebsen MAM \u00ebsht\u00eb projektuar p\u00ebr t&#8217;u p\u00ebrshtatur mir\u00eb me \u00e7el\u00ebsin n\u00eb t\u00eb gjitha \u00e7u\u00e7\u00ebt MAM, kap\u00ebsja e \u00e7u\u00e7it MAM mund t\u00eb ngjitet edhe n\u00eb \u00e7u\u00e7 me unaza.<\/p>\n<\/div>\n<\/div>\n<\/div>\n<\/div>\n<\/div>\n<\/div>\n<\/div>\n<\/div>\n<\/div>\n<div class=\"col-md-3 mam-quality-icon-bar-element\">\n<div class=\"cms-element-mam-quality justify-content-center\">\n<div class=\"cms-moon-label-container\">\n<div class=\"cms-moon-label-content-container\">\n<h5 class=\"cms-moon-label-title\"><\/h5>\n<div class=\"moon-label-description-container\"><\/div>\n<\/div>\n<\/div>\n<\/div>\n<\/div>\n","protected":false},"excerpt":{"rendered":"<p>M\u00eb e fort\u00eb dhe e gjithanshme se kurr\u00eb m\u00eb par\u00eb \u2013 kap\u00ebsja e re MAM mund t\u00eb p\u00ebrdoret me t\u00eb<\/p>\n","protected":false},"featured_media":16810,"comment_status":"open","ping_status":"closed","template":"","meta":[],"product_cat":[20,82],"product_tag":[],"class_list":{"0":"post-16807","1":"product","2":"type-product","3":"status-publish","4":"has-post-thumbnail","6":"product_cat-aksesor","7":"product_cat-cuc","9":"first","10":"instock","11":"shipping-taxable","12":"purchasable","13":"product-type-simple"},"_links":{"self":[{"href":"https:\/\/mambaby.al\/index.php?rest_route=\/wp\/v2\/product\/16807","targetHints":{"allow":["GET"]}}],"collection":[{"href":"https:\/\/mambaby.al\/index.php?rest_route=\/wp\/v2\/product"}],"about":[{"href":"https:\/\/mambaby.al\/index.php?rest_route=\/wp\/v2\/types\/product"}],"replies":[{"embeddable":true,"href":"https:\/\/mambaby.al\/index.php?rest_route=%2Fwp%2Fv2%2Fcomments&post=16807"}],"version-history":[{"count":2,"href":"https:\/\/mambaby.al\/index.php?rest_route=\/wp\/v2\/product\/16807\/revisions"}],"predecessor-version":[{"id":16819,"href":"https:\/\/mambaby.al\/index.php?rest_route=\/wp\/v2\/product\/16807\/revisions\/16819"}],"wp:featuredmedia":[{"embeddable":true,"href":"https:\/\/mambaby.al\/index.php?rest_route=\/wp\/v2\/media\/16810"}],"wp:attachment":[{"href":"https:\/\/mambaby.al\/index.php?rest_route=%2Fwp%2Fv2%2Fmedia&parent=16807"}],"wp:term":[{"taxonomy":"product_cat","embeddable":true,"href":"https:\/\/mambaby.al\/index.php?rest_route=%2Fwp%2Fv2%2Fproduct_cat&post=16807"},{"taxonomy":"product_tag","embeddable":true,"href":"https:\/\/mambaby.al\/index.php?rest_route=%2Fwp%2Fv2%2Fproduct_tag&post=16807"}],"curies":[{"name":"wp","href":"https:\/\/api.w.org\/{rel}","templated":true}]}}