{"id":16822,"date":"2025-10-14T07:29:37","date_gmt":"2025-10-14T07:29:37","guid":{"rendered":"https:\/\/mambaby.al\/?post_type=product&#038;p=16822"},"modified":"2025-10-14T08:36:27","modified_gmt":"2025-10-14T08:36:27","slug":"mam-cuc-trends-silicone-2-6m-2pcs","status":"publish","type":"product","link":"https:\/\/mambaby.al\/?product=mam-cuc-trends-silicone-2-6m-2pcs","title":{"rendered":"MAM \u00c7u\u00e7i Trends Silicone 2-6m &#8211; 2pcs"},"content":{"rendered":"<div class=\"halo-block-header\">\n<h3 class=\"title text-left\"><span class=\"text\">MAM Trends Silicone Pacifier 2-6 Months\u00a0<\/span><\/h3>\n<\/div>\n<div class=\"halo-block-content\">\n<div class=\"description-block\">\n<div class=\"halo-text-format description-block-item text-left\">\n<p><strong>MAM Trends Silicone Pacifier 2-6 Months *2 Pack<\/strong><\/p>\n<p><span dir=\"auto\">\u2022 Miq\u00ebsore me l\u00ebkur\u00ebn e foshnj\u00ebs<\/span><\/p>\n<p><span dir=\"auto\">\u2022 Elementet e dizajnit t\u00eb saj jan\u00eb siguruar<\/span><\/p>\n<p><span dir=\"auto\">\u2022 I disponuesh\u00ebm me <\/span><strong><span dir=\"auto\">thithk\u00eb silikoni<\/span><\/strong><span dir=\"auto\"> SKINSOFT\u2122.<\/span><\/p>\n<p>\u2022 Furnizohet n\u00eb nj\u00eb kuti praktike sterilizuese dhe mbajt\u00ebse \u00e7u\u00e7i p\u00ebr sterilizim t\u00eb p\u00ebrshtatsh\u00ebm dhe q\u00eb kursen koh\u00eb n\u00eb mikroval\u00eb<\/p>\n<p><img decoding=\"async\" class=\"\" src=\"http:\/\/mambaby.al\/wp-content\/uploads\/2024\/11\/mam-original-2-6-silicone-night-detail_400x400-300x300.jpg\" width=\"154\" height=\"154\" \/><br \/>\n<strong><span dir=\"auto\">1. MBROJT\u00cbSE.<\/span><\/strong><br \/>\n<span dir=\"auto\">Form\u00eb e lakuar p\u00ebr rehati maksimale. Ve\u00e7an\u00ebrisht miq\u00ebsore me l\u00ebkur\u00ebn e foshnj\u00ebs fal\u00eb sip\u00ebrfaqes s\u00eb brendshme t\u00eb stampuar.<\/span><\/p>\n<p><strong><span dir=\"auto\">2. DIZAJN MOM.<\/span><\/strong><br \/>\n<span dir=\"auto\">Form\u00eb simetrike q\u00eb p\u00ebrshtatet n\u00eb m\u00ebnyr\u00eb t\u00eb p\u00ebrkryer n\u00eb goj\u00ebn e foshnj\u00ebs. I projektuar n\u00eb bashk\u00ebpunim me dentist\u00eb pediat\u00ebr p\u00ebr zhvillimin e duhur t\u00eb dh\u00ebmb\u00ebve.<\/span><\/p>\n<p>4. <strong>L\u00cbKUR\u00cb SOFTTM SILIKONI<\/strong><br \/>\nLeht\u00eb pranohet nga bebet. P\u00ebr nj\u00eb ndjenj\u00eb t\u00eb njohur.<\/p>\n<p><img decoding=\"async\" class=\"alignnone wp-image-16629\" src=\"http:\/\/mambaby.al\/wp-content\/uploads\/2024\/11\/mam-iconsandawards_BPA-BPS-Free-300x300.webp\" alt=\"\" width=\"81\" height=\"81\" srcset=\"https:\/\/mambaby.al\/wp-content\/uploads\/2024\/11\/mam-iconsandawards_BPA-BPS-Free-300x300.webp 300w, https:\/\/mambaby.al\/wp-content\/uploads\/2024\/11\/mam-iconsandawards_BPA-BPS-Free-150x150.webp 150w, https:\/\/mambaby.al\/wp-content\/uploads\/2024\/11\/mam-iconsandawards_BPA-BPS-Free.webp 400w\" sizes=\"(max-width: 81px) 100vw, 81px\" \/><br \/>\nT\u00eb gjitha produktet MAM jan\u00eb b\u00ebr\u00eb nga materiale pa BPA dhe BPS<\/p>\n<p><img decoding=\"async\" class=\"alignnone wp-image-16630\" src=\"http:\/\/mambaby.al\/wp-content\/uploads\/2024\/11\/mam-iconsandawards_skin_soft_silicone-300x300.webp\" alt=\"\" width=\"80\" height=\"80\" srcset=\"https:\/\/mambaby.al\/wp-content\/uploads\/2024\/11\/mam-iconsandawards_skin_soft_silicone-300x300.webp 300w, https:\/\/mambaby.al\/wp-content\/uploads\/2024\/11\/mam-iconsandawards_skin_soft_silicone-150x150.webp 150w, https:\/\/mambaby.al\/wp-content\/uploads\/2024\/11\/mam-iconsandawards_skin_soft_silicone.webp 400w\" sizes=\"(max-width: 80px) 100vw, 80px\" \/><br \/>\nMAM SkinSoft\u2122 Silicone: pranohet leht\u00eb nga foshnjat &#8211; p\u00ebr nj\u00eb ndjenj\u00eb t\u00eb njohur<\/p>\n<p><img loading=\"lazy\" decoding=\"async\" class=\"alignnone wp-image-16631\" src=\"http:\/\/mambaby.al\/wp-content\/uploads\/2024\/11\/mam-iconsandawards_2-6-300x300.webp\" alt=\"\" width=\"80\" height=\"80\" srcset=\"https:\/\/mambaby.al\/wp-content\/uploads\/2024\/11\/mam-iconsandawards_2-6-300x300.webp 300w, https:\/\/mambaby.al\/wp-content\/uploads\/2024\/11\/mam-iconsandawards_2-6-150x150.webp 150w, https:\/\/mambaby.al\/wp-content\/uploads\/2024\/11\/mam-iconsandawards_2-6.webp 400w\" sizes=\"(max-width: 80px) 100vw, 80px\" \/><br \/>\nP\u00ebr foshnjat nga 2 deri n\u00eb 6 muaj<\/p>\n<p><img loading=\"lazy\" decoding=\"async\" class=\"alignnone wp-image-16633\" src=\"http:\/\/mambaby.al\/wp-content\/uploads\/2024\/11\/MAM_icons_as_online_shop_1000x1000px_Sterilizer_box-300x300.webp\" alt=\"\" width=\"81\" height=\"81\" srcset=\"https:\/\/mambaby.al\/wp-content\/uploads\/2024\/11\/MAM_icons_as_online_shop_1000x1000px_Sterilizer_box-300x300.webp 300w, https:\/\/mambaby.al\/wp-content\/uploads\/2024\/11\/MAM_icons_as_online_shop_1000x1000px_Sterilizer_box-800x800.webp 800w, https:\/\/mambaby.al\/wp-content\/uploads\/2024\/11\/MAM_icons_as_online_shop_1000x1000px_Sterilizer_box-150x150.webp 150w, https:\/\/mambaby.al\/wp-content\/uploads\/2024\/11\/MAM_icons_as_online_shop_1000x1000px_Sterilizer_box-768x768.webp 768w, https:\/\/mambaby.al\/wp-content\/uploads\/2024\/11\/MAM_icons_as_online_shop_1000x1000px_Sterilizer_box-860x860.webp 860w, https:\/\/mambaby.al\/wp-content\/uploads\/2024\/11\/MAM_icons_as_online_shop_1000x1000px_Sterilizer_box-430x430.webp 430w, https:\/\/mambaby.al\/wp-content\/uploads\/2024\/11\/MAM_icons_as_online_shop_1000x1000px_Sterilizer_box-700x700.webp 700w, https:\/\/mambaby.al\/wp-content\/uploads\/2024\/11\/MAM_icons_as_online_shop_1000x1000px_Sterilizer_box.webp 1200w\" sizes=\"(max-width: 81px) 100vw, 81px\" \/><br \/>\nKy produkt vjen n\u00eb nj\u00eb kuti sterilizuese dhe mbajt\u00ebse &#8211; p\u00ebr sterilizimin e p\u00ebrshtatsh\u00ebm dhe q\u00eb kursen koh\u00eb n\u00eb mikroval\u00eb<\/p>\n<p><img loading=\"lazy\" decoding=\"async\" class=\"alignnone wp-image-16632\" src=\"http:\/\/mambaby.al\/wp-content\/uploads\/2024\/11\/MAM_icons_as_online_shop_1000x1000px_nipple_acceptance_94-300x300.webp\" alt=\"\" width=\"80\" height=\"80\" srcset=\"https:\/\/mambaby.al\/wp-content\/uploads\/2024\/11\/MAM_icons_as_online_shop_1000x1000px_nipple_acceptance_94-300x300.webp 300w, https:\/\/mambaby.al\/wp-content\/uploads\/2024\/11\/MAM_icons_as_online_shop_1000x1000px_nipple_acceptance_94-800x800.webp 800w, https:\/\/mambaby.al\/wp-content\/uploads\/2024\/11\/MAM_icons_as_online_shop_1000x1000px_nipple_acceptance_94-150x150.webp 150w, https:\/\/mambaby.al\/wp-content\/uploads\/2024\/11\/MAM_icons_as_online_shop_1000x1000px_nipple_acceptance_94-768x768.webp 768w, https:\/\/mambaby.al\/wp-content\/uploads\/2024\/11\/MAM_icons_as_online_shop_1000x1000px_nipple_acceptance_94-860x860.webp 860w, https:\/\/mambaby.al\/wp-content\/uploads\/2024\/11\/MAM_icons_as_online_shop_1000x1000px_nipple_acceptance_94-430x430.webp 430w, https:\/\/mambaby.al\/wp-content\/uploads\/2024\/11\/MAM_icons_as_online_shop_1000x1000px_nipple_acceptance_94-700x700.webp 700w, https:\/\/mambaby.al\/wp-content\/uploads\/2024\/11\/MAM_icons_as_online_shop_1000x1000px_nipple_acceptance_94.webp 1200w\" sizes=\"(max-width: 80px) 100vw, 80px\" \/><br \/>\n94% pranimi i thithkave: pranohet leht\u00eb nga foshnjat, p\u00ebr nj\u00eb ndjenj\u00eb t\u00eb njohur<\/p>\n<\/div>\n<\/div>\n<\/div>\n","protected":false},"excerpt":{"rendered":"<p>MAM Trends Silicone Pacifier 2-6 Months\u00a0 MAM Trends Silicone Pacifier 2-6 Months *2 Pack \u2022 Miq\u00ebsore me l\u00ebkur\u00ebn e foshnj\u00ebs<\/p>\n","protected":false},"featured_media":16824,"comment_status":"open","ping_status":"closed","template":"","meta":[],"product_cat":[82],"product_tag":[],"class_list":{"0":"post-16822","1":"product","2":"type-product","3":"status-publish","4":"has-post-thumbnail","6":"product_cat-cuc","8":"first","9":"instock","10":"shipping-taxable","11":"purchasable","12":"product-type-simple"},"_links":{"self":[{"href":"https:\/\/mambaby.al\/index.php?rest_route=\/wp\/v2\/product\/16822","targetHints":{"allow":["GET"]}}],"collection":[{"href":"https:\/\/mambaby.al\/index.php?rest_route=\/wp\/v2\/product"}],"about":[{"href":"https:\/\/mambaby.al\/index.php?rest_route=\/wp\/v2\/types\/product"}],"replies":[{"embeddable":true,"href":"https:\/\/mambaby.al\/index.php?rest_route=%2Fwp%2Fv2%2Fcomments&post=16822"}],"version-history":[{"count":2,"href":"https:\/\/mambaby.al\/index.php?rest_route=\/wp\/v2\/product\/16822\/revisions"}],"predecessor-version":[{"id":16854,"href":"https:\/\/mambaby.al\/index.php?rest_route=\/wp\/v2\/product\/16822\/revisions\/16854"}],"wp:featuredmedia":[{"embeddable":true,"href":"https:\/\/mambaby.al\/index.php?rest_route=\/wp\/v2\/media\/16824"}],"wp:attachment":[{"href":"https:\/\/mambaby.al\/index.php?rest_route=%2Fwp%2Fv2%2Fmedia&parent=16822"}],"wp:term":[{"taxonomy":"product_cat","embeddable":true,"href":"https:\/\/mambaby.al\/index.php?rest_route=%2Fwp%2Fv2%2Fproduct_cat&post=16822"},{"taxonomy":"product_tag","embeddable":true,"href":"https:\/\/mambaby.al\/index.php?rest_route=%2Fwp%2Fv2%2Fproduct_tag&post=16822"}],"curies":[{"name":"wp","href":"https:\/\/api.w.org\/{rel}","templated":true}]}}