{"id":16872,"date":"2025-10-14T16:24:32","date_gmt":"2025-10-14T16:24:32","guid":{"rendered":"https:\/\/mambaby.al\/?post_type=product&#038;p=16872"},"modified":"2025-10-14T19:58:50","modified_gmt":"2025-10-14T19:58:50","slug":"mam-cuci-air-16-better-together-2pcs","status":"publish","type":"product","link":"https:\/\/mambaby.al\/?product=mam-cuci-air-16-better-together-2pcs","title":{"rendered":"MAM \u00c7u\u00e7i Air 16+ Better Together &#8211; 2pcs"},"content":{"rendered":"<ul>\n<li><b>Rrjedha shtes\u00eb e ajrit<\/b>\u00a0\u2013 ve\u00e7an\u00ebrisht miq\u00ebsore me l\u00ebkur\u00ebn<\/li>\n<li>Dizajni inovativ lejon buz\u00ebqeshjen e foshnj\u00ebs t\u00eb shk\u00eblqej\u00eb<\/li>\n<li><strong>Ortodontike<\/strong><\/li>\n<li>Qet\u00ebson dhe ngush\u00ebllon foshnj\u00ebn<\/li>\n<li><strong>Thithka simetrike, e holl\u00eb dhe miq\u00ebsore me nofull\u00ebn<\/strong><\/li>\n<li>B\u00ebr\u00eb me\u00a0<strong>Materialet bio-rrethore<sup>2<\/sup><\/strong><\/li>\n<li>N\u00eb dispozicion si \u00e7u\u00e7 silikoni MAM SkinSoft\u2122 ose biberon gome natyrale<\/li>\n<li>Furnizohet n\u00eb nj\u00eb\u00a0<strong>kuti praktike sterilizimi dhe mbajtjeje<\/strong>\u00a0p\u00ebr sterilizim t\u00eb p\u00ebrshtatsh\u00ebm dhe q\u00eb kursen koh\u00eb n\u00eb mikroval\u00eb<\/li>\n<\/ul>\n<p><img decoding=\"async\" class=\"img-fluid\" src=\"https:\/\/test02.mambaby.com\/thumbnail\/79\/0d\/2c\/1608041659\/mam-air-6+-silicone-detail%20(2)_400x400.jpg\" width=\"141\" height=\"141\" \/><\/p>\n<div><b>1. MBUROJA<\/b><br \/>\nRrjedhje ajri shtes\u00eb. Sidomos miq\u00ebsore me l\u00ebkur\u00ebn, m\u00eb pak skuqje t\u00eb l\u00ebkur\u00ebs. Leht\u00eb p\u00ebr t\u00eb par\u00eb buz\u00ebqeshjen e foshnj\u00ebs.<\/div>\n<div><b><\/b><b>2. BUTONI<\/b><br \/>\nShpejt dhe leht\u00eb p\u00ebr t&#8217;u kuptuar. P\u00ebr ngjitjen e leht\u00eb t\u00eb nj\u00eb kap\u00ebse.<\/div>\n<div><b><\/b><b>3. THITHKA MAM\u00a0<\/b><br \/>\nThithka simetrike, e holl\u00eb dhe miq\u00ebsore me nofull\u00ebn. Zhvilluar me ekspert\u00eb mjek\u00ebsor\u00eb.<\/div>\n<div><b><\/b><b>4a. L\u00cbKURA E BUT\u00cb<sup>TM\u00a0<\/sup>SILIKONI<\/b><br \/>\nPranohet leht\u00ebsisht nga foshnjat. P\u00ebr nj\u00eb ndjenj\u00eb t\u00eb njohur.<\/div>\n<p><strong>B\u00cbR\u00cb ME MATERIALE<br \/>\nBIO-RRETHORE<\/strong><sup>2<\/sup>Mburoja, butoni dhe kutia e sterilizuesit jan\u00eb b\u00ebr\u00eb me materiale biorrethore sipas qasjes s\u00eb balancuar t\u00eb mas\u00ebs t\u00eb certifikuar nga ISCC PLUS<\/p>\n<p><img decoding=\"async\" class=\"img-fluid\" src=\"https:\/\/test02.mambaby.com\/thumbnail\/4b\/79\/67\/1608041651\/mam-air-6+-latex-detail_400x400.jpg\" width=\"141\" height=\"141\" \/><\/p>\n<div><b>1. MBUROJA<\/b><br \/>\nRrjedhje ajri shtes\u00eb. Sidomos miq\u00ebsore me l\u00ebkur\u00ebn, m\u00eb pak skuqje t\u00eb l\u00ebkur\u00ebs. Leht\u00eb p\u00ebr t\u00eb par\u00eb buz\u00ebqeshjen e foshnj\u00ebs.<\/div>\n<div><b><\/b><b>2. BUTONI<\/b><br \/>\nShpejt dhe leht\u00eb p\u00ebr t&#8217;u kuptuar. P\u00ebr ngjitjen e leht\u00eb t\u00eb nj\u00eb kap\u00ebse.<\/div>\n<div><b><\/b><b>3. THITHKA MAM\u00a0<\/b><br \/>\nThithka simetrike, e holl\u00eb dhe miq\u00ebsore me nofull\u00ebn. Zhvilluar me ekspert\u00eb mjek\u00ebsor\u00eb.<\/div>\n<div><b>4b. Gome<\/b><br \/>\nNATYRALE\u00a0Natyrisht e but\u00eb dhe rezistente ndaj kafshimit. Gome natyrale me cil\u00ebsi t\u00eb lart\u00eb.<\/div>\n<p><strong>B\u00cbR\u00cb ME MATERIALE<br \/>\nBIO-RRETHORE<\/strong><sup>2\u00a0<\/sup>Mburoj\u00eb, buton dhe kuti sterilizuese e b\u00ebr\u00eb nga polipropileni i lidhur me l\u00ebnd\u00ebt e para bio-rrethore sipas qasjes s\u00eb bilancit t\u00eb mas\u00ebs t\u00eb certifikuar nga ISCC PLUS.<\/p>\n<p><img decoding=\"async\" class=\"is-cover\" src=\"https:\/\/cdn.mambaby.com\/PFmJRWr0VcUC8qUNDy-8iEsGd4iUiX82nKCr1youd90\/rs%3Afit%3A3000%3A%3A\/gravity%3Asm\/aHR0cHM6Ly93d3cubWFtYmFieS5jb20vbWVkaWEvM2QvNjEvYzAvMTc1NjE5Mzg2NS9WZWN0b3IgKDEyKS5zdmc\" alt=\"\" data-object-fit=\"cover\" \/><\/p>\n<p>T\u00eb gjitha produktet MAM jan\u00eb b\u00ebr\u00eb nga materiale pa BPA dhe BPS<\/p>\n<p><img decoding=\"async\" class=\"alignnone wp-image-16633\" src=\"http:\/\/mambaby.al\/wp-content\/uploads\/2024\/11\/MAM_icons_as_online_shop_1000x1000px_Sterilizer_box-300x300.webp\" alt=\"\" width=\"94\" height=\"94\" srcset=\"https:\/\/mambaby.al\/wp-content\/uploads\/2024\/11\/MAM_icons_as_online_shop_1000x1000px_Sterilizer_box-300x300.webp 300w, https:\/\/mambaby.al\/wp-content\/uploads\/2024\/11\/MAM_icons_as_online_shop_1000x1000px_Sterilizer_box-800x800.webp 800w, https:\/\/mambaby.al\/wp-content\/uploads\/2024\/11\/MAM_icons_as_online_shop_1000x1000px_Sterilizer_box-150x150.webp 150w, https:\/\/mambaby.al\/wp-content\/uploads\/2024\/11\/MAM_icons_as_online_shop_1000x1000px_Sterilizer_box-768x768.webp 768w, https:\/\/mambaby.al\/wp-content\/uploads\/2024\/11\/MAM_icons_as_online_shop_1000x1000px_Sterilizer_box-860x860.webp 860w, https:\/\/mambaby.al\/wp-content\/uploads\/2024\/11\/MAM_icons_as_online_shop_1000x1000px_Sterilizer_box-430x430.webp 430w, https:\/\/mambaby.al\/wp-content\/uploads\/2024\/11\/MAM_icons_as_online_shop_1000x1000px_Sterilizer_box-700x700.webp 700w, https:\/\/mambaby.al\/wp-content\/uploads\/2024\/11\/MAM_icons_as_online_shop_1000x1000px_Sterilizer_box.webp 1200w\" sizes=\"(max-width: 94px) 100vw, 94px\" \/><br \/>\nKy produkt vjen n\u00eb nj\u00eb kuti sterilizuese dhe mbajt\u00ebse &#8211; p\u00ebr sterilizimin e p\u00ebrshtatsh\u00ebm dhe q\u00eb kursen koh\u00eb n\u00eb mikroval\u00eb<\/p>\n<p><img loading=\"lazy\" decoding=\"async\" class=\"alignnone wp-image-16708\" src=\"http:\/\/mambaby.al\/wp-content\/uploads\/2024\/11\/mam-iconsandawards_16plus-300x300.webp\" alt=\"\" width=\"80\" height=\"80\" srcset=\"https:\/\/mambaby.al\/wp-content\/uploads\/2024\/11\/mam-iconsandawards_16plus-300x300.webp 300w, https:\/\/mambaby.al\/wp-content\/uploads\/2024\/11\/mam-iconsandawards_16plus-150x150.webp 150w, https:\/\/mambaby.al\/wp-content\/uploads\/2024\/11\/mam-iconsandawards_16plus.webp 400w\" sizes=\"(max-width: 80px) 100vw, 80px\" \/><\/p>\n<p>P\u00ebr foshnjat nga 16 muaj<\/p>\n<div class=\"cms-element-image mam-quality-icon-wrapper\"><img loading=\"lazy\" decoding=\"async\" class=\"is-cover\" src=\"https:\/\/cdn.mambaby.com\/ssxSn1bcbcZTgHzRH_oAemAXkVQcpwqSn2yavBy9lVs\/rs%3Afit%3A3000%3A%3A\/gravity%3Asm\/aHR0cHM6Ly93d3cubWFtYmFieS5jb20vbWVkaWEvZTYvODAvYzUvMTc1NjE5MzkzNi9JQ09OICgzKS5zdmc\" alt=\"\" width=\"88\" height=\"64\" data-object-fit=\"cover\" \/><\/div>\n<div class=\"cms-moon-label-content-container\">\n<h5 class=\"cms-moon-label-title\">Silikoni SkinSoft\u2122<\/h5>\n<div class=\"moon-label-description-container\">\n<p>Silikoni MAM SkinSoft\u2122: pranohet leht\u00ebsisht nga foshnjat &#8211; p\u00ebr nj\u00eb ndjenj\u00eb t\u00eb njohur<\/p>\n<div class=\"cms-element-image mam-quality-icon-wrapper\"><img loading=\"lazy\" decoding=\"async\" class=\"is-cover\" src=\"https:\/\/cdn.mambaby.com\/k_1JcMcQVpG7_YHzr3EKZj_HFXp0zxXf9gGLsxIIsRM\/rs%3Afit%3A3000%3A%3A\/gravity%3Asm\/aHR0cHM6Ly93d3cubWFtYmFieS5jb20vbWVkaWEvZDgvMTEvNjkvMTc1NjE5NDAxOC9JQ09OICg0KS5zdmc\" alt=\"\" width=\"93\" height=\"62\" data-object-fit=\"cover\" \/><\/div>\n<div class=\"cms-moon-label-content-container\">\n<h5 class=\"cms-moon-label-title\">94% pranimi i thithkave<\/h5>\n<div class=\"moon-label-description-container\">\n<p>94% pranimi i thithkave: pranohet leht\u00ebsisht nga foshnjat, p\u00ebr nj\u00eb ndjenj\u00eb t\u00eb njohur*<\/p>\n<\/div>\n<\/div>\n<\/div>\n<\/div>\n","protected":false},"excerpt":{"rendered":"<p>Rrjedha shtes\u00eb e ajrit\u00a0\u2013 ve\u00e7an\u00ebrisht miq\u00ebsore me l\u00ebkur\u00ebn Dizajni inovativ lejon buz\u00ebqeshjen e foshnj\u00ebs t\u00eb shk\u00eblqej\u00eb Ortodontike Qet\u00ebson dhe ngush\u00ebllon<\/p>\n","protected":false},"featured_media":16873,"comment_status":"open","ping_status":"closed","template":"","meta":[],"product_cat":[82],"product_tag":[],"class_list":{"0":"post-16872","1":"product","2":"type-product","3":"status-publish","4":"has-post-thumbnail","6":"product_cat-cuc","8":"first","9":"instock","10":"shipping-taxable","11":"purchasable","12":"product-type-simple"},"_links":{"self":[{"href":"https:\/\/mambaby.al\/index.php?rest_route=\/wp\/v2\/product\/16872","targetHints":{"allow":["GET"]}}],"collection":[{"href":"https:\/\/mambaby.al\/index.php?rest_route=\/wp\/v2\/product"}],"about":[{"href":"https:\/\/mambaby.al\/index.php?rest_route=\/wp\/v2\/types\/product"}],"replies":[{"embeddable":true,"href":"https:\/\/mambaby.al\/index.php?rest_route=%2Fwp%2Fv2%2Fcomments&post=16872"}],"version-history":[{"count":3,"href":"https:\/\/mambaby.al\/index.php?rest_route=\/wp\/v2\/product\/16872\/revisions"}],"predecessor-version":[{"id":16903,"href":"https:\/\/mambaby.al\/index.php?rest_route=\/wp\/v2\/product\/16872\/revisions\/16903"}],"wp:featuredmedia":[{"embeddable":true,"href":"https:\/\/mambaby.al\/index.php?rest_route=\/wp\/v2\/media\/16873"}],"wp:attachment":[{"href":"https:\/\/mambaby.al\/index.php?rest_route=%2Fwp%2Fv2%2Fmedia&parent=16872"}],"wp:term":[{"taxonomy":"product_cat","embeddable":true,"href":"https:\/\/mambaby.al\/index.php?rest_route=%2Fwp%2Fv2%2Fproduct_cat&post=16872"},{"taxonomy":"product_tag","embeddable":true,"href":"https:\/\/mambaby.al\/index.php?rest_route=%2Fwp%2Fv2%2Fproduct_tag&post=16872"}],"curies":[{"name":"wp","href":"https:\/\/api.w.org\/{rel}","templated":true}]}}