{"id":16913,"date":"2025-10-14T20:53:09","date_gmt":"2025-10-14T20:53:09","guid":{"rendered":"https:\/\/mambaby.al\/?post_type=product&#038;p=16913"},"modified":"2025-10-14T20:53:09","modified_gmt":"2025-10-14T20:53:09","slug":"mam-cuci-perfect-night-6","status":"publish","type":"product","link":"https:\/\/mambaby.al\/?product=mam-cuci-perfect-night-6","title":{"rendered":"MAM \u00c7u\u00e7i Perfect Night 6+"},"content":{"rendered":"<div class=\"cms-section  pos-1 cms-section-default\">\n<section class=\"cms-section-default boxed\">\n<div class=\"cms-block  pos-0 cms-block-twt-product-description-reviews-accordion position-relative\">\n<div class=\"cms-block-container\">\n<div class=\"cms-block-container-row row cms-row \">\n<div class=\"col-12\" data-cms-element-id=\"019368b20a957bb3b4bae244e21586a6\">\n<div id=\"accordionDescriptionReviews\" class=\"twt-product-description-reviews accordion accordion-flush\">\n<div class=\"accordion-item\">\n<div id=\"collapseDescription\" class=\"accordion-collapse collapse show\" aria-labelledby=\"headingDescription\" data-bs-parent=\"#accordionDescriptionReviews\">\n<div class=\"accordion-body\">\n<div class=\"product-detail-description tab-pane-container\">\n<div class=\"product-detail-description-text\">\n<ul>\n<li>Ndri\u00e7oni n\u00eb err\u00ebsir\u00eb \u2013\u00a0<b>leht\u00eb p\u00ebr t&#8217;u gjetur nd\u00ebrsa butoni shk\u00eblqen<\/b><\/li>\n<li>Ortodontike e krijuar p\u00ebr t\u00eb <b>zvog\u00ebluar rrezikun e dh\u00ebmb\u00ebve t\u00eb gabuar<\/b><\/li>\n<li><b>Thithka tep\u00ebr e holl\u00eb dhe fleksib\u00ebl<\/b><\/li>\n<li>Lejon\u00a0<b>mbyllje m\u00eb natyrale t\u00eb goj\u00ebs<\/b><\/li>\n<li>Zhvilluar me ortodont\u00eb dhe dentist\u00eb pediat\u00ebr<\/li>\n<li><b>E provuar klinikisht<\/b>: mb\u00ebshtet zhvillimin e sh\u00ebndetsh\u00ebm t\u00eb dh\u00ebmb\u00ebve dhe nofullave**<\/li>\n<li>Qet\u00ebson dhe ngush\u00ebllon foshnj\u00ebn<\/li>\n<li><span>B\u00ebr\u00eb me\u00a0<\/span><strong><span>Materialet bio-rrethore<\/span><sup>2<\/sup><\/strong><\/li>\n<li>N\u00eb dispozicion si \u00e7u\u00e7 silikoni MAM SkinSoft\u2122<\/li>\n<li>Furnizohet n\u00eb nj\u00eb\u00a0<strong>kuti praktike sterilizimi dhe mbajtjeje<\/strong>\u00a0p\u00ebr sterilizim t\u00eb p\u00ebrshtatsh\u00ebm dhe q\u00eb kursen koh\u00eb n\u00eb mikroval\u00eb<\/li>\n<\/ul>\n<div><sup><i>**Y. Wagner, R. Heinrich-Weltzien, &#8220;Efekti i nj\u00eb biberoni me qaf\u00eb t\u00eb holl\u00eb n\u00eb dh\u00ebmb\u00ebt par\u00ebsor: nj\u00eb prov\u00eb e kontrolluar e rast\u00ebsishme&#8221;, Ortodoncia dhe K\u00ebrkimi Kraniofacial, V\u00ebllimi 19, Numri 3, faqet 127\u2013136, gusht 2016.<\/i><br \/>\n<\/sup><\/div>\n<div><i><sup>Raportet shkencore nga instituti Wild Hi-Precision verifikojn\u00eb: qafa e tetdh\u00ebs s\u00eb MAM Perfect \u00ebsht\u00eb mesatarisht 60% m\u00eb e holl\u00eb; serit\u00eb e testeve nga Klinika Universitare e Stomatologjis\u00eb Vjena konfirmojn\u00eb: \u00ebsht\u00eb gjithashtu mesatarisht 4 her\u00eb m\u00eb fleksib\u00ebl se biberonat e krahasuesh\u00ebm. (Nd\u00ebrmjet: 32% \u2013 83% m\u00eb t\u00eb holl\u00eb \/ 1.1 \u2013 19.5 her\u00eb m\u00eb fleksib\u00ebl se biberon\u00ebt e zakonsh\u00ebm silikoni).<\/sup><\/i><\/div>\n<div><i>\u00a0<\/i><\/div>\n<div><img decoding=\"async\" class=\"img-fluid\" src=\"https:\/\/test02.mambaby.com\/thumbnail\/00\/d2\/34\/1610378049\/mam-perfect-night-6+-silicone-detail_400x400.jpg\" width=\"200\" height=\"200\" \/><\/div>\n<div><b>1. MBUROJA<br \/>\n<\/b>Lakuar p\u00ebr rehati maksimale. Miq\u00ebsore me l\u00ebkur\u00ebn fal\u00eb vrimave t\u00eb m\u00ebdha t\u00eb ajrit.<\/div>\n<div><b><\/b><span><b>2. BUTONI<br \/>\n<\/b>Shk\u00eblqen n\u00eb err\u00ebsir\u00eb &#8211; k\u00ebshtu q\u00eb prind\u00ebrit dhe foshnjat mund ta gjejn\u00eb leht\u00ebsisht. E shpejt\u00eb dhe e leht\u00eb p\u00ebr t&#8217;u kuptuar. P\u00ebr ngjitjen e leht\u00eb t\u00eb nj\u00eb kap\u00ebse.<\/span><\/div>\n<div><b><\/b><span><b>3. THITHKA<br \/>\n<\/b>Teta ekstra e holl\u00eb dhe fleksib\u00ebl lejon mbyllje m\u00eb natyrale t\u00eb goj\u00ebs. Zhvilluar me ortodont\u00ebt dhe dentist\u00ebt pediat\u00ebr.<\/span><\/div>\n<div><b><\/b><b>4. L\u00cbKUR\u00cb<\/b><sup>TM<\/sup><b>\u00a0SILIKONI<br \/>\n<\/b>Pranohet leht\u00ebsisht nga foshnjat. P\u00ebr nj\u00eb ndjenj\u00eb t\u00eb njohur.<\/div>\n<p><strong>B\u00cbR\u00cb ME MATERIALE<br \/>\nBIO-RRETHORE<\/strong><sup>2\u00a0<\/sup><\/p>\n<p>Mburoj\u00eb, buton dhe kuti sterilizuese e b\u00ebr\u00eb nga polipropileni i lidhur me l\u00ebnd\u00ebt e para bio-rrethore sipas qasjes s\u00eb bilancit t\u00eb mas\u00ebs t\u00eb certifikuar nga ISCC PLUS.<\/p>\n<\/div>\n<\/div>\n<\/div>\n<\/div>\n<\/div>\n<\/div>\n<\/div>\n<\/div>\n<\/div>\n<\/div>\n<\/section>\n<\/div>\n<div class=\"cms-section  pos-3 cms-section-default\">\n<section class=\"cms-section-default boxed\">\n<div class=\"cms-block  pos-0 cms-block-cross-selling position-relative\">\n<div class=\"cms-block-container\">\n<div class=\"cms-block-container-row row cms-row \">\n<div class=\"product-detail-label-content-container\">\n<div class=\"cms-block cms-block-twt-grid-four-column\">\n<div class=\"cms-block-container-row cms-row\">\n<h4 class=\"mam-quality-icon-bar-title\">MAM do t\u00eb thot\u00eb cil\u00ebsi<\/h4>\n<div class=\"product-detail-mam-quality-icon-bar-block\">\n<div class=\"col-md-3 mam-quality-icon-bar-element\">\n<div class=\"cms-element-mam-quality justify-content-center\">\n<div class=\"cms-moon-label-container\">\n<div class=\"cms-element-image mam-quality-icon-wrapper\"><img decoding=\"async\" class=\"is-cover\" src=\"https:\/\/cdn.mambaby.com\/PFmJRWr0VcUC8qUNDy-8iEsGd4iUiX82nKCr1youd90\/rs%3Afit%3A3000%3A%3A\/gravity%3Asm\/aHR0cHM6Ly93d3cubWFtYmFieS5jb20vbWVkaWEvM2QvNjEvYzAvMTc1NjE5Mzg2NS9WZWN0b3IgKDEyKS5zdmc\" alt=\"\" data-object-fit=\"cover\" \/><\/div>\n<div class=\"cms-moon-label-content-container\">\n<h5 class=\"cms-moon-label-title\">BPA &amp; BPS pa pages\u00eb<\/h5>\n<div class=\"moon-label-description-container\">\n<p>T\u00eb gjitha produktet MAM jan\u00eb b\u00ebr\u00eb nga materiale pa BPA dhe BPS<\/p>\n<\/div>\n<\/div>\n<\/div>\n<\/div>\n<\/div>\n<div class=\"col-md-3 mam-quality-icon-bar-element\">\n<div class=\"cms-element-mam-quality justify-content-center\">\n<div class=\"cms-moon-label-container\">\n<div class=\"cms-element-image mam-quality-icon-wrapper\"><img decoding=\"async\" class=\"is-cover\" src=\"https:\/\/cdn.mambaby.com\/ssxSn1bcbcZTgHzRH_oAemAXkVQcpwqSn2yavBy9lVs\/rs%3Afit%3A3000%3A%3A\/gravity%3Asm\/aHR0cHM6Ly93d3cubWFtYmFieS5jb20vbWVkaWEvZTYvODAvYzUvMTc1NjE5MzkzNi9JQ09OICgzKS5zdmc\" alt=\"\" data-object-fit=\"cover\" \/><\/div>\n<div class=\"cms-moon-label-content-container\">\n<h5 class=\"cms-moon-label-title\">Silikoni SkinSoft\u2122<\/h5>\n<div class=\"moon-label-description-container\">\n<p>Silikoni MAM SkinSoft\u2122: pranohet leht\u00ebsisht nga foshnjat &#8211; p\u00ebr nj\u00eb ndjenj\u00eb t\u00eb njohur<\/p>\n<\/div>\n<\/div>\n<\/div>\n<\/div>\n<\/div>\n<div class=\"col-md-3 mam-quality-icon-bar-element\">\n<div class=\"cms-element-mam-quality justify-content-center\">\n<div class=\"cms-moon-label-container\">\n<div class=\"cms-element-image mam-quality-icon-wrapper\"><img decoding=\"async\" class=\"is-cover\" src=\"https:\/\/cdn.mambaby.com\/e3iI923fEjQDyReXt3-wuM-W4IkjEFFF_4KXjgJxyhk\/rs%3Afit%3A3000%3A%3A\/gravity%3Asm\/aHR0cHM6Ly93d3cubWFtYmFieS5jb20vbWVkaWEvODcvZmMvZDYvMTc1NjE5Mzk4MS9WZWN0b3IgKDEzKS5zdmc\" alt=\"\" data-object-fit=\"cover\" \/><\/div>\n<div class=\"cms-moon-label-content-container\">\n<h5 class=\"cms-moon-label-title\">Kutia e sterilizimit dhe mbajtjes<\/h5>\n<div class=\"moon-label-description-container\">\n<p>Ky produkt vjen n\u00eb nj\u00eb kuti sterilizimi dhe mbajtjeje &#8211; p\u00ebr sterilizim t\u00eb p\u00ebrshtatsh\u00ebm dhe q\u00eb kursen koh\u00eb n\u00eb mikroval\u00eb<\/p>\n<\/div>\n<\/div>\n<\/div>\n<\/div>\n<\/div>\n<div class=\"col-md-3 mam-quality-icon-bar-element\">\n<div class=\"cms-element-mam-quality justify-content-center\">\n<div class=\"cms-moon-label-container\">\n<div class=\"cms-element-image mam-quality-icon-wrapper\"><img decoding=\"async\" class=\"is-cover\" src=\"https:\/\/cdn.mambaby.com\/kgjZUsT7Yjzgj-lCZM5S_EZk-h7-cVB3MXQS7YhVK8Y\/rs%3Afit%3A3000%3A%3A\/gravity%3Asm\/aHR0cHM6Ly93d3cubWFtYmFieS5jb20vbWVkaWEvMmQvNjIvNDQvMTcwNjc4MjMzNC9tYW0taWNvbnNhbmRhd2FyZHNfZ2xvd3NfaW5fdGhlX2Rhcmtfc3Rhci5qcGc\" alt=\"\" data-object-fit=\"cover\" \/><\/div>\n<div class=\"cms-moon-label-content-container\">\n<div class=\"moon-label-description-container\">\n<p>Funksioni i shk\u00eblqimit n\u00eb err\u00ebsir\u00eb e b\u00ebn k\u00ebt\u00eb produkt t\u00eb leht\u00eb p\u00ebr t&#8217;u gjetur n\u00eb err\u00ebsir\u00eb<\/p>\n<\/div>\n<\/div>\n<\/div>\n<\/div>\n<\/div>\n<div class=\"col-md-3 mam-quality-icon-bar-element\">\n<div class=\"cms-element-mam-quality justify-content-center\">\n<div class=\"cms-moon-label-container\">\n<div class=\"cms-element-image mam-quality-icon-wrapper\"><img decoding=\"async\" class=\"is-cover\" src=\"https:\/\/cdn.mambaby.com\/k_1JcMcQVpG7_YHzr3EKZj_HFXp0zxXf9gGLsxIIsRM\/rs%3Afit%3A3000%3A%3A\/gravity%3Asm\/aHR0cHM6Ly93d3cubWFtYmFieS5jb20vbWVkaWEvZDgvMTEvNjkvMTc1NjE5NDAxOC9JQ09OICg0KS5zdmc\" alt=\"\" data-object-fit=\"cover\" \/><\/div>\n<div class=\"cms-moon-label-content-container\">\n<h5 class=\"cms-moon-label-title\">94% pranimi i thithkave<\/h5>\n<div class=\"moon-label-description-container\">\n<p>94% pranimi i thithkave: pranohet leht\u00ebsisht nga foshnjat, p\u00ebr nj\u00eb ndjenj\u00eb t\u00eb njohur*<\/p>\n<\/div>\n<\/div>\n<\/div>\n<\/div>\n<\/div>\n<div class=\"col-md-3 mam-quality-icon-bar-element\">\n<div class=\"cms-element-mam-quality justify-content-center\">\n<div class=\"cms-moon-label-container\">\n<div class=\"cms-element-image mam-quality-icon-wrapper\"><img decoding=\"async\" class=\"is-cover\" src=\"https:\/\/cdn.mambaby.com\/AcRyBDvoFt19DxYIQLmrLaF9hQwCWp1_r-ct117o2oI\/rs%3Afit%3A3000%3A%3A\/gravity%3Asm\/aHR0cHM6Ly93d3cubWFtYmFieS5jb20vbWVkaWEvYTcvNWMvODEvMTcwNjc4MTkzMi9NQU1faWNvbl82K19tLmpwZw\" alt=\"\" width=\"113\" height=\"113\" data-object-fit=\"cover\" \/><\/div>\n<div class=\"cms-moon-label-content-container\">\n<div class=\"moon-label-description-container\">\n<p>P\u00ebr foshnjat nga 6 muajsh<\/p>\n<\/div>\n<\/div>\n<\/div>\n<\/div>\n<\/div>\n<\/div>\n<div class=\"mam-quality-label-notice\">\n<p>*Hulumtimi i tregut 2010-2023, i testuar me 1,588 foshnja.<\/p>\n<\/div>\n<\/div>\n<\/div>\n<\/div>\n<\/div>\n<\/div>\n<\/div>\n<\/section>\n<\/div>\n","protected":false},"excerpt":{"rendered":"<p>Ndri\u00e7oni n\u00eb err\u00ebsir\u00eb \u2013\u00a0leht\u00eb p\u00ebr t&#8217;u gjetur nd\u00ebrsa butoni shk\u00eblqen Ortodontike e krijuar p\u00ebr t\u00eb zvog\u00ebluar rrezikun e dh\u00ebmb\u00ebve t\u00eb<\/p>\n","protected":false},"featured_media":16915,"comment_status":"open","ping_status":"closed","template":"","meta":[],"product_cat":[82],"product_tag":[],"class_list":{"0":"post-16913","1":"product","2":"type-product","3":"status-publish","4":"has-post-thumbnail","6":"product_cat-cuc","8":"first","9":"instock","10":"shipping-taxable","11":"purchasable","12":"product-type-simple"},"_links":{"self":[{"href":"https:\/\/mambaby.al\/index.php?rest_route=\/wp\/v2\/product\/16913","targetHints":{"allow":["GET"]}}],"collection":[{"href":"https:\/\/mambaby.al\/index.php?rest_route=\/wp\/v2\/product"}],"about":[{"href":"https:\/\/mambaby.al\/index.php?rest_route=\/wp\/v2\/types\/product"}],"replies":[{"embeddable":true,"href":"https:\/\/mambaby.al\/index.php?rest_route=%2Fwp%2Fv2%2Fcomments&post=16913"}],"version-history":[{"count":1,"href":"https:\/\/mambaby.al\/index.php?rest_route=\/wp\/v2\/product\/16913\/revisions"}],"predecessor-version":[{"id":16940,"href":"https:\/\/mambaby.al\/index.php?rest_route=\/wp\/v2\/product\/16913\/revisions\/16940"}],"wp:featuredmedia":[{"embeddable":true,"href":"https:\/\/mambaby.al\/index.php?rest_route=\/wp\/v2\/media\/16915"}],"wp:attachment":[{"href":"https:\/\/mambaby.al\/index.php?rest_route=%2Fwp%2Fv2%2Fmedia&parent=16913"}],"wp:term":[{"taxonomy":"product_cat","embeddable":true,"href":"https:\/\/mambaby.al\/index.php?rest_route=%2Fwp%2Fv2%2Fproduct_cat&post=16913"},{"taxonomy":"product_tag","embeddable":true,"href":"https:\/\/mambaby.al\/index.php?rest_route=%2Fwp%2Fv2%2Fproduct_tag&post=16913"}],"curies":[{"name":"wp","href":"https:\/\/api.w.org\/{rel}","templated":true}]}}