{"id":16941,"date":"2025-10-14T21:29:33","date_gmt":"2025-10-14T21:29:33","guid":{"rendered":"https:\/\/mambaby.al\/?post_type=product&#038;p=16941"},"modified":"2025-10-14T21:30:12","modified_gmt":"2025-10-14T21:30:12","slug":"mam-cuci-comfort-0","status":"publish","type":"product","link":"https:\/\/mambaby.al\/?product=mam-cuci-comfort-0","title":{"rendered":"MAM \u00c7u\u00e7i Comfort 0+"},"content":{"rendered":"<div class=\"cms-section pos-1 cms-section-default\">\n<section class=\"cms-section-default boxed\">\n<div class=\"cms-block pos-0 cms-block-twt-product-description-reviews-accordion position-relative\">\n<div class=\"cms-block-container\">\n<div class=\"cms-block-container-row row cms-row \">\n<div class=\"col-12\" data-cms-element-id=\"019368b20a957bb3b4bae244e21586a6\">\n<div id=\"accordionDescriptionReviews\" class=\"twt-product-description-reviews accordion accordion-flush\">\n<div class=\"accordion-item\">\n<div id=\"collapseDescription\" class=\"accordion-collapse collapse show\" aria-labelledby=\"headingDescription\" data-bs-parent=\"#accordionDescriptionReviews\">\n<div class=\"accordion-body\">\n<div class=\"product-detail-description tab-pane-container\">\n<div class=\"product-detail-description-text\">\n<ul>\n<li><strong>Siguri dhe komoditet<\/strong>\u00a0maksimal p\u00ebr t\u00eb porsalindurin tuaj<\/li>\n<li>Dizajni unik me nj\u00eb pjes\u00eb \u00ebsht\u00eb ve\u00e7an\u00ebrisht higjienik<\/li>\n<li><strong>Ve\u00e7an\u00ebrisht i but\u00eb<\/strong>\u00a0p\u00ebr nj\u00eb p\u00ebrvoj\u00eb qet\u00ebsuese dhe natyrale thithjeje<\/li>\n<li><strong>Ve\u00e7an\u00ebrisht i leht\u00eb<\/strong>\u00a0&#8211; 32% m\u00eb i leht\u00eb\u00b2 se qet\u00ebsit e tjer\u00eb silikoni &#8211; e b\u00ebn m\u00eb t\u00eb leht\u00eb p\u00ebr f\u00ebmij\u00ebn ta mbaj\u00eb n\u00eb goj\u00eb<\/li>\n<li><strong>Thithka ortodontike ekstra e vog\u00ebl<\/strong>\u00a0<strong>ideale p\u00ebr t\u00eb porsalindurit<\/strong><\/li>\n<li>Qet\u00ebson dhe ngush\u00ebllon foshnj\u00ebn<\/li>\n<li>Furnizuar n\u00eb nj\u00eb kuti praktike\u00a0<strong>sterilizimi dhe mbajtjeje<\/strong>\u00a0p\u00ebr sterilizim t\u00eb p\u00ebrshtatsh\u00ebm dhe q\u00eb kursen koh\u00eb n\u00eb mikroval\u00eb<\/li>\n<\/ul>\n<div><sup><i>\u00b2Raportet shkencore nga Instituti WILD Hi-Precision (Austri) konfirmojn\u00eb se MAM Comfort \u00ebsht\u00eb 32 % m\u00eb i leht\u00eb se pesha mesatare e t\u00eb gjith\u00eb qet\u00ebsve t\u00eb tjer\u00eb silikoni t\u00eb testuar. Rezultatet e pesh\u00ebs s\u00eb matur: 10,3 g \u2013 16,6 g<\/i><\/sup><\/div>\n<div><img decoding=\"async\" class=\"img-fluid\" src=\"https:\/\/test02.mambaby.com\/thumbnail\/12\/c0\/a0\/1607684015\/mam-comfort-0-2-silicone-detail_400x400.jpg\" width=\"200\" height=\"200\" \/><\/div>\n<p><strong>1. MBUROJA VE\u00c7AN\u00cbRISHT E BUT\u00cb<\/strong><\/p>\n<p>P\u00ebr rehati optimale. E but\u00eb p\u00ebr l\u00ebkur\u00ebn e foshnj\u00ebs.<\/p>\n<p><strong>2. THITHKA EKSTRA I VOG\u00cbL<\/strong><\/p>\n<p>Mb\u00ebshtet sjelljen natyrale t\u00eb thithjes. Forma ortodontike. Me sip\u00ebrfaqe silikoni SkinSoft\u2122 p\u00ebr nj\u00eb ndjenj\u00eb t\u00eb njohur.<\/p>\n<p><strong>3. DOREZ\u00cb<br \/>\n<\/strong>P\u00ebr ngjitjen e leht\u00eb t\u00eb nj\u00eb kap\u00ebse<\/p>\n<p><strong>4. DIZAJN 100% SILIKONI<br \/>\n<\/strong>Ve\u00e7an\u00ebrisht higjienik, i q\u00ebndruesh\u00ebm dhe i sigurt.<\/p>\n<\/div>\n<\/div>\n<\/div>\n<\/div>\n<\/div>\n<\/div>\n<\/div>\n<\/div>\n<\/div>\n<\/div>\n<\/section>\n<\/div>\n<div class=\"cms-section pos-3 cms-section-default\">\n<section class=\"cms-section-default boxed\">\n<div class=\"cms-block pos-0 cms-block-cross-selling position-relative\">\n<div class=\"cms-block-container\">\n<div class=\"cms-block-container-row row cms-row \">\n<div class=\"product-detail-label-content-container\">\n<div class=\"cms-block cms-block-twt-grid-four-column\">\n<div class=\"cms-block-container-row cms-row\">\n<h4 class=\"mam-quality-icon-bar-title\">MAM do t\u00eb thot\u00eb cil\u00ebsi<\/h4>\n<div class=\"product-detail-mam-quality-icon-bar-block\">\n<div class=\"col-md-3 mam-quality-icon-bar-element\">\n<div class=\"cms-element-mam-quality justify-content-center\">\n<div class=\"cms-moon-label-container\">\n<div class=\"cms-element-image mam-quality-icon-wrapper\"><img decoding=\"async\" class=\"is-cover\" src=\"https:\/\/cdn.mambaby.com\/9Jyto8k33jp6H1CiP5VZqpskB1fHnYH6pjqLPmIPj7g\/rs%3Afit%3A3000%3A%3A\/gravity%3Asm\/aHR0cHM6Ly93d3cubWFtYmFieS5jb20vbWVkaWEvMmMvZDkvYzMvMTcwNjgwNTE5OS9tYW0taWNvbnNhbmRhd2FyZHNfMC0zbS5qcGc\" alt=\"\" width=\"78\" height=\"78\" data-object-fit=\"cover\" \/><\/div>\n<div class=\"cms-moon-label-content-container\">\n<div class=\"moon-label-description-container\">\n<p>P\u00ebr foshnjat nga 0 deri n\u00eb 3 muaj<\/p>\n<\/div>\n<\/div>\n<\/div>\n<\/div>\n<\/div>\n<div class=\"col-md-3 mam-quality-icon-bar-element\">\n<div class=\"cms-element-mam-quality justify-content-center\">\n<div class=\"cms-moon-label-container\">\n<div class=\"cms-element-image mam-quality-icon-wrapper\"><img decoding=\"async\" class=\"is-cover\" src=\"https:\/\/cdn.mambaby.com\/PFmJRWr0VcUC8qUNDy-8iEsGd4iUiX82nKCr1youd90\/rs%3Afit%3A3000%3A%3A\/gravity%3Asm\/aHR0cHM6Ly93d3cubWFtYmFieS5jb20vbWVkaWEvM2QvNjEvYzAvMTc1NjE5Mzg2NS9WZWN0b3IgKDEyKS5zdmc\" alt=\"\" data-object-fit=\"cover\" \/><\/div>\n<div class=\"cms-moon-label-content-container\">\n<h5 class=\"cms-moon-label-title\">BPA &amp; BPS pa pages\u00eb<\/h5>\n<div class=\"moon-label-description-container\">\n<p>T\u00eb gjitha produktet MAM jan\u00eb b\u00ebr\u00eb nga materiale pa BPA dhe BPS<\/p>\n<\/div>\n<\/div>\n<\/div>\n<\/div>\n<\/div>\n<div class=\"col-md-3 mam-quality-icon-bar-element\">\n<div class=\"cms-element-mam-quality justify-content-center\">\n<div class=\"cms-moon-label-container\">\n<div class=\"cms-element-image mam-quality-icon-wrapper\"><img decoding=\"async\" class=\"is-cover\" src=\"https:\/\/cdn.mambaby.com\/ssxSn1bcbcZTgHzRH_oAemAXkVQcpwqSn2yavBy9lVs\/rs%3Afit%3A3000%3A%3A\/gravity%3Asm\/aHR0cHM6Ly93d3cubWFtYmFieS5jb20vbWVkaWEvZTYvODAvYzUvMTc1NjE5MzkzNi9JQ09OICgzKS5zdmc\" alt=\"\" data-object-fit=\"cover\" \/><\/div>\n<div class=\"cms-moon-label-content-container\">\n<h5 class=\"cms-moon-label-title\">Silikoni SkinSoft\u2122<\/h5>\n<div class=\"moon-label-description-container\">\n<p>Silikoni MAM SkinSoft\u2122: pranohet leht\u00ebsisht nga foshnjat &#8211; p\u00ebr nj\u00eb ndjenj\u00eb t\u00eb njohur<\/p>\n<\/div>\n<\/div>\n<\/div>\n<\/div>\n<\/div>\n<div class=\"col-md-3 mam-quality-icon-bar-element\">\n<div class=\"cms-element-mam-quality justify-content-center\">\n<div class=\"cms-moon-label-container\">\n<div class=\"cms-element-image mam-quality-icon-wrapper\"><img decoding=\"async\" class=\"is-cover\" src=\"https:\/\/cdn.mambaby.com\/ipG8BW4ngGfvglDgI781n-yhB2hMpUFejwCuIQeNTRs\/rs%3Afit%3A3000%3A%3A\/gravity%3Asm\/aHR0cHM6Ly93d3cubWFtYmFieS5jb20vbWVkaWEvOGYvYzkvYzEvMTcwNjc5MDk5NC9tYW0taWNvbnNhbmRhd2FyZHNfaGlnaF9xdWFsaXR5X3NpbGljb25lLmpwZw\" alt=\"\" width=\"89\" height=\"89\" data-object-fit=\"cover\" \/><\/div>\n<div class=\"cms-moon-label-content-container\">\n<div class=\"moon-label-description-container\">\n<p>Ky produkt \u00ebsht\u00eb b\u00ebr\u00eb nga silikoni 100% me cil\u00ebsi t\u00eb lart\u00eb &#8211; ve\u00e7an\u00ebrisht higjienik, i q\u00ebndruesh\u00ebm dhe i sigurt<\/p>\n<\/div>\n<\/div>\n<\/div>\n<\/div>\n<\/div>\n<div class=\"col-md-3 mam-quality-icon-bar-element\">\n<div class=\"cms-element-mam-quality justify-content-center\">\n<div class=\"cms-moon-label-container\">\n<div class=\"cms-element-image mam-quality-icon-wrapper\"><img decoding=\"async\" class=\"is-cover\" src=\"https:\/\/cdn.mambaby.com\/e3iI923fEjQDyReXt3-wuM-W4IkjEFFF_4KXjgJxyhk\/rs%3Afit%3A3000%3A%3A\/gravity%3Asm\/aHR0cHM6Ly93d3cubWFtYmFieS5jb20vbWVkaWEvODcvZmMvZDYvMTc1NjE5Mzk4MS9WZWN0b3IgKDEzKS5zdmc\" alt=\"\" data-object-fit=\"cover\" \/><\/div>\n<div class=\"cms-moon-label-content-container\">\n<h5 class=\"cms-moon-label-title\">Kutia e sterilizimit dhe mbajtjes<\/h5>\n<div class=\"moon-label-description-container\">\n<p>Ky produkt vjen n\u00eb nj\u00eb kuti sterilizimi dhe mbajtjeje &#8211; p\u00ebr sterilizim t\u00eb p\u00ebrshtatsh\u00ebm dhe q\u00eb kursen koh\u00eb n\u00eb mikroval\u00eb<\/p>\n<\/div>\n<\/div>\n<\/div>\n<\/div>\n<\/div>\n<\/div>\n<div class=\"mam-quality-label-notice\">\n<p>\u00b9Lloji yn\u00eb i silikonit me cil\u00ebsi t\u00eb lart\u00eb u testua n\u00eb produktin p\u00ebrfundimtar dhe \u00ebsht\u00eb 100% i sigurt p\u00ebr foshnjat.<\/p>\n<\/div>\n<\/div>\n<\/div>\n<\/div>\n<\/div>\n<\/div>\n<\/div>\n<\/section>\n<\/div>\n","protected":false},"excerpt":{"rendered":"<p>Siguri dhe komoditet\u00a0maksimal p\u00ebr t\u00eb porsalindurin tuaj Dizajni unik me nj\u00eb pjes\u00eb \u00ebsht\u00eb ve\u00e7an\u00ebrisht higjienik Ve\u00e7an\u00ebrisht i but\u00eb\u00a0p\u00ebr nj\u00eb p\u00ebrvoj\u00eb<\/p>\n","protected":false},"featured_media":16942,"comment_status":"open","ping_status":"closed","template":"","meta":[],"product_cat":[82],"product_tag":[],"class_list":{"0":"post-16941","1":"product","2":"type-product","3":"status-publish","4":"has-post-thumbnail","6":"product_cat-cuc","8":"first","9":"instock","10":"shipping-taxable","11":"purchasable","12":"product-type-simple"},"_links":{"self":[{"href":"https:\/\/mambaby.al\/index.php?rest_route=\/wp\/v2\/product\/16941","targetHints":{"allow":["GET"]}}],"collection":[{"href":"https:\/\/mambaby.al\/index.php?rest_route=\/wp\/v2\/product"}],"about":[{"href":"https:\/\/mambaby.al\/index.php?rest_route=\/wp\/v2\/types\/product"}],"replies":[{"embeddable":true,"href":"https:\/\/mambaby.al\/index.php?rest_route=%2Fwp%2Fv2%2Fcomments&post=16941"}],"version-history":[{"count":1,"href":"https:\/\/mambaby.al\/index.php?rest_route=\/wp\/v2\/product\/16941\/revisions"}],"predecessor-version":[{"id":16946,"href":"https:\/\/mambaby.al\/index.php?rest_route=\/wp\/v2\/product\/16941\/revisions\/16946"}],"wp:featuredmedia":[{"embeddable":true,"href":"https:\/\/mambaby.al\/index.php?rest_route=\/wp\/v2\/media\/16942"}],"wp:attachment":[{"href":"https:\/\/mambaby.al\/index.php?rest_route=%2Fwp%2Fv2%2Fmedia&parent=16941"}],"wp:term":[{"taxonomy":"product_cat","embeddable":true,"href":"https:\/\/mambaby.al\/index.php?rest_route=%2Fwp%2Fv2%2Fproduct_cat&post=16941"},{"taxonomy":"product_tag","embeddable":true,"href":"https:\/\/mambaby.al\/index.php?rest_route=%2Fwp%2Fv2%2Fproduct_tag&post=16941"}],"curies":[{"name":"wp","href":"https:\/\/api.w.org\/{rel}","templated":true}]}}