{"id":17167,"date":"2026-03-07T15:05:52","date_gmt":"2026-03-07T15:05:52","guid":{"rendered":"https:\/\/mambaby.al\/?post_type=product&#038;p=17167"},"modified":"2026-03-31T11:08:22","modified_gmt":"2026-03-31T11:08:22","slug":"mam-cuc-original-2-6-muaj-loveaffection-set-2cp","status":"publish","type":"product","link":"https:\/\/mambaby.al\/?product=mam-cuc-original-2-6-muaj-loveaffection-set-2cp","title":{"rendered":"MAM \u00c7u\u00e7 Original 2-6 muaj Love And Affection, Set 2cp"},"content":{"rendered":"<ul>\n<li><strong>Madh\u00ebsi tep\u00ebr e vog\u00ebl\u00a0<\/strong>&#8211; ideale p\u00ebr t\u00eb porsalindurit<\/li>\n<li><strong>Ortodontike<\/strong><\/li>\n<li>Qet\u00ebson dhe ngush\u00ebllon foshnj\u00ebn<\/li>\n<li><strong>Thithka simetrike, e holl\u00eb dhe miq\u00ebsore me nofull\u00ebn<\/strong><\/li>\n<li>B\u00ebr\u00eb me\u00a0<strong>Materialet bio-rrethore<sup>2<\/sup><\/strong><\/li>\n<li>N\u00eb dispozicion si \u00e7u\u00e7 silikoni MAM SkinSoft\u2122 ose qet\u00ebsues natyral<\/li>\n<li>Furnizohet n\u00eb nj\u00eb\u00a0<strong>kuti praktike sterilizimi dhe mbajtjeje<\/strong>\u00a0p\u00ebr sterilizim t\u00eb p\u00ebrshtatsh\u00ebm dhe q\u00eb kursen koh\u00eb n\u00eb mikroval\u00eb<\/li>\n<\/ul>\n<p><img decoding=\"async\" class=\"alignnone wp-image-17003\" src=\"http:\/\/mambaby.al\/wp-content\/uploads\/2026\/02\/mam-start-0-2-silicone-detail-300x300.webp\" alt=\"\" width=\"150\" height=\"150\" srcset=\"https:\/\/mambaby.al\/wp-content\/uploads\/2026\/02\/mam-start-0-2-silicone-detail-300x300.webp 300w, https:\/\/mambaby.al\/wp-content\/uploads\/2026\/02\/mam-start-0-2-silicone-detail-800x800.webp 800w, https:\/\/mambaby.al\/wp-content\/uploads\/2026\/02\/mam-start-0-2-silicone-detail-150x150.webp 150w, https:\/\/mambaby.al\/wp-content\/uploads\/2026\/02\/mam-start-0-2-silicone-detail-768x768.webp 768w, https:\/\/mambaby.al\/wp-content\/uploads\/2026\/02\/mam-start-0-2-silicone-detail-1536x1536.webp 1536w, https:\/\/mambaby.al\/wp-content\/uploads\/2026\/02\/mam-start-0-2-silicone-detail-2048x2048.webp 2048w, https:\/\/mambaby.al\/wp-content\/uploads\/2026\/02\/mam-start-0-2-silicone-detail-860x860.webp 860w, https:\/\/mambaby.al\/wp-content\/uploads\/2026\/02\/mam-start-0-2-silicone-detail-430x430.webp 430w, https:\/\/mambaby.al\/wp-content\/uploads\/2026\/02\/mam-start-0-2-silicone-detail-700x700.webp 700w\" sizes=\"(max-width: 150px) 100vw, 150px\" \/><\/p>\n<p><strong>1. MBUROJA<br \/>\n<\/strong>Ekstra e vog\u00ebl dhe e leht\u00eb. Mburoj\u00eb miq\u00ebsore p\u00ebr l\u00ebkur\u00ebn.<\/p>\n<p><strong>\u00a0<\/strong><strong>2. BUTONI<br \/>\n<\/strong>Shpejt dhe leht\u00eb p\u00ebr t&#8217;u kuptuar. P\u00ebr ngjitjen e leht\u00eb t\u00eb nj\u00eb kap\u00ebse.<\/p>\n<p><strong>\u00a0<\/strong><strong>3. THITHKA MAM<br \/>\n<\/strong>Thithka simetrike, e holl\u00eb dhe miq\u00ebsore me nofull\u00ebn. Zhvilluar me ekspert\u00eb mjek\u00ebsor\u00eb.<\/p>\n<p><strong>4a. SILIKONI I BUT\u00cb I L\u00cbKUR\u00cbS<\/strong><\/p>\n<p>Pranohet leht\u00ebsisht nga foshnjat. P\u00ebr nj\u00eb ndjenj\u00eb t\u00eb njohur.<\/p>\n<p><img decoding=\"async\" class=\"alignnone wp-image-17004\" src=\"http:\/\/mambaby.al\/wp-content\/uploads\/2026\/02\/mam-start-0-2-latex-detail-300x300.webp\" alt=\"\" width=\"150\" height=\"150\" srcset=\"https:\/\/mambaby.al\/wp-content\/uploads\/2026\/02\/mam-start-0-2-latex-detail-300x300.webp 300w, https:\/\/mambaby.al\/wp-content\/uploads\/2026\/02\/mam-start-0-2-latex-detail-800x800.webp 800w, https:\/\/mambaby.al\/wp-content\/uploads\/2026\/02\/mam-start-0-2-latex-detail-150x150.webp 150w, https:\/\/mambaby.al\/wp-content\/uploads\/2026\/02\/mam-start-0-2-latex-detail-768x768.webp 768w, https:\/\/mambaby.al\/wp-content\/uploads\/2026\/02\/mam-start-0-2-latex-detail-1536x1536.webp 1536w, https:\/\/mambaby.al\/wp-content\/uploads\/2026\/02\/mam-start-0-2-latex-detail-2048x2048.webp 2048w, https:\/\/mambaby.al\/wp-content\/uploads\/2026\/02\/mam-start-0-2-latex-detail-860x860.webp 860w, https:\/\/mambaby.al\/wp-content\/uploads\/2026\/02\/mam-start-0-2-latex-detail-430x430.webp 430w, https:\/\/mambaby.al\/wp-content\/uploads\/2026\/02\/mam-start-0-2-latex-detail-700x700.webp 700w\" sizes=\"(max-width: 150px) 100vw, 150px\" \/><\/p>\n<p><strong>1. MBUROJA<br \/>\n<\/strong>Ekstra e vog\u00ebl dhe e leht\u00eb. Mburoj\u00eb miq\u00ebsore p\u00ebr l\u00ebkur\u00ebn.<\/p>\n<p><strong>\u00a0<\/strong><strong>2. BUTONI<br \/>\n<\/strong>Shpejt dhe leht\u00eb p\u00ebr t&#8217;u kuptuar. P\u00ebr ngjitjen e leht\u00eb t\u00eb nj\u00eb kap\u00ebse.<\/p>\n<p><strong>\u00a0<\/strong><strong>3. THITHKA MAM<br \/>\n<\/strong>Thithka simetrike, e holl\u00eb dhe miq\u00ebsore me nofull\u00ebn. Zhvilluar me ekspert\u00eb mjek\u00ebsor\u00eb.<\/p>\n<div><strong>4b. Gome Natyrale<\/strong><\/div>\n<div><\/div>\n<div>Natyrisht e but\u00eb dhe rezistente ndaj kafshimit. Gome natyrale me cil\u00ebsi t\u00eb lart\u00eb.<\/div>\n<div>\n<div>\n<div>\n<p>&nbsp;<\/p>\n<p><strong>B\u00cbR\u00cb ME MATERIALE BIO-RRETHORE<\/strong><sup>2\u00a0<\/sup><\/p>\n<p>Mburoj\u00eb, buton dhe kuti sterilizuese e b\u00ebr\u00eb nga polipropileni i lidhur me l\u00ebnd\u00ebt e para bio-rrethore sipas qasjes s\u00eb bilancit t\u00eb mas\u00ebs t\u00eb certifikuar nga ISCC PLUS.<\/p>\n<\/div>\n<\/div>\n<\/div>\n<h4 class=\"mam-quality-icon-bar-title\">MAM do t\u00eb thot\u00eb cil\u00ebsi<\/h4>\n<div class=\"product-detail-mam-quality-icon-bar-block\">\n<div class=\"col-6 col-md-3 mam-quality-icon-bar-element\">\n<div class=\"cms-element-mam-quality justify-content-center\">\n<div class=\"cms-moon-label-container\">\n<div class=\"cms-element-image mam-quality-icon-wrapper\"><img decoding=\"async\" class=\"is-cover\" src=\"https:\/\/cdn.mambaby.com\/PFmJRWr0VcUC8qUNDy-8iEsGd4iUiX82nKCr1youd90\/rs%3Afit%3A3000%3A%3A\/gravity%3Asm\/aHR0cHM6Ly93d3cubWFtYmFieS5jb20vbWVkaWEvM2QvNjEvYzAvMTc1NjE5Mzg2NS9WZWN0b3IgKDEyKS5zdmc\" alt=\"\" data-object-fit=\"cover\" \/><\/div>\n<div class=\"cms-moon-label-content-container\">\n<h5 class=\"cms-moon-label-title\">PA BPA &amp; BPS<\/h5>\n<div class=\"moon-label-description-container\">\n<p>T\u00eb gjitha produktet MAM jan\u00eb b\u00ebr\u00eb nga materiale pa BPA dhe BPS<\/p>\n<\/div>\n<\/div>\n<\/div>\n<\/div>\n<\/div>\n<div class=\"col-6 col-md-3 mam-quality-icon-bar-element\">\n<div class=\"cms-element-mam-quality justify-content-center\">\n<div class=\"cms-moon-label-container\">\n<div class=\"cms-element-image mam-quality-icon-wrapper\"><img decoding=\"async\" class=\"is-cover\" src=\"https:\/\/cdn.mambaby.com\/ssxSn1bcbcZTgHzRH_oAemAXkVQcpwqSn2yavBy9lVs\/rs%3Afit%3A3000%3A%3A\/gravity%3Asm\/aHR0cHM6Ly93d3cubWFtYmFieS5jb20vbWVkaWEvZTYvODAvYzUvMTc1NjE5MzkzNi9JQ09OICgzKS5zdmc\" alt=\"\" data-object-fit=\"cover\" \/><\/div>\n<div class=\"cms-moon-label-content-container\">\n<h5 class=\"cms-moon-label-title\">Silikoni SkinSoft\u2122<\/h5>\n<div class=\"moon-label-description-container\">\n<p>Silikoni MAM SkinSoft\u2122: pranohet leht\u00ebsisht nga foshnjat &#8211; p\u00ebr nj\u00eb ndjenj\u00eb t\u00eb njohur<\/p>\n<\/div>\n<\/div>\n<\/div>\n<\/div>\n<\/div>\n<div class=\"col-6 col-md-3 mam-quality-icon-bar-element\">\n<div class=\"cms-element-mam-quality justify-content-center\">\n<div class=\"cms-moon-label-container\">\n<div class=\"cms-element-image mam-quality-icon-wrapper\"><img decoding=\"async\" class=\"is-cover\" src=\"https:\/\/cdn.mambaby.com\/e3iI923fEjQDyReXt3-wuM-W4IkjEFFF_4KXjgJxyhk\/rs%3Afit%3A3000%3A%3A\/gravity%3Asm\/aHR0cHM6Ly93d3cubWFtYmFieS5jb20vbWVkaWEvODcvZmMvZDYvMTc1NjE5Mzk4MS9WZWN0b3IgKDEzKS5zdmc\" alt=\"\" data-object-fit=\"cover\" \/><\/div>\n<div class=\"cms-moon-label-content-container\">\n<h5 class=\"cms-moon-label-title\">Kutia e sterilizimit dhe mbajtjes<\/h5>\n<div class=\"moon-label-description-container\">\n<p>Ky produkt vjen n\u00eb nj\u00eb kuti sterilizimi dhe mbajtjeje &#8211; p\u00ebr sterilizim t\u00eb p\u00ebrshtatsh\u00ebm dhe q\u00eb kursen koh\u00eb n\u00eb mikroval\u00eb<\/p>\n<\/div>\n<\/div>\n<\/div>\n<\/div>\n<\/div>\n<div class=\"col-6 col-md-3 mam-quality-icon-bar-element\">\n<div class=\"cms-element-mam-quality justify-content-center\">\n<div class=\"cms-moon-label-container\">\n<div class=\"cms-element-image mam-quality-icon-wrapper\">\n<div class=\"cms-element-image mam-quality-icon-wrapper\"><img decoding=\"async\" class=\"is-cover\" src=\"https:\/\/cdn.mambaby.com\/ymSWhnRlOl9QVIpCnKNIXd8nMZG6ybZBItgButKt-8E\/rs%3Afit%3A3000%3A%3A\/gravity%3Asm\/aHR0cHM6Ly93d3cubWFtYmFieS5jb20vbWVkaWEvOTMvOWUvNTQvMTcwNjc4MTUxMC9tYW0taWNvbnNhbmRhd2FyZHNfMi02LmpwZw\" alt=\"\" width=\"91\" height=\"91\" data-object-fit=\"cover\" \/><\/div>\n<div class=\"cms-moon-label-content-container\">\n<div class=\"moon-label-description-container\">\n<p>P\u00ebr foshnjat nga 2 deri n\u00eb 6 muaj<\/p>\n<\/div>\n<\/div>\n<p><img decoding=\"async\" class=\"is-cover\" src=\"https:\/\/cdn.mambaby.com\/k_1JcMcQVpG7_YHzr3EKZj_HFXp0zxXf9gGLsxIIsRM\/rs%3Afit%3A3000%3A%3A\/gravity%3Asm\/aHR0cHM6Ly93d3cubWFtYmFieS5jb20vbWVkaWEvZDgvMTEvNjkvMTc1NjE5NDAxOC9JQ09OICg0KS5zdmc\" alt=\"\" data-object-fit=\"cover\" \/><\/p>\n<\/div>\n<\/div>\n<\/div>\n<\/div>\n<div class=\"col-6 col-md-3 mam-quality-icon-bar-element\">\n<div class=\"cms-element-mam-quality justify-content-center\">\n<div class=\"cms-moon-label-container\">\n<div class=\"cms-moon-label-content-container\">\n<h5 class=\"cms-moon-label-title\">94% pranimi i thithkave<\/h5>\n<div class=\"moon-label-description-container\">\n<p>94% pranimi i thithkave: pranohet leht\u00ebsisht nga foshnjat, p\u00ebr nj\u00eb ndjenj\u00eb t\u00eb njohur*<\/p>\n<\/div>\n<div style=\"text-align: center\">\n<p><strong>Pyetjet m\u00eb t\u00eb shpeshta<\/strong><\/p>\n<div style=\"text-align: center\"><\/div>\n<div id=\"faq-heading-0\" class=\"card-header\" style=\"text-align: center\"><a class=\"card-link\" href=\"https:\/\/www.mambaby.com\/p\/mam-original-start-soother-0-2-months-set-of-2\/100018182#\" data-bs-toggle=\"collapse\" data-bs-target=\"#faq-collapse-0\" aria-expanded=\"true\" aria-controls=\"faq-collapse-0\" data-gtm-vis-recent-on-screen37895778_964=\"231197\" data-gtm-vis-first-on-screen37895778_964=\"231197\" data-gtm-vis-total-visible-time37895778_964=\"100\" data-gtm-vis-has-fired37895778_964=\"1\"><strong>A \u00ebsht\u00eb e r\u00ebnd\u00ebsishme forma e biberonit dhe thithk\u00ebs?<\/strong><\/a><\/div>\n<div id=\"faq-collapse-0\" class=\"collapse show\" style=\"text-align: center\" aria-labelledby=\"faq-heading-0\" data-parent=\"#faqs-accordion\">\n<div class=\"p-3 card-body\">\n<p>&nbsp;<\/p>\n<p>Po,\u00a0<b>\u00e7u\u00e7\u00ebt tan\u00eb MAM mb\u00ebshtesin zhvillimin e sh\u00ebndetsh\u00ebm t\u00eb nofull\u00ebs dhe dh\u00ebmb\u00ebve t\u00eb foshnj\u00ebs<\/b>. MAM bashk\u00ebpunon me ekspert\u00eb mjek\u00ebsor\u00eb nga disiplina t\u00eb ndryshme p\u00ebr t\u00eb ndihmuar n\u00eb zhvillimin dhe dizajnimin e biberonave inovative, n\u00eb form\u00eb fiziologjike q\u00eb i p\u00ebrshtaten fazave t\u00eb ndryshme t\u00eb zhvillimit t\u00eb foshnj\u00ebs. T\u00eb gjitha <b>\u00e7u\u00e7\u00ebt<\/b> MAM kan\u00eb nj\u00eb <b>form\u00eb t\u00eb shesht\u00eb dhe simetrike t\u00eb thithk\u00ebs<\/b>: nuk ka &#8216;lart&#8217; ose &#8216;posht\u00eb&#8217;. Kjo form\u00eb e ve\u00e7ant\u00eb e thithk\u00ebs siguron q\u00eb biberon\u00ebt tan\u00eb t\u00eb jen\u00eb gjithmon\u00eb t\u00eb pozicionuar sakt\u00eb n\u00eb goj\u00ebn e foshnjave. \u00c7u\u00e7\u00ebt MAM kan\u00eb nj\u00eb <b>sistem ventilimi<\/b> n\u00eb thithk\u00eb. N\u00eb m\u00eb shum\u00eb detaje, kur f\u00ebmija juaj mbyll goj\u00ebn n\u00eb thithk\u00eb, ajri nga brenda thithk\u00ebs shtyhet jasht\u00eb p\u00ebrmes sistemit t\u00eb ventilimit, duke rrafshuar k\u00ebshtu thithk\u00ebn dhe<b>\u00a0duke u p\u00ebrshtatur me zgavr\u00ebn individuale t\u00eb goj\u00ebs s\u00eb foshnj\u00ebs<\/b>.<\/p>\n<\/div>\n<\/div>\n<div class=\"cms-moon-label-content-container\">\n<div class=\"moon-label-description-container\">\n<div class=\"card\">\n<div id=\"faq-heading-0\" class=\"card-header\">\n<div style=\"text-align: center\"><\/div>\n<div id=\"faq-heading-1\" class=\"card-header\" style=\"text-align: center\"><a class=\"card-link\" href=\"https:\/\/www.mambaby.com\/p\/mam-original-start-soother-0-2-months-set-of-2\/100018182#\" data-bs-toggle=\"collapse\" data-bs-target=\"#faq-collapse-1\" aria-expanded=\"true\" aria-controls=\"faq-collapse-1\" data-gtm-vis-has-fired37895778_964=\"1\"><strong>Si mund t\u00eb sterilizohen \u00e7u\u00e7\u00ebt MAM n\u00eb kutin\u00eb e sterilizuesit dhe mbajtjes?<\/strong><\/a><\/div>\n<div id=\"faq-collapse-1\" class=\"collapse show\" aria-labelledby=\"faq-heading-1\" data-parent=\"#faqs-accordion\">\n<div class=\"p-3 card-body\">\n<p style=\"text-align: center\"><img loading=\"lazy\" decoding=\"async\" class=\"img-fluid\" src=\"https:\/\/cdn.mambaby.com\/PWFJgBgc3CggN0k56kyh0cKP-8ZO2V135B5CkUvaG2w\/rs:fit:3000::\/gravity:sm\/aHR0cHM6Ly93d3cubWFtYmFieS5jb20vbWVkaWEvN2YvZmMvNWIvMTcyNjgyMzgxMy9NQU1fc3RlcmlsaXNlcl9ib3hfZHBfMTIwMHg2MDBweC5qcGc\" alt=\"aHR0cHM6Ly93d3cubWFtYmFieS5jb20vbWVkaWEvN2YvZmMvNWIvMTcyNjgyMzgxMy9NQU1fc3RlcmlsaXNlcl9ib3hfZHBfMTIwMHg2MDBweC5qcGc\" width=\"360\" height=\"180\" \/><\/p>\n<div style=\"text-align: center\"><b>Hapi 1<\/b>: Mbushni kutin\u00eb deri n\u00eb shenj\u00eb me 25 ml uj\u00eb.<\/div>\n<div style=\"text-align: center\"><b>Hapi 2<\/b>: Vendosni \u00e7u\u00e7in n\u00eb kuti me thithk\u00ebn e kthyer posht\u00eb.<\/div>\n<div style=\"text-align: center\"><b>Hapi 3<\/b>: Mbyllni kutin\u00eb dhe ngroheni n\u00eb mikroval\u00eb (750-1000 vat).<\/div>\n<div style=\"text-align: center\">\n<p><img loading=\"lazy\" decoding=\"async\" class=\"img-fluid\" src=\"https:\/\/cdn.mambaby.com\/4ikp-8YOdGzJmwd4VkhSIJSfDv3NoGVXO4JDQX6veiE\/rs:fit:3000::\/gravity:sm\/aHR0cHM6Ly93d3cubWFtYmFieS5jb20vbWVkaWEvYWUvMWEvMGEvMTcyNjU3ODExNC9NQU1fdGFiZWxsZW5fc3RlcmlsaXNpZXJ6ZWl0LWVhc3lfc2NobnVsbGVyX2RwX0VOLnBuZw\" alt=\"aHR0cHM6Ly93d3cubWFtYmFieS5jb20vbWVkaWEvYWUvMWEvMGEvMTcyNjU3ODExNC9NQU1fdGFiZWxsZW5fc3RlcmlsaXNpZXJ6ZWl0LWVhc3lfc2NobnVsbGVyX2RwX0VOLnBuZw\" width=\"543\" height=\"77\" \/><\/p>\n<p><b><img loading=\"lazy\" decoding=\"async\" class=\"img-fluid\" src=\"https:\/\/cdn.mambaby.com\/Kym-PnGa6OIWCHXOfA5Z6jYw5Y5nh5ouWIqnavmSz7E\/rs:fit:3000::\/gravity:sm\/aHR0cHM6Ly93d3cubWFtYmFieS5jb20vbWVkaWEvOWEvNTUvMTAvMTcyNjgyMzgxMy9NQU1fc3RlcmlsaXNlcl9ib3hfc3BfMTIwMHg2MDBweC5qcGc\" alt=\"aHR0cHM6Ly93d3cubWFtYmFieS5jb20vbWVkaWEvN2YvZmMvNWIvMTcyNjgyMzgxMy9NQU1fc3RlcmlsaXNlcl9ib3hfZHBfMTIwMHg2MDBweC5qcGc\" width=\"374\" height=\"187\" \/>\u00a0<\/b><\/p>\n<\/div>\n<div>\n<p><b>\u00a0 \u00a0 \u00a0 \u00a0 \u00a0 \u00a0 \u00a0 \u00a0 \u00a0 \u00a0 \u00a0 \u00a0 \u00a0 \u00a0 \u00a0 \u00a0 \u00a0 \u00a0 \u00a0 \u00a0 \u00a0 \u00a0 \u00a0 \u00a0 \u00a0 \u00a0 \u00a0 \u00a0 \u00a0 \u00a0 \u00a0 \u00a0 \u00a0 \u00a0 \u00a0 \u00a0 \u00a0 \u00a0 \u00a0 \u00a0 \u00a0Hapi 1<\/b>: Mbushni kutin\u00eb deri n\u00eb shenj\u00eb me 25 ml uj\u00eb.\u00a0 \u00a0 \u00a0 \u00a0 \u00a0 \u00a0 \u00a0 \u00a0 \u00a0 \u00a0 \u00a0 \u00a0 \u00a0 \u00a0 \u00a0 \u00a0 \u00a0 \u00a0 \u00a0 \u00a0 \u00a0 \u00a0 \u00a0 \u00a0 \u00a0 \u00a0 \u00a0 \u00a0 \u00a0 \u00a0 \u00a0 \u00a0 \u00a0 \u00a0 \u00a0 \u00a0 \u00a0 \u00a0 \u00a0 \u00a0 \u00a0 \u00a0 \u00a0 \u00a0 \u00a0 \u00a0 \u00a0 \u00a0 \u00a0 \u00a0 \u00a0 \u00a0 \u00a0 \u00a0 \u00a0 \u00a0 \u00a0 \u00a0 \u00a0 \u00a0 \u00a0 \u00a0 \u00a0 \u00a0 \u00a0 \u00a0 \u00a0 \u00a0 \u00a0 \u00a0 \u00a0 \u00a0 \u00a0 \u00a0 \u00a0 \u00a0 \u00a0<b>Hapi 2<\/b>: Ngjitni kap\u00ebsen mbajt\u00ebse n\u00eb \u00e7u\u00e7.\u00a0 \u00a0 \u00a0 \u00a0 \u00a0 \u00a0 \u00a0 \u00a0 \u00a0 \u00a0 \u00a0 \u00a0 \u00a0 \u00a0 \u00a0 \u00a0 \u00a0 \u00a0 \u00a0 \u00a0 \u00a0 \u00a0 \u00a0 \u00a0 \u00a0 \u00a0 \u00a0 \u00a0 \u00a0 \u00a0 \u00a0 \u00a0 \u00a0 \u00a0 \u00a0 \u00a0 \u00a0 \u00a0 \u00a0 \u00a0 \u00a0 \u00a0 \u00a0 \u00a0 \u00a0 \u00a0 \u00a0 \u00a0 \u00a0 \u00a0 \u00a0 \u00a0 \u00a0 \u00a0 \u00a0 \u00a0 \u00a0 \u00a0 \u00a0 \u00a0 \u00a0 \u00a0 \u00a0 \u00a0 \u00a0 \u00a0 \u00a0 \u00a0 \u00a0 \u00a0 \u00a0 \u00a0 \u00a0 \u00a0 \u00a0 \u00a0 \u00a0 \u00a0 \u00a0 \u00a0 \u00a0 \u00a0 \u00a0 \u00a0 \u00a0 \u00a0 \u00a0 <b>Hapi 3<\/b>: Vendosni kutin\u00eb me thithk\u00ebn e kthyer posht\u00eb.\u00a0 \u00a0 \u00a0 \u00a0 \u00a0 \u00a0 \u00a0 \u00a0 \u00a0 \u00a0 \u00a0 \u00a0 \u00a0 \u00a0 \u00a0 \u00a0 \u00a0 \u00a0 \u00a0 \u00a0 \u00a0 \u00a0 \u00a0 \u00a0 \u00a0 \u00a0 \u00a0 \u00a0 \u00a0 \u00a0 \u00a0 \u00a0 \u00a0 \u00a0 \u00a0 \u00a0 \u00a0 \u00a0 \u00a0 \u00a0 \u00a0 \u00a0 \u00a0 \u00a0 \u00a0 \u00a0 \u00a0 \u00a0 \u00a0 \u00a0 \u00a0 \u00a0 \u00a0 \u00a0 \u00a0<b>Hapi 4<\/b>: Mbyllni kutin\u00eb dhe ngroheni n\u00eb mikroval\u00eb (750-1000 vat).<\/p>\n<div><\/div>\n<p style=\"text-align: center\"><img loading=\"lazy\" decoding=\"async\" class=\"img-fluid\" src=\"https:\/\/cdn.mambaby.com\/sFromHixnD2rpzIRwLtTMGXKHymATUsYyiPDlgnY1K0\/rs:fit:3000::\/gravity:sm\/aHR0cHM6Ly93d3cubWFtYmFieS5jb20vbWVkaWEvNmQvNWYvNzUvMTcyNjU3ODExNC9NQU1fdGFiZWxsZW5fc3RlcmlsaXNpZXJ6ZWl0LWVhc3lfc2NobnVsbGVyX3NwX0VOLnBuZw\" alt=\"aHR0cHM6Ly93d3cubWFtYmFieS5jb20vbWVkaWEvNmQvNWYvNzUvMTcyNjU3ODExNC9NQU1fdGFiZWxsZW5fc3RlcmlsaXNpZXJ6ZWl0LWVhc3lfc2NobnVsbGVyX3NwX0VOLnBuZw\" width=\"536\" height=\"76\" \/><\/p>\n<div class=\"card\" style=\"text-align: center\">\n<div id=\"faq-collapse-4\" class=\"collapse show\" aria-labelledby=\"faq-heading-4\" data-parent=\"#faqs-accordion\">\n<div class=\"p-3 card-body\">\n<p>&nbsp;<\/p>\n<\/div>\n<\/div>\n<\/div>\n<div class=\"card\">\n<div id=\"faq-heading-5\" class=\"card-header\" style=\"text-align: center\"><a class=\"card-link\" href=\"https:\/\/www.mambaby.com\/p\/mam-original-night-soother-6-months-set-of-2\/100018075#\" data-bs-toggle=\"collapse\" data-bs-target=\"#faq-collapse-5\" aria-expanded=\"true\" aria-controls=\"faq-collapse-5\" data-gtm-vis-has-fired37895778_964=\"1\"><strong>Sa shpesh duhet t\u00eb z\u00ebvend\u00ebsohet biberonja?<\/strong><\/a><\/div>\n<div id=\"faq-collapse-5\" class=\"collapse show\" aria-labelledby=\"faq-heading-5\" data-parent=\"#faqs-accordion\">\n<div class=\"p-3 card-body\">\n<p style=\"text-align: center\">Kontrolloni \u00e7u\u00e7in para \u00e7do p\u00ebrdorimi &#8211; ve\u00e7an\u00ebrisht kur foshnja \u00ebsht\u00eb duke nxjerr\u00eb dh\u00ebmb\u00eb &#8211; dhe hidhni n\u00eb shenjat e para t\u00eb d\u00ebmtimit ose dob\u00ebsis\u00eb. Megjithat\u00eb, ne rekomandojm\u00eb q\u00eb \u00e7u\u00e7i t\u00eb z\u00ebvend\u00ebsohet \u00e7do dy muaj p\u00ebr q\u00ebllime higjienike.<\/p>\n<\/div>\n<\/div>\n<\/div>\n<\/div>\n<\/div>\n<\/div>\n<\/div>\n<\/div>\n<\/div>\n<\/div>\n<\/div>\n<\/div>\n<\/div>\n<\/div>\n<\/div>\n<\/div>\n","protected":false},"excerpt":{"rendered":"<p>Madh\u00ebsi tep\u00ebr e vog\u00ebl\u00a0&#8211; ideale p\u00ebr t\u00eb porsalindurit Ortodontike Qet\u00ebson dhe ngush\u00ebllon foshnj\u00ebn Thithka simetrike, e holl\u00eb dhe miq\u00ebsore me<\/p>\n","protected":false},"featured_media":17169,"comment_status":"open","ping_status":"closed","template":"","meta":[],"product_cat":[82],"product_tag":[],"class_list":{"0":"post-17167","1":"product","2":"type-product","3":"status-publish","4":"has-post-thumbnail","6":"product_cat-cuc","8":"first","9":"outofstock","10":"shipping-taxable","11":"purchasable","12":"product-type-simple"},"_links":{"self":[{"href":"https:\/\/mambaby.al\/index.php?rest_route=\/wp\/v2\/product\/17167","targetHints":{"allow":["GET"]}}],"collection":[{"href":"https:\/\/mambaby.al\/index.php?rest_route=\/wp\/v2\/product"}],"about":[{"href":"https:\/\/mambaby.al\/index.php?rest_route=\/wp\/v2\/types\/product"}],"replies":[{"embeddable":true,"href":"https:\/\/mambaby.al\/index.php?rest_route=%2Fwp%2Fv2%2Fcomments&post=17167"}],"version-history":[{"count":4,"href":"https:\/\/mambaby.al\/index.php?rest_route=\/wp\/v2\/product\/17167\/revisions"}],"predecessor-version":[{"id":17253,"href":"https:\/\/mambaby.al\/index.php?rest_route=\/wp\/v2\/product\/17167\/revisions\/17253"}],"wp:featuredmedia":[{"embeddable":true,"href":"https:\/\/mambaby.al\/index.php?rest_route=\/wp\/v2\/media\/17169"}],"wp:attachment":[{"href":"https:\/\/mambaby.al\/index.php?rest_route=%2Fwp%2Fv2%2Fmedia&parent=17167"}],"wp:term":[{"taxonomy":"product_cat","embeddable":true,"href":"https:\/\/mambaby.al\/index.php?rest_route=%2Fwp%2Fv2%2Fproduct_cat&post=17167"},{"taxonomy":"product_tag","embeddable":true,"href":"https:\/\/mambaby.al\/index.php?rest_route=%2Fwp%2Fv2%2Fproduct_tag&post=17167"}],"curies":[{"name":"wp","href":"https:\/\/api.w.org\/{rel}","templated":true}]}}