{"id":17291,"date":"2026-04-20T13:42:40","date_gmt":"2026-04-20T13:42:40","guid":{"rendered":"https:\/\/mambaby.al\/?post_type=product&#038;p=17291"},"modified":"2026-04-20T13:45:10","modified_gmt":"2026-04-20T13:45:10","slug":"pompe-gjiri-2-she-move-mam","status":"publish","type":"product","link":"https:\/\/mambaby.al\/?product=pompe-gjiri-2-she-move-mam","title":{"rendered":"Pomp\u00eb Gjiri 2-she Move MAM"},"content":{"rendered":"<ul>\n<li><strong>P\u00ebrshtatet n\u00eb m\u00ebnyr\u00eb t\u00eb p\u00ebrsosur brenda re\u00e7ipetave tuaja<\/strong><\/li>\n<li><strong>Nuk ka tuba ose tela<\/strong><\/li>\n<li>3 m\u00ebnyra dhe 5 nivele intensiteti,\u00a0<strong>modaliteti i heshtur<\/strong>\u00a0p\u00ebr pompim tep\u00ebr paq\u00ebsor dhe diskret<\/li>\n<li>Gyp i but\u00eb p\u00ebr rehati maksimale, i adaptuesh\u00ebm n\u00eb 4 madh\u00ebsi<\/li>\n<li>Kolektor qum\u00ebshti\u00a0<strong>i vet\u00eb-sterilizuesh\u00ebm<\/strong><\/li>\n<li>Montim dhe pastrim i leht\u00eb<\/li>\n<\/ul>\n<p><strong>P\u00ebrmbajtja:<\/strong><\/p>\n<ul>\n<li>2x Pomp\u00eb elektrike<\/li>\n<li>2x gyp silikoni (\u2300 24 mm)<\/li>\n<li>6x futje t\u00eb madh\u00ebsis\u00eb s\u00eb gypit (2x 15 mm, 2x 17 mm, 2x 21 mm)<\/li>\n<li>2x P\u00ebrshtat\u00ebs transparent i gypave duke p\u00ebrfshir\u00eb valvul\u00ebn dhe diafragm\u00ebn<\/li>\n<li>2x Valvula shtes\u00eb, diafragm\u00eb shtes\u00eb<\/li>\n<li>2x Kolektor qum\u00ebshti (150 ml \/ 5 oz) dhe kapak<\/li>\n<li>2x kabllo karikimi USB-C<\/li>\n<li>2x rregullues re\u00e7ipetash<\/li>\n<li>1x \u00e7ant\u00eb mbajtjeje<\/li>\n<li>1x Easy Start<sup>TM<\/sup>\u00a0Shishe anti-kolika (160 ml \/ 5.5 oz)<\/li>\n<\/ul>\n<p><img decoding=\"async\" class=\"alignnone wp-image-17285\" src=\"http:\/\/mambaby.al\/wp-content\/uploads\/2026\/04\/Move_interface_800x800-300x300.webp\" alt=\"\" width=\"200\" height=\"200\" srcset=\"https:\/\/mambaby.al\/wp-content\/uploads\/2026\/04\/Move_interface_800x800-300x300.webp 300w, https:\/\/mambaby.al\/wp-content\/uploads\/2026\/04\/Move_interface_800x800-150x150.webp 150w, https:\/\/mambaby.al\/wp-content\/uploads\/2026\/04\/Move_interface_800x800-768x768.webp 768w, https:\/\/mambaby.al\/wp-content\/uploads\/2026\/04\/Move_interface_800x800-430x430.webp 430w, https:\/\/mambaby.al\/wp-content\/uploads\/2026\/04\/Move_interface_800x800-700x700.webp 700w, https:\/\/mambaby.al\/wp-content\/uploads\/2026\/04\/Move_interface_800x800.webp 800w\" sizes=\"(max-width: 200px) 100vw, 200px\" \/><\/p>\n<div>\n<p><strong>3 M\u00cbNYRA DHE 5 NIVELE INTENSITETI P\u00cbR MODALITET<\/strong><\/p>\n<ul>\n<li><img decoding=\"async\" class=\"\" src=\"https:\/\/cdn.mambaby.com\/TT0n9z2_pU087MioLaiSHV7_kAjmcUOtb1ng9ietLkk\/rs:fit:3000::\/gravity:sm\/aHR0cHM6Ly93d3cubWFtYmFieS5jb20vbWVkaWEvNTAvMGYvNzkvMTcyNjA1NTcxMS9TbWFsbC1Nb3ZlX01vZGVfSWNvbl9TdGltdWxhdGlvbi5qcGc\" alt=\"aHR0cHM6Ly93d3cubWFtYmFieS5jb20vbWVkaWEvNTAvMGYvNzkvMTcyNjA1NTcxMS9TbWFsbC1Nb3ZlX01vZGVfSWNvbl9TdGltdWxhdGlvbi5qcGc\" width=\"23\" height=\"23\" \/>\u00a0<strong>Modaliteti i stimulimit<\/strong>\u00a0imiton n\u00eb m\u00ebnyr\u00eb t\u00eb p\u00ebrsosur sjelljen natyrale t\u00eb thithjes s\u00eb foshnj\u00ebs dhe stimulon rrjedh\u00ebn e qum\u00ebshtit<\/li>\n<li><img decoding=\"async\" class=\"\" src=\"https:\/\/cdn.mambaby.com\/GJPvsdGiP44BPLXahqwR7EoDJ-f-6uI4YBU31qWN0Fk\/rs:fit:3000::\/gravity:sm\/aHR0cHM6Ly93d3cubWFtYmFieS5jb20vbWVkaWEvYTkvMzQvYTAvMTcyNjA1NTcxMS9TbWFsbC1Nb3ZlX01vZGVfSWNvbl9FeHByZXNzaW9uLmpwZw\" alt=\"https:\/\/cdn.mambaby.com\/GJPvsdGiP44BPLXahqwR7EoDJ-f-6uI4YBU31qWN0Fk\/rs:fit:3000::\/gravity:sm\/aHR0cHM6Ly93d3cubWFtYmFieS5jb20vbWVkaWEvYTkvMzQvYTAvMTcyNjA1NTcxMS9TbWFsbC1Nb3ZlX01vZGVfSWNvbl9FeHByZXNzaW9uLmpwZw\" width=\"23\" height=\"23\" \/>\u00a0<strong>M\u00ebnyra e shprehjes<\/strong>\u00a0p\u00ebr shprehje efikase<\/li>\n<li><img loading=\"lazy\" decoding=\"async\" class=\"\" src=\"https:\/\/cdn.mambaby.com\/7pR7wedbQvAyYMbgNJZOm97gSYgoZOMwbtP1miD_tyo\/rs:fit:3000::\/gravity:sm\/aHR0cHM6Ly93d3cubWFtYmFieS5jb20vbWVkaWEvNmEvYTAvMDEvMTcyNjA1NTcxMS9TbWFsbC1Nb3ZlX01vZGVfSWNvbl9TaWxlbnQuanBn\" alt=\"https:\/\/cdn.mambaby.com\/7pR7wedbQvAyYMbgNJZOm97gSYgoZOMwbtP1miD_tyo\/rs:fit:3000::\/gravity:sm\/aHR0cHM6Ly93d3cubWFtYmFieS5jb20vbWVkaWEvNmEvYTAvMDEvMTcyNjA1NTcxMS9TbWFsbC1Nb3ZlX01vZGVfSWNvbl9TaWxlbnQuanBn\" width=\"23\" height=\"24\" \/>\u00a0<strong>Modaliteti i heshtur<\/strong>\u00a0p\u00ebr pompim shtes\u00eb diskret dhe paq\u00ebsor<\/li>\n<\/ul>\n<p><img loading=\"lazy\" decoding=\"async\" class=\"alignnone wp-image-17300\" src=\"http:\/\/mambaby.al\/wp-content\/uploads\/2026\/04\/in_use_move_double_BP_2-300x300.webp\" alt=\"\" width=\"200\" height=\"200\" srcset=\"https:\/\/mambaby.al\/wp-content\/uploads\/2026\/04\/in_use_move_double_BP_2-300x300.webp 300w, https:\/\/mambaby.al\/wp-content\/uploads\/2026\/04\/in_use_move_double_BP_2-800x800.webp 800w, https:\/\/mambaby.al\/wp-content\/uploads\/2026\/04\/in_use_move_double_BP_2-150x150.webp 150w, https:\/\/mambaby.al\/wp-content\/uploads\/2026\/04\/in_use_move_double_BP_2-768x768.webp 768w, https:\/\/mambaby.al\/wp-content\/uploads\/2026\/04\/in_use_move_double_BP_2-860x860.webp 860w, https:\/\/mambaby.al\/wp-content\/uploads\/2026\/04\/in_use_move_double_BP_2-430x430.webp 430w, https:\/\/mambaby.al\/wp-content\/uploads\/2026\/04\/in_use_move_double_BP_2-700x700.webp 700w, https:\/\/mambaby.al\/wp-content\/uploads\/2026\/04\/in_use_move_double_BP_2.webp 1200w\" sizes=\"(max-width: 200px) 100vw, 200px\" \/><\/p>\n<div>\n<p><strong>DIZAJN MODERN DHE DISKRET<\/strong><\/p>\n<ul>\n<li>P\u00ebrshtatet n\u00eb m\u00ebnyr\u00eb t\u00eb p\u00ebrsosur brenda sytjenave tuaja<\/li>\n<li>Nuk ka tuba ose tela<\/li>\n<li>Montim dhe pastrim i leht\u00eb<\/li>\n<\/ul>\n<p><img loading=\"lazy\" decoding=\"async\" class=\"alignnone wp-image-17287\" src=\"http:\/\/mambaby.al\/wp-content\/uploads\/2026\/04\/Move_bottle_800x800-300x300.webp\" alt=\"\" width=\"200\" height=\"200\" srcset=\"https:\/\/mambaby.al\/wp-content\/uploads\/2026\/04\/Move_bottle_800x800-300x300.webp 300w, https:\/\/mambaby.al\/wp-content\/uploads\/2026\/04\/Move_bottle_800x800-150x150.webp 150w, https:\/\/mambaby.al\/wp-content\/uploads\/2026\/04\/Move_bottle_800x800-768x768.webp 768w, https:\/\/mambaby.al\/wp-content\/uploads\/2026\/04\/Move_bottle_800x800-430x430.webp 430w, https:\/\/mambaby.al\/wp-content\/uploads\/2026\/04\/Move_bottle_800x800-700x700.webp 700w, https:\/\/mambaby.al\/wp-content\/uploads\/2026\/04\/Move_bottle_800x800.webp 800w\" sizes=\"(max-width: 200px) 100vw, 200px\" \/><\/p>\n<\/div>\n<p><strong>MBLEDH\u00cbSI I QUM\u00cbSHTIT (150 ml, 5 oz)<\/strong><\/p>\n<ul>\n<li>Vet\u00eb-sterilizim i leht\u00eb dhe i shpejt\u00eb<\/li>\n<li>Mbyllet p\u00ebr ruajtje t\u00eb drejtp\u00ebrdrejt\u00eb fal\u00eb kapakut t\u00eb shishes<\/li>\n<\/ul>\n<p><img loading=\"lazy\" decoding=\"async\" class=\"alignnone wp-image-17288\" src=\"http:\/\/mambaby.al\/wp-content\/uploads\/2026\/04\/funnel_sizes_800x800-300x300.webp\" alt=\"\" width=\"200\" height=\"200\" srcset=\"https:\/\/mambaby.al\/wp-content\/uploads\/2026\/04\/funnel_sizes_800x800-300x300.webp 300w, https:\/\/mambaby.al\/wp-content\/uploads\/2026\/04\/funnel_sizes_800x800-150x150.webp 150w, https:\/\/mambaby.al\/wp-content\/uploads\/2026\/04\/funnel_sizes_800x800-768x768.webp 768w, https:\/\/mambaby.al\/wp-content\/uploads\/2026\/04\/funnel_sizes_800x800-430x430.webp 430w, https:\/\/mambaby.al\/wp-content\/uploads\/2026\/04\/funnel_sizes_800x800-700x700.webp 700w, https:\/\/mambaby.al\/wp-content\/uploads\/2026\/04\/funnel_sizes_800x800.webp 800w\" sizes=\"(max-width: 200px) 100vw, 200px\" \/><\/p>\n<p><strong>GYP I BUT\u00cb<\/strong><\/p>\n<ul>\n<li>Gyp silikoni p\u00ebr rehati maksimale<\/li>\n<li>P\u00ebrdorimi pa ose me futje madh\u00ebsie (p\u00ebrfshir\u00eb 3 madh\u00ebsi t\u00eb ndryshme)<\/li>\n<\/ul>\n<h4 class=\"mam-quality-icon-bar-title\">MAM do t\u00eb thot\u00eb cil\u00ebsi<\/h4>\n<div class=\"product-detail-mam-quality-icon-bar-block\">\n<div class=\"col-6 col-md-3 mam-quality-icon-bar-element\">\n<div class=\"cms-element-mam-quality justify-content-center\">\n<div class=\"cms-moon-label-container\">\n<div class=\"cms-element-image mam-quality-icon-wrapper\"><img loading=\"lazy\" decoding=\"async\" class=\"is-cover\" src=\"https:\/\/cdn.mambaby.com\/6jB4NSwM2qwWPseSDrr8CmSzD0HdIfrRhT6nSozDXks\/rs%3Afit%3A3000%3A%3A\/gravity%3Asm\/aHR0cHM6Ly93d3cubWFtYmFieS5jb20vbWVkaWEvMWUvNzcvOTAvMTc3MjYwOTAzNC9Tb2Z0X2Z1bm5lbF8xNTB4MTUwLnN2Zw\" alt=\"\" width=\"100\" height=\"100\" data-object-fit=\"cover\" \/><\/div>\n<div class=\"cms-moon-label-content-container\">\n<div class=\"moon-label-description-container\">\n<p>Gypi i but\u00eb lejon rehati maksimale<\/p>\n<\/div>\n<\/div>\n<\/div>\n<\/div>\n<\/div>\n<div class=\"col-6 col-md-3 mam-quality-icon-bar-element\">\n<div class=\"cms-element-mam-quality justify-content-center\">\n<div class=\"cms-moon-label-container\">\n<div class=\"cms-element-image mam-quality-icon-wrapper\"><img loading=\"lazy\" decoding=\"async\" class=\"is-cover\" src=\"https:\/\/cdn.mambaby.com\/PFmJRWr0VcUC8qUNDy-8iEsGd4iUiX82nKCr1youd90\/rs%3Afit%3A3000%3A%3A\/gravity%3Asm\/aHR0cHM6Ly93d3cubWFtYmFieS5jb20vbWVkaWEvM2QvNjEvYzAvMTc1NjE5Mzg2NS9WZWN0b3IgKDEyKS5zdmc\" alt=\"\" width=\"100\" height=\"64\" data-object-fit=\"cover\" \/><\/div>\n<div class=\"cms-moon-label-content-container\">\n<h5 class=\"cms-moon-label-title\">BPA &amp; BPS pa pages\u00eb<\/h5>\n<div class=\"moon-label-description-container\">\n<p>T\u00eb gjitha produktet MAM jan\u00eb b\u00ebr\u00eb nga materiale pa BPA dhe BPS<\/p>\n<\/div>\n<\/div>\n<\/div>\n<\/div>\n<\/div>\n<div class=\"col-6 col-md-3 mam-quality-icon-bar-element\">\n<div class=\"cms-element-mam-quality justify-content-center\">\n<div class=\"cms-moon-label-container\">\n<div class=\"cms-element-image mam-quality-icon-wrapper\"><img loading=\"lazy\" decoding=\"async\" class=\"is-cover\" src=\"https:\/\/cdn.mambaby.com\/1nUiXXwgnHoWj0Uj5PT56hdLDCugXXBodaZvN58fkmE\/rs%3Afit%3A3000%3A%3A\/gravity%3Asm\/aHR0cHM6Ly93d3cubWFtYmFieS5jb20vbWVkaWEvMzMvM2IvNDgvMTc3MzA1ODM3NS8zIE1vZGVzLnBuZw\" alt=\"\" width=\"100\" height=\"100\" data-object-fit=\"cover\" \/><\/div>\n<div class=\"cms-moon-label-content-container\">\n<div class=\"moon-label-description-container\">\n<p>3 m\u00ebnyra dhe 5 nivele intensiteti: modaliteti i simulimit, modaliteti i shprehjes dhe modaliteti i heshtur p\u00ebr pompim shtes\u00eb paq\u00ebsor dhe diskret.<\/p>\n<\/div>\n<\/div>\n<\/div>\n<\/div>\n<\/div>\n<div class=\"col-6 col-md-3 mam-quality-icon-bar-element\">\n<div class=\"cms-element-mam-quality justify-content-center\">\n<div class=\"cms-moon-label-container\">\n<div class=\"cms-element-image mam-quality-icon-wrapper\"><img loading=\"lazy\" decoding=\"async\" class=\"is-cover\" src=\"https:\/\/cdn.mambaby.com\/VnSB1wrvS04qogIqL4pGZ4jJIIciPUhPWWZolXhVlno\/rs%3Afit%3A3000%3A%3A\/gravity%3Asm\/aHR0cHM6Ly93d3cubWFtYmFieS5jb20vbWVkaWEvMDQvNjgvNzkvMTc3MzA1ODM3NS9TZWxmIFN0ZXJpbGlzYWJsZSBNaWxrIENvbGxlY3Rvci5wbmc\" alt=\"\" width=\"100\" height=\"100\" data-object-fit=\"cover\" \/><\/div>\n<div class=\"cms-moon-label-content-container\">\n<div class=\"moon-label-description-container\">\n<p style=\"text-align: left\">Kolektor qum\u00ebshti i vet\u00eb-sterilizuesh\u00ebm.<\/p>\n<\/div>\n<div class=\"card\" style=\"text-align: left\">\n<div id=\"faq-heading-0\" class=\"card-header\" style=\"text-align: center\"><a class=\"card-link\" href=\"https:\/\/www.mambaby.com\/gb\/p\/mam-move-wearable-single-breast-pump\/100018565#\" data-bs-toggle=\"collapse\" data-bs-target=\"#faq-collapse-0\" aria-expanded=\"true\" aria-controls=\"faq-collapse-0\" data-gtm-vis-recent-on-screen37895778_964=\"545640\" data-gtm-vis-first-on-screen37895778_964=\"545640\" data-gtm-vis-total-visible-time37895778_964=\"100\" data-gtm-vis-has-fired37895778_964=\"1\"><strong>A kam nevoj\u00eb p\u00ebr nj\u00eb re\u00e7ipeta t\u00eb ve\u00e7ant\u00eb p\u00ebr t\u00eb p\u00ebrdorur MAM Move?<\/strong><\/a><\/div>\n<div id=\"faq-collapse-0\" class=\"collapse show\" style=\"text-align: center\" aria-labelledby=\"faq-heading-0\" data-parent=\"#faqs-accordion\">\n<div class=\"p-3 card-body\">\n<p>&nbsp;<\/p>\n<p>MAM Move \u00ebsht\u00eb krijuar p\u00ebr t&#8217;u veshur me re\u00e7ipetat tuaja standarde t\u00eb infermieris\u00eb. Pompa duhet t\u00eb shtypet fort n\u00eb gjirin tuaj, nuk duhet t\u00eb ket\u00eb boshll\u00ebqe midis pomp\u00ebs dhe gjirit. \u00c7do re\u00e7ipet\u00eb ka nj\u00eb nivel t\u00eb ndrysh\u00ebm mb\u00ebshtetjeje, prandaj sigurohuni q\u00eb t\u00eb b\u00ebni kompresimin menj\u00ebher\u00eb para \u00e7do seance. N\u00ebse jeni duke p\u00ebrdorur re\u00e7ipeta ve\u00e7an\u00ebrisht t\u00eb strukturuar dhe jofleksib\u00ebl, rregulluesi i re\u00e7ipetave t\u00eb p\u00ebrfshir\u00eb mund t\u00eb p\u00ebrdoret p\u00ebr t\u00eb krijuar m\u00eb shum\u00eb hap\u00ebsir\u00eb. Pasi kopsa e secilit skaj t\u00eb jet\u00eb ngjitur, rregulloni gjat\u00ebsin\u00eb e rregulluesit t\u00eb re\u00e7ipetave n\u00eb m\u00ebnyr\u00eb q\u00eb pompa t\u00eb p\u00ebrshtatet mir\u00eb dhe rehat n\u00eb re\u00e7ipetat tuaja.<\/p>\n<p>&nbsp;<\/p>\n<\/div>\n<\/div>\n<\/div>\n<div class=\"card\" style=\"text-align: center\">\n<div id=\"faq-heading-1\" class=\"card-header\"><a class=\"card-link\" href=\"https:\/\/www.mambaby.com\/gb\/p\/mam-move-wearable-single-breast-pump\/100018565#\" data-bs-toggle=\"collapse\" data-bs-target=\"#faq-collapse-1\" aria-expanded=\"true\" aria-controls=\"faq-collapse-1\" data-gtm-vis-has-fired37895778_964=\"1\"><strong>Si mund ta pastroj dhe sterilizoj MAM Move?<\/strong><\/a><\/div>\n<div id=\"faq-collapse-1\" class=\"collapse show\" aria-labelledby=\"faq-heading-1\" data-parent=\"#faqs-accordion\">\n<div class=\"p-3 card-body\">\n<p>Para se t\u00eb p\u00ebrdorni pomp\u00ebn tuaj p\u00ebr her\u00eb t\u00eb par\u00eb dhe pas \u00e7do p\u00ebrdorimi, rekomandohet t\u00eb ndani, pastroni dhe sterilizoni t\u00eb gjith\u00eb p\u00ebrb\u00ebr\u00ebsit e pomp\u00ebs q\u00eb bien n\u00eb kontakt me qum\u00ebshtin e gjirit. (MOS lani ose sterilizoni motorin e pomp\u00ebs elektrike dhe mbajeni t\u00eb that\u00eb.):<\/p>\n<ol>\n<li>\u00c7montoni pomp\u00ebn tuaj<\/li>\n<li>Lani t\u00eb gjith\u00eb p\u00ebrb\u00ebr\u00ebsit q\u00eb lahen me dor\u00eb ose n\u00eb pjatalar\u00ebse.<\/li>\n<li>Sterilizoni pjes\u00ebt e pomp\u00ebs s\u00eb pastruar n\u00eb uj\u00eb t\u00eb vluar, n\u00eb nj\u00eb sterilizues elektrik ose me avull me mikroval\u00eb ose n\u00eb l\u00ebng sterilizues t\u00eb ftoht\u00eb.<\/li>\n<li>P\u00ebr t\u00eb pastruar nj\u00ebsin\u00eb e pomp\u00ebs elektrike, hiqeni pajisjen nga priza, fikeni dhe fshijeni me nj\u00eb leck\u00eb t\u00eb past\u00ebr dhe t\u00eb lagur. Pajisja nuk duhet t\u00eb zhytet n\u00eb uj\u00eb.<\/li>\n<li>L\u00ebrini t\u00eb gjitha pjes\u00ebt e pomp\u00ebs t\u00eb ftohen dhe thahen plot\u00ebsisht p\u00ebrpara p\u00ebrdorimit t\u00eb ardhsh\u00ebm.<\/li>\n<\/ol>\n<p>P\u00ebr m\u00eb shum\u00eb informacion mbi pastrimin dhe sterilizimin, ju lutemi lexoni flet\u00ebpalosjen e printuar t\u00eb udh\u00ebzimeve q\u00eb keni marr\u00eb me MAM Move ose udh\u00ebzimet n\u00eb faqen ton\u00eb t\u00eb internetit.<\/p>\n<p>&nbsp;<\/p>\n<\/div>\n<\/div>\n<\/div>\n<div class=\"card\" style=\"text-align: center\">\n<div id=\"faq-heading-2\" class=\"card-header\"><a class=\"card-link\" href=\"https:\/\/www.mambaby.com\/gb\/p\/mam-move-wearable-single-breast-pump\/100018565#\" data-bs-toggle=\"collapse\" data-bs-target=\"#faq-collapse-2\" aria-expanded=\"true\" aria-controls=\"faq-collapse-2\" data-gtm-vis-has-fired37895778_964=\"1\"><strong>Cilat madh\u00ebsi gypash ofron MAM Move dhe si mund t\u00eb gjej madh\u00ebsin\u00eb e duhur p\u00ebr mua?<\/strong><\/a><\/div>\n<div id=\"faq-collapse-2\" class=\"collapse show\" aria-labelledby=\"faq-heading-2\" data-parent=\"#faqs-accordion\">\n<div class=\"p-3 card-body\">\n<p>MAM Move ofron kat\u00ebr madh\u00ebsi t\u00eb ndryshme gypi: Nj\u00eb gyp silikoni (\u2205 24 mm) me tre futje me madh\u00ebsi m\u00eb t\u00eb vog\u00ebl (\u2205 21 mm, \u2205 17 mm, \u2205 15 mm). N\u00ebse gypi standard (\u2205 24 mm) \u00ebsht\u00eb shum\u00eb i madh p\u00ebr ju, nj\u00eb nga tre futjet mund t\u00eb vendoset n\u00eb qend\u00ebr t\u00eb gypit.<br \/>\nP\u00ebr t\u00eb gjetur madh\u00ebsin\u00eb e duhur t\u00eb gypit p\u00ebr ju, matni madh\u00ebsin\u00eb e thithk\u00ebs tuaj (jo areol\u00ebn tuaj) n\u00eb fund t\u00eb nj\u00eb seance pompimi ose ushqyerjeje me gji dhe zgjidhni gypin p\u00ebrkat\u00ebs.<\/p>\n<p>K\u00ebshilla p\u00ebr t\u00eb marr\u00eb p\u00ebrshtatjen m\u00eb t\u00eb mir\u00eb:<\/p>\n<ul>\n<li>Madh\u00ebsia m\u00eb e mir\u00eb do t\u00eb p\u00ebrshtatet ngusht\u00eb rreth thithk\u00ebs tuaj (pa areola).<\/li>\n<li>N\u00ebse keni thithka elastike, nj\u00eb p\u00ebrshtatje e ngusht\u00eb \u00ebsht\u00eb shum\u00eb e r\u00ebnd\u00ebsishme.<\/li>\n<li>N\u00ebse keni thithk\u00eb t\u00eb shesht\u00eb, ndonj\u00ebher\u00eb madh\u00ebsia m\u00eb e lirshme mund t\u00eb jet\u00eb m\u00eb e rehatshme.<\/li>\n<li>N\u00ebse keni p\u00ebrdorur madh\u00ebsin\u00eb e gabuar t\u00eb gypit dhe keni thithka t\u00eb fryra ose t\u00eb d\u00ebmtuara, mund t&#8217;ju duhet t&#8217;i lini thithkat tuaja t\u00eb qet\u00ebsohen p\u00ebr t\u00eb vizualizuar madh\u00ebsin\u00eb me sakt\u00ebsi.<\/li>\n<li>P\u00ebrshtatja e gypave \u00ebsht\u00eb shum\u00eb unike pasi \u00e7do thithk\u00eb sillet ndryshe gjat\u00eb pompimit. Planifikoni t\u00eb provoni madh\u00ebsi t\u00eb ndryshme gjat\u00eb udh\u00ebtimit tuaj t\u00eb pompimit p\u00ebr t\u00eb gjetur p\u00ebrshtatjen m\u00eb t\u00eb mir\u00eb.<\/li>\n<\/ul>\n<p>&nbsp;<\/p>\n<\/div>\n<\/div>\n<\/div>\n<div class=\"card\" style=\"text-align: center\">\n<div id=\"faq-heading-4\" class=\"card-header\"><a class=\"card-link\" href=\"https:\/\/www.mambaby.com\/gb\/p\/mam-move-wearable-single-breast-pump\/100018565#\" data-bs-toggle=\"collapse\" data-bs-target=\"#faq-collapse-4\" aria-expanded=\"true\" aria-controls=\"faq-collapse-4\" data-gtm-vis-has-fired37895778_964=\"1\"><strong>Sa m\u00ebnyra dhe nivele intensiteti ka MAM Move?<\/strong><\/a><\/div>\n<div id=\"faq-collapse-4\" class=\"collapse show\" aria-labelledby=\"faq-heading-4\" data-parent=\"#faqs-accordion\">\n<div class=\"p-3 card-body\">\n<p>Pompa e gjirit e veshur MAM Move ofron tre m\u00ebnyra t\u00eb ndryshme pompimi:<\/p>\n<p>&nbsp;<\/p>\n<ul>\n<li>Modaliteti i stimulimit, prodhon nj\u00eb rit\u00ebm t\u00eb shkurt\u00ebr dhe t\u00eb shpejt\u00eb pompimi q\u00eb stimulon rrjedh\u00ebn e qum\u00ebshtit,<\/li>\n<li>Modaliteti i shprehjes, p\u00ebr shprehje efikase t\u00eb qum\u00ebshtit dhe<\/li>\n<li>Modaliteti i heshtur, p\u00ebr pompim ekstra diskret dhe paq\u00ebsor.<\/li>\n<\/ul>\n<p>&nbsp;<\/p>\n<p>P\u00ebr t\u00eb kaluar midis tre m\u00ebnyrave, shtypni butonin Mode.<\/p>\n<p>Secila nga tre m\u00ebnyrat mund t\u00eb rregullohet n\u00eb pes\u00eb nivele t\u00eb ndryshme t\u00eb forc\u00ebs s\u00eb thithjes, duke dh\u00ebn\u00eb kontroll mbi at\u00eb q\u00eb ndihet rehat dhe funksionon n\u00eb m\u00ebnyr\u00eb m\u00eb efikase n\u00eb \u00e7do m\u00ebnyr\u00eb.<\/p>\n<p>&nbsp;<\/p>\n<\/div>\n<\/div>\n<\/div>\n<div class=\"card\" style=\"text-align: center\">\n<div id=\"faq-heading-5\" class=\"card-header\"><a class=\"card-link\" href=\"https:\/\/www.mambaby.com\/gb\/p\/mam-move-wearable-single-breast-pump\/100018565#\" data-bs-toggle=\"collapse\" data-bs-target=\"#faq-collapse-5\" aria-expanded=\"true\" aria-controls=\"faq-collapse-5\" data-gtm-vis-has-fired37895778_964=\"1\"><strong>Sa zgjat bateria e MAM Move dhe sa koh\u00eb duhet derisa t\u00eb ngarkohet plot\u00ebsisht?<\/strong><\/a><\/div>\n<div id=\"faq-collapse-5\" class=\"collapse show\" aria-labelledby=\"faq-heading-5\" data-parent=\"#faqs-accordion\">\n<div class=\"p-3 card-body\">\n<p>Bateria e MAM Move zgjat dy or\u00eb (n\u00eb var\u00ebsi t\u00eb modalitetit t\u00eb zgjedhur dhe nivelit t\u00eb intensitetit), duhen nj\u00eb or\u00eb e gjysm\u00eb derisa pompa t\u00eb ngarkohet plot\u00ebsisht.<\/p>\n<p><b>K\u00ebshilla:<\/b><\/p>\n<ul>\n<li>Karikoni menj\u00ebher\u00eb pas p\u00ebrfundimit t\u00eb seanc\u00ebs s\u00eb pompimit n\u00ebse tregohet bateria m\u00eb e ul\u00ebt.<\/li>\n<li>Fuqia e mbetur e bateris\u00eb mund t\u00eb kontrollohet duke shtypur butonat + dhe &#8211; nj\u00ebkoh\u00ebsisht p\u00ebr 2 sekonda dhe duke num\u00ebruar sa tregues ndizen (pompa duhet t\u00eb fiket). \u00c7do tregues p\u00ebrfaq\u00ebson rreth 20% t\u00eb fuqis\u00eb s\u00eb mbetur.<\/li>\n<\/ul>\n<p>&nbsp;<\/p>\n<\/div>\n<\/div>\n<\/div>\n<div class=\"card\">\n<div id=\"faq-heading-6\" class=\"card-header\" style=\"text-align: center\"><a class=\"card-link\" href=\"https:\/\/www.mambaby.com\/gb\/p\/mam-move-wearable-single-breast-pump\/100018565#\" data-bs-toggle=\"collapse\" data-bs-target=\"#faq-collapse-6\" aria-expanded=\"true\" aria-controls=\"faq-collapse-6\" data-gtm-vis-has-fired37895778_964=\"1\"><strong>N\u00eb cilat pozicione mund t\u00eb p\u00ebrdor MAM Move?<\/strong><\/a><\/div>\n<div id=\"faq-collapse-6\" class=\"collapse show\" aria-labelledby=\"faq-heading-6\" data-parent=\"#faqs-accordion\">\n<div class=\"p-3 card-body\">\n<p style=\"text-align: center\">Pompa e gjirit e veshur MAM Move mund t\u00eb p\u00ebrdoret n\u00eb pozicion ulur ose n\u00eb k\u00ebmb\u00eb.<\/p>\n<\/div>\n<\/div>\n<\/div>\n<\/div>\n<\/div>\n<\/div>\n<\/div>\n<\/div>\n<\/div>\n","protected":false},"excerpt":{"rendered":"<p>P\u00ebrshtatet n\u00eb m\u00ebnyr\u00eb t\u00eb p\u00ebrsosur brenda re\u00e7ipetave tuaja Nuk ka tuba ose tela 3 m\u00ebnyra dhe 5 nivele intensiteti,\u00a0modaliteti i<\/p>\n","protected":false},"featured_media":17293,"comment_status":"open","ping_status":"closed","template":"","meta":[],"product_cat":[84],"product_tag":[],"class_list":{"0":"post-17291","1":"product","2":"type-product","3":"status-publish","4":"has-post-thumbnail","6":"product_cat-ushqyerja-me-gji","8":"first","9":"instock","10":"shipping-taxable","11":"purchasable","12":"product-type-simple"},"_links":{"self":[{"href":"https:\/\/mambaby.al\/index.php?rest_route=\/wp\/v2\/product\/17291","targetHints":{"allow":["GET"]}}],"collection":[{"href":"https:\/\/mambaby.al\/index.php?rest_route=\/wp\/v2\/product"}],"about":[{"href":"https:\/\/mambaby.al\/index.php?rest_route=\/wp\/v2\/types\/product"}],"replies":[{"embeddable":true,"href":"https:\/\/mambaby.al\/index.php?rest_route=%2Fwp%2Fv2%2Fcomments&post=17291"}],"version-history":[{"count":4,"href":"https:\/\/mambaby.al\/index.php?rest_route=\/wp\/v2\/product\/17291\/revisions"}],"predecessor-version":[{"id":17305,"href":"https:\/\/mambaby.al\/index.php?rest_route=\/wp\/v2\/product\/17291\/revisions\/17305"}],"wp:featuredmedia":[{"embeddable":true,"href":"https:\/\/mambaby.al\/index.php?rest_route=\/wp\/v2\/media\/17293"}],"wp:attachment":[{"href":"https:\/\/mambaby.al\/index.php?rest_route=%2Fwp%2Fv2%2Fmedia&parent=17291"}],"wp:term":[{"taxonomy":"product_cat","embeddable":true,"href":"https:\/\/mambaby.al\/index.php?rest_route=%2Fwp%2Fv2%2Fproduct_cat&post=17291"},{"taxonomy":"product_tag","embeddable":true,"href":"https:\/\/mambaby.al\/index.php?rest_route=%2Fwp%2Fv2%2Fproduct_tag&post=17291"}],"curies":[{"name":"wp","href":"https:\/\/api.w.org\/{rel}","templated":true}]}}